{"id":64,"date":"2022-01-05T16:49:04","date_gmt":"2022-01-05T16:49:04","guid":{"rendered":"https:\/\/www.scpowerteam.com\/?page_id=64"},"modified":"2024-04-15T09:44:13","modified_gmt":"2024-04-15T13:44:13","slug":"our-partners","status":"publish","type":"page","link":"https:\/\/www.scpowerteam.com\/de\/who-we-are\/our-partners\/","title":{"rendered":"Unsere Partner"},"content":{"rendered":"<style>\n  \n  #hero-block_6ae880b2466698738dd88905d7ee59a9 { \n      }\n  \n<\/style>\n\n<div id=\"hero-block_6ae880b2466698738dd88905d7ee59a9\" class=\"hero Light\">\n  \n  <div class=\"container\">\n    \n    <div class=\"row\">\n      \n    <div class=\"col-12 col-sm-5\">\n      \n      <h5>Bundesweite Reichweite<\/h5>\n      <h1>Unsere Partner<\/h1>\n      \n            \n      <p><img loading=\"lazy\" decoding=\"async\" class=\"alignnone size-medium wp-image-1117\" src=\"https:\/\/www.scpowerteam.com\/wp-content\/uploads\/2022\/02\/Who-we-are-graphic-300x300.png\" alt=\"\" width=\"300\" height=\"300\" srcset=\"https:\/\/www.scpowerteam.com\/wp-content\/uploads\/2022\/02\/Who-we-are-graphic-300x300.png 300w, https:\/\/www.scpowerteam.com\/wp-content\/uploads\/2022\/02\/Who-we-are-graphic-150x150.png 150w, https:\/\/www.scpowerteam.com\/wp-content\/uploads\/2022\/02\/Who-we-are-graphic.png 480w\" sizes=\"auto, (max-width: 300px) 100vw, 300px\" \/><\/p>\n      \n    <\/div>\n    \n    <div class=\"col-12 col-sm-7\">\n      \n      <div class=\"hero-content\">\n        \n        <h3>The South Carolina Power Team is a full-service, non-profit economic development organization representing the state\u2019s 19 consumer-owned electric cooperatives.<\/h3>\n<p>Das South Carolina Power Team bedient zwei Drittel der Fl\u00e4che des Staates und etwa die H\u00e4lfte seiner Bev\u00f6lkerung. Die Mission des South Carolina Power Teams besteht darin, das Wachstum von Arbeitspl\u00e4tzen, Investitionen und elektrischer Last durch die Anziehung neuer industrieller und kommerzieller Aktivit\u00e4ten sowie die Erweiterung und Beibehaltung bestehender Unternehmen und Einrichtungen in den Dienstleistungsbereichen der Elektrizit\u00e4t zu erleichtern Genossenschaften in ganz South Carolina.<\/p>\n      \n      <\/div>\n      \n    <\/div>\n    \n    <\/div>\n    \n  <\/div>\n  \n<\/div>\n\n\n<div class=\"wp-block-columns is-layout-flex wp-container-core-columns-is-layout-28f84493 wp-block-columns-is-layout-flex\">\n<div class=\"wp-block-column is-layout-flow wp-block-column-is-layout-flow\">\n<p class=\"has-white-color has-dark-blue-background-color has-text-color has-background\"><strong><a href=\"https:\/\/www.cepci.org\/\" target=\"_blank\" rel=\"noreferrer noopener\">Central Electric Power Genossenschaft<\/a> \u2014 \u00dcbertragungsgesellschaft<\/strong><br><em>Gemeinn\u00fctzig und im Besitz von Mitgliedern<\/em><br><br>-Provides total wholesale electric service to all of South Carolina\u2019s 19 electric cooperatives<br>-\u00dcbertragungsanlagen bestehen aus mehr als 800 Meilen an Leitungen<br>-Ist das einzige landesweite elektrische System in South Carolina<\/p>\n<\/div>\n<\/div>\n\n\n\n<div class=\"wp-block-columns is-layout-flex wp-container-core-columns-is-layout-28f84493 wp-block-columns-is-layout-flex\">\n<div class=\"wp-block-column is-layout-flow wp-block-column-is-layout-flow\">\n<p class=\"has-dark-blue-color has-white-background-color has-text-color has-background\"><a href=\"https:\/\/www.ecsc.org\/\" target=\"_blank\" rel=\"noreferrer noopener\">Electric Cooperatives (19)<\/a><strong> - Verteilung<\/strong><br><em>Gemeinn\u00fctzig und im Besitz von Mitgliedern<\/em><br><br>-Betreut mehr als 1,5 Millionen Einwohner South Carolinas in allen 46 Bezirken<br>- Baut und unterh\u00e4lt das gr\u00f6\u00dfte Stromverteilungssystem des Staates<br>- Besitzt und betreibt mehr als 72.000 Meilen Stromleitungen, die 70 Prozent von South Carolina abdecken<br>-Investiert Millionen von Dollar in kommunale Infrastruktur- und Standortverbesserungsprojekte<\/p>\n<\/div>\n<\/div>\n\n\n\n<div class=\"wp-block-columns is-layout-flex wp-container-core-columns-is-layout-28f84493 wp-block-columns-is-layout-flex\">\n<div class=\"wp-block-column is-layout-flow wp-block-column-is-layout-flow\">\n<h2 class=\"wp-block-heading has-text-align-center has-teal-color has-text-color\"><strong>Elektrische Genossenschaften von South Carolina<\/strong><\/h2>\n<\/div>\n<\/div>\n\n\n\n<div class=\"wp-block-columns is-layout-flex wp-container-core-columns-is-layout-28f84493 wp-block-columns-is-layout-flex\">\n<div class=\"wp-block-column is-layout-flow wp-block-column-is-layout-flow\">\n<p class=\"has-text-align-center\"><a href=\"http:\/\/www.aikenco-op.org\/\">Aiken Electric Genossenschaft<\/a><br><a href=\"http:\/\/www.berkeleyelectric.coop\/\">Berkeley Electric Genossenschaft<\/a><br><a href=\"http:\/\/www.blackriver.coop\/\">Black River Electric Genossenschaft<\/a><br><a href=\"http:\/\/www.blueridge.coop\/\">Elektrische Genossenschaft Blue Ridge<\/a><br><a href=\"http:\/\/www.broadriverelectric.com\/\">Broad River Electric Genossenschaft<\/a><br><a href=\"http:\/\/www.coastal.coop\/\">Elektrische Genossenschaft an der K\u00fcste<\/a><br><a href=\"http:\/\/www.edistoelectric.com\/\">Genossenschaft Edisto Electric<\/a><br><a href=\"http:\/\/www.fairfield.coop\/\">Fairfield Electric Genossenschaft<\/a><br><a href=\"http:\/\/www.horryelectric.com\/\">Horry Electric Genossenschaft<\/a><br><a href=\"http:\/\/www.laurenselectric.com\/\">Laurens Electric Genossenschaft<\/a><\/p>\n<\/div>\n\n\n\n<div class=\"wp-block-column is-layout-flow wp-block-column-is-layout-flow\">\n<p class=\"has-text-align-center\"><a href=\"http:\/\/www.lreci.coop\/\">Little River Electric Genossenschaft<\/a><br><a href=\"http:\/\/www.lynchesriver.com\/\">Lynches River Electric Genossenschaft<\/a><br><a href=\"https:\/\/www.mpd.coop\/\" data-type=\"link\" data-id=\"https:\/\/www.mpd.coop\/\">MPD Electric Cooperative<\/a><br><a href=\"http:\/\/www.mcecoop.com\/\">Mid-Carolina Electric Genossenschaft<\/a><br><a href=\"http:\/\/www.nec.coop\/\">Newberry Electric Genossenschaft<\/a><br><a href=\"http:\/\/www.palmetto.coop\/\">Palmetto elektrische Genossenschaft<\/a><br><a href=\"http:\/\/www.santee.org\/\">Santee Electric Genossenschaft<br><\/a><a href=\"http:\/\/tri-countyelectric.net\/\">Elektrische Genossenschaft des Tri-County<br><\/a><a href=\"http:\/\/www.yorkelectric.net\/\">York Electric Genossenschaft<\/a><\/p>\n<\/div>\n<\/div>\n\n\n\n<div class=\"wp-block-columns is-layout-flex wp-container-core-columns-is-layout-28f84493 wp-block-columns-is-layout-flex\">\n<div class=\"wp-block-column is-layout-flow wp-block-column-is-layout-flow\">\n<p class=\"has-white-color has-dark-blue-background-color has-text-color has-background\"><strong><a href=\"https:\/\/www.scpowerteam.com\/de\/\" target=\"_blank\" rel=\"noreferrer noopener\">Power-Team aus South Carolina<\/a> \u2014 Wirtschaftsf\u00f6rderung, Gesch\u00e4ftsentwicklung,<br>Community Bereitschaft &amp; Marketing<\/strong><br><br>-F\u00f6rdert die Schaffung von Arbeitspl\u00e4tzen, Kapitalinvestitionen und elektrische Last durch die Anziehung neuer Industrien<br>und gewerbliche T\u00e4tigkeit<br>-Unterst\u00fctzt die Expansion und Beibehaltung bestehender Unternehmen<br>- Bietet Projektmanagement-Services, um den Umzug einer Organisation zu uns zu vereinfachen und zu beschleunigen<br>Staat oder eine bestehende Industrie mit ihrer Expansion<br>- Bietet Unterst\u00fctzung bei der Gemeindeentwicklung, Standortentwicklung und Initiativen zur Wettbewerbsf\u00e4higkeit<\/p>\n<\/div>\n<\/div>\n\n\n\n<div class=\"wp-block-columns is-layout-flex wp-container-core-columns-is-layout-28f84493 wp-block-columns-is-layout-flex\">\n<div class=\"wp-block-column is-layout-flow wp-block-column-is-layout-flow\" style=\"flex-basis:25%\"><\/div>\n\n\n\n<div class=\"wp-block-column is-layout-flow wp-block-column-is-layout-flow\" style=\"flex-basis:50%\"><\/div>\n\n\n\n<div class=\"wp-block-column is-layout-flow wp-block-column-is-layout-flow\" style=\"flex-basis:25%\"><\/div>\n<\/div>\n\n\n\n<div class=\"wp-block-columns is-layout-flex wp-container-core-columns-is-layout-28f84493 wp-block-columns-is-layout-flex\">\n<div class=\"wp-block-column is-layout-flow wp-block-column-is-layout-flow\">\n<h2 class=\"wp-block-heading has-text-align-center has-teal-color has-text-color\"><br><em>Unser Stromnetz erstreckt sich \u00fcber den gesamten Bundesstaat und versorgt 2\/3 der Einwohner und viele der gr\u00f6\u00dften Industrieunternehmen South Carolinas.<\/em><br><\/h2>\n<\/div>\n<\/div>","protected":false},"excerpt":{"rendered":"<p>Central Electric Power Cooperative \u2014 Transmission CompanyNon-Profit &amp; Member-Owned -Provides total wholesale electric service to all of South Carolina\u2019s 19 electric cooperatives-Transmission assets consist of more than 800 miles of lines-Is the only statewide electric system in South Carolina Electric Cooperatives (19) \u2014 DistributionNon-Profit &amp; Member-Owned -Serves more than 1.5 million South Carolinians in all [&hellip;]<\/p>","protected":false},"author":1,"featured_media":0,"parent":58,"menu_order":3,"comment_status":"closed","ping_status":"closed","template":"","meta":{"_acf_changed":false,"footnotes":""},"class_list":["post-64","page","type-page","status-publish","hentry"],"acf":[],"_links":{"self":[{"href":"https:\/\/www.scpowerteam.com\/de\/wp-json\/wp\/v2\/pages\/64","targetHints":{"allow":["GET"]}}],"collection":[{"href":"https:\/\/www.scpowerteam.com\/de\/wp-json\/wp\/v2\/pages"}],"about":[{"href":"https:\/\/www.scpowerteam.com\/de\/wp-json\/wp\/v2\/types\/page"}],"author":[{"embeddable":true,"href":"https:\/\/www.scpowerteam.com\/de\/wp-json\/wp\/v2\/users\/1"}],"replies":[{"embeddable":true,"href":"https:\/\/www.scpowerteam.com\/de\/wp-json\/wp\/v2\/comments?post=64"}],"version-history":[{"count":41,"href":"https:\/\/www.scpowerteam.com\/de\/wp-json\/wp\/v2\/pages\/64\/revisions"}],"predecessor-version":[{"id":2661,"href":"https:\/\/www.scpowerteam.com\/de\/wp-json\/wp\/v2\/pages\/64\/revisions\/2661"}],"up":[{"embeddable":true,"href":"https:\/\/www.scpowerteam.com\/de\/wp-json\/wp\/v2\/pages\/58"}],"wp:attachment":[{"href":"https:\/\/www.scpowerteam.com\/de\/wp-json\/wp\/v2\/media?parent=64"}],"curies":[{"name":"wp","href":"https:\/\/api.w.org\/{rel}","templated":true}]}}