{"id":113,"date":"2022-01-10T16:18:34","date_gmt":"2022-01-10T16:18:34","guid":{"rendered":"https:\/\/www.scpowerteam.com\/?page_id=113"},"modified":"2022-03-10T13:27:21","modified_gmt":"2022-03-10T18:27:21","slug":"community-development","status":"publish","type":"page","link":"https:\/\/www.scpowerteam.com\/es\/what-we-do\/community-development\/","title":{"rendered":"Desarrollo comunitario"},"content":{"rendered":"<style>\n  \n  #hero-block_61dc5ba246ed2 { \n      background-image: url(https:\/\/www.scpowerteam.com\/wp-content\/uploads\/2022\/01\/jason-goodman-Oalh2MojUuk-unsplash.png);\n      }\n  \n<\/style>\n\n<div id=\"hero-block_61dc5ba246ed2\" class=\"hero alignfull Light\">\n  \n  <div class=\"container\">\n    \n    <div class=\"row\">\n      \n    <div class=\"col-12 col-sm-5\">\n      \n      <h5>Involucrado<\/h5>\n      <h1>Desarrollo comunitario<\/h1>\n      \n            \n            \n    <\/div>\n    \n    <div class=\"col-12 col-sm-7\">\n      \n      <div class=\"hero-content\">\n        \n        <p>El equipo de energ\u00eda de Carolina del Sur est\u00e1 dedicado a servir a las comunidades de los miembros de nuestra cooperativa. De acuerdo con esta misi\u00f3n, invertimos en grupos y organizaciones comprometidas con nuestras comunidades locales y el crecimiento econ\u00f3mico de Carolina del Sur.<\/p>\n      \n      <\/div>\n      \n    <\/div>\n    \n    <\/div>\n    \n  <\/div>\n  \n<\/div>\n\n\n<div class=\"wp-block-columns is-layout-flex wp-container-core-columns-is-layout-28f84493 wp-block-columns-is-layout-flex\">\n<div class=\"wp-block-column is-layout-flow wp-block-column-is-layout-flow\">\n<p><\/p>\n\n\n\n<p><\/p>\n\n\n\n<h2 class=\"has-dark-blue-color has-text-color wp-block-heading\" id=\"things-that-we-help-with\">Nos asociamos con comunidades atendidas por cooperativas en todo el estado en:<\/h2>\n\n\n\n<h4 class=\"has-teal-color has-text-color wp-block-heading\" id=\"south-carolina-power-team-is-committed-to-addressing-these-concerns-beginning-in-2021-with-warner-at-the-forefront-of-our-efforts-we-look-forward-to-partnering-with-all-stakeholders-in-delivering-the-following-communities-statewide\"><\/h4>\n<\/div>\n<\/div>\n\n\n\n<div class=\"wp-block-columns is-layout-flex wp-container-core-columns-is-layout-28f84493 wp-block-columns-is-layout-flex\">\n<div class=\"wp-block-column is-layout-flow wp-block-column-is-layout-flow\">\n<h3 class=\"has-teal-color has-text-color wp-block-heading\" id=\"workforce-talent-development\">Fuerza Laboral\/Desarrollo de Talento<\/h3>\n\n\n\n<p>Ahora, m\u00e1s que nunca, las comunidades deben brindar soluciones laborales a los empleadores existentes y potenciales. Desde la preparaci\u00f3n de la canalizaci\u00f3n de talentos hasta la implementaci\u00f3n, nuestro equipo est\u00e1 aqu\u00ed en cada paso del camino para ayudar a su comunidad a desarrollar su potencial.<\/p>\n\n\n\n<ul class=\"wp-block-list\"><li>Facilitaci\u00f3n de partes interesadas<\/li><li>Compromiso del empleador<\/li><li>Campa\u00f1as de concientizaci\u00f3n y marketing<\/li><li>Dise\u00f1o y desarrollo de programas<\/li><li>Recopilaci\u00f3n y an\u00e1lisis de datos<\/li><li>Estudio laboral estatal en curso<\/li><\/ul>\n<\/div>\n\n\n\n<div class=\"wp-block-column is-layout-flow wp-block-column-is-layout-flow\">\n<h3 class=\"has-teal-color has-text-color wp-block-heading\" id=\"customized-training\">Formaci\u00f3n personalizada<\/h3>\n\n\n\n<p>Reconocemos que cada comunidad enfrenta desaf\u00edos \u00fanicos que requieren soluciones de capacitaci\u00f3n \u00fanicas. Tenemos varios temas de talleres que personalizamos para brindarle lo que necesita y si no ve lo que necesita, \u00a1lo construiremos para usted!<\/p>\n\n\n\n<ul class=\"wp-block-list\"><li>Desarrollo economico<\/li><li>Desarrollo de liderazgo<\/li><li>Talleres Oficiales Electos<\/li><li>Desarrollo de la Junta Directiva<\/li><li>Trabajo en equipo<\/li><li>Promoci\u00f3n y marca comunitaria<\/li><\/ul>\n<\/div>\n<\/div>\n\n\n\n<div class=\"wp-block-columns is-layout-flex wp-container-core-columns-is-layout-28f84493 wp-block-columns-is-layout-flex\">\n<div class=\"wp-block-column is-layout-flow wp-block-column-is-layout-flow\">\n<h3 class=\"has-teal-color has-text-color wp-block-heading\" id=\"strategic-planning\">Planificaci\u00f3n estrat\u00e9gica<\/h3>\n\n\n\n<p>La mayor\u00eda de las comunidades y organizaciones encuentran que dise\u00f1ar su futuro es emocionante, pero desalentador. Tener un plan basado en soluciones puede aliviar el miedo a lo desconocido. Ya sea que necesite un retiro de planificaci\u00f3n o una revisi\u00f3n del plan estrat\u00e9gico, el Power Team de Carolina del Sur est\u00e1 aqu\u00ed para ayudarlo.<\/p>\n\n\n\n<ul class=\"wp-block-list\"><li>Planes de trabajo de un a\u00f1o<\/li><li>Gesti\u00f3n organizacional<\/li><li>Evaluaciones de la comunidad<\/li><li>Conversaciones comunitarias<\/li><\/ul>\n<\/div>\n\n\n\n<div class=\"wp-block-column is-layout-flow wp-block-column-is-layout-flow\">\n<h3 class=\"has-teal-color has-text-color wp-block-heading\" id=\"additional-resources\">Recursos adicionales<\/h3>\n\n\n\n<p>El equipo de energ\u00eda de Carolina del Sur est\u00e1 comprometido a ayudar a las comunidades rurales de Carolina del Sur mientras se preparan para el crecimiento futuro. Ofrecemos varios recursos \u00fanicos destinados a posicionar mejor a las comunidades a los ojos de los selectores de sitios y prospectos.<\/p>\n\n\n\n<ul class=\"wp-block-list\"><li>Fondo de avance del sitio<\/li><li>Fondo de Expansi\u00f3n y Reclutamiento Cooperativo (CoRE)<\/li><li>Fondo de preparaci\u00f3n del sitio (SRF)<\/li><li>Becas de Desarrollo Profesional<\/li><li>Base de datos de sitios, parques y edificios<\/li><\/ul>\n<\/div>\n<\/div>\n\n\n\n<div class=\"wp-block-group alignfull has-dark-blue-to-teal-gradient-background has-background is-layout-flow wp-block-group-is-layout-flow\">\n<div class=\"wp-block-columns is-layout-flex wp-container-core-columns-is-layout-28f84493 wp-block-columns-is-layout-flex\">\n<div class=\"wp-block-column is-layout-flow wp-block-column-is-layout-flow\">\n<h2 class=\"has-text-align-center has-white-color has-text-color wp-block-heading\" id=\"organizations-include\">Su recurso de equipo:<\/h2>\n\n\n\n<p class=\"has-white-color has-text-color\"><\/p>\n<\/div>\n<\/div>\n\n\n\n<style>\n  \n<\/style>\n\n<div id=\"blogcards-block_621fda0e05792\" class=\"blogcards\">\n  \n  <div class=\"container\">\n    \n    <div class=\"row\">\n      \n      <div class=\"col-12\">\n      \n        <div class=\"post-grid\"><div class=\"teamcard\"><a href=\"https:\/\/www.scpowerteam.com\/es\/team\/caroline-warner\/\"><img decoding=\"async\" class=\"team-headshot\" alt=\"Caroline A. Warner\" src=\"https:\/\/www.scpowerteam.com\/wp-content\/uploads\/2022\/02\/CAW_2026_candid_2-1.jpg\"><\/a><div class=\"card-content\"><p class=\"name\">carolina a. warner<\/p><p class=\"position\">Director de Desarrollo Comunitario<\/p><\/div><\/div><\/div>      \n      <\/div>\n    \n    <\/div>\n    \n  <\/div>\n  \n<\/div><\/div>","protected":false},"excerpt":{"rendered":"<p>Nos asociamos con comunidades atendidas por cooperativas en todo el estado en: Desarrollo de talento\/fuerza laboral Ahora, m\u00e1s que nunca, las comunidades deben brindar soluciones de fuerza laboral a los empleadores existentes y potenciales. Desde la preparaci\u00f3n de la canalizaci\u00f3n de talentos hasta la implementaci\u00f3n, nuestro equipo est\u00e1 aqu\u00ed en cada paso del camino para ayudar a su comunidad a desarrollar su potencial. Facilitaci\u00f3n de las partes interesadas Compromiso de los empleadores Campa\u00f1as de concienciaci\u00f3n y marketing [\u2026]<\/p>","protected":false},"author":1,"featured_media":0,"parent":24,"menu_order":7,"comment_status":"closed","ping_status":"closed","template":"","meta":{"_acf_changed":false,"footnotes":""},"class_list":["post-113","page","type-page","status-publish","hentry"],"acf":[],"_links":{"self":[{"href":"https:\/\/www.scpowerteam.com\/es\/wp-json\/wp\/v2\/pages\/113","targetHints":{"allow":["GET"]}}],"collection":[{"href":"https:\/\/www.scpowerteam.com\/es\/wp-json\/wp\/v2\/pages"}],"about":[{"href":"https:\/\/www.scpowerteam.com\/es\/wp-json\/wp\/v2\/types\/page"}],"author":[{"embeddable":true,"href":"https:\/\/www.scpowerteam.com\/es\/wp-json\/wp\/v2\/users\/1"}],"replies":[{"embeddable":true,"href":"https:\/\/www.scpowerteam.com\/es\/wp-json\/wp\/v2\/comments?post=113"}],"version-history":[{"count":28,"href":"https:\/\/www.scpowerteam.com\/es\/wp-json\/wp\/v2\/pages\/113\/revisions"}],"predecessor-version":[{"id":1939,"href":"https:\/\/www.scpowerteam.com\/es\/wp-json\/wp\/v2\/pages\/113\/revisions\/1939"}],"up":[{"embeddable":true,"href":"https:\/\/www.scpowerteam.com\/es\/wp-json\/wp\/v2\/pages\/24"}],"wp:attachment":[{"href":"https:\/\/www.scpowerteam.com\/es\/wp-json\/wp\/v2\/media?parent=113"}],"curies":[{"name":"wp","href":"https:\/\/api.w.org\/{rel}","templated":true}]}}