{"id":12,"date":"2022-01-03T18:31:58","date_gmt":"2022-01-03T18:31:58","guid":{"rendered":"https:\/\/www.scpowerteam.com\/?page_id=12"},"modified":"2022-09-30T10:21:05","modified_gmt":"2022-09-30T14:21:05","slug":"why-sc","status":"publish","type":"page","link":"https:\/\/www.scpowerteam.com\/es\/site-selection-tools\/why-sc\/","title":{"rendered":"\u00bfPor qu\u00e9 SC?"},"content":{"rendered":"<style>\n  \n  #hero-block_61dc5ba246ed2 { \n        background-color: #1e73be;\n    }\n  \n<\/style>\n\n<div id=\"hero-block_61dc5ba246ed2\" class=\"hero alignfull Dark\">\n  \n  <div class=\"container\">\n    \n    <div class=\"row\">\n      \n    <div class=\"col-12 col-sm-5\">\n      \n      <h5> <\/h5>\n      <h1>\u00bfPor qu\u00e9 Carolina del Sur?<\/h1>\n      \n            \n            \n    <\/div>\n    \n    <div class=\"col-12 col-sm-7\">\n      \n      <div class=\"hero-content\">\n        \n        <p>Las empresas est\u00e1n encontrando su camino a Carolina del Sur de todo el mundo. Como l\u00edder del pa\u00eds en la atracci\u00f3n de inversi\u00f3n extranjera directa, Carolina del Sur ha dejado su huella en el mapa.<\/p>\n<p>&nbsp;<\/p>\n      \n      <\/div>\n      \n    <\/div>\n    \n    <\/div>\n    \n  <\/div>\n  \n<\/div>\n\n\n<div class=\"wp-block-columns is-layout-flex wp-container-core-columns-is-layout-28f84493 wp-block-columns-is-layout-flex\">\n<div class=\"wp-block-column is-layout-flow wp-block-column-is-layout-flow\">\n<div style=\"height:100px\" aria-hidden=\"true\" class=\"wp-block-spacer\"><\/div>\n\n\n\n<h4 class=\"wp-block-heading\" id=\"our-state-is-home-to-global-giants-boeing-volvo-cars-google-samsung-bmw-giti-tire-mercedes-benz-vans-continental-michelin-and-bridgestone-these-companies-are-benefiting-from-our-highly-skilled-workforce-and-an-integrated-transportation-system-of-highways-railways-seaports-airports-and-inland-ports-to-connect-their-goods-and-services-to-consumers-around-the-world\">Nuestro estado es el hogar de gigantes mundiales: Boeing, Volvo Cars, Google, Samsung, BMW, Giti Tire, Mercedes-Benz Vans, Continental, Michelin, Bridgestone y muchos otros. Estas empresas se benefician de nuestra mano de obra altamente calificada y de un sistema de transporte integrado de carreteras, ferrocarriles, puertos mar\u00edtimos, aeropuertos y puertos interiores para conectar sus bienes y servicios a los consumidores de todo el mundo.<\/h4>\n\n\n\n<div style=\"height:22px\" aria-hidden=\"true\" class=\"wp-block-spacer\"><\/div>\n\n\n\n<h4 class=\"has-text-align-left wp-block-heading\" id=\"a-logistics-centric-and-business-friendly-environment-the-palmetto-state-offers-the-infrastructure-necessary-to-attract-new-industry-and-supply-skilled-workers-allowing-companies-to-thrive-and-expand-here\">Palmetto State, un entorno centrado en la log\u00edstica y favorable a los negocios, ofrece la infraestructura necesaria para atraer nuevas industrias y proporcionar trabajadores calificados, lo que permite que las empresas prosperen y se expandan aqu\u00ed.<\/h4>\n\n\n\n<p><\/p>\n\n\n\n<p><\/p>\n<\/div>\n<\/div>\n\n\n\n<style>\n\n<\/style>\n\n<div id=\"iconlist-block_62150a895b195\" class=\"icon-list\">\n  \n    \n  \n<\/div>\n  \n\n\n<div class=\"wp-block-columns is-layout-flex wp-container-core-columns-is-layout-28f84493 wp-block-columns-is-layout-flex\">\n<div class=\"wp-block-column is-layout-flow wp-block-column-is-layout-flow\">\n<h3 class=\"has-teal-color has-text-color wp-block-heading\" id=\"transportation-1\"><strong>Energ\u00eda<\/strong><\/h3>\n\n\n\n<ul class=\"wp-block-list\"><li>Tarifas de energ\u00eda nueve por ciento m\u00e1s bajas que el promedio nacional<\/li><li>Energ\u00eda confiable y asequible<\/li><li>Mezcla diversa de fuentes de energ\u00eda.<\/li><li>2\/3 del estado est\u00e1 cubierto por cooperativas el\u00e9ctricas<\/li><\/ul>\n<\/div>\n\n\n\n<div class=\"wp-block-column is-layout-flow wp-block-column-is-layout-flow\">\n<h3 class=\"has-teal-color has-text-color wp-block-heading\" id=\"workforce-1\"><strong>Personal<\/strong><\/h3>\n\n\n\n<ul class=\"wp-block-list\"><li>Carolina del Sur es un estado con derecho al trabajo<\/li><li>Low cost of doing business with very low unionization rate<\/li><li>readySC &#8211; South Carolina&#8217;s workforce training program for companies creating new jobs<\/li><li>Wide variety of incentives available for companies locating or expanding in the state<\/li><\/ul>\n<\/div>\n<\/div>\n\n\n\n<div class=\"wp-block-columns is-layout-flex wp-container-core-columns-is-layout-28f84493 wp-block-columns-is-layout-flex\">\n<div class=\"wp-block-column is-vertically-aligned-top is-layout-flow wp-block-column-is-layout-flow\">\n<h3 class=\"has-teal-color has-text-color wp-block-heading\" id=\"energy-1\"><strong>Transportaci\u00f3n<\/strong><\/h3>\n\n\n\n<ul class=\"wp-block-list\"><li>Puerto de Charleston: el puerto m\u00e1s profundo de la costa este<\/li><li>Dos puertos interiores: Dillon y Greer<\/li><li>Dos l\u00edneas ferroviarias de Clase I: Norfolk Southern y CSX<\/li><li>2\/3 de la poblaci\u00f3n de EE. UU. se encuentra dentro de un radio de 24 horas<\/li><\/ul>\n<\/div>\n\n\n\n<div class=\"wp-block-column is-vertically-aligned-top is-layout-flow wp-block-column-is-layout-flow\">\n<h3 class=\"has-teal-color has-text-color wp-block-heading\" id=\"energy-1\"><strong>Calidad de vida<\/strong><\/h3>\n\n\n\n<ul class=\"wp-block-list\"><li>1,800 millas de costa<\/li><li>Impuestos a la propiedad entre los m\u00e1s bajos del pa\u00eds<\/li><li>Average annual temperature: 68\u00b0 F<\/li><li>3,5 horas de viaje desde la playa hasta las monta\u00f1as<\/li><\/ul>\n<\/div>\n<\/div>\n\n\n\n<div class=\"wp-block-columns is-layout-flex wp-container-core-columns-is-layout-28f84493 wp-block-columns-is-layout-flex\">\n<div class=\"wp-block-column is-layout-flow wp-block-column-is-layout-flow\"><\/div>\n<\/div>","protected":false},"excerpt":{"rendered":"<p>Nuestro estado es el hogar de gigantes mundiales: Boeing, Volvo Cars, Google, Samsung, BMW, Giti Tire, Mercedes-Benz Vans, Continental, Michelin, Bridgestone y muchos otros. Estas empresas se benefician de nuestra mano de obra altamente calificada y de un sistema de transporte integrado de carreteras, ferrocarriles, puertos mar\u00edtimos, aeropuertos y puertos interiores para conectar sus bienes y servicios a los consumidores de todo el mundo. UN [\u2026]<\/p>","protected":false},"author":1,"featured_media":0,"parent":10,"menu_order":0,"comment_status":"closed","ping_status":"closed","template":"","meta":{"_acf_changed":false,"footnotes":""},"class_list":["post-12","page","type-page","status-publish","hentry"],"acf":[],"_links":{"self":[{"href":"https:\/\/www.scpowerteam.com\/es\/wp-json\/wp\/v2\/pages\/12","targetHints":{"allow":["GET"]}}],"collection":[{"href":"https:\/\/www.scpowerteam.com\/es\/wp-json\/wp\/v2\/pages"}],"about":[{"href":"https:\/\/www.scpowerteam.com\/es\/wp-json\/wp\/v2\/types\/page"}],"author":[{"embeddable":true,"href":"https:\/\/www.scpowerteam.com\/es\/wp-json\/wp\/v2\/users\/1"}],"replies":[{"embeddable":true,"href":"https:\/\/www.scpowerteam.com\/es\/wp-json\/wp\/v2\/comments?post=12"}],"version-history":[{"count":38,"href":"https:\/\/www.scpowerteam.com\/es\/wp-json\/wp\/v2\/pages\/12\/revisions"}],"predecessor-version":[{"id":2403,"href":"https:\/\/www.scpowerteam.com\/es\/wp-json\/wp\/v2\/pages\/12\/revisions\/2403"}],"up":[{"embeddable":true,"href":"https:\/\/www.scpowerteam.com\/es\/wp-json\/wp\/v2\/pages\/10"}],"wp:attachment":[{"href":"https:\/\/www.scpowerteam.com\/es\/wp-json\/wp\/v2\/media?parent=12"}],"curies":[{"name":"wp","href":"https:\/\/api.w.org\/{rel}","templated":true}]}}