{"id":18,"date":"2022-01-03T18:34:39","date_gmt":"2022-01-03T18:34:39","guid":{"rendered":"https:\/\/www.scpowerteam.com\/?page_id=18"},"modified":"2024-04-15T09:37:33","modified_gmt":"2024-04-15T13:37:33","slug":"sc-power-sites","status":"publish","type":"page","link":"https:\/\/www.scpowerteam.com\/es\/site-selection-tools\/sc-power-sites\/","title":{"rendered":"Sitios de energ\u00eda SC"},"content":{"rendered":"<style>\n  \n  #hero-block_0503d75a5f6713e65bc75095f0c83ee6 { \n      background-image: url(https:\/\/www.scpowerteam.com\/wp-content\/uploads\/2022\/01\/jason-goodman-Oalh2MojUuk-unsplash.png);\n      }\n  \n<\/style>\n\n<div id=\"hero-block_0503d75a5f6713e65bc75095f0c83ee6\" class=\"hero alignfull Light\">\n  \n  <div class=\"container\">\n    \n    <div class=\"row\">\n      \n    <div class=\"col-12 col-sm-5\">\n      \n      <h5>Encuentre su poder de permanencia<\/h5>\n      <h1>Sitios de energ\u00eda SC<\/h1>\n      \n            \n            \n    <\/div>\n    \n    <div class=\"col-12 col-sm-7\">\n      \n      <div class=\"hero-content\">\n        \n        <p>Launched in 2014 and expanded in 2019 and 2021, the Site Readiness Fund (SRF) is a Community Development and Preparedness initiative in the service territory of the 19 electric cooperatives to create competitive industrial sites, parks and buildings that are truly market ready.<\/p>\n<p>El objetivo de este fondo es posicionar mejor el producto industrial dentro del territorio cooperativo para hacer la lista corta para un consultor o prospecto de selecci\u00f3n de sitio.<\/p>\n<p>Hasta 2021, se han comprometido m\u00e1s de $50 millones durante un per\u00edodo de ocho a\u00f1os para invertir en el desarrollo de productos, incluidas extensiones y mejoras de infraestructura, adquisici\u00f3n de terrenos y desarrollo general de sitios y edificios especulativos.<\/p>\n<p>El Fondo de preparaci\u00f3n del sitio es posible, en parte, gracias a una subvenci\u00f3n inicial de $30 millones de Santee Cooper con el apoyo de las cooperativas el\u00e9ctricas de Carolina del Sur.<\/p>\n      \n      <\/div>\n      \n    <\/div>\n    \n    <\/div>\n    \n  <\/div>\n  \n<\/div>\n\n\n<div class=\"wp-block-columns is-layout-flex wp-container-core-columns-is-layout-28f84493 wp-block-columns-is-layout-flex\">\n<div class=\"wp-block-column is-layout-flow wp-block-column-is-layout-flow\">\n<div style=\"height:50px\" aria-hidden=\"true\" class=\"wp-block-spacer\"><\/div>\n\n\n\n<h2 class=\"wp-block-heading has-text-align-center has-teal-color has-text-color\" id=\"100-million-combined-investment-to-create-market-ready-sites-over-a-five-year-period\">Hasta 2021, $237 millones en inversi\u00f3n combinada para crear sitios listos para el mercado durante un per\u00edodo de ocho a\u00f1os.<\/h2>\n<\/div>\n<\/div>\n\n\n\n<div class=\"wp-block-group alignfull has-dark-blue-to-teal-gradient-background has-background is-layout-flow wp-block-group-is-layout-flow\">\n<div class=\"wp-block-columns is-layout-flex wp-container-core-columns-is-layout-28f84493 wp-block-columns-is-layout-flex\">\n<div class=\"wp-block-column is-layout-flow wp-block-column-is-layout-flow\">\n<h2 class=\"wp-block-heading has-white-color has-text-color\" id=\"staying-power\">Poder de permanencia:<\/h2>\n\n\n\n<p class=\"has-white-color has-text-color\"><br>Desde 1988, el equipo de energ\u00eda de Carolina del Sur y nuestros socios han continuado con su compromiso de ser un socio de servicios p\u00fablicos s\u00f3lido para aquellos a quienes servimos. Brindamos energ\u00eda altamente confiable y asequible para que las empresas puedan prosperar y crecer. Hay muchos sitios, parques y edificios listos para el mercado dentro de nuestro sistema de energ\u00eda que ofrecen entornos florecientes para su empresa comercial.<br><\/p>\n<\/div>\n<\/div>\n\n\n\n<div class=\"wp-block-columns is-layout-flex wp-container-core-columns-is-layout-28f84493 wp-block-columns-is-layout-flex\">\n<div class=\"wp-block-column is-layout-flow wp-block-column-is-layout-flow\">\n<figure class=\"wp-block-gallery has-nested-images columns-default is-cropped wp-block-gallery-1 is-layout-flex wp-block-gallery-is-layout-flex\">\n<figure class=\"wp-block-image size-full\"><img loading=\"lazy\" decoding=\"async\" width=\"863\" height=\"1000\" data-id=\"2113\" src=\"https:\/\/www.scpowerteam.com\/wp-content\/uploads\/2022\/03\/Power-Sites_4.jpg\" alt=\"\" class=\"wp-image-2113\" srcset=\"https:\/\/www.scpowerteam.com\/wp-content\/uploads\/2022\/03\/Power-Sites_4.jpg 863w, https:\/\/www.scpowerteam.com\/wp-content\/uploads\/2022\/03\/Power-Sites_4-259x300.jpg 259w, https:\/\/www.scpowerteam.com\/wp-content\/uploads\/2022\/03\/Power-Sites_4-768x890.jpg 768w, https:\/\/www.scpowerteam.com\/wp-content\/uploads\/2022\/03\/Power-Sites_4-10x12.jpg 10w\" sizes=\"auto, (max-width: 863px) 100vw, 863px\" \/><\/figure>\n<\/figure>\n<\/div>\n\n\n\n<div class=\"wp-block-column is-layout-flow wp-block-column-is-layout-flow\">\n<figure class=\"wp-block-image size-full\"><img loading=\"lazy\" decoding=\"async\" width=\"863\" height=\"1000\" src=\"https:\/\/www.scpowerteam.com\/wp-content\/uploads\/2022\/03\/Power-Sites_3.jpg\" alt=\"\" class=\"wp-image-1948\" srcset=\"https:\/\/www.scpowerteam.com\/wp-content\/uploads\/2022\/03\/Power-Sites_3.jpg 863w, https:\/\/www.scpowerteam.com\/wp-content\/uploads\/2022\/03\/Power-Sites_3-259x300.jpg 259w, https:\/\/www.scpowerteam.com\/wp-content\/uploads\/2022\/03\/Power-Sites_3-768x890.jpg 768w, https:\/\/www.scpowerteam.com\/wp-content\/uploads\/2022\/03\/Power-Sites_3-10x12.jpg 10w\" sizes=\"auto, (max-width: 863px) 100vw, 863px\" \/><\/figure>\n<\/div>\n\n\n\n<div class=\"wp-block-column is-layout-flow wp-block-column-is-layout-flow\">\n<figure class=\"wp-block-image size-full\"><img loading=\"lazy\" decoding=\"async\" width=\"863\" height=\"1000\" src=\"https:\/\/www.scpowerteam.com\/wp-content\/uploads\/2022\/03\/Power-Sites_2.jpg\" alt=\"\" class=\"wp-image-1949\" srcset=\"https:\/\/www.scpowerteam.com\/wp-content\/uploads\/2022\/03\/Power-Sites_2.jpg 863w, https:\/\/www.scpowerteam.com\/wp-content\/uploads\/2022\/03\/Power-Sites_2-259x300.jpg 259w, https:\/\/www.scpowerteam.com\/wp-content\/uploads\/2022\/03\/Power-Sites_2-768x890.jpg 768w, https:\/\/www.scpowerteam.com\/wp-content\/uploads\/2022\/03\/Power-Sites_2-10x12.jpg 10w\" sizes=\"auto, (max-width: 863px) 100vw, 863px\" \/><\/figure>\n<\/div>\n<\/div>\n\n\n\n<p class=\"has-text-align-center has-light-gray-color has-text-color\"><em>(En la foto de arriba:<\/em> <em>Edificio Connexial Especulativo | cooperativa electrica laurens, <\/em><br><em>Parque de Comercio de Carolina Central | Cooperativa Newberry Electric, edificio especulativo del condado de Lee | Cooperativa El\u00e9ctrica Black River)<\/em><\/p>\n\n\n\n<div style=\"height:55px\" aria-hidden=\"true\" class=\"wp-block-spacer\"><\/div>\n\n\n\n<h3 class=\"wp-block-heading has-text-align-center has-white-color has-text-color\"><em>los <strong>Asociaci\u00f3n Nacional de Desarrolladores Econ\u00f3micos Rurales (NREDA)<\/strong> <\/em><br><em>reconoci\u00f3 al Power Team de Carolina del Sur con el <\/em><br><em><strong>Premio a la Excelencia Organizativa 2017<\/strong> por sus esfuerzos en el desarrollo rural <\/em><br><em>y hacer sitios <\/em><em>listo para el mercado a trav\u00e9s de inversiones SRF.<\/em><\/h3>\n<\/div>\n\n\n\n\n\n<h5 class=\"wp-block-heading\"><br><br><\/h5>\n\n\n\n<h2 class=\"wp-block-heading has-text-align-center has-teal-color has-text-color\">Su recurso de equipo:<\/h2>\n\n\n\n<style>\n  \n<\/style>\n\n<div id=\"blogcards-block_f0770c2761da54f914ca1ac484c296dd\" class=\"blogcards\">\n  \n  <div class=\"container\">\n    \n    <div class=\"row\">\n      \n      <div class=\"col-12\">\n      \n        <div class=\"post-grid\"><div class=\"teamcard\"><a href=\"https:\/\/www.scpowerteam.com\/es\/team\/rebecca-breland\/\"><img decoding=\"async\" class=\"team-headshot\" alt=\"Rebecca M. Breland\" src=\"https:\/\/www.scpowerteam.com\/wp-content\/uploads\/2022\/02\/RB-candid-for-website-2026.jpeg.jpg\"><\/a><div class=\"card-content\"><p class=\"name\">Rebecca M. Breland, PE<\/p><p class=\"position\">Senior Vice President, Community Preparedness<\/p><\/div><\/div><\/div>      \n      <\/div>\n    \n    <\/div>\n    \n  <\/div>\n  \n<\/div>","protected":false},"excerpt":{"rendered":"<p>Hasta 2021, $237 millones en inversi\u00f3n combinada para crear sitios listos para el mercado durante un per\u00edodo de ocho a\u00f1os. Mantener el poder: desde 1988, el equipo de energ\u00eda de Carolina del Sur y nuestros socios han continuado con nuestro compromiso de ser un socio de servicios p\u00fablicos s\u00f3lido para aquellos a quienes servimos. Brindamos energ\u00eda altamente confiable y asequible para que las empresas puedan prosperar y crecer. All\u00e1 [\u2026]<\/p>","protected":false},"author":1,"featured_media":0,"parent":10,"menu_order":4,"comment_status":"closed","ping_status":"closed","template":"","meta":{"_acf_changed":false,"footnotes":""},"class_list":["post-18","page","type-page","status-publish","hentry"],"acf":[],"_links":{"self":[{"href":"https:\/\/www.scpowerteam.com\/es\/wp-json\/wp\/v2\/pages\/18","targetHints":{"allow":["GET"]}}],"collection":[{"href":"https:\/\/www.scpowerteam.com\/es\/wp-json\/wp\/v2\/pages"}],"about":[{"href":"https:\/\/www.scpowerteam.com\/es\/wp-json\/wp\/v2\/types\/page"}],"author":[{"embeddable":true,"href":"https:\/\/www.scpowerteam.com\/es\/wp-json\/wp\/v2\/users\/1"}],"replies":[{"embeddable":true,"href":"https:\/\/www.scpowerteam.com\/es\/wp-json\/wp\/v2\/comments?post=18"}],"version-history":[{"count":49,"href":"https:\/\/www.scpowerteam.com\/es\/wp-json\/wp\/v2\/pages\/18\/revisions"}],"predecessor-version":[{"id":2660,"href":"https:\/\/www.scpowerteam.com\/es\/wp-json\/wp\/v2\/pages\/18\/revisions\/2660"}],"up":[{"embeddable":true,"href":"https:\/\/www.scpowerteam.com\/es\/wp-json\/wp\/v2\/pages\/10"}],"wp:attachment":[{"href":"https:\/\/www.scpowerteam.com\/es\/wp-json\/wp\/v2\/media?parent=18"}],"curies":[{"name":"wp","href":"https:\/\/api.w.org\/{rel}","templated":true}]}}