{"id":26,"date":"2022-01-03T18:35:49","date_gmt":"2022-01-03T18:35:49","guid":{"rendered":"https:\/\/www.scpowerteam.com\/?page_id=26"},"modified":"2022-10-03T13:54:28","modified_gmt":"2022-10-03T17:54:28","slug":"project-management","status":"publish","type":"page","link":"https:\/\/www.scpowerteam.com\/es\/what-we-do\/project-management\/","title":{"rendered":"Gesti\u00f3n de proyectos"},"content":{"rendered":"<style>\n  \n  #hero-block_61da3e17a36e4 { \n        background-color: #04437b;\n    }\n  \n<\/style>\n\n<div id=\"hero-block_61da3e17a36e4\" class=\"hero alignfull Dark\">\n  \n  <div class=\"container\">\n    \n    <div class=\"row\">\n      \n    <div class=\"col-12 col-sm-5\">\n      \n      <h5>lo que hacemos<\/h5>\n      <h1>Gesti\u00f3n de proyectos<\/h1>\n      \n            \n            \n    <\/div>\n    \n    <div class=\"col-12 col-sm-7\">\n      \n      <div class=\"hero-content\">\n        \n        <p>El centro de la misi\u00f3n de South Carolina Power Team es el reclutamiento y la retenci\u00f3n de empresas. Nuestro equipo de Negocios Globales est\u00e1 dedicado a este esfuerzo. El equipo de Negocios Globales ofrece servicios de selecci\u00f3n de sitios de clase mundial con total confidencialidad para simplificar y acelerar la reubicaci\u00f3n de una organizaci\u00f3n en nuestro estado o en una industria existente con su expansi\u00f3n.<\/p>\n<p>Los miembros de la gesti\u00f3n del proyecto brindan asistencia continua durante todo el proceso de selecci\u00f3n del sitio y despu\u00e9s de un anuncio.<\/p>\n      \n      <\/div>\n      \n    <\/div>\n    \n    <\/div>\n    \n  <\/div>\n  \n<\/div>\n\n\n<div class=\"wp-block-group is-layout-flow wp-block-group-is-layout-flow\">\n<div class=\"wp-block-columns is-layout-flex wp-container-core-columns-is-layout-28f84493 wp-block-columns-is-layout-flex\">\n<div class=\"wp-block-column is-layout-flow wp-block-column-is-layout-flow\">\n<h5 class=\"has-text-align-center has-teal-color has-text-color wp-block-heading\" id=\"services\">Servicios<\/h5>\n\n\n\n<h2 class=\"has-text-align-center has-large-font-size wp-block-heading\" id=\"south-carolina-power-team-provides\">la carolina del sur <br>Power Team sirve como:<br><\/h2>\n\n\n\n<style>\n  \n\n<\/style>\n\n<div id=\"iconcards-block_61f40c6a63791\" class=\"iconcards\">\n  \n  <div class=\"container\">\n    \n    <div class=\"icon-card-grid\">\n      \n    \n            <div class=\"icon-card\">\n                 \n                              <img decoding=\"async\" src=\"https:\/\/www.scpowerteam.com\/wp-content\/uploads\/2022\/01\/icon-users.png\">\n                            \n              <p class=\"icon-card-title\">Convocante<\/p>\n              \n              <div class=\"icon-card-content\">\n                Facilitamos presentaciones con nuestras cooperativas, funcionarios, socios y aliados estatales\/locales, as\u00ed como empresas existentes dentro de su industria.               <\/div>\n              \n            <\/div>\n                   \n     \n            <div class=\"icon-card\">\n                 \n                              <img decoding=\"async\" src=\"https:\/\/www.scpowerteam.com\/wp-content\/uploads\/2022\/01\/icon-lightning.png\">\n                            \n              <p class=\"icon-card-title\">Asesor de ubicaci\u00f3n<\/p>\n              \n              <div class=\"icon-card-content\">\n                Nuestro conocimiento a nivel estatal de las propiedades disponibles ayudar\u00e1 a acelerar el cronograma de su decisi\u00f3n.               <\/div>\n              \n            <\/div>\n                   \n     \n            <div class=\"icon-card\">\n                 \n                              <img decoding=\"async\" src=\"https:\/\/www.scpowerteam.com\/wp-content\/uploads\/2022\/01\/icon-chart.png\">\n                            \n              <p class=\"icon-card-title\">Fuente de datos<\/p>\n              \n              <div class=\"icon-card-content\">\n                Nuestra herramienta integral de propiedades proporciona informaci\u00f3n actualizada sobre mano de obra, comunidad e infraestructura.              <\/div>\n              \n            <\/div>\n                   \n     \n            <div class=\"icon-card\">\n                 \n                              <img decoding=\"async\" src=\"https:\/\/www.scpowerteam.com\/wp-content\/uploads\/2022\/01\/icon-chart-check.png\">\n                            \n              <p class=\"icon-card-title\">Technical Expert <\/p>\n              \n              <div class=\"icon-card-content\">\n                Brindamos consultor\u00eda de ingenier\u00eda civil a trav\u00e9s del an\u00e1lisis del edificio\/sitio.              <\/div>\n              \n            <\/div>\n                   \n         \n    <\/div>\n    \n  <\/div>\n  \n<\/div><\/div>\n<\/div>\n<\/div>\n\n\n\n<div class=\"wp-block-group alignfull has-background is-layout-flow wp-block-group-is-layout-flow\" style=\"background:linear-gradient(90deg,rgb(0,67,123) 0%,rgb(48,175,209) 100%)\">\n<h5 class=\"has-text-align-center has-white-color has-text-color wp-block-heading\" id=\"the-makers\"><\/h5>\n\n\n\n<h2 class=\"has-text-align-center has-white-color has-text-color wp-block-heading\" id=\"your-team-resources\">Recursos de su equipo:<\/h2>\n\n\n\n<style>\n  \n<\/style>\n\n<div id=\"blogcards-block_61f7fa7b3d1b4\" class=\"blogcards\">\n  \n  <div class=\"container\">\n    \n    <div class=\"row\">\n      \n      <div class=\"col-12\">\n      \n        <div class=\"post-grid\"><div class=\"teamcard\"><a href=\"https:\/\/www.scpowerteam.com\/es\/team\/warren-darby\/\"><img decoding=\"async\" class=\"team-headshot\" alt=\"Warren A. Darby, Jr.\" src=\"https:\/\/www.scpowerteam.com\/wp-content\/uploads\/2022\/07\/WD-1.png\"><\/a><div class=\"card-content\"><p class=\"name\">Warren A. Darby, Jr.<\/p><p class=\"position\">Vicepresidente s\u00e9nior, Negocios globales<\/p><\/div><\/div><div class=\"teamcard\"><a href=\"https:\/\/www.scpowerteam.com\/es\/team\/marc-metcalf\/\"><img decoding=\"async\" class=\"team-headshot\" alt=\"Marc  Metcalf\" src=\"https:\/\/www.scpowerteam.com\/wp-content\/uploads\/2022\/08\/MM_thumbnail.png\"><\/a><div class=\"card-content\"><p class=\"name\">Marc Metcalf<\/p><p class=\"position\">Gerente s\u00e9nior de proyectos<\/p><\/div><\/div><div class=\"teamcard\"><a href=\"https:\/\/www.scpowerteam.com\/es\/team\/angelyn-smith\/\"><img decoding=\"async\" class=\"team-headshot\" alt=\"Angelyn T. Smith\" src=\"https:\/\/www.scpowerteam.com\/wp-content\/uploads\/2022\/07\/AS.png\"><\/a><div class=\"card-content\"><p class=\"name\">angelyn t smith<\/p><p class=\"position\">Gerente s\u00e9nior de proyectos<\/p><\/div><\/div><\/div>      \n      <\/div>\n    \n    <\/div>\n    \n  <\/div>\n  \n<\/div><\/div>","protected":false},"excerpt":{"rendered":"<p>Servicios El Power Team de Carolina del Sur sirve como: Los recursos de su equipo:<\/p>","protected":false},"author":1,"featured_media":0,"parent":24,"menu_order":1,"comment_status":"closed","ping_status":"closed","template":"","meta":{"_acf_changed":false,"footnotes":""},"class_list":["post-26","page","type-page","status-publish","hentry"],"acf":[],"_links":{"self":[{"href":"https:\/\/www.scpowerteam.com\/es\/wp-json\/wp\/v2\/pages\/26","targetHints":{"allow":["GET"]}}],"collection":[{"href":"https:\/\/www.scpowerteam.com\/es\/wp-json\/wp\/v2\/pages"}],"about":[{"href":"https:\/\/www.scpowerteam.com\/es\/wp-json\/wp\/v2\/types\/page"}],"author":[{"embeddable":true,"href":"https:\/\/www.scpowerteam.com\/es\/wp-json\/wp\/v2\/users\/1"}],"replies":[{"embeddable":true,"href":"https:\/\/www.scpowerteam.com\/es\/wp-json\/wp\/v2\/comments?post=26"}],"version-history":[{"count":110,"href":"https:\/\/www.scpowerteam.com\/es\/wp-json\/wp\/v2\/pages\/26\/revisions"}],"predecessor-version":[{"id":2487,"href":"https:\/\/www.scpowerteam.com\/es\/wp-json\/wp\/v2\/pages\/26\/revisions\/2487"}],"up":[{"embeddable":true,"href":"https:\/\/www.scpowerteam.com\/es\/wp-json\/wp\/v2\/pages\/24"}],"wp:attachment":[{"href":"https:\/\/www.scpowerteam.com\/es\/wp-json\/wp\/v2\/media?parent=26"}],"curies":[{"name":"wp","href":"https:\/\/api.w.org\/{rel}","templated":true}]}}