{"id":2675,"date":"2024-10-01T16:21:28","date_gmt":"2024-10-01T20:21:28","guid":{"rendered":"https:\/\/www.scpowerteam.com\/?page_id=2675"},"modified":"2024-10-01T16:21:28","modified_gmt":"2024-10-01T20:21:28","slug":"legacy-members","status":"publish","type":"page","link":"https:\/\/www.scpowerteam.com\/es\/target-industries\/legacy-members\/","title":{"rendered":"Legacy Members"},"content":{"rendered":"<style>\n  \n  #hero-block_e75b361a42f1b08445485c153c789e6f { \n        background-color: #00437b;\n    }\n  \n<\/style>\n\n<div id=\"hero-block_e75b361a42f1b08445485c153c789e6f\" class=\"hero alignfull Dark\">\n  \n  <div class=\"container\">\n    \n    <div class=\"row\">\n      \n    <div class=\"col-12 col-sm-5\">\n      \n      <h5>Sabemos<\/h5>\n      <h1>Legacy Members<\/h1>\n      \n            \n            \n    <\/div>\n    \n    <div class=\"col-12 col-sm-7\">\n      \n      <div class=\"hero-content\">\n        \n        <p>More than 450 industrial and commercial employers are members of one of our 19 electric cooperatives. Care for these Legacy Members is the number one priority of the South Carolina Power Team. For over 30 years, a dedicated existing industry program has fostered strong relationships, allowing co-op and Power Team staff to know local plant managers personally. We recognize the companies that create jobs and invest in our communities, and we respond to their needs accordingly.<\/p>\n<ul>\n<li>Every one of South Carolina\u2019s 19 electric cooperatives has trained staff ready to address the unique power requirements of local industries and businesses.<\/li>\n<li>Co-ops offer $150,000 annually in grant funding for reimbursement of training costs incurred by businesses for existing employees.<\/li>\n<li>An additional $2,000,000 in funding is available to incentivize expansions by co-op members that meet specific criteria.<\/li>\n<li>With 79,000 miles of distribution power lines, our cooperatives own three times the mileage of any other electric utility in the state.<\/li>\n<\/ul>\n<p>&nbsp;<\/p>\n      \n      <\/div>\n      \n    <\/div>\n    \n    <\/div>\n    \n  <\/div>\n  \n<\/div>\n\n\n<div class=\"wp-block-group has-white-background-color has-background is-layout-flow wp-block-group-is-layout-flow\">\n<div class=\"wp-block-columns is-layout-flex wp-container-core-columns-is-layout-28f84493 wp-block-columns-is-layout-flex\">\n<div class=\"wp-block-column is-layout-flow wp-block-column-is-layout-flow\" style=\"flex-basis:25%\"><\/div>\n\n\n\n<div class=\"wp-block-column is-layout-flow wp-block-column-is-layout-flow\" style=\"flex-basis:50%\">\n<p><strong>We also offer some unique services through our <a href=\"https:\/\/www.scpowerteam.com\/es\/what-we-do\/business-retention-expansion\/\">Business Retention &amp; Expansion<\/a> office:<\/strong><br><\/p>\n\n\n\n<ul class=\"wp-block-list\">\n<li><em>Expansion Consultation<\/em>: We want to make continuous investment and expansion at your facility a reality.<\/li>\n\n\n\n<li><em>Conexiones<\/em>: Industries on our power lines have an incredible support team.&nbsp; We are proud to act as facilitator to connect you to resources available to your business.<\/li>\n\n\n\n<li><em>Business Retention &amp; Upskilling Incentive<\/em>:&nbsp; The <a href=\"https:\/\/www.scpowerteam.com\/es\/what-we-do\/financial-programs\/\">Incentivo de mejora de habilidades de expansi\u00f3n y retenci\u00f3n empresarial<\/a> offers reimbursements for a portion of documented out-of-pocket costs incurred to train existing employees on new\/upgraded equipment.&nbsp; It is available to existing commercial members of South Carolina\u2019s Electric Cooperatives.<\/li>\n<\/ul>\n<\/div>\n\n\n\n<div class=\"wp-block-column is-layout-flow wp-block-column-is-layout-flow\" style=\"flex-basis:25%\"><\/div>\n<\/div>\n\n\n\n<div class=\"wp-block-columns is-layout-flex wp-container-core-columns-is-layout-28f84493 wp-block-columns-is-layout-flex\">\n<div class=\"wp-block-column is-layout-flow wp-block-column-is-layout-flow\" style=\"flex-basis:25%\"><\/div>\n\n\n\n<div class=\"wp-block-column is-layout-flow wp-block-column-is-layout-flow\" style=\"flex-basis:50%\">\n<p><\/p>\n\n\n\n<p><\/p>\n\n\n\n<p><strong>In Good Company<\/strong><br>Some of South Carolina&#8217;s electric cooperative legacy members include:<\/p>\n\n\n\n<figure class=\"wp-block-image size-full\"><img loading=\"lazy\" decoding=\"async\" width=\"642\" height=\"442\" src=\"https:\/\/www.scpowerteam.com\/wp-content\/uploads\/2024\/06\/Legacy-Logos-1.png\" alt=\"\" class=\"wp-image-2677\" srcset=\"https:\/\/www.scpowerteam.com\/wp-content\/uploads\/2024\/06\/Legacy-Logos-1.png 642w, https:\/\/www.scpowerteam.com\/wp-content\/uploads\/2024\/06\/Legacy-Logos-1-300x207.png 300w, https:\/\/www.scpowerteam.com\/wp-content\/uploads\/2024\/06\/Legacy-Logos-1-18x12.png 18w\" sizes=\"auto, (max-width: 642px) 100vw, 642px\" \/><\/figure>\n\n\n\n<figure class=\"wp-block-image size-full\"><img loading=\"lazy\" decoding=\"async\" width=\"658\" height=\"602\" src=\"https:\/\/www.scpowerteam.com\/wp-content\/uploads\/2024\/06\/Legacy-Logos-2.png\" alt=\"\" class=\"wp-image-2678\" srcset=\"https:\/\/www.scpowerteam.com\/wp-content\/uploads\/2024\/06\/Legacy-Logos-2.png 658w, https:\/\/www.scpowerteam.com\/wp-content\/uploads\/2024\/06\/Legacy-Logos-2-300x274.png 300w, https:\/\/www.scpowerteam.com\/wp-content\/uploads\/2024\/06\/Legacy-Logos-2-13x12.png 13w\" sizes=\"auto, (max-width: 658px) 100vw, 658px\" \/><\/figure>\n\n\n\n<p><br><\/p>\n<\/div>\n\n\n\n<div class=\"wp-block-column is-layout-flow wp-block-column-is-layout-flow\" style=\"flex-basis:25%\"><\/div>\n<\/div>\n\n\n\n<div class=\"wp-block-columns is-layout-flex wp-container-core-columns-is-layout-28f84493 wp-block-columns-is-layout-flex\">\n<div class=\"wp-block-column is-layout-flow wp-block-column-is-layout-flow\"><\/div>\n<\/div>\n<\/div>\n\n\n\n<div class=\"wp-block-group has-light-gray-background-color has-background is-layout-flow wp-block-group-is-layout-flow\">\n<div class=\"wp-block-columns is-layout-flex wp-container-core-columns-is-layout-28f84493 wp-block-columns-is-layout-flex\">\n<div class=\"wp-block-column is-layout-flow wp-block-column-is-layout-flow\">\n<h5 class=\"wp-block-heading has-text-align-center has-teal-color has-text-color\" id=\"resources\">Recursos<\/h5>\n\n\n\n<h2 class=\"wp-block-heading has-text-align-center\" id=\"workforce-education-training\">Educaci\u00f3n y capacitaci\u00f3n de la fuerza laboral<\/h2>\n<\/div>\n<\/div>\n\n\n\n<div class=\"wp-block-columns is-layout-flex wp-container-core-columns-is-layout-28f84493 wp-block-columns-is-layout-flex\">\n<div class=\"wp-block-column is-layout-flow wp-block-column-is-layout-flow\" style=\"flex-basis:20%\"><\/div>\n\n\n\n<div class=\"wp-block-column is-layout-flow wp-block-column-is-layout-flow\" style=\"flex-basis:60%\">\n<style>\n\n.toggle-list {\n  \n}\n\n<\/style>\n\n<div id=\"togglelist-block_6be237336a79604f22cb86107f60a86b\" class=\"toggle-list\">\n  \n  <div class=\"w-tabs layout_accordion type_toggle\"><div class=\"w-tabs-h\">          \n          <div class=\"w-tabs-section\">\n            <div class=\"w-tabs-section-title\">\n              <span class=\"w-tabs-section-title-text\" itemprop=\"name\">readySC\u2122 y Aprendizaje Carolina\u2122<\/span>\n              <span class=\"w-tabs-section-title-control\">\n                <span class=\"icon-plus\"><\/span>\n              <\/span>\n            <\/div>\n            <div class=\"w-tabs-section-content\" style=\"display: none;\">\n              <div class=\"w-tabs-section-content-h\" itemprop=\"text\">\n                <ul>\n<li>Proporciona habilidades y capacitaci\u00f3n t\u00e9cnica a los empleados de empresas nuevas y en expansi\u00f3n en Carolina del Sur.<\/li>\n<li>Trabaja en estrecha colaboraci\u00f3n con nuevas empresas para proporcionar las herramientas y la asistencia de reclutamiento, capacitaci\u00f3n y desarrollo de la fuerza laboral que necesitan para ponerse en marcha.<\/li>\n<li>Ayuda a que la fuerza laboral de una empresa contin\u00fae creciendo al guiar a las empresas a trav\u00e9s del proceso de aprendizaje registrado desde la informaci\u00f3n inicial hasta el reconocimiento completo en el Sistema Nacional de Aprendizaje Registrado<\/li>\n<li>Sitios web: <a href=\"https:\/\/www.readysc.org\/\">ReadySC\u2122<\/a> y <a href=\"http:\/\/www.apprenticeshipcarolina.com\/\">aprendizaje carolina<\/a><\/li>\n<\/ul>\n              <\/div>\n            <\/div>\n          <\/div>\n  \n            \n          <div class=\"w-tabs-section\">\n            <div class=\"w-tabs-section-title\">\n              <span class=\"w-tabs-section-title-text\" itemprop=\"name\">SCbio<\/span>\n              <span class=\"w-tabs-section-title-control\">\n                <span class=\"icon-plus\"><\/span>\n              <\/span>\n            <\/div>\n            <div class=\"w-tabs-section-content\" style=\"display: none;\">\n              <div class=\"w-tabs-section-content-h\" itemprop=\"text\">\n                <ul>\n<li>SCbio is the lead organization in South Carolina for recruiting and fostering growth of life sciences companies.<\/li>\n<li>Los pilares clave de la organizaci\u00f3n incluyen:\n<ul>\n<li>Industria existente en crecimiento<\/li>\n<li>Reclutamiento de la industria mundial<\/li>\n<li>Start-Ups y Organizaciones en Etapa Inicial<\/li>\n<\/ul>\n<\/li>\n<li>Sitio web: <a href=\"https:\/\/www.scbio.org\/cpages\/home\">SCbio<\/a><\/li>\n<\/ul>\n              <\/div>\n            <\/div>\n          <\/div>\n  \n            \n          <div class=\"w-tabs-section\">\n            <div class=\"w-tabs-section-title\">\n              <span class=\"w-tabs-section-title-text\" itemprop=\"name\">Universidad M\u00e9dica de Carolina del Sur: <\/span>\n              <span class=\"w-tabs-section-title-control\">\n                <span class=\"icon-plus\"><\/span>\n              <\/span>\n            <\/div>\n            <div class=\"w-tabs-section-content\" style=\"display: none;\">\n              <div class=\"w-tabs-section-content-h\" itemprop=\"text\">\n                <ul>\n<li>La Universidad M\u00e9dica de Carolina del Sur (MUSC) es la principal instituci\u00f3n de investigaci\u00f3n biom\u00e9dica de Carolina del Sur. Nuestro \u00e9xito al recibir fondos para investigaci\u00f3n refleja una empresa de cient\u00edficos b\u00e1sicos y cl\u00ednicos reconocidos internacionalmente por su trabajo biom\u00e9dico en enfermedades como el c\u00e1ncer, los accidentes cerebrovasculares, las disparidades en la salud, las ciencias de la adicci\u00f3n, la inflamaci\u00f3n y la fibrosis y las enfermedades digestivas, \u00a1solo por nombrar algunas! Todo un resultado directo de reclutar a los mejores cient\u00edficos con un enfoque estrat\u00e9gico para atender las necesidades de la gente de Carolina del Sur.<\/li>\n<li>Sitio web: <a href=\"https:\/\/research.musc.edu\/\">Universidad M\u00e9dica de Carolina del Sur:\u00a0<\/a><\/li>\n<\/ul>\n              <\/div>\n            <\/div>\n          <\/div>\n  \n            \n          <div class=\"w-tabs-section\">\n            <div class=\"w-tabs-section-title\">\n              <span class=\"w-tabs-section-title-text\" itemprop=\"name\">Universidad Clemson<\/span>\n              <span class=\"w-tabs-section-title-control\">\n                <span class=\"icon-plus\"><\/span>\n              <\/span>\n            <\/div>\n            <div class=\"w-tabs-section-content\" style=\"display: none;\">\n              <div class=\"w-tabs-section-content-h\" itemprop=\"text\">\n                <ul>\n<li>Los programas de pregrado de Clemson conducen a t\u00edtulos de licenciatura y licenciatura en ciencias biol\u00f3gicas y una licenciatura en microbiolog\u00eda. Adem\u00e1s, Clemson ofrece \u00e1reas de \u00e9nfasis en entomolog\u00eda, prefarmacia, prerrehabilitaci\u00f3n, biolog\u00eda cuantitativa, toxicolog\u00eda, educaci\u00f3n secundaria y biomedicina. Los programas de posgrado de Clemson incluyen MS y Ph.D. Licenciaturas en Ciencias Biol\u00f3gicas, Toxicolog\u00eda Ambiental y Microbiolog\u00eda. Tambi\u00e9n hay un programa de BS\/MS de 5 a\u00f1os en Ciencias Biol\u00f3gicas y Bioingenier\u00eda. Los miembros de la facultad de Ciencias Biol\u00f3gicas tambi\u00e9n participan en la maestr\u00eda y el doctorado interdepartamentales. programas en Ciencias Vegetales y Ambientales. Clemson tambi\u00e9n ofrece una maestr\u00eda en l\u00ednea en ciencias biol\u00f3gicas para educadores de ciencias.<\/li>\n<li>Sitio web: <a href=\"https:\/\/www.clemson.edu\/science\/departments\/biosci\/\">Universidad Clemson<\/a><\/li>\n<\/ul>\n              <\/div>\n            <\/div>\n          <\/div>\n  \n            \n          <div class=\"w-tabs-section\">\n            <div class=\"w-tabs-section-title\">\n              <span class=\"w-tabs-section-title-text\" itemprop=\"name\">Universidad de Carolina del Sur<\/span>\n              <span class=\"w-tabs-section-title-control\">\n                <span class=\"icon-plus\"><\/span>\n              <\/span>\n            <\/div>\n            <div class=\"w-tabs-section-content\" style=\"display: none;\">\n              <div class=\"w-tabs-section-content-h\" itemprop=\"text\">\n                <ul>\n<li>Ubicado en el coraz\u00f3n de Columbia, el Departamento de Ciencias Biol\u00f3gicas es uno de los departamentos m\u00e1s grandes de la UofSC. Su misi\u00f3n es promover el conocimiento y los descubrimientos en muchos aspectos de la biolog\u00eda que van desde el nivel celular y gen\u00e9tico hasta el nivel de organismo y ambiental. El Departamento lleva a cabo proyectos de vanguardia <a href=\"https:\/\/sc.edu\/study\/colleges_schools\/artsandsciences\/biological_sciences\/research\/index.php\">investigaci\u00f3n<\/a>, y transmite conocimientos a estudiantes y ciudadanos a trav\u00e9s de cursos de primer nivel, <a href=\"https:\/\/sc.edu\/study\/colleges_schools\/artsandsciences\/biological_sciences\/study\/index.php\">programas<\/a> y participaci\u00f3n de la comunidad. Se esfuerzan por brindar a sus estudiantes de pregrado y posgrado la mejor educaci\u00f3n y capacitaci\u00f3n que les permita alcanzar sus metas profesionales y personales.<\/li>\n<li>Sitio web: <a href=\"https:\/\/sc.edu\/study\/colleges_schools\/artsandsciences\/biological_sciences\/index.php\">Universidad de Carolina del Sur<\/a><\/li>\n<\/ul>\n              <\/div>\n            <\/div>\n          <\/div>\n  \n  <\/div><\/div>  \n  \n<\/div>\n  <\/div>\n\n\n\n<div class=\"wp-block-column is-layout-flow wp-block-column-is-layout-flow\" style=\"flex-basis:20%\"><\/div>\n<\/div>\n<\/div>","protected":false},"excerpt":{"rendered":"<p>We also offer some unique services through our Business Retention &amp; Expansion office: In Good CompanySome of South Carolina&#8217;s electric cooperative legacy members include: Resources Workforce Education &amp; Training<\/p>","protected":false},"author":3,"featured_media":0,"parent":56,"menu_order":0,"comment_status":"closed","ping_status":"closed","template":"","meta":{"_acf_changed":false,"footnotes":""},"class_list":["post-2675","page","type-page","status-publish","hentry"],"acf":[],"_links":{"self":[{"href":"https:\/\/www.scpowerteam.com\/es\/wp-json\/wp\/v2\/pages\/2675","targetHints":{"allow":["GET"]}}],"collection":[{"href":"https:\/\/www.scpowerteam.com\/es\/wp-json\/wp\/v2\/pages"}],"about":[{"href":"https:\/\/www.scpowerteam.com\/es\/wp-json\/wp\/v2\/types\/page"}],"author":[{"embeddable":true,"href":"https:\/\/www.scpowerteam.com\/es\/wp-json\/wp\/v2\/users\/3"}],"replies":[{"embeddable":true,"href":"https:\/\/www.scpowerteam.com\/es\/wp-json\/wp\/v2\/comments?post=2675"}],"version-history":[{"count":8,"href":"https:\/\/www.scpowerteam.com\/es\/wp-json\/wp\/v2\/pages\/2675\/revisions"}],"predecessor-version":[{"id":2702,"href":"https:\/\/www.scpowerteam.com\/es\/wp-json\/wp\/v2\/pages\/2675\/revisions\/2702"}],"up":[{"embeddable":true,"href":"https:\/\/www.scpowerteam.com\/es\/wp-json\/wp\/v2\/pages\/56"}],"wp:attachment":[{"href":"https:\/\/www.scpowerteam.com\/es\/wp-json\/wp\/v2\/media?parent=2675"}],"curies":[{"name":"wp","href":"https:\/\/api.w.org\/{rel}","templated":true}]}}