{"id":64,"date":"2022-01-05T16:49:04","date_gmt":"2022-01-05T16:49:04","guid":{"rendered":"https:\/\/www.scpowerteam.com\/?page_id=64"},"modified":"2024-04-15T09:44:13","modified_gmt":"2024-04-15T13:44:13","slug":"our-partners","status":"publish","type":"page","link":"https:\/\/www.scpowerteam.com\/es\/who-we-are\/our-partners\/","title":{"rendered":"Nuestros compa\u00f1eros"},"content":{"rendered":"<style>\n  \n  #hero-block_6ae880b2466698738dd88905d7ee59a9 { \n      }\n  \n<\/style>\n\n<div id=\"hero-block_6ae880b2466698738dd88905d7ee59a9\" class=\"hero Light\">\n  \n  <div class=\"container\">\n    \n    <div class=\"row\">\n      \n    <div class=\"col-12 col-sm-5\">\n      \n      <h5>Alcance estatal<\/h5>\n      <h1>Nuestros compa\u00f1eros<\/h1>\n      \n            \n      <p><img loading=\"lazy\" decoding=\"async\" class=\"alignnone size-medium wp-image-1117\" src=\"https:\/\/www.scpowerteam.com\/wp-content\/uploads\/2022\/02\/Who-we-are-graphic-300x300.png\" alt=\"\" width=\"300\" height=\"300\" srcset=\"https:\/\/www.scpowerteam.com\/wp-content\/uploads\/2022\/02\/Who-we-are-graphic-300x300.png 300w, https:\/\/www.scpowerteam.com\/wp-content\/uploads\/2022\/02\/Who-we-are-graphic-150x150.png 150w, https:\/\/www.scpowerteam.com\/wp-content\/uploads\/2022\/02\/Who-we-are-graphic.png 480w\" sizes=\"auto, (max-width: 300px) 100vw, 300px\" \/><\/p>\n      \n    <\/div>\n    \n    <div class=\"col-12 col-sm-7\">\n      \n      <div class=\"hero-content\">\n        \n        <h3>The South Carolina Power Team is a full-service, non-profit economic development organization representing the state\u2019s 19 consumer-owned electric cooperatives.<\/h3>\n<p>El equipo de energ\u00eda de Carolina del Sur atiende a dos tercios del \u00e1rea del estado y aproximadamente a la mitad de su poblaci\u00f3n. La misi\u00f3n del Equipo de Energ\u00eda de Carolina del Sur es facilitar el crecimiento de los empleos, la inversi\u00f3n y la carga el\u00e9ctrica a trav\u00e9s de la atracci\u00f3n de nuevas actividades industriales y comerciales, as\u00ed como la expansi\u00f3n y retenci\u00f3n de negocios e instalaciones existentes en las \u00e1reas de servicio de la red el\u00e9ctrica. cooperativas en Carolina del Sur.<\/p>\n      \n      <\/div>\n      \n    <\/div>\n    \n    <\/div>\n    \n  <\/div>\n  \n<\/div>\n\n\n<div class=\"wp-block-columns is-layout-flex wp-container-core-columns-is-layout-28f84493 wp-block-columns-is-layout-flex\">\n<div class=\"wp-block-column is-layout-flow wp-block-column-is-layout-flow\">\n<p class=\"has-white-color has-dark-blue-background-color has-text-color has-background\"><strong><a href=\"https:\/\/www.cepci.org\/\" target=\"_blank\" rel=\"noreferrer noopener\">Cooperativa Central de Energ\u00eda El\u00e9ctrica<\/a> \u2014 Empresa de transmisi\u00f3n<\/strong><br><em>Sin fines de lucro y propiedad de miembros<\/em><br><br>-Provides total wholesale electric service to all of South Carolina\u2019s 19 electric cooperatives<br>-Los activos de transmisi\u00f3n consisten en m\u00e1s de 800 millas de l\u00edneas<br>-Es el \u00fanico sistema el\u00e9ctrico estatal en Carolina del Sur<\/p>\n<\/div>\n<\/div>\n\n\n\n<div class=\"wp-block-columns is-layout-flex wp-container-core-columns-is-layout-28f84493 wp-block-columns-is-layout-flex\">\n<div class=\"wp-block-column is-layout-flow wp-block-column-is-layout-flow\">\n<p class=\"has-dark-blue-color has-white-background-color has-text-color has-background\"><a href=\"https:\/\/www.ecsc.org\/\" target=\"_blank\" rel=\"noreferrer noopener\">Electric Cooperatives (19)<\/a><strong> \u2014 Distribuci\u00f3n<\/strong><br><em>Sin fines de lucro y propiedad de miembros<\/em><br><br>-Atiende a m\u00e1s de 1,5 millones de habitantes de Carolina del Sur en los 46 condados<br>-Construye y mantiene el sistema de distribuci\u00f3n de energ\u00eda m\u00e1s grande del estado.<br>-Posee y opera m\u00e1s de 72,000 millas de l\u00edneas el\u00e9ctricas que cubren el 70 por ciento de Carolina del Sur<br>-Invierte millones de d\u00f3lares en infraestructura comunitaria y proyectos de mejora del sitio<\/p>\n<\/div>\n<\/div>\n\n\n\n<div class=\"wp-block-columns is-layout-flex wp-container-core-columns-is-layout-28f84493 wp-block-columns-is-layout-flex\">\n<div class=\"wp-block-column is-layout-flow wp-block-column-is-layout-flow\">\n<h2 class=\"wp-block-heading has-text-align-center has-teal-color has-text-color\"><strong>Cooperativas el\u00e9ctricas de Carolina del Sur<\/strong><\/h2>\n<\/div>\n<\/div>\n\n\n\n<div class=\"wp-block-columns is-layout-flex wp-container-core-columns-is-layout-28f84493 wp-block-columns-is-layout-flex\">\n<div class=\"wp-block-column is-layout-flow wp-block-column-is-layout-flow\">\n<p class=\"has-text-align-center\"><a href=\"http:\/\/www.aikenco-op.org\/\">Cooperativa el\u00e9ctrica de Aiken<\/a><br><a href=\"http:\/\/www.berkeleyelectric.coop\/\">Cooperativa el\u00e9ctrica de Berkeley<\/a><br><a href=\"http:\/\/www.blackriver.coop\/\">Cooperativa el\u00e9ctrica de Black River<\/a><br><a href=\"http:\/\/www.blueridge.coop\/\">Cooperativa el\u00e9ctrica Blue Ridge<\/a><br><a href=\"http:\/\/www.broadriverelectric.com\/\">Cooperativa el\u00e9ctrica de Broad River<\/a><br><a href=\"http:\/\/www.coastal.coop\/\">Cooperativa El\u00e9ctrica Costera<\/a><br><a href=\"http:\/\/www.edistoelectric.com\/\">Cooperativa El\u00e9ctrica Edisto<\/a><br><a href=\"http:\/\/www.fairfield.coop\/\">Cooperativa el\u00e9ctrica de Fairfield<\/a><br><a href=\"http:\/\/www.horryelectric.com\/\">Cooperativa El\u00e9ctrica Horry<\/a><br><a href=\"http:\/\/www.laurenselectric.com\/\">Cooperativa el\u00e9ctrica Laurens<\/a><\/p>\n<\/div>\n\n\n\n<div class=\"wp-block-column is-layout-flow wp-block-column-is-layout-flow\">\n<p class=\"has-text-align-center\"><a href=\"http:\/\/www.lreci.coop\/\">Cooperativa el\u00e9ctrica de Little River<\/a><br><a href=\"http:\/\/www.lynchesriver.com\/\">Cooperativa el\u00e9ctrica Lynches River<\/a><br><a href=\"https:\/\/www.mpd.coop\/\" data-type=\"link\" data-id=\"https:\/\/www.mpd.coop\/\">MPD Electric Cooperative<\/a><br><a href=\"http:\/\/www.mcecoop.com\/\">Cooperativa el\u00e9ctrica de Carolina del Sur<\/a><br><a href=\"http:\/\/www.nec.coop\/\">Cooperativa el\u00e9ctrica Newberry<\/a><br><a href=\"http:\/\/www.palmetto.coop\/\">Cooperativa el\u00e9ctrica Palmetto<\/a><br><a href=\"http:\/\/www.santee.org\/\">Cooperativa el\u00e9ctrica de Santee<br><\/a><a href=\"http:\/\/tri-countyelectric.net\/\">Cooperativa el\u00e9ctrica de los tres condados<br><\/a><a href=\"http:\/\/www.yorkelectric.net\/\">Cooperativa el\u00e9ctrica de York<\/a><\/p>\n<\/div>\n<\/div>\n\n\n\n<div class=\"wp-block-columns is-layout-flex wp-container-core-columns-is-layout-28f84493 wp-block-columns-is-layout-flex\">\n<div class=\"wp-block-column is-layout-flow wp-block-column-is-layout-flow\">\n<p class=\"has-white-color has-dark-blue-background-color has-text-color has-background\"><strong><a href=\"https:\/\/www.scpowerteam.com\/es\/\" target=\"_blank\" rel=\"noreferrer noopener\">Equipo de poder de Carolina del Sur<\/a> \u2014 Desarrollo Econ\u00f3mico, Desarrollo Empresarial,<br>Preparaci\u00f3n Comunitaria y Mercadeo<\/strong><br><br>-Promueve la creaci\u00f3n de empleo, la inversi\u00f3n de capital y la carga el\u00e9ctrica a trav\u00e9s de la atracci\u00f3n de nuevas industrias<br>y actividad comercial<br>-Apoya la expansi\u00f3n y retenci\u00f3n de negocios existentes<br>-Proporciona servicios de gesti\u00f3n de proyectos para simplificar y acelerar la reubicaci\u00f3n de una organizaci\u00f3n a nuestro<br>estado o una industria existente con su expansi\u00f3n<br>-Ofrece asistencia con iniciativas de desarrollo comunitario, desarrollo de sitios y competitividad<\/p>\n<\/div>\n<\/div>\n\n\n\n<div class=\"wp-block-columns is-layout-flex wp-container-core-columns-is-layout-28f84493 wp-block-columns-is-layout-flex\">\n<div class=\"wp-block-column is-layout-flow wp-block-column-is-layout-flow\" style=\"flex-basis:25%\"><\/div>\n\n\n\n<div class=\"wp-block-column is-layout-flow wp-block-column-is-layout-flow\" style=\"flex-basis:50%\"><\/div>\n\n\n\n<div class=\"wp-block-column is-layout-flow wp-block-column-is-layout-flow\" style=\"flex-basis:25%\"><\/div>\n<\/div>\n\n\n\n<div class=\"wp-block-columns is-layout-flex wp-container-core-columns-is-layout-28f84493 wp-block-columns-is-layout-flex\">\n<div class=\"wp-block-column is-layout-flow wp-block-column-is-layout-flow\">\n<h2 class=\"wp-block-heading has-text-align-center has-teal-color has-text-color\"><br><em>Nuestro sistema de energ\u00eda llega a todo el estado, sirviendo a 2\/3 de los residentes ya muchas de las empresas industriales m\u00e1s grandes de Carolina del Sur.<\/em><br><\/h2>\n<\/div>\n<\/div>","protected":false},"excerpt":{"rendered":"<p>Central Electric Power Cooperative \u2014 Transmission CompanyNon-Profit &amp; Member-Owned -Provides total wholesale electric service to all of South Carolina\u2019s 19 electric cooperatives-Transmission assets consist of more than 800 miles of lines-Is the only statewide electric system in South Carolina Electric Cooperatives (19) \u2014 DistributionNon-Profit &amp; Member-Owned -Serves more than 1.5 million South Carolinians in all [&hellip;]<\/p>","protected":false},"author":1,"featured_media":0,"parent":58,"menu_order":3,"comment_status":"closed","ping_status":"closed","template":"","meta":{"_acf_changed":false,"footnotes":""},"class_list":["post-64","page","type-page","status-publish","hentry"],"acf":[],"_links":{"self":[{"href":"https:\/\/www.scpowerteam.com\/es\/wp-json\/wp\/v2\/pages\/64","targetHints":{"allow":["GET"]}}],"collection":[{"href":"https:\/\/www.scpowerteam.com\/es\/wp-json\/wp\/v2\/pages"}],"about":[{"href":"https:\/\/www.scpowerteam.com\/es\/wp-json\/wp\/v2\/types\/page"}],"author":[{"embeddable":true,"href":"https:\/\/www.scpowerteam.com\/es\/wp-json\/wp\/v2\/users\/1"}],"replies":[{"embeddable":true,"href":"https:\/\/www.scpowerteam.com\/es\/wp-json\/wp\/v2\/comments?post=64"}],"version-history":[{"count":41,"href":"https:\/\/www.scpowerteam.com\/es\/wp-json\/wp\/v2\/pages\/64\/revisions"}],"predecessor-version":[{"id":2661,"href":"https:\/\/www.scpowerteam.com\/es\/wp-json\/wp\/v2\/pages\/64\/revisions\/2661"}],"up":[{"embeddable":true,"href":"https:\/\/www.scpowerteam.com\/es\/wp-json\/wp\/v2\/pages\/58"}],"wp:attachment":[{"href":"https:\/\/www.scpowerteam.com\/es\/wp-json\/wp\/v2\/media?parent=64"}],"curies":[{"name":"wp","href":"https:\/\/api.w.org\/{rel}","templated":true}]}}