{"id":698,"date":"2022-02-03T15:47:38","date_gmt":"2022-02-03T20:47:38","guid":{"rendered":"https:\/\/www.scpowerteam.com\/?page_id=698"},"modified":"2023-12-19T15:33:41","modified_gmt":"2023-12-19T20:33:41","slug":"business-retention-expansion","status":"publish","type":"page","link":"https:\/\/www.scpowerteam.com\/es\/what-we-do\/business-retention-expansion\/","title":{"rendered":"Retenci\u00f3n y Expansi\u00f3n de Negocios"},"content":{"rendered":"<style>\n  \n  #hero-block_229698724f58eefcf762f6c2bfed3353 { \n        background-color: #04437b;\n    }\n  \n<\/style>\n\n<div id=\"hero-block_229698724f58eefcf762f6c2bfed3353\" class=\"hero alignfull Dark\">\n  \n  <div class=\"container\">\n    \n    <div class=\"row\">\n      \n    <div class=\"col-12 col-sm-5\">\n      \n      <h5>lo que hacemos<\/h5>\n      <h1>Retenci\u00f3n y Expansi\u00f3n de Negocios<\/h1>\n      \n            \n            \n    <\/div>\n    \n    <div class=\"col-12 col-sm-7\">\n      \n      <div class=\"hero-content\">\n        \n        <div class=\"page\" title=\"P\u00e1gina 1\">\n<div class=\"layoutArea\">\n<div class=\"column\">\n<h3>El valor central del esfuerzo de expansi\u00f3n y retenci\u00f3n comercial del South Carolina Power Team es la atenci\u00f3n a los miembros.<\/h3>\n<p>Working collaboratively with cooperative key account staff, and the state economic development community, we strive to connect with commercial co-op members to understand and respond to their needs.<\/p>\n<p><a href=\"mailto:afolks@scpowerteam.com\">Cont\u00e1ctenos<\/a> hoy para discutir nuestros servicios a continuaci\u00f3n, para organizar que nuestro equipo visite sus instalaciones o para compartir su plan de crecimiento con nosotros.<\/p>\n<\/div>\n<\/div>\n<\/div>\n      \n      <\/div>\n      \n    <\/div>\n    \n    <\/div>\n    \n  <\/div>\n  \n<\/div>\n\n\n<div class=\"wp-block-group is-layout-flow wp-block-group-is-layout-flow\">\n<div class=\"wp-block-columns is-layout-flex wp-container-core-columns-is-layout-28f84493 wp-block-columns-is-layout-flex\">\n<div class=\"wp-block-column is-layout-flow wp-block-column-is-layout-flow\">\n<h5 class=\"wp-block-heading has-text-align-center has-teal-color has-text-color\" id=\"services\"><\/h5>\n\n\n\n<div style=\"height:50px\" aria-hidden=\"true\" class=\"wp-block-spacer\"><\/div>\n\n\n\n<h2 class=\"wp-block-heading has-text-align-center has-large-font-size\" id=\"south-carolina-power-team-provides\">la carolina del sur <br>Power Team ofrece:<\/h2>\n\n\n\n<div class=\"wp-block-columns is-layout-flex wp-container-core-columns-is-layout-28f84493 wp-block-columns-is-layout-flex\">\n<div class=\"wp-block-column is-layout-flow wp-block-column-is-layout-flow\">\n<style>\n  \n\n<\/style>\n\n<div id=\"iconcards-block_631c0bf58c01a5ebcea43fa3ff4f1d57\" class=\"iconcards\">\n  \n  <div class=\"container\">\n    \n    <div class=\"icon-card-grid\">\n      \n    \n            <div class=\"icon-card\">\n                 \n                              <img decoding=\"async\" src=\"https:\/\/www.scpowerteam.com\/wp-content\/uploads\/2022\/01\/icon-users.png\">\n                            \n              <p class=\"icon-card-title\">Consultas de Expansi\u00f3n<\/p>\n              \n              <div class=\"icon-card-content\">\n                Queremos que la expansi\u00f3n y la inversi\u00f3n en sus instalaciones sean m\u00e1s factibles. Nuestro equipo est\u00e1 listo para escuchar lo que necesita para crecer.              <\/div>\n              \n            <\/div>\n                   \n     \n            <div class=\"icon-card\">\n                 \n                              <img decoding=\"async\" src=\"https:\/\/www.scpowerteam.com\/wp-content\/uploads\/2022\/01\/icon-lightning.png\">\n                            \n              <p class=\"icon-card-title\">Visitas a la Industria<\/p>\n              \n              <div class=\"icon-card-content\">\n                La tradici\u00f3n de servicio a los miembros de las cooperativas se refleja en nuestro programa de visitas a la industria. Nos reunimos con miembros comerciales, cara a cara, para discutir c\u00f3mo podemos ayudar.              <\/div>\n              \n            <\/div>\n                   \n     \n            <div class=\"icon-card\">\n                 \n                              <img decoding=\"async\" src=\"https:\/\/www.scpowerteam.com\/wp-content\/uploads\/2022\/01\/icon-info.png\">\n                            \n              <p class=\"icon-card-title\">Conexiones<\/p>\n              \n              <div class=\"icon-card-content\">\n                Las industrias en nuestras l\u00edneas el\u00e9ctricas tienen un incre\u00edble equipo de apoyo. Podemos ayudarlo a conectarse con los recursos disponibles para usted.              <\/div>\n              \n            <\/div>\n                   \n         \n    <\/div>\n    \n  <\/div>\n  \n<\/div><\/div>\n<\/div>\n<\/div>\n<\/div>\n\n\n\n<div class=\"wp-block-columns is-layout-flex wp-container-core-columns-is-layout-28f84493 wp-block-columns-is-layout-flex\">\n<div class=\"wp-block-column is-layout-flow wp-block-column-is-layout-flow\">\n<h2 class=\"wp-block-heading has-text-align-center\"><br>Recursos financieros:<br><\/h2>\n<\/div>\n<\/div>\n\n\n\n<div class=\"wp-block-columns is-layout-flex wp-container-core-columns-is-layout-28f84493 wp-block-columns-is-layout-flex\">\n<div class=\"wp-block-column is-layout-flow wp-block-column-is-layout-flow\">\n<style>\n  \n\n<\/style>\n\n<div id=\"iconcards-block_b13648ca57ebdcbe162324efccd00b72\" class=\"iconcards\">\n  \n  <div class=\"container\">\n    \n    <div class=\"icon-card-grid  stretch\">\n      \n    \n            <div class=\"icon-card\">\n                 \n                              <img decoding=\"async\" src=\"https:\/\/www.scpowerteam.com\/wp-content\/uploads\/2022\/01\/icon-users.png\">\n                            \n              <p class=\"icon-card-title\">$150,000<\/p>\n              \n              <div class=\"icon-card-content\">\n                Total funding for the Upskill Incentive is $150,000 per calendar year. The minimum grant amount for a commercial member is $1,000. There is a $25,000 incentive limit per commercial member.               <\/div>\n              \n            <\/div>\n                   \n         \n    <\/div>\n    \n  <\/div>\n  \n<\/div><\/div>\n\n\n\n<div class=\"wp-block-column is-vertically-aligned-center is-layout-flow wp-block-column-is-layout-flow\">\n<h2 class=\"wp-block-heading\">Upskill Incentive<\/h2>\n\n\n\n<p>The Upskill Incentive is available to existing commercial members of South Carolina&#8217;s electric cooperatives. It is a reimbursement for out-of-pocket costs incurred to train an existing employee on new\/upgraded equipment.<\/p>\n<\/div>\n<\/div>\n<\/div>\n\n\n\n<div class=\"wp-block-group alignfull has-background is-layout-flow wp-block-group-is-layout-flow\" style=\"background:linear-gradient(90deg,rgb(0,67,123) 0%,rgb(48,175,209) 100%)\">\n<h2 class=\"wp-block-heading has-text-align-center has-white-color has-text-color\" id=\"your-team-resources\">Su recurso de equipo:<\/h2>\n\n\n\n<style>\n  \n<\/style>\n\n<div id=\"blogcards-block_b1360ba1de3cf2ec9163ad364b4585fb\" class=\"blogcards\">\n  \n  <div class=\"container\">\n    \n    <div class=\"row\">\n      \n      <div class=\"col-12\">\n      \n        <div class=\"post-grid\"><div class=\"teamcard\"><a href=\"https:\/\/www.scpowerteam.com\/es\/team\/andrew-folks\/\"><img decoding=\"async\" class=\"team-headshot\" alt=\"R. Andrew Folks\" src=\"https:\/\/www.scpowerteam.com\/wp-content\/uploads\/2022\/07\/AF-2.png\"><\/a><div class=\"card-content\"><p class=\"name\">R. Andrew Gente<\/p><p class=\"position\">Gerente de Expansi\u00f3n y Retenci\u00f3n de Negocios<\/p><\/div><\/div><\/div>      \n      <\/div>\n    \n    <\/div>\n    \n  <\/div>\n  \n<\/div><\/div>\n\n\n\n<div class=\"wp-block-group is-layout-flow wp-block-group-is-layout-flow\">\n<h5 class=\"wp-block-heading has-text-align-center\" id=\"in-depth\">A fondo<\/h5>\n\n\n\n<h2 class=\"wp-block-heading has-text-align-center\" id=\"frequently-asked-questions\">Preguntas frecuentes<\/h2>\n\n\n\n<div class=\"wp-block-columns is-layout-flex wp-container-core-columns-is-layout-28f84493 wp-block-columns-is-layout-flex\">\n<div class=\"wp-block-column is-layout-flow wp-block-column-is-layout-flow\" style=\"flex-basis:20%\"><\/div>\n\n\n\n<div class=\"wp-block-column is-layout-flow wp-block-column-is-layout-flow\" style=\"flex-basis:60%\">\n<style>\n\n.toggle-list {\n  \n}\n\n<\/style>\n\n<div id=\"togglelist-block_d20af9a328c19fffe7fed897204fdf0d\" class=\"toggle-list\">\n  \n  <div class=\"w-tabs layout_accordion type_toggle\"><div class=\"w-tabs-h\">          \n          <div class=\"w-tabs-section\">\n            <div class=\"w-tabs-section-title\">\n              <span class=\"w-tabs-section-title-text\" itemprop=\"name\">\u00bfQu\u00e9 incentivos est\u00e1n disponibles para una industria en expansi\u00f3n en Carolina del Sur?<\/span>\n              <span class=\"w-tabs-section-title-control\">\n                <span class=\"icon-plus\"><\/span>\n              <\/span>\n            <\/div>\n            <div class=\"w-tabs-section-content\" style=\"display: none;\">\n              <div class=\"w-tabs-section-content-h\" itemprop=\"text\">\n                <div class=\"page\" title=\"P\u00e1gina 3\">\n<div class=\"layoutArea\">\n<div class=\"column\">\n<p>Los miembros industriales y de distribuci\u00f3n dentro del \u00e1rea de servicio de la cooperativa el\u00e9ctrica de Carolina del Sur, que est\u00e1n considerando una importante inversi\u00f3n de capital en un nuevo espacio de construcci\u00f3n o nuevos equipos, son potencialmente elegibles para los incentivos de desarrollo econ\u00f3mico disponibles para las empresas que se trasladan a Carolina del Sur desde fuera del estado. Para obtener m\u00e1s informaci\u00f3n sobre para qu\u00e9 puede calificar, comun\u00edquese con nuestro Gerente de BRE <a href=\"mailto:afolks@scpowerteam.com\">Andrew amigos<\/a>.<\/p>\n<\/div>\n<\/div>\n<\/div>\n              <\/div>\n            <\/div>\n          <\/div>\n  \n            \n          <div class=\"w-tabs-section\">\n            <div class=\"w-tabs-section-title\">\n              <span class=\"w-tabs-section-title-text\" itemprop=\"name\">\u00bfQui\u00e9nes son algunos de sus socios de recursos?<\/span>\n              <span class=\"w-tabs-section-title-control\">\n                <span class=\"icon-plus\"><\/span>\n              <\/span>\n            <\/div>\n            <div class=\"w-tabs-section-content\" style=\"display: none;\">\n              <div class=\"w-tabs-section-content-h\" itemprop=\"text\">\n                <div class=\"page\" title=\"P\u00e1gina 4\">\n<div class=\"layoutArea\">\n<div class=\"column\">\n<p>First and foremost are the electric cooperatives. Commercial member services begin and end with them. We also enjoy great relationships with many county, regional and state business service resources.<\/p>\n<\/div>\n<\/div>\n<\/div>\n              <\/div>\n            <\/div>\n          <\/div>\n  \n            \n          <div class=\"w-tabs-section\">\n            <div class=\"w-tabs-section-title\">\n              <span class=\"w-tabs-section-title-text\" itemprop=\"name\">\u00bfCu\u00e1nto tiempo lleva el Power Team comprometido con los servicios de Retenci\u00f3n y Expansi\u00f3n de Negocios?<\/span>\n              <span class=\"w-tabs-section-title-control\">\n                <span class=\"icon-plus\"><\/span>\n              <\/span>\n            <\/div>\n            <div class=\"w-tabs-section-content\" style=\"display: none;\">\n              <div class=\"w-tabs-section-content-h\" itemprop=\"text\">\n                <div class=\"page\" title=\"P\u00e1gina 4\">\n<div class=\"layoutArea\">\n<div class=\"column\">\n<p>The founders of the South Carolina Power Team made service to existing commercial members a core function when creating the organization in 1988. We\u2019ve engaged in business retention and expansion services for more than 30 years.<\/p>\n<\/div>\n<\/div>\n<\/div>\n              <\/div>\n            <\/div>\n          <\/div>\n  \n  <\/div><\/div>  \n  \n<\/div>\n  <\/div>\n\n\n\n<div class=\"wp-block-column is-layout-flow wp-block-column-is-layout-flow\" style=\"flex-basis:20%\"><\/div>\n<\/div>\n<\/div>\n\n\n\n<div class=\"wp-block-group is-layout-flow wp-block-group-is-layout-flow\">\n<div class=\"wp-block-columns is-layout-flex wp-container-core-columns-is-layout-28f84493 wp-block-columns-is-layout-flex\">\n<div class=\"wp-block-column is-layout-flow wp-block-column-is-layout-flow\"><\/div>\n<\/div>\n<\/div>","protected":false},"excerpt":{"rendered":"<p>The South Carolina Power Team offers: Financial Resources: Upskill Incentive The Upskill Incentive is available to existing commercial members of South Carolina&#8217;s electric cooperatives. It is a reimbursement for out-of-pocket costs incurred to train an existing employee on new\/upgraded equipment. Your Team Resource: In Depth Frequently Asked Questions<\/p>","protected":false},"author":2,"featured_media":0,"parent":24,"menu_order":1,"comment_status":"closed","ping_status":"closed","template":"","meta":{"_acf_changed":false,"footnotes":""},"class_list":["post-698","page","type-page","status-publish","hentry"],"acf":[],"_links":{"self":[{"href":"https:\/\/www.scpowerteam.com\/es\/wp-json\/wp\/v2\/pages\/698","targetHints":{"allow":["GET"]}}],"collection":[{"href":"https:\/\/www.scpowerteam.com\/es\/wp-json\/wp\/v2\/pages"}],"about":[{"href":"https:\/\/www.scpowerteam.com\/es\/wp-json\/wp\/v2\/types\/page"}],"author":[{"embeddable":true,"href":"https:\/\/www.scpowerteam.com\/es\/wp-json\/wp\/v2\/users\/2"}],"replies":[{"embeddable":true,"href":"https:\/\/www.scpowerteam.com\/es\/wp-json\/wp\/v2\/comments?post=698"}],"version-history":[{"count":92,"href":"https:\/\/www.scpowerteam.com\/es\/wp-json\/wp\/v2\/pages\/698\/revisions"}],"predecessor-version":[{"id":2621,"href":"https:\/\/www.scpowerteam.com\/es\/wp-json\/wp\/v2\/pages\/698\/revisions\/2621"}],"up":[{"embeddable":true,"href":"https:\/\/www.scpowerteam.com\/es\/wp-json\/wp\/v2\/pages\/24"}],"wp:attachment":[{"href":"https:\/\/www.scpowerteam.com\/es\/wp-json\/wp\/v2\/media?parent=698"}],"curies":[{"name":"wp","href":"https:\/\/api.w.org\/{rel}","templated":true}]}}