{"id":738,"date":"2022-02-03T17:30:11","date_gmt":"2022-02-03T22:30:11","guid":{"rendered":"https:\/\/www.scpowerteam.com\/?page_id=738"},"modified":"2024-05-03T14:20:18","modified_gmt":"2024-05-03T18:20:18","slug":"professional-development","status":"publish","type":"page","link":"https:\/\/www.scpowerteam.com\/es\/what-we-do\/professional-development\/","title":{"rendered":"Desarrollo profesional"},"content":{"rendered":"<style>\n  \n  #hero-block_e205e668234918b3b591dc728f4d92a4 { \n        background-color: #04437b;\n    }\n  \n<\/style>\n\n<div id=\"hero-block_e205e668234918b3b591dc728f4d92a4\" class=\"hero alignfull Dark\">\n  \n  <div class=\"container\">\n    \n    <div class=\"row\">\n      \n    <div class=\"col-12 col-sm-5\">\n      \n      <h5>lo que hacemos<\/h5>\n      <h1>Desarrollo profesional<\/h1>\n      \n            \n            \n    <\/div>\n    \n    <div class=\"col-12 col-sm-7\">\n      \n      <div class=\"hero-content\">\n        \n        <h4>El enfoque de Preparaci\u00f3n Comunitaria es de naturaleza tanto educativa como estrat\u00e9gica, proporcionando recursos adicionales a las partes interesadas del \u00e1rea.<\/h4>\n<p>Anualmente, el Power Team de Carolina del Sur pone a disposici\u00f3n hasta <strong>$85,000<\/strong> en Iniciativas de Planificaci\u00f3n Estrat\u00e9gica y Becas de Desarrollo Profesional.<\/p>\n      \n      <\/div>\n      \n    <\/div>\n    \n    <\/div>\n    \n  <\/div>\n  \n<\/div>\n\n\n<div class=\"wp-block-group is-layout-flow wp-block-group-is-layout-flow\">\n<div class=\"wp-block-columns is-layout-flex wp-container-core-columns-is-layout-28f84493 wp-block-columns-is-layout-flex\">\n<div class=\"wp-block-column is-layout-flow wp-block-column-is-layout-flow\">\n<h5 class=\"wp-block-heading has-text-align-center has-teal-color has-text-color\" id=\"services\">Servicios<\/h5>\n\n\n\n<h2 class=\"wp-block-heading has-text-align-center has-large-font-size\" id=\"south-carolina-power-team-provides\">la carolina del sur <br>El equipo de energ\u00eda proporciona:<\/h2>\n\n\n\n<div style=\"height:100px\" aria-hidden=\"true\" class=\"wp-block-spacer\"><\/div>\n\n\n\n<div class=\"wp-block-columns is-layout-flex wp-container-core-columns-is-layout-28f84493 wp-block-columns-is-layout-flex\">\n<div class=\"wp-block-column is-layout-flow wp-block-column-is-layout-flow\">\n<style>\n  \n\n<\/style>\n\n<div id=\"iconcards-block_07b7ea67c0150c545f17bdeea7a19919\" class=\"iconcards\">\n  \n  <div class=\"container\">\n    \n    <div class=\"icon-card-grid  stretch\">\n      \n    \n            <div class=\"icon-card\">\n                 \n                              <img decoding=\"async\" src=\"https:\/\/www.scpowerteam.com\/wp-content\/uploads\/2022\/01\/icon-users.png\">\n                            \n              <p class=\"icon-card-title\">becas<\/p>\n              \n              <div class=\"icon-card-content\">\n                Becas de desarrollo profesional para la educaci\u00f3n continua.              <\/div>\n              \n            <\/div>\n                   \n         \n    <\/div>\n    \n  <\/div>\n  \n<\/div><\/div>\n\n\n\n<div class=\"wp-block-column is-vertically-aligned-top is-layout-flow wp-block-column-is-layout-flow\">\n<div style=\"height:40px\" aria-hidden=\"true\" class=\"wp-block-spacer\"><\/div>\n\n\n\n<p>Las becas apoyan la educaci\u00f3n continua en el \u00e1rea del desarrollo econ\u00f3mico. La matr\u00edcula se reembolsa para el personal de desarrollo econ\u00f3mico regional y del condado a tiempo completo para asistir a lo siguiente:<\/p>\n\n\n\n<ul class=\"wp-block-list\">\n<li>Curso B\u00e1sico de Desarrollo Econ\u00f3mico (BEDC)<\/li>\n\n\n\n<li>Instituto de Desarrollo Econ\u00f3mico (EDI)<\/li>\n\n\n\n<li>Cursos del IEDC<\/li>\n\n\n\n<li>Simposio Avanzado<\/li>\n<\/ul>\n<\/div>\n<\/div>\n\n\n\n<div class=\"wp-block-columns is-layout-flex wp-container-core-columns-is-layout-28f84493 wp-block-columns-is-layout-flex\">\n<div class=\"wp-block-column is-layout-flow wp-block-column-is-layout-flow\"><\/div>\n\n\n\n<div class=\"wp-block-column is-layout-flow wp-block-column-is-layout-flow\">\n<div style=\"height:40px\" aria-hidden=\"true\" class=\"wp-block-spacer\"><\/div>\n<\/div>\n<\/div>\n<\/div>\n<\/div>\n<\/div>\n\n\n\n<div class=\"wp-block-group alignfull has-background is-layout-flow wp-block-group-is-layout-flow\" style=\"background:linear-gradient(90deg,rgb(0,67,123) 0%,rgb(48,175,209) 100%)\">\n<h2 class=\"wp-block-heading has-text-align-center has-white-color has-text-color\" id=\"your-team-resources\"><br>Su recurso de equipo:<\/h2>\n\n\n\n<style>\n  \n<\/style>\n\n<div id=\"blogcards-block_6703e4865ffbf139a094ebdc3b101b4b\" class=\"blogcards\">\n  \n  <div class=\"container\">\n    \n    <div class=\"row\">\n      \n      <div class=\"col-12\">\n      \n        <div class=\"post-grid\"><div class=\"teamcard\"><a href=\"https:\/\/www.scpowerteam.com\/es\/team\/rebecca-breland\/\"><img decoding=\"async\" class=\"team-headshot\" alt=\"Rebecca M. Breland\" src=\"https:\/\/www.scpowerteam.com\/wp-content\/uploads\/2022\/02\/RB-candid-for-website-2026.jpeg.jpg\"><\/a><div class=\"card-content\"><p class=\"name\">Rebecca M. Breland, PE<\/p><p class=\"position\">Senior Vice President, Community Preparedness<\/p><\/div><\/div><\/div>      \n      <\/div>\n    \n    <\/div>\n    \n  <\/div>\n  \n<\/div><\/div>","protected":false},"excerpt":{"rendered":"<p>Services The South Carolina Power Team provides: The scholarships support continuing education in the area of economic development. Tuition is reimbursed for full-time County and Regional Economic Development staff to attend the following: Your Team Resource:<\/p>","protected":false},"author":2,"featured_media":0,"parent":24,"menu_order":1,"comment_status":"closed","ping_status":"closed","template":"","meta":{"_acf_changed":false,"footnotes":""},"class_list":["post-738","page","type-page","status-publish","hentry"],"acf":[],"_links":{"self":[{"href":"https:\/\/www.scpowerteam.com\/es\/wp-json\/wp\/v2\/pages\/738","targetHints":{"allow":["GET"]}}],"collection":[{"href":"https:\/\/www.scpowerteam.com\/es\/wp-json\/wp\/v2\/pages"}],"about":[{"href":"https:\/\/www.scpowerteam.com\/es\/wp-json\/wp\/v2\/types\/page"}],"author":[{"embeddable":true,"href":"https:\/\/www.scpowerteam.com\/es\/wp-json\/wp\/v2\/users\/2"}],"replies":[{"embeddable":true,"href":"https:\/\/www.scpowerteam.com\/es\/wp-json\/wp\/v2\/comments?post=738"}],"version-history":[{"count":37,"href":"https:\/\/www.scpowerteam.com\/es\/wp-json\/wp\/v2\/pages\/738\/revisions"}],"predecessor-version":[{"id":2671,"href":"https:\/\/www.scpowerteam.com\/es\/wp-json\/wp\/v2\/pages\/738\/revisions\/2671"}],"up":[{"embeddable":true,"href":"https:\/\/www.scpowerteam.com\/es\/wp-json\/wp\/v2\/pages\/24"}],"wp:attachment":[{"href":"https:\/\/www.scpowerteam.com\/es\/wp-json\/wp\/v2\/media?parent=738"}],"curies":[{"name":"wp","href":"https:\/\/api.w.org\/{rel}","templated":true}]}}