{"id":799,"date":"2022-02-03T17:37:11","date_gmt":"2022-02-03T22:37:11","guid":{"rendered":"https:\/\/www.scpowerteam.com\/?page_id=799"},"modified":"2026-02-12T10:19:37","modified_gmt":"2026-02-12T15:19:37","slug":"agribusiness","status":"publish","type":"page","link":"https:\/\/www.scpowerteam.com\/es\/target-industries\/agribusiness\/","title":{"rendered":"agroindustria"},"content":{"rendered":"<style>\n  \n  #hero-block_978cb517061ccb6891508571d39930f4 { \n      background-image: url(https:\/\/www.scpowerteam.com\/wp-content\/uploads\/2022\/01\/banner-aerospace.jpg);\n        background-color: #1e73be;\n    }\n  \n<\/style>\n\n<div id=\"hero-block_978cb517061ccb6891508571d39930f4\" class=\"hero alignfull Dark\">\n  \n  <div class=\"container\">\n    \n    <div class=\"row\">\n      \n    <div class=\"col-12 col-sm-5\">\n      \n      <h5>Sabemos<\/h5>\n      <h1>agroindustria<\/h1>\n      \n            \n            \n    <\/div>\n    \n    <div class=\"col-12 col-sm-7\">\n      \n      <div class=\"hero-content\">\n        \n        <p>Agribusiness represents the largest economic sector in South Carolina, as well as the Palmetto State\u2019s fastest-growing industries. Contributing an annual economic impact of more than $51 billion and accounting for 259,000 direct jobs statewide, agriculture products and food production is the true homegrown industry of South Carolina. The climate in South Carolina is perfect for new or expansion of any agricultural operations.<\/p>\n<ul>\n<li>259,215 jobs directly supported by South Carolinas agribusiness industry<\/li>\n<li>11% de la producci\u00f3n econ\u00f3mica total de Carolina del Sur se atribuye a la agroindustria<\/li>\n<li>Una de las industrias de m\u00e1s r\u00e1pido crecimiento de Carolina del Sur con una tasa de crecimiento de 25% en los \u00faltimos 10 a\u00f1os.<\/li>\n<li>Industria #1 en Carolina del Sur<\/li>\n<li>$51.8 billion total Economic Impact<\/li>\n<\/ul>\n      \n      <\/div>\n      \n    <\/div>\n    \n    <\/div>\n    \n  <\/div>\n  \n<\/div>\n\n\n<div class=\"wp-block-group has-white-background-color has-background is-layout-flow wp-block-group-is-layout-flow\">\n<div class=\"wp-block-columns is-layout-flex wp-container-core-columns-is-layout-28f84493 wp-block-columns-is-layout-flex\">\n<div class=\"wp-block-column is-layout-flow wp-block-column-is-layout-flow\">\n<h2 class=\"wp-block-heading has-teal-color has-text-color\" id=\"leading-agribusinesses-in-sc\"><strong>Agronegocios l\u00edderes en SC<\/strong><\/h2>\n<\/div>\n<\/div>\n\n\n\n<div class=\"wp-block-columns is-layout-flex wp-container-core-columns-is-layout-28f84493 wp-block-columns-is-layout-flex\">\n<div class=\"wp-block-column is-layout-flow wp-block-column-is-layout-flow\" style=\"flex-basis:60%\">\n<script type=\"text\/javascript\" src=\"https:\/\/media.zoomprospector.com\/common\/scripts\/businesswidget.iframe.js?&amp;bwHHN=1&amp;sst=SOUTHCAROLINA&amp;environment=production&amp;height=750&amp;bwlatlngzoom=33.914345%2C-80.898942%7C7&amp;bwparams=cluster_01815539-6b2c-4d46-b6c8-f3cd90e170c3\"><\/script>\n<\/div>\n\n\n\n<div class=\"wp-block-column is-layout-flow wp-block-column-is-layout-flow\" style=\"flex-basis:40%\">\n<p><em>Utilice este mapa interactivo para obtener m\u00e1s informaci\u00f3n sobre la industria de agronegocios en Carolina del Sur y para explorar los grupos creados por la mano de obra calificada, la infraestructura estrat\u00e9gica, el bajo costo comercial y la atractiva calidad de vida de nuestro estado.<\/em><\/p>\n\n\n\n<p><\/p>\n\n\n\n<div class=\"wp-block-buttons is-layout-flex wp-block-buttons-is-layout-flex\">\n<div class=\"wp-block-button\"><a class=\"wp-block-button__link wp-element-button\" href=\"https:\/\/www.scpowerteam.com\/es\/properties\/?zpeptShare=aHR0cHM6Ly9wcm9wZXJ0aWVzLnpvb21wcm9zcGVjdG9yLmNvbS9zb3V0aGNhcm9saW5hL2NvbW11bml0eS9TdGF0ZS1vZi1Tb3V0aC1DYXJvbGluYS9yMjEvYnVzaW5lc3M%2FY2x1c3RlcnM9MDE4MTU1MzktNkIyQy00RDQ2LUI2QzgtRjNDRDkwRTE3MEMzJmNsdXN0ZXJJZHNbMF09MiZjbHVzdGVydGV4dD1BZ3JpYnVzaW5lc3MmbGF5ZXJzPVNPVVRIQ0FST0xJTkFCT1VOREFSWSZsYXQ9MzMuNjQ1Nzk3Nzk1MDE4OTQmbG5nPS04MC45NTE2MDI5OTk2MzgyOCZ6b29tPTc%3D\" target=\"_blank\" rel=\"noreferrer noopener\">ver detalles aqu\u00ed<\/a><\/div>\n<\/div>\n<\/div>\n<\/div>\n<\/div>\n\n\n\n<div class=\"wp-block-group has-light-gray-background-color has-background is-layout-flow wp-block-group-is-layout-flow\">\n<div class=\"wp-block-columns is-layout-flex wp-container-core-columns-is-layout-28f84493 wp-block-columns-is-layout-flex\">\n<div class=\"wp-block-column is-layout-flow wp-block-column-is-layout-flow\">\n<h5 class=\"wp-block-heading has-text-align-center has-teal-color has-text-color\" id=\"resources\">Recursos<\/h5>\n\n\n\n<h2 class=\"wp-block-heading has-text-align-center\" id=\"workforce-education-training\">Educaci\u00f3n y capacitaci\u00f3n de la fuerza laboral<\/h2>\n<\/div>\n<\/div>\n\n\n\n<div class=\"wp-block-columns is-layout-flex wp-container-core-columns-is-layout-28f84493 wp-block-columns-is-layout-flex\">\n<div class=\"wp-block-column is-layout-flow wp-block-column-is-layout-flow\" style=\"flex-basis:20%\"><\/div>\n\n\n\n<div class=\"wp-block-column is-layout-flow wp-block-column-is-layout-flow\" style=\"flex-basis:60%\">\n<style>\n\n.toggle-list {\n  \n}\n\n<\/style>\n\n<div id=\"togglelist-block_eebffe60ee570a07669b130826d682a2\" class=\"toggle-list\">\n  \n  <div class=\"w-tabs layout_accordion type_toggle\"><div class=\"w-tabs-h\">          \n          <div class=\"w-tabs-section\">\n            <div class=\"w-tabs-section-title\">\n              <span class=\"w-tabs-section-title-text\" itemprop=\"name\">readySC\u2122 y Aprendizaje Carolina\u2122<\/span>\n              <span class=\"w-tabs-section-title-control\">\n                <span class=\"icon-plus\"><\/span>\n              <\/span>\n            <\/div>\n            <div class=\"w-tabs-section-content\" style=\"display: none;\">\n              <div class=\"w-tabs-section-content-h\" itemprop=\"text\">\n                <ul>\n<li>Proporciona habilidades y capacitaci\u00f3n t\u00e9cnica a los empleados de empresas nuevas y en expansi\u00f3n en Carolina del Sur.<\/li>\n<li>Trabaja en estrecha colaboraci\u00f3n con nuevas empresas para proporcionar las herramientas y la asistencia de reclutamiento, capacitaci\u00f3n y desarrollo de la fuerza laboral que necesitan para ponerse en marcha.<\/li>\n<li>Ayuda a que la fuerza laboral de una empresa contin\u00fae creciendo al guiar a las empresas a trav\u00e9s del proceso de aprendizaje registrado desde la informaci\u00f3n inicial hasta el reconocimiento completo en el Sistema Nacional de Aprendizaje Registrado<\/li>\n<li>Sitios web: <a href=\"https:\/\/www.readysc.org\/\">ReadySC\u2122<\/a> y <a href=\"http:\/\/www.apprenticeshipcarolina.com\/\">aprendizaje carolina<\/a><\/li>\n<\/ul>\n              <\/div>\n            <\/div>\n          <\/div>\n  \n            \n          <div class=\"w-tabs-section\">\n            <div class=\"w-tabs-section-title\">\n              <span class=\"w-tabs-section-title-text\" itemprop=\"name\">Departamento de Agricultura de Carolina del Sur<\/span>\n              <span class=\"w-tabs-section-title-control\">\n                <span class=\"icon-plus\"><\/span>\n              <\/span>\n            <\/div>\n            <div class=\"w-tabs-section-content\" style=\"display: none;\">\n              <div class=\"w-tabs-section-content-h\" itemprop=\"text\">\n                <ul>\n<li style=\"list-style-type: none;\">\n<ul>\n<li style=\"list-style-type: none;\">\n<ul>\n<li>El Departamento de Agricultura de Carolina del Sur se estableci\u00f3 en 1879 para supervisar y promover la agricultura en el estado de Palmetto. Con servicios tan diversos como inspecciones de seguridad alimentaria, desarrollo empresarial y el programa de marca Certificado de Carolina del Sur, ayudamos a los agricultores y agronegocios del estado a crecer y prosperar.<\/li>\n<\/ul>\n<\/li>\n<\/ul>\n<\/li>\n<li>Sitio web: <a href=\"https:\/\/scagribusiness.com\/workforce\/\">SC Departamento de Ag.<\/a><\/li>\n<\/ul>\n              <\/div>\n            <\/div>\n          <\/div>\n  \n            \n          <div class=\"w-tabs-section\">\n            <div class=\"w-tabs-section-title\">\n              <span class=\"w-tabs-section-title-text\" itemprop=\"name\">Escuela de Agricultura del Comisionado de Carolina del Sur<\/span>\n              <span class=\"w-tabs-section-title-control\">\n                <span class=\"icon-plus\"><\/span>\n              <\/span>\n            <\/div>\n            <div class=\"w-tabs-section-content\" style=\"display: none;\">\n              <div class=\"w-tabs-section-content-h\" itemprop=\"text\">\n                <ul>\n<li style=\"list-style-type: none;\">\n<ul>\n<li style=\"list-style-type: none;\">\n<ul>\n<li>SCCSA es un programa de verano de desarrollo profesional y de liderazgo de primer nivel. Este programa est\u00e1 dise\u00f1ado para informar, inspirar y desafiar a los estudiantes participantes a considerar una carrera en las industrias de agricultura, recursos naturales y ciencias de la vida, as\u00ed como a ser ciudadanos modelo de liderazgo e influencia para estas industrias al adoptar una filosof\u00eda agr\u00edcola.<\/li>\n<li>Sitio web: <a href=\"https:\/\/www.clemson.edu\/cafls\/sccsa\/\">Escuela de Agricultura del Comisionado de Carolina del Sur<\/a><\/li>\n<\/ul>\n<\/li>\n<\/ul>\n<\/li>\n<\/ul>\n<p>&nbsp;<\/p>\n              <\/div>\n            <\/div>\n          <\/div>\n  \n            \n          <div class=\"w-tabs-section\">\n            <div class=\"w-tabs-section-title\">\n              <span class=\"w-tabs-section-title-text\" itemprop=\"name\">Escuela de Agricultura del Gobernador de Carolina del Sur<\/span>\n              <span class=\"w-tabs-section-title-control\">\n                <span class=\"icon-plus\"><\/span>\n              <\/span>\n            <\/div>\n            <div class=\"w-tabs-section-content\" style=\"display: none;\">\n              <div class=\"w-tabs-section-content-h\" itemprop=\"text\">\n                <ul>\n<li style=\"list-style-type: none;\">\n<ul>\n<li style=\"list-style-type: none;\">\n<ul>\n<li>La Escuela de Agricultura del Gobernador de Carolina del Sur en John de la Howe (JDLH) es una escuela secundaria residencial p\u00fablica financiada por el estado enfocada en brindar un programa de educaci\u00f3n agr\u00edcola \u00fanico y desafiante. Nuestra escuela, el primer programa estatal de su tipo en la naci\u00f3n, permitir\u00e1 a los estudiantes recibir capacitaci\u00f3n pr\u00e1ctica en los campos de agricultura, agronegocios, silvicultura, manejo de tierras, ciencia de los alimentos y m\u00e1s, todo con el objetivo de evaluar las necesidades de los modernos granjas<\/li>\n<\/ul>\n<\/li>\n<\/ul>\n<\/li>\n<li>Sitio web: <a href=\"https:\/\/delahowe.sc.gov\/\">Escuela de Agricultura del Gobernador de Carolina del Sur<\/a><\/li>\n<\/ul>\n              <\/div>\n            <\/div>\n          <\/div>\n  \n  <\/div><\/div>  \n  \n<\/div>\n  <\/div>\n\n\n\n<div class=\"wp-block-column is-layout-flow wp-block-column-is-layout-flow\" style=\"flex-basis:20%\"><\/div>\n<\/div>\n<\/div>","protected":false},"excerpt":{"rendered":"<p>Agronegocios l\u00edderes en Carolina del Sur Utilice este mapa interactivo para obtener m\u00e1s informaci\u00f3n sobre la industria de agronegocios en Carolina del Sur y para explorar los grupos creados por la mano de obra calificada, la infraestructura estrat\u00e9gica, el bajo costo comercial y la atractiva calidad de vida de nuestro estado. Recursos Educaci\u00f3n y capacitaci\u00f3n de la fuerza laboral<\/p>","protected":false},"author":2,"featured_media":0,"parent":56,"menu_order":0,"comment_status":"closed","ping_status":"closed","template":"","meta":{"_acf_changed":false,"footnotes":""},"class_list":["post-799","page","type-page","status-publish","hentry"],"acf":[],"_links":{"self":[{"href":"https:\/\/www.scpowerteam.com\/es\/wp-json\/wp\/v2\/pages\/799","targetHints":{"allow":["GET"]}}],"collection":[{"href":"https:\/\/www.scpowerteam.com\/es\/wp-json\/wp\/v2\/pages"}],"about":[{"href":"https:\/\/www.scpowerteam.com\/es\/wp-json\/wp\/v2\/types\/page"}],"author":[{"embeddable":true,"href":"https:\/\/www.scpowerteam.com\/es\/wp-json\/wp\/v2\/users\/2"}],"replies":[{"embeddable":true,"href":"https:\/\/www.scpowerteam.com\/es\/wp-json\/wp\/v2\/comments?post=799"}],"version-history":[{"count":33,"href":"https:\/\/www.scpowerteam.com\/es\/wp-json\/wp\/v2\/pages\/799\/revisions"}],"predecessor-version":[{"id":2860,"href":"https:\/\/www.scpowerteam.com\/es\/wp-json\/wp\/v2\/pages\/799\/revisions\/2860"}],"up":[{"embeddable":true,"href":"https:\/\/www.scpowerteam.com\/es\/wp-json\/wp\/v2\/pages\/56"}],"wp:attachment":[{"href":"https:\/\/www.scpowerteam.com\/es\/wp-json\/wp\/v2\/media?parent=799"}],"curies":[{"name":"wp","href":"https:\/\/api.w.org\/{rel}","templated":true}]}}