{"id":857,"date":"2022-02-04T10:24:05","date_gmt":"2022-02-04T15:24:05","guid":{"rendered":"https:\/\/www.scpowerteam.com\/?page_id=857"},"modified":"2024-04-10T17:07:02","modified_gmt":"2024-04-10T21:07:02","slug":"corporate-operations","status":"publish","type":"page","link":"https:\/\/www.scpowerteam.com\/es\/target-industries\/corporate-operations\/","title":{"rendered":"Operaciones Corporativas"},"content":{"rendered":"<style>\n  \n  #hero-block_61e882ae51562 { \n      background-image: url(https:\/\/www.scpowerteam.com\/wp-content\/uploads\/2022\/02\/banner-corporateOps.png);\n        background-color: #1e73be;\n    }\n  \n<\/style>\n\n<div id=\"hero-block_61e882ae51562\" class=\"hero alignfull Dark\">\n  \n  <div class=\"container\">\n    \n    <div class=\"row\">\n      \n    <div class=\"col-12 col-sm-5\">\n      \n      <h5>Sabemos<\/h5>\n      <h1>Operaciones Corporativas<\/h1>\n      \n            \n            \n    <\/div>\n    \n    <div class=\"col-12 col-sm-7\">\n      \n      <div class=\"hero-content\">\n        \n        <p>Hist\u00f3ricamente, Carolina del Sur ha sido atractiva para industrias predominantemente manufactureras con la transici\u00f3n de sobresalir en la producci\u00f3n textil. En los \u00faltimos a\u00f1os, sin embargo, tambi\u00e9n alberga un n\u00famero cada vez mayor de servicios y operaciones de oficinas corporativas, incluidas las oficinas centrales corporativas y los servicios financieros. La industria de oficinas y servicios compartidos de Palmetto State demuestra que Carolina del Sur alberga una econom\u00eda diversificada y din\u00e1mica. Desde nuestra fuerza laboral profesional hasta nuestras s\u00f3lidas redes de infraestructura de transporte y tecnolog\u00eda, nos hemos convertido en un destino ideal para reubicar empresas o sedes.<\/p>\n<ul>\n<li><strong>M\u00e1s de 35,000 habitantes de Carolina del Sur<\/strong> empleados en las industrias de oficinas y servicios compartidos<\/li>\n<li>Carolina del Sur tiene <strong>Seis MSA con una poblaci\u00f3n de m\u00e1s de 500.000<\/strong><\/li>\n<li><strong>Seis aeropuertos primarios de servicio comercial<\/strong> proporcionar conectividad global<\/li>\n<li>Carolina del Sur ofrece energ\u00eda de bajo costo y altamente confiable. Las tarifas el\u00e9ctricas son <strong>15% menos que el promedio nacional<\/strong>. Para descubrir sitios f\u00e1cilmente disponibles alimentados por energ\u00eda asequible y altamente confiable de las cooperativas el\u00e9ctricas, haga clic en <a href=\"https:\/\/www.scpowerteam.com\/es\/featured-sites\/\">\u201cSitios de energ\u00eda SC\u201d<\/a><\/li>\n<li>Carolina del Sur tiene la tasa m\u00e1s baja de sindicalizaci\u00f3n en la naci\u00f3n en <strong>1.6%<\/strong><\/li>\n<\/ul>\n      \n      <\/div>\n      \n    <\/div>\n    \n    <\/div>\n    \n  <\/div>\n  \n<\/div>\n\n\n<div class=\"wp-block-group has-white-background-color has-background is-layout-flow wp-block-group-is-layout-flow\">\n<div class=\"wp-block-columns is-layout-flex wp-container-core-columns-is-layout-28f84493 wp-block-columns-is-layout-flex\">\n<div class=\"wp-block-column is-layout-flow wp-block-column-is-layout-flow\">\n<h2 class=\"has-teal-color has-text-color wp-block-heading\" id=\"leading-corporate-operations-in-sc\"><br><strong>Liderando Operaciones Corporativas en SC<\/strong><\/h2>\n<\/div>\n<\/div>\n\n\n\n<div class=\"wp-block-columns is-layout-flex wp-container-core-columns-is-layout-28f84493 wp-block-columns-is-layout-flex\">\n<div class=\"wp-block-column is-layout-flow wp-block-column-is-layout-flow\" style=\"flex-basis:66.66%\">\n<script type=\"text\/javascript\" src=\"https:\/\/media.zoomprospector.com\/common\/scripts\/businesswidget.iframe.js?&amp;bwHHN=1&amp;sst=SOUTHCAROLINA&amp;environment=production&amp;height=750&amp;bwlatlngzoom=33.914345%2C-80.898942%7C7&amp;bwparams=cluster_68356012-6af3-40e5-b5cc-02ca2d1df530\"><\/script>\n<\/div>\n\n\n\n<div class=\"wp-block-column is-layout-flow wp-block-column-is-layout-flow\" style=\"flex-basis:33.33%\">\n<p><em>Utilice este mapa interactivo para obtener m\u00e1s informaci\u00f3n sobre las operaciones corporativas en Carolina del Sur y para explorar los grupos creados por la mano de obra calificada, la infraestructura estrat\u00e9gica, el bajo costo comercial y la atractiva calidad de vida de nuestro estado.<\/em><\/p>\n\n\n\n<p><\/p>\n\n\n\n<div class=\"wp-block-buttons is-layout-flex wp-block-buttons-is-layout-flex\">\n<div class=\"wp-block-button\"><a class=\"wp-block-button__link\" href=\"https:\/\/www.scpowerteam.com\/es\/properties\/?zpeptShare=aHR0cHM6Ly9wcm9wZXJ0aWVzLnpvb21wcm9zcGVjdG9yLmNvbS9zb3V0aGNhcm9saW5hL2NvbW11bml0eS9TdGF0ZS1vZi1Tb3V0aC1DYXJvbGluYS9yMjEvYnVzaW5lc3M%2FY2x1c3RlcnM9NjgzNTYwMTItNkFGMy00MEU1LUI1Q0MtMDJDQTJEMURGNTMwJmNsdXN0ZXJJZHNbMF09NSZjbHVzdGVydGV4dD1Db3Jwb3JhdGUlMjBPcGVyYXRpb25zJmxheWVycz1TT1VUSENBUk9MSU5BQk9VTkRBUlkmbGF0PTMzLjY0NTc5Nzc5NTAxODk0JmxuZz0tODAuOTUxNjAyOTk5NjM4Mjgmem9vbT03\" target=\"_blank\" rel=\"noreferrer noopener\">ver detalles aqu\u00ed<\/a><\/div>\n<\/div>\n<\/div>\n<\/div>\n<\/div>\n\n\n\n<div class=\"wp-block-group has-light-gray-background-color has-background is-layout-flow wp-block-group-is-layout-flow\">\n<div class=\"wp-block-columns is-layout-flex wp-container-core-columns-is-layout-28f84493 wp-block-columns-is-layout-flex\">\n<div class=\"wp-block-column is-layout-flow wp-block-column-is-layout-flow\">\n<h5 class=\"has-text-align-center has-teal-color has-text-color wp-block-heading\" id=\"resources\">Recursos<\/h5>\n\n\n\n<h2 class=\"has-text-align-center wp-block-heading\" id=\"workforce-education-training\">Educaci\u00f3n y capacitaci\u00f3n de la fuerza laboral<\/h2>\n<\/div>\n<\/div>\n\n\n\n<div class=\"wp-block-columns is-layout-flex wp-container-core-columns-is-layout-28f84493 wp-block-columns-is-layout-flex\">\n<div class=\"wp-block-column is-layout-flow wp-block-column-is-layout-flow\" style=\"flex-basis:20%\"><\/div>\n\n\n\n<div class=\"wp-block-column is-layout-flow wp-block-column-is-layout-flow\" style=\"flex-basis:60%\">\n<style>\n\n.toggle-list {\n  \n}\n\n<\/style>\n\n<div id=\"togglelist-block_61e83d99c60ce\" class=\"toggle-list\">\n  \n  <div class=\"w-tabs layout_accordion type_toggle\"><div class=\"w-tabs-h\">          \n          <div class=\"w-tabs-section\">\n            <div class=\"w-tabs-section-title\">\n              <span class=\"w-tabs-section-title-text\" itemprop=\"name\">readySC\u2122 y Aprendizaje Carolina\u2122<\/span>\n              <span class=\"w-tabs-section-title-control\">\n                <span class=\"icon-plus\"><\/span>\n              <\/span>\n            <\/div>\n            <div class=\"w-tabs-section-content\" style=\"display: none;\">\n              <div class=\"w-tabs-section-content-h\" itemprop=\"text\">\n                <ul>\n<li>Proporciona habilidades y capacitaci\u00f3n t\u00e9cnica a los empleados de empresas nuevas y en expansi\u00f3n en Carolina del Sur.<\/li>\n<li>Trabaja en estrecha colaboraci\u00f3n con nuevas empresas para proporcionar las herramientas y la asistencia de reclutamiento, capacitaci\u00f3n y desarrollo de la fuerza laboral que necesitan para ponerse en marcha.<\/li>\n<li>Ayuda a que la fuerza laboral de una empresa contin\u00fae creciendo al guiar a las empresas a trav\u00e9s del proceso de aprendizaje registrado desde la informaci\u00f3n inicial hasta el reconocimiento completo en el Sistema Nacional de Aprendizaje Registrado<\/li>\n<li>Sitios web: <a href=\"https:\/\/www.readysc.org\/\">ReadySC\u2122<\/a> y <a href=\"http:\/\/www.apprenticeshipcarolina.com\/\">aprendizaje carolina<\/a><\/li>\n<\/ul>\n              <\/div>\n            <\/div>\n          <\/div>\n  \n            \n          <div class=\"w-tabs-section\">\n            <div class=\"w-tabs-section-title\">\n              <span class=\"w-tabs-section-title-text\" itemprop=\"name\">Escuela de Negocios Darla Moore de la USC<\/span>\n              <span class=\"w-tabs-section-title-control\">\n                <span class=\"icon-plus\"><\/span>\n              <\/span>\n            <\/div>\n            <div class=\"w-tabs-section-content\" style=\"display: none;\">\n              <div class=\"w-tabs-section-content-h\" itemprop=\"text\">\n                <ul>\n<li>Clasificado como el programa internacional de MBA #1 en los Estados Unidos por US News &amp; World Report<\/li>\n<li>El programa incluye una amplia inmersi\u00f3n internacional y desarrollo de un segundo idioma.<\/li>\n<li>Cursos integrados con proyectos de consultor\u00eda del mundo real para ayudar a los estudiantes a estar &quot;preparados para el negocio&quot; a escala global<\/li>\n<li>El plan de estudios de desarrollo de liderazgo ampliado prepara a los estudiantes con habilidades de liderazgo a largo plazo, brind\u00e1ndoles la agilidad que necesitan para tener \u00e9xito en cualquier mercado<\/li>\n<li>Sitio web:\u00a0<a href=\"http:\/\/sc.edu\/study\/colleges_schools\/moore\/\">Escuela de Negocios Darla Moore de la USC<\/a><\/li>\n<\/ul>\n              <\/div>\n            <\/div>\n          <\/div>\n  \n            \n          <div class=\"w-tabs-section\">\n            <div class=\"w-tabs-section-title\">\n              <span class=\"w-tabs-section-title-text\" itemprop=\"name\">Centro de Emprendimiento USC FABER<\/span>\n              <span class=\"w-tabs-section-title-control\">\n                <span class=\"icon-plus\"><\/span>\n              <\/span>\n            <\/div>\n            <div class=\"w-tabs-section-content\" style=\"display: none;\">\n              <div class=\"w-tabs-section-content-h\" itemprop=\"text\">\n                <ul>\n<li>Busca brindar a los estudiantes de la USC una exposici\u00f3n intensiva a conceptos empresariales, capacitaci\u00f3n en administraci\u00f3n de peque\u00f1as empresas e interacci\u00f3n con una red de empresarios exitosos en Carolina del Sur.<\/li>\n<li>Se asocia con Ernst &amp; Young y el Centro de Estudios Empresariales de la Universidad de Carolina del Norte para organizar el Premio al Empresario del A\u00f1o de Ernst &amp; Young para la Regi\u00f3n de las Carolinas<\/li>\n<li>Facilita y supervisa la realizaci\u00f3n de proyectos de consultor\u00eda en profundidad por parte de estudiantes de la Escuela de Negocios Darla Moore que trabajan con empresas emprendedoras en todo Carolina del Sur.<\/li>\n<li>Los equipos de consultor\u00eda trabajan con una peque\u00f1a empresa en un problema o proyecto espec\u00edfico. Los proyectos son impulsados por las necesidades de los clientes, con el objetivo de brindar un servicio real a cambio de la oportunidad para que los estudiantes adquieran experiencia pr\u00e1ctica en la investigaci\u00f3n y soluci\u00f3n de un problema comercial.<\/li>\n<li>Sitio web:\u00a0<a href=\"http:\/\/sc.edu\/study\/colleges_schools\/moore\/business_solutions\/research_and_partnership_centers\/faber_entrepreneurship_center\/index.php\">Centro de Emprendimiento USC FABER<\/a><\/li>\n<\/ul>\n              <\/div>\n            <\/div>\n          <\/div>\n  \n            \n          <div class=\"w-tabs-section\">\n            <div class=\"w-tabs-section-title\">\n              <span class=\"w-tabs-section-title-text\" itemprop=\"name\">Centro de Recursos Empresariales Globales del Colegio de Charleston (GBRC)<\/span>\n              <span class=\"w-tabs-section-title-control\">\n                <span class=\"icon-plus\"><\/span>\n              <\/span>\n            <\/div>\n            <div class=\"w-tabs-section-content\" style=\"display: none;\">\n              <div class=\"w-tabs-section-content-h\" itemprop=\"text\">\n                <ul>\n<li>Apoya el desarrollo continuo de oportunidades de educaci\u00f3n internacional para que los estudiantes adquieran las habilidades comerciales internacionales necesarias, la experiencia intercultural y el dominio de idiomas extranjeros necesarios para competir de manera efectiva en la econom\u00eda globalizada actual.<\/li>\n<li>Aboga por el desarrollo de la facultad y la investigaci\u00f3n de negocios internacionales para ayudar a garantizar que el conocimiento de negocios internacionales transmitido en el aula est\u00e9 actualizado y sea relevante.<\/li>\n<li>Se basa en relaciones duraderas con SC International Trade Coalition, Charleston Women in International Trade, SC State Ports Authority, SC Department of Commerce, World Trade Center - Charleston, la asociaci\u00f3n Ex-Im Bank City\/State y otras organizaciones de comercio internacional para ampliar la educaci\u00f3n y la asistencia en comercio internacional a los profesionales en la mitad de su carrera<\/li>\n<li>Primera organizaci\u00f3n en Carolina del Sur en ofrecer el programa de credenciales y seminarios de capacitaci\u00f3n para profesionales de negocios globales certificados por NASBITE.<\/li>\n<li>GBRC y Charleston Women in International Trade se asocian en un programa de tutor\u00eda que une a los estudiantes de la Escuela de Negocios con profesionales del comercio global y la log\u00edstica en relaciones mutuamente beneficiosas y organiza talleres que conectan a los estudiantes con profesionales que trabajan<\/li>\n<li>Sitio web:\u00a0<a href=\"http:\/\/sb.cofc.edu\/centers\/globalbusinessresourcecenter\/index.php\">Centro de Recursos Empresariales Globales del Colegio de Charleston<\/a><\/li>\n<\/ul>\n              <\/div>\n            <\/div>\n          <\/div>\n  \n            \n          <div class=\"w-tabs-section\">\n            <div class=\"w-tabs-section-title\">\n              <span class=\"w-tabs-section-title-text\" itemprop=\"name\">iLEAD de la Universidad de Clemson! Programa<\/span>\n              <span class=\"w-tabs-section-title-control\">\n                <span class=\"icon-plus\"><\/span>\n              <\/span>\n            <\/div>\n            <div class=\"w-tabs-section-content\" style=\"display: none;\">\n              <div class=\"w-tabs-section-content-h\" itemprop=\"text\">\n                <p><strong>Programa Integrado de Educaci\u00f3n y Desarrollo de Liderazgo<\/strong><\/p>\n<ul>\n<li>Iniciativa de certificaci\u00f3n de varios a\u00f1os dise\u00f1ada para proporcionar a los estudiantes participantes un enfoque estructurado, pero flexible, para aprender sobre liderazgo.<\/li>\n<li>Los estudiantes desarrollan el potencial de liderazgo al completar 20 elementos que comprenden la adquisici\u00f3n de conocimientos, la aplicaci\u00f3n de habilidades y experiencias centradas en el desarrollo del liderazgo del estudiante.<\/li>\n<li>Los estudiantes evolucionan en el programa, inicialmente aprendiendo sobre liderazgo a trav\u00e9s de seminarios y talleres, para finalmente demostrar experiencias de liderazgo antes de graduarse.<\/li>\n<li>Sitio web:\u00a0<a href=\"https:\/\/www.clemson.edu\/business\/current-students\/leadership\/ilead.html\">iLEAD de la Universidad de Clemson! Programa<\/a><\/li>\n<\/ul>\n              <\/div>\n            <\/div>\n          <\/div>\n  \n            \n          <div class=\"w-tabs-section\">\n            <div class=\"w-tabs-section-title\">\n              <span class=\"w-tabs-section-title-text\" itemprop=\"name\">Programa de MBA de la Universidad de Clemson<\/span>\n              <span class=\"w-tabs-section-title-control\">\n                <span class=\"icon-plus\"><\/span>\n              <\/span>\n            <\/div>\n            <div class=\"w-tabs-section-content\" style=\"display: none;\">\n              <div class=\"w-tabs-section-content-h\" itemprop=\"text\">\n                <ul>\n<li>Altamente apreciado por su enfoque innovador y aplicado a temas comerciales avanzados.<\/li>\n<li>Los estudiantes colaboran con prestigiosas empresas nacionales e internacionales en proyectos del mundo real y se conectan con ejecutivos, empresarios y profesionales de recursos humanos en m\u00e1s de 20 eventos patrocinados por el programa programados durante todo el a\u00f1o.<\/li>\n<li>Los estudiantes tienen acceso a asesoramiento profesional individual y personalizado y asistencia para la colocaci\u00f3n laboral, incluido un foro anual de redes de empleadores.<\/li>\n<li>Sitio web:\u00a0<a href=\"https:\/\/www.clemson.edu\/business\/departments\/mba\/\">Programa de MBA de la Universidad de Clemson<\/a><\/li>\n<\/ul>\n              <\/div>\n            <\/div>\n          <\/div>\n  \n  <\/div><\/div>  \n  \n<\/div>\n  <\/div>\n\n\n\n<div class=\"wp-block-column is-layout-flow wp-block-column-is-layout-flow\" style=\"flex-basis:20%\"><\/div>\n<\/div>\n<\/div>","protected":false},"excerpt":{"rendered":"<p>Leading Corporate Operations in SC Use this interactive map to learn more about the corporate operations in South Carolina, and to explore the clusters created by our state\u2019s skilled workforce, strategic infrastructure, low cost of business, and attractive quality of life. Resources Workforce Education &amp; Training<\/p>","protected":false},"author":2,"featured_media":0,"parent":56,"menu_order":0,"comment_status":"closed","ping_status":"closed","template":"","meta":{"_acf_changed":false,"footnotes":""},"class_list":["post-857","page","type-page","status-publish","hentry"],"acf":[],"_links":{"self":[{"href":"https:\/\/www.scpowerteam.com\/es\/wp-json\/wp\/v2\/pages\/857","targetHints":{"allow":["GET"]}}],"collection":[{"href":"https:\/\/www.scpowerteam.com\/es\/wp-json\/wp\/v2\/pages"}],"about":[{"href":"https:\/\/www.scpowerteam.com\/es\/wp-json\/wp\/v2\/types\/page"}],"author":[{"embeddable":true,"href":"https:\/\/www.scpowerteam.com\/es\/wp-json\/wp\/v2\/users\/2"}],"replies":[{"embeddable":true,"href":"https:\/\/www.scpowerteam.com\/es\/wp-json\/wp\/v2\/comments?post=857"}],"version-history":[{"count":30,"href":"https:\/\/www.scpowerteam.com\/es\/wp-json\/wp\/v2\/pages\/857\/revisions"}],"predecessor-version":[{"id":2178,"href":"https:\/\/www.scpowerteam.com\/es\/wp-json\/wp\/v2\/pages\/857\/revisions\/2178"}],"up":[{"embeddable":true,"href":"https:\/\/www.scpowerteam.com\/es\/wp-json\/wp\/v2\/pages\/56"}],"wp:attachment":[{"href":"https:\/\/www.scpowerteam.com\/es\/wp-json\/wp\/v2\/media?parent=857"}],"curies":[{"name":"wp","href":"https:\/\/api.w.org\/{rel}","templated":true}]}}