{"id":865,"date":"2022-02-04T10:27:25","date_gmt":"2022-02-04T15:27:25","guid":{"rendered":"https:\/\/www.scpowerteam.com\/?page_id=865"},"modified":"2024-04-10T17:07:19","modified_gmt":"2024-04-10T21:07:19","slug":"life-sciences","status":"publish","type":"page","link":"https:\/\/www.scpowerteam.com\/es\/target-industries\/life-sciences\/","title":{"rendered":"Ciencias de la vida"},"content":{"rendered":"<style>\n  \n  #hero-block_61e882ae51562 { \n        background-color: #00437b;\n    }\n  \n<\/style>\n\n<div id=\"hero-block_61e882ae51562\" class=\"hero alignfull Dark\">\n  \n  <div class=\"container\">\n    \n    <div class=\"row\">\n      \n    <div class=\"col-12 col-sm-5\">\n      \n      <h5>Sabemos<\/h5>\n      <h1>Ciencias de la vida<\/h1>\n      \n            \n            \n    <\/div>\n    \n    <div class=\"col-12 col-sm-7\">\n      \n      <div class=\"hero-content\">\n        \n        <p>Durante los \u00faltimos cuatro a\u00f1os, Carolina del Sur ocup\u00f3 el puesto #1 entre los estados del sudeste en cuanto al crecimiento del empleo en la industria de las ciencias de la vida. Solo esta industria tuvo un impacto econ\u00f3mico total de m\u00e1s de $25 mil millones en 2021, lo que la convierte en la industria de m\u00e1s r\u00e1pido crecimiento en el estado.<\/p>\n<ul>\n<li>87,000 trabajos relacionados con las ciencias de la vida en Carolina del Sur<\/li>\n<li>More than 1,000 Life Sciences-related companies in South Carolina<\/li>\n<li>$25 mil millones impacto econ\u00f3mico<\/li>\n<li>Cientos de patentes y tecnolog\u00edas con licencia desde 2012<\/li>\n<\/ul>\n      \n      <\/div>\n      \n    <\/div>\n    \n    <\/div>\n    \n  <\/div>\n  \n<\/div>\n\n\n<div class=\"wp-block-group has-white-background-color has-background is-layout-flow wp-block-group-is-layout-flow\">\n<div class=\"wp-block-columns is-layout-flex wp-container-core-columns-is-layout-28f84493 wp-block-columns-is-layout-flex\">\n<div class=\"wp-block-column is-layout-flow wp-block-column-is-layout-flow\">\n<h2 class=\"has-teal-color has-text-color wp-block-heading\" id=\"leading-life-sciences-companies-in-sc\"><strong>Empresas l\u00edderes en ciencias de la vida en Carolina del Sur<\/strong><\/h2>\n<\/div>\n<\/div>\n\n\n\n<div class=\"wp-block-columns is-layout-flex wp-container-core-columns-is-layout-28f84493 wp-block-columns-is-layout-flex\">\n<div class=\"wp-block-column is-layout-flow wp-block-column-is-layout-flow\" style=\"flex-basis:66.66%\">\n<script type=\"text\/javascript\" src=\"https:\/\/media.zoomprospector.com\/common\/scripts\/businesswidget.iframe.js?&amp;bwHHN=1&amp;sst=SOUTHCAROLINA&amp;environment=production&amp;height=750&amp;bwlatlngzoom=33.914345%2C-80.898942%7C7&amp;bwparams=cluster_afec5cd9-726e-4caf-a00d-d92380ced42d\"><\/script>\n<\/div>\n\n\n\n<div class=\"wp-block-column is-layout-flow wp-block-column-is-layout-flow\" style=\"flex-basis:33.33%\">\n<p><em>Utilice este mapa interactivo para obtener m\u00e1s informaci\u00f3n sobre la industria de las ciencias de la vida en Carolina del Sur y para explorar los grupos creados por la mano de obra calificada, la infraestructura estrat\u00e9gica, el bajo costo comercial y la atractiva calidad de vida de nuestro estado.<\/em><\/p>\n\n\n\n<p><\/p>\n\n\n\n<div class=\"wp-block-buttons is-layout-flex wp-block-buttons-is-layout-flex\">\n<div class=\"wp-block-button\"><a class=\"wp-block-button__link wp-element-button\" href=\"https:\/\/www.scpowerteam.com\/es\/properties\/?zpeptShare=aHR0cHM6Ly9wcm9wZXJ0aWVzLnpvb21wcm9zcGVjdG9yLmNvbS9zb3V0aGNhcm9saW5hL2NvbW11bml0eS9TdGF0ZS1vZi1Tb3V0aC1DYXJvbGluYS9yMjEvYnVzaW5lc3M%2FY2x1c3RlcnM9QUZFQzVDRDktNzI2RS00Q0FGLUEwMEQtRDkyMzgwQ0VENDJEJmNsdXN0ZXJJZHNbMF09NyZjbHVzdGVydGV4dD1MaWZlJTIwU2NpZW5jZXMmbGF5ZXJzPVNPVVRIQ0FST0xJTkFCT1VOREFSWSZsYXQ9MzMuNjQ1Nzk3Nzk1MDE4OTQmbG5nPS04MC45NTE2MDI5OTk2MzgyOCZ6b29tPTc%3D\" target=\"_blank\" rel=\"noreferrer noopener\">ver detalles aqu\u00ed<\/a><\/div>\n<\/div>\n<\/div>\n<\/div>\n<\/div>\n\n\n\n<div class=\"wp-block-group has-light-gray-background-color has-background is-layout-flow wp-block-group-is-layout-flow\">\n<div class=\"wp-block-columns is-layout-flex wp-container-core-columns-is-layout-28f84493 wp-block-columns-is-layout-flex\">\n<div class=\"wp-block-column is-layout-flow wp-block-column-is-layout-flow\">\n<h5 class=\"has-text-align-center has-teal-color has-text-color wp-block-heading\" id=\"resources\">Recursos<\/h5>\n\n\n\n<h2 class=\"has-text-align-center wp-block-heading\" id=\"workforce-education-training\">Educaci\u00f3n y capacitaci\u00f3n de la fuerza laboral<\/h2>\n<\/div>\n<\/div>\n\n\n\n<div class=\"wp-block-columns is-layout-flex wp-container-core-columns-is-layout-28f84493 wp-block-columns-is-layout-flex\">\n<div class=\"wp-block-column is-layout-flow wp-block-column-is-layout-flow\" style=\"flex-basis:20%\"><\/div>\n\n\n\n<div class=\"wp-block-column is-layout-flow wp-block-column-is-layout-flow\" style=\"flex-basis:60%\">\n<style>\n\n.toggle-list {\n  \n}\n\n<\/style>\n\n<div id=\"togglelist-block_61e83d99c60ce\" class=\"toggle-list\">\n  \n  <div class=\"w-tabs layout_accordion type_toggle\"><div class=\"w-tabs-h\">          \n          <div class=\"w-tabs-section\">\n            <div class=\"w-tabs-section-title\">\n              <span class=\"w-tabs-section-title-text\" itemprop=\"name\">readySC\u2122 y Aprendizaje Carolina\u2122<\/span>\n              <span class=\"w-tabs-section-title-control\">\n                <span class=\"icon-plus\"><\/span>\n              <\/span>\n            <\/div>\n            <div class=\"w-tabs-section-content\" style=\"display: none;\">\n              <div class=\"w-tabs-section-content-h\" itemprop=\"text\">\n                <ul>\n<li>Proporciona habilidades y capacitaci\u00f3n t\u00e9cnica a los empleados de empresas nuevas y en expansi\u00f3n en Carolina del Sur.<\/li>\n<li>Trabaja en estrecha colaboraci\u00f3n con nuevas empresas para proporcionar las herramientas y la asistencia de reclutamiento, capacitaci\u00f3n y desarrollo de la fuerza laboral que necesitan para ponerse en marcha.<\/li>\n<li>Ayuda a que la fuerza laboral de una empresa contin\u00fae creciendo al guiar a las empresas a trav\u00e9s del proceso de aprendizaje registrado desde la informaci\u00f3n inicial hasta el reconocimiento completo en el Sistema Nacional de Aprendizaje Registrado<\/li>\n<li>Sitios web: <a href=\"https:\/\/www.readysc.org\/\">ReadySC\u2122<\/a> y <a href=\"http:\/\/www.apprenticeshipcarolina.com\/\">aprendizaje carolina<\/a><\/li>\n<\/ul>\n              <\/div>\n            <\/div>\n          <\/div>\n  \n            \n          <div class=\"w-tabs-section\">\n            <div class=\"w-tabs-section-title\">\n              <span class=\"w-tabs-section-title-text\" itemprop=\"name\">SCbio<\/span>\n              <span class=\"w-tabs-section-title-control\">\n                <span class=\"icon-plus\"><\/span>\n              <\/span>\n            <\/div>\n            <div class=\"w-tabs-section-content\" style=\"display: none;\">\n              <div class=\"w-tabs-section-content-h\" itemprop=\"text\">\n                <ul>\n<li>SCbio is the lead organization in South Carolina for recruiting and fostering growth of life sciences companies.<\/li>\n<li>Los pilares clave de la organizaci\u00f3n incluyen:\n<ul>\n<li>Industria existente en crecimiento<\/li>\n<li>Reclutamiento de la industria mundial<\/li>\n<li>Start-Ups y Organizaciones en Etapa Inicial<\/li>\n<\/ul>\n<\/li>\n<li>Sitio web: <a href=\"https:\/\/www.scbio.org\/cpages\/home\">SCbio<\/a><\/li>\n<\/ul>\n              <\/div>\n            <\/div>\n          <\/div>\n  \n            \n          <div class=\"w-tabs-section\">\n            <div class=\"w-tabs-section-title\">\n              <span class=\"w-tabs-section-title-text\" itemprop=\"name\">Universidad M\u00e9dica de Carolina del Sur: <\/span>\n              <span class=\"w-tabs-section-title-control\">\n                <span class=\"icon-plus\"><\/span>\n              <\/span>\n            <\/div>\n            <div class=\"w-tabs-section-content\" style=\"display: none;\">\n              <div class=\"w-tabs-section-content-h\" itemprop=\"text\">\n                <ul>\n<li>La Universidad M\u00e9dica de Carolina del Sur (MUSC) es la principal instituci\u00f3n de investigaci\u00f3n biom\u00e9dica de Carolina del Sur. Nuestro \u00e9xito al recibir fondos para investigaci\u00f3n refleja una empresa de cient\u00edficos b\u00e1sicos y cl\u00ednicos reconocidos internacionalmente por su trabajo biom\u00e9dico en enfermedades como el c\u00e1ncer, los accidentes cerebrovasculares, las disparidades en la salud, las ciencias de la adicci\u00f3n, la inflamaci\u00f3n y la fibrosis y las enfermedades digestivas, \u00a1solo por nombrar algunas! Todo un resultado directo de reclutar a los mejores cient\u00edficos con un enfoque estrat\u00e9gico para atender las necesidades de la gente de Carolina del Sur.<\/li>\n<li>Sitio web: <a href=\"https:\/\/research.musc.edu\/\">Universidad M\u00e9dica de Carolina del Sur:\u00a0<\/a><\/li>\n<\/ul>\n              <\/div>\n            <\/div>\n          <\/div>\n  \n            \n          <div class=\"w-tabs-section\">\n            <div class=\"w-tabs-section-title\">\n              <span class=\"w-tabs-section-title-text\" itemprop=\"name\">Universidad Clemson<\/span>\n              <span class=\"w-tabs-section-title-control\">\n                <span class=\"icon-plus\"><\/span>\n              <\/span>\n            <\/div>\n            <div class=\"w-tabs-section-content\" style=\"display: none;\">\n              <div class=\"w-tabs-section-content-h\" itemprop=\"text\">\n                <ul>\n<li>Los programas de pregrado de Clemson conducen a t\u00edtulos de licenciatura y licenciatura en ciencias biol\u00f3gicas y una licenciatura en microbiolog\u00eda. Adem\u00e1s, Clemson ofrece \u00e1reas de \u00e9nfasis en entomolog\u00eda, prefarmacia, prerrehabilitaci\u00f3n, biolog\u00eda cuantitativa, toxicolog\u00eda, educaci\u00f3n secundaria y biomedicina. Los programas de posgrado de Clemson incluyen MS y Ph.D. Licenciaturas en Ciencias Biol\u00f3gicas, Toxicolog\u00eda Ambiental y Microbiolog\u00eda. Tambi\u00e9n hay un programa de BS\/MS de 5 a\u00f1os en Ciencias Biol\u00f3gicas y Bioingenier\u00eda. Los miembros de la facultad de Ciencias Biol\u00f3gicas tambi\u00e9n participan en la maestr\u00eda y el doctorado interdepartamentales. programas en Ciencias Vegetales y Ambientales. Clemson tambi\u00e9n ofrece una maestr\u00eda en l\u00ednea en ciencias biol\u00f3gicas para educadores de ciencias.<\/li>\n<li>Sitio web: <a href=\"https:\/\/www.clemson.edu\/science\/departments\/biosci\/\">Universidad Clemson<\/a><\/li>\n<\/ul>\n              <\/div>\n            <\/div>\n          <\/div>\n  \n            \n          <div class=\"w-tabs-section\">\n            <div class=\"w-tabs-section-title\">\n              <span class=\"w-tabs-section-title-text\" itemprop=\"name\">Universidad de Carolina del Sur<\/span>\n              <span class=\"w-tabs-section-title-control\">\n                <span class=\"icon-plus\"><\/span>\n              <\/span>\n            <\/div>\n            <div class=\"w-tabs-section-content\" style=\"display: none;\">\n              <div class=\"w-tabs-section-content-h\" itemprop=\"text\">\n                <ul>\n<li>Ubicado en el coraz\u00f3n de Columbia, el Departamento de Ciencias Biol\u00f3gicas es uno de los departamentos m\u00e1s grandes de la UofSC. Su misi\u00f3n es promover el conocimiento y los descubrimientos en muchos aspectos de la biolog\u00eda que van desde el nivel celular y gen\u00e9tico hasta el nivel de organismo y ambiental. El Departamento lleva a cabo proyectos de vanguardia <a href=\"https:\/\/sc.edu\/study\/colleges_schools\/artsandsciences\/biological_sciences\/research\/index.php\">investigaci\u00f3n<\/a>, y transmite conocimientos a estudiantes y ciudadanos a trav\u00e9s de cursos de primer nivel, <a href=\"https:\/\/sc.edu\/study\/colleges_schools\/artsandsciences\/biological_sciences\/study\/index.php\">programas<\/a> y participaci\u00f3n de la comunidad. Se esfuerzan por brindar a sus estudiantes de pregrado y posgrado la mejor educaci\u00f3n y capacitaci\u00f3n que les permita alcanzar sus metas profesionales y personales.<\/li>\n<li>Sitio web: <a href=\"https:\/\/sc.edu\/study\/colleges_schools\/artsandsciences\/biological_sciences\/index.php\">Universidad de Carolina del Sur<\/a><\/li>\n<\/ul>\n              <\/div>\n            <\/div>\n          <\/div>\n  \n  <\/div><\/div>  \n  \n<\/div>\n  <\/div>\n\n\n\n<div class=\"wp-block-column is-layout-flow wp-block-column-is-layout-flow\" style=\"flex-basis:20%\"><\/div>\n<\/div>\n<\/div>","protected":false},"excerpt":{"rendered":"<p>Compa\u00f1\u00edas l\u00edderes en ciencias de la vida en Carolina del Sur Utilice este mapa interactivo para obtener m\u00e1s informaci\u00f3n sobre la industria de las ciencias de la vida en Carolina del Sur y para explorar los grupos creados por la fuerza laboral capacitada, la infraestructura estrat\u00e9gica, el bajo costo comercial y la atractiva calidad de vida de nuestro estado. Recursos Educaci\u00f3n y capacitaci\u00f3n de la fuerza laboral<\/p>","protected":false},"author":2,"featured_media":0,"parent":56,"menu_order":0,"comment_status":"closed","ping_status":"closed","template":"","meta":{"_acf_changed":false,"footnotes":""},"class_list":["post-865","page","type-page","status-publish","hentry"],"acf":[],"_links":{"self":[{"href":"https:\/\/www.scpowerteam.com\/es\/wp-json\/wp\/v2\/pages\/865","targetHints":{"allow":["GET"]}}],"collection":[{"href":"https:\/\/www.scpowerteam.com\/es\/wp-json\/wp\/v2\/pages"}],"about":[{"href":"https:\/\/www.scpowerteam.com\/es\/wp-json\/wp\/v2\/types\/page"}],"author":[{"embeddable":true,"href":"https:\/\/www.scpowerteam.com\/es\/wp-json\/wp\/v2\/users\/2"}],"replies":[{"embeddable":true,"href":"https:\/\/www.scpowerteam.com\/es\/wp-json\/wp\/v2\/comments?post=865"}],"version-history":[{"count":31,"href":"https:\/\/www.scpowerteam.com\/es\/wp-json\/wp\/v2\/pages\/865\/revisions"}],"predecessor-version":[{"id":2464,"href":"https:\/\/www.scpowerteam.com\/es\/wp-json\/wp\/v2\/pages\/865\/revisions\/2464"}],"up":[{"embeddable":true,"href":"https:\/\/www.scpowerteam.com\/es\/wp-json\/wp\/v2\/pages\/56"}],"wp:attachment":[{"href":"https:\/\/www.scpowerteam.com\/es\/wp-json\/wp\/v2\/media?parent=865"}],"curies":[{"name":"wp","href":"https:\/\/api.w.org\/{rel}","templated":true}]}}