{"id":113,"date":"2022-01-10T16:18:34","date_gmt":"2022-01-10T16:18:34","guid":{"rendered":"https:\/\/www.scpowerteam.com\/?page_id=113"},"modified":"2022-03-10T13:27:21","modified_gmt":"2022-03-10T18:27:21","slug":"community-development","status":"publish","type":"page","link":"https:\/\/www.scpowerteam.com\/fr\/what-we-do\/community-development\/","title":{"rendered":"D\u00e9veloppement communautaire"},"content":{"rendered":"<style>\n  \n  #hero-block_61dc5ba246ed2 { \n      background-image: url(https:\/\/www.scpowerteam.com\/wp-content\/uploads\/2022\/01\/jason-goodman-Oalh2MojUuk-unsplash.png);\n      }\n  \n<\/style>\n\n<div id=\"hero-block_61dc5ba246ed2\" class=\"hero alignfull Light\">\n  \n  <div class=\"container\">\n    \n    <div class=\"row\">\n      \n    <div class=\"col-12 col-sm-5\">\n      \n      <h5>\u00catre impliqu\u00e9<\/h5>\n      <h1>D\u00e9veloppement communautaire<\/h1>\n      \n            \n            \n    <\/div>\n    \n    <div class=\"col-12 col-sm-7\">\n      \n      <div class=\"hero-content\">\n        \n        <p>L&#039;\u00e9quipe d&#039;alimentation de la Caroline du Sud se consacre au service des communaut\u00e9s de nos membres coop\u00e9ratifs. Conform\u00e9ment \u00e0 cette mission, nous investissons dans des groupes et des organisations engag\u00e9s envers nos communaut\u00e9s locales et la croissance \u00e9conomique de la Caroline du Sud.<\/p>\n      \n      <\/div>\n      \n    <\/div>\n    \n    <\/div>\n    \n  <\/div>\n  \n<\/div>\n\n\n<div class=\"wp-block-columns is-layout-flex wp-container-core-columns-is-layout-28f84493 wp-block-columns-is-layout-flex\">\n<div class=\"wp-block-column is-layout-flow wp-block-column-is-layout-flow\">\n<p><\/p>\n\n\n\n<p><\/p>\n\n\n\n<h2 class=\"has-dark-blue-color has-text-color wp-block-heading\" id=\"things-that-we-help-with\">Nous travaillons en partenariat avec des communaut\u00e9s desservies par des coop\u00e9ratives \u00e0 travers l&#039;\u00c9tat sur\u00a0:<\/h2>\n\n\n\n<h4 class=\"has-teal-color has-text-color wp-block-heading\" id=\"south-carolina-power-team-is-committed-to-addressing-these-concerns-beginning-in-2021-with-warner-at-the-forefront-of-our-efforts-we-look-forward-to-partnering-with-all-stakeholders-in-delivering-the-following-communities-statewide\"><\/h4>\n<\/div>\n<\/div>\n\n\n\n<div class=\"wp-block-columns is-layout-flex wp-container-core-columns-is-layout-28f84493 wp-block-columns-is-layout-flex\">\n<div class=\"wp-block-column is-layout-flow wp-block-column-is-layout-flow\">\n<h3 class=\"has-teal-color has-text-color wp-block-heading\" id=\"workforce-talent-development\">D\u00e9veloppement de la main-d&#039;\u0153uvre\/des talents<\/h3>\n\n\n\n<p>Maintenant, plus que jamais, les communaut\u00e9s doivent fournir des solutions de main-d&#039;\u0153uvre aux employeurs existants et potentiels. De la pr\u00e9paration du vivier de talents \u00e0 la mise en \u0153uvre, notre \u00e9quipe est pr\u00e9sente \u00e0 chaque \u00e9tape du processus pour aider votre communaut\u00e9 \u00e0 r\u00e9aliser son potentiel.<\/p>\n\n\n\n<ul class=\"wp-block-list\"><li>Facilitation des parties prenantes<\/li><li>Engagement de l&#039;employeur<\/li><li>Campagnes de sensibilisation et de marketing<\/li><li>Conception et d\u00e9veloppement du programme<\/li><li>Collecte et analyse de donn\u00e9es<\/li><li>\u00c9tude sur le travail en cours \u00e0 l&#039;\u00e9chelle de l&#039;\u00c9tat<\/li><\/ul>\n<\/div>\n\n\n\n<div class=\"wp-block-column is-layout-flow wp-block-column-is-layout-flow\">\n<h3 class=\"has-teal-color has-text-color wp-block-heading\" id=\"customized-training\">Formation personnalis\u00e9e<\/h3>\n\n\n\n<p>Nous reconnaissons que chaque communaut\u00e9 fait face \u00e0 des d\u00e9fis uniques qui n\u00e9cessitent des solutions de formation uniques. Nous avons plusieurs sujets d&#039;atelier que nous personnalisons pour vous fournir ce dont vous avez besoin et si vous ne voyez pas ce dont vous avez besoin, nous le construirons pour vous !<\/p>\n\n\n\n<ul class=\"wp-block-list\"><li>D\u00e9veloppement \u00e9conomique<\/li><li>Le d\u00e9veloppement du leadership<\/li><li>Ateliers des \u00e9lus<\/li><li>D\u00e9veloppement du conseil d&#039;administration<\/li><li>Construction d&#039;\u00e9quipe<\/li><li>Image de marque et sensibilisation de la communaut\u00e9<\/li><\/ul>\n<\/div>\n<\/div>\n\n\n\n<div class=\"wp-block-columns is-layout-flex wp-container-core-columns-is-layout-28f84493 wp-block-columns-is-layout-flex\">\n<div class=\"wp-block-column is-layout-flow wp-block-column-is-layout-flow\">\n<h3 class=\"has-teal-color has-text-color wp-block-heading\" id=\"strategic-planning\">Planification strat\u00e9gique<\/h3>\n\n\n\n<p>La plupart des communaut\u00e9s et des organisations trouvent la conception de leur avenir passionnante, mais intimidante. Avoir un plan ax\u00e9 sur les solutions peut att\u00e9nuer la peur de l&#039;inconnu. Que vous ayez besoin d&#039;une retraite de planification ou d&#039;une r\u00e9vision du plan strat\u00e9gique, l&#039;\u00e9quipe Power de Caroline du Sud est l\u00e0 pour vous aider.<\/p>\n\n\n\n<ul class=\"wp-block-list\"><li>Plans de travail d&#039;un an<\/li><li>Gestion organisationnelle<\/li><li>\u00c9valuations communautaires<\/li><li>Conversations communautaires<\/li><\/ul>\n<\/div>\n\n\n\n<div class=\"wp-block-column is-layout-flow wp-block-column-is-layout-flow\">\n<h3 class=\"has-teal-color has-text-color wp-block-heading\" id=\"additional-resources\">Ressources suppl\u00e9mentaires<\/h3>\n\n\n\n<p>La South Carolina Power Team s&#039;engage \u00e0 aider les communaut\u00e9s rurales de la Caroline du Sud \u00e0 se pr\u00e9parer \u00e0 la croissance future. Nous offrons plusieurs ressources uniques visant \u00e0 mieux positionner les communaut\u00e9s aux yeux des s\u00e9lectionneurs de sites et des prospects.<\/p>\n\n\n\n<ul class=\"wp-block-list\"><li>Fonds d&#039;avancement du site<\/li><li>Fonds de recrutement et d&#039;expansion des coop\u00e9ratives (CoRE)<\/li><li>Fonds de pr\u00e9paration du site (SRF)<\/li><li>Bourses de perfectionnement professionnel<\/li><li>Base de donn\u00e9es Sites, Parcs &amp; B\u00e2timents<\/li><\/ul>\n<\/div>\n<\/div>\n\n\n\n<div class=\"wp-block-group alignfull has-dark-blue-to-teal-gradient-background has-background is-layout-flow wp-block-group-is-layout-flow\">\n<div class=\"wp-block-columns is-layout-flex wp-container-core-columns-is-layout-28f84493 wp-block-columns-is-layout-flex\">\n<div class=\"wp-block-column is-layout-flow wp-block-column-is-layout-flow\">\n<h2 class=\"has-text-align-center has-white-color has-text-color wp-block-heading\" id=\"organizations-include\">Votre ressource d&#039;\u00e9quipe\u00a0:<\/h2>\n\n\n\n<p class=\"has-white-color has-text-color\"><\/p>\n<\/div>\n<\/div>\n\n\n\n<style>\n  \n<\/style>\n\n<div id=\"blogcards-block_621fda0e05792\" class=\"blogcards\">\n  \n  <div class=\"container\">\n    \n    <div class=\"row\">\n      \n      <div class=\"col-12\">\n      \n        <div class=\"post-grid\"><div class=\"teamcard\"><a href=\"https:\/\/www.scpowerteam.com\/fr\/team\/caroline-warner\/\"><img decoding=\"async\" class=\"team-headshot\" alt=\"Caroline A. Warner\" src=\"https:\/\/www.scpowerteam.com\/wp-content\/uploads\/2022\/02\/CAW_2026_candid_2-1.jpg\"><\/a><div class=\"card-content\"><p class=\"name\">Caroline A.Warner<\/p><p class=\"position\">Directeur du d\u00e9veloppement communautaire<\/p><\/div><\/div><\/div>      \n      <\/div>\n    \n    <\/div>\n    \n  <\/div>\n  \n<\/div><\/div>","protected":false},"excerpt":{"rendered":"<p>Nous travaillons en partenariat avec des communaut\u00e9s desservies par des coop\u00e9ratives \u00e0 travers l&#039;\u00c9tat sur : D\u00e9veloppement de la main-d&#039;\u0153uvre\/des talents Maintenant, plus que jamais, les communaut\u00e9s doivent fournir des solutions de main-d&#039;\u0153uvre aux employeurs existants et potentiels. De la pr\u00e9paration du vivier de talents \u00e0 la mise en \u0153uvre, notre \u00e9quipe est pr\u00e9sente \u00e0 chaque \u00e9tape du processus pour aider votre communaut\u00e9 \u00e0 r\u00e9aliser son potentiel. Facilitation des parties prenantes Campagnes de sensibilisation et de marketing sur l&#039;engagement des employeurs [\u2026]<\/p>","protected":false},"author":1,"featured_media":0,"parent":24,"menu_order":7,"comment_status":"closed","ping_status":"closed","template":"","meta":{"_acf_changed":false,"footnotes":""},"class_list":["post-113","page","type-page","status-publish","hentry"],"acf":[],"_links":{"self":[{"href":"https:\/\/www.scpowerteam.com\/fr\/wp-json\/wp\/v2\/pages\/113","targetHints":{"allow":["GET"]}}],"collection":[{"href":"https:\/\/www.scpowerteam.com\/fr\/wp-json\/wp\/v2\/pages"}],"about":[{"href":"https:\/\/www.scpowerteam.com\/fr\/wp-json\/wp\/v2\/types\/page"}],"author":[{"embeddable":true,"href":"https:\/\/www.scpowerteam.com\/fr\/wp-json\/wp\/v2\/users\/1"}],"replies":[{"embeddable":true,"href":"https:\/\/www.scpowerteam.com\/fr\/wp-json\/wp\/v2\/comments?post=113"}],"version-history":[{"count":28,"href":"https:\/\/www.scpowerteam.com\/fr\/wp-json\/wp\/v2\/pages\/113\/revisions"}],"predecessor-version":[{"id":1939,"href":"https:\/\/www.scpowerteam.com\/fr\/wp-json\/wp\/v2\/pages\/113\/revisions\/1939"}],"up":[{"embeddable":true,"href":"https:\/\/www.scpowerteam.com\/fr\/wp-json\/wp\/v2\/pages\/24"}],"wp:attachment":[{"href":"https:\/\/www.scpowerteam.com\/fr\/wp-json\/wp\/v2\/media?parent=113"}],"curies":[{"name":"wp","href":"https:\/\/api.w.org\/{rel}","templated":true}]}}