{"id":12,"date":"2022-01-03T18:31:58","date_gmt":"2022-01-03T18:31:58","guid":{"rendered":"https:\/\/www.scpowerteam.com\/?page_id=12"},"modified":"2022-09-30T10:21:05","modified_gmt":"2022-09-30T14:21:05","slug":"why-sc","status":"publish","type":"page","link":"https:\/\/www.scpowerteam.com\/fr\/site-selection-tools\/why-sc\/","title":{"rendered":"Pourquoi SC ?"},"content":{"rendered":"<style>\n  \n  #hero-block_61dc5ba246ed2 { \n        background-color: #1e73be;\n    }\n  \n<\/style>\n\n<div id=\"hero-block_61dc5ba246ed2\" class=\"hero alignfull Dark\">\n  \n  <div class=\"container\">\n    \n    <div class=\"row\">\n      \n    <div class=\"col-12 col-sm-5\">\n      \n      <h5> <\/h5>\n      <h1>Pourquoi la Caroline du Sud ?<\/h1>\n      \n            \n            \n    <\/div>\n    \n    <div class=\"col-12 col-sm-7\">\n      \n      <div class=\"hero-content\">\n        \n        <p>Les entreprises trouvent leur chemin vers la Caroline du Sud de partout dans le monde. En tant que chef de file du pays pour attirer les investissements \u00e9trangers directs, la Caroline du Sud a fait sa marque sur la carte.<\/p>\n<p>&nbsp;<\/p>\n      \n      <\/div>\n      \n    <\/div>\n    \n    <\/div>\n    \n  <\/div>\n  \n<\/div>\n\n\n<div class=\"wp-block-columns is-layout-flex wp-container-core-columns-is-layout-28f84493 wp-block-columns-is-layout-flex\">\n<div class=\"wp-block-column is-layout-flow wp-block-column-is-layout-flow\">\n<div style=\"height:100px\" aria-hidden=\"true\" class=\"wp-block-spacer\"><\/div>\n\n\n\n<h4 class=\"wp-block-heading\" id=\"our-state-is-home-to-global-giants-boeing-volvo-cars-google-samsung-bmw-giti-tire-mercedes-benz-vans-continental-michelin-and-bridgestone-these-companies-are-benefiting-from-our-highly-skilled-workforce-and-an-integrated-transportation-system-of-highways-railways-seaports-airports-and-inland-ports-to-connect-their-goods-and-services-to-consumers-around-the-world\">Notre \u00c9tat abrite des g\u00e9ants mondiaux : Boeing, Volvo Cars, Google, Samsung, BMW, Giti Tire, Mercedes-Benz Vans, Continental, Michelin, Bridgestone et bien d&#039;autres. Ces entreprises b\u00e9n\u00e9ficient de notre main-d&#039;\u0153uvre hautement qualifi\u00e9e et d&#039;un syst\u00e8me de transport int\u00e9gr\u00e9 d&#039;autoroutes, de chemins de fer, de ports maritimes, d&#039;a\u00e9roports et de ports int\u00e9rieurs pour connecter leurs biens et services aux consommateurs du monde entier.<\/h4>\n\n\n\n<div style=\"height:22px\" aria-hidden=\"true\" class=\"wp-block-spacer\"><\/div>\n\n\n\n<h4 class=\"has-text-align-left wp-block-heading\" id=\"a-logistics-centric-and-business-friendly-environment-the-palmetto-state-offers-the-infrastructure-necessary-to-attract-new-industry-and-supply-skilled-workers-allowing-companies-to-thrive-and-expand-here\">Environnement centr\u00e9 sur la logistique et favorable aux entreprises, l&#039;\u00c9tat de Palmetto offre l&#039;infrastructure n\u00e9cessaire pour attirer de nouvelles industries et fournir des travailleurs qualifi\u00e9s, permettant aux entreprises de prosp\u00e9rer et de se d\u00e9velopper ici.<\/h4>\n\n\n\n<p><\/p>\n\n\n\n<p><\/p>\n<\/div>\n<\/div>\n\n\n\n<style>\n\n<\/style>\n\n<div id=\"iconlist-block_62150a895b195\" class=\"icon-list\">\n  \n    \n  \n<\/div>\n  \n\n\n<div class=\"wp-block-columns is-layout-flex wp-container-core-columns-is-layout-28f84493 wp-block-columns-is-layout-flex\">\n<div class=\"wp-block-column is-layout-flow wp-block-column-is-layout-flow\">\n<h3 class=\"has-teal-color has-text-color wp-block-heading\" id=\"transportation-1\"><strong>\u00c9nergie<\/strong><\/h3>\n\n\n\n<ul class=\"wp-block-list\"><li>Tarifs \u00e9nerg\u00e9tiques inf\u00e9rieurs de 9\u00a0% \u00e0 la moyenne nationale<\/li><li>Une \u00e9nergie fiable et abordable<\/li><li>M\u00e9lange diversifi\u00e9 de sources d&#039;\u00e9nergie<\/li><li>2\/3 de l&#039;\u00e9tat est couvert par des coop\u00e9ratives \u00e9lectriques<\/li><\/ul>\n<\/div>\n\n\n\n<div class=\"wp-block-column is-layout-flow wp-block-column-is-layout-flow\">\n<h3 class=\"has-teal-color has-text-color wp-block-heading\" id=\"workforce-1\"><strong>la main d&#039;oeuvre<\/strong><\/h3>\n\n\n\n<ul class=\"wp-block-list\"><li>La Caroline du Sud est un \u00c9tat du droit au travail<\/li><li>Low cost of doing business with very low unionization rate<\/li><li>readySC &#8211; South Carolina&#8217;s workforce training program for companies creating new jobs<\/li><li>Wide variety of incentives available for companies locating or expanding in the state<\/li><\/ul>\n<\/div>\n<\/div>\n\n\n\n<div class=\"wp-block-columns is-layout-flex wp-container-core-columns-is-layout-28f84493 wp-block-columns-is-layout-flex\">\n<div class=\"wp-block-column is-vertically-aligned-top is-layout-flow wp-block-column-is-layout-flow\">\n<h3 class=\"has-teal-color has-text-color wp-block-heading\" id=\"energy-1\"><strong>Transport &amp; Logistique<\/strong><\/h3>\n\n\n\n<ul class=\"wp-block-list\"><li>Port de Charleston - Port le plus profond de la c\u00f4te est<\/li><li>Deux ports int\u00e9rieurs - Dillon et Greer<\/li><li>Deux lignes ferroviaires de classe I - Norfolk Southern et CSX<\/li><li>2\/3 de la population am\u00e9ricaine se trouve \u00e0 moins de 24 heures de route<\/li><\/ul>\n<\/div>\n\n\n\n<div class=\"wp-block-column is-vertically-aligned-top is-layout-flow wp-block-column-is-layout-flow\">\n<h3 class=\"has-teal-color has-text-color wp-block-heading\" id=\"energy-1\"><strong>Qualit\u00e9 de vie<\/strong><\/h3>\n\n\n\n<ul class=\"wp-block-list\"><li>1 800 milles de rivage<\/li><li>Taxes fonci\u00e8res parmi les plus basses du pays<\/li><li>Average annual temperature: 68\u00b0 F<\/li><li>3h30 de trajet de la plage \u00e0 la montagne<\/li><\/ul>\n<\/div>\n<\/div>\n\n\n\n<div class=\"wp-block-columns is-layout-flex wp-container-core-columns-is-layout-28f84493 wp-block-columns-is-layout-flex\">\n<div class=\"wp-block-column is-layout-flow wp-block-column-is-layout-flow\"><\/div>\n<\/div>","protected":false},"excerpt":{"rendered":"<p>Notre \u00c9tat abrite des g\u00e9ants mondiaux : Boeing, Volvo Cars, Google, Samsung, BMW, Giti Tire, Mercedes-Benz Vans, Continental, Michelin, Bridgestone et bien d&#039;autres. Ces entreprises b\u00e9n\u00e9ficient de notre main-d&#039;\u0153uvre hautement qualifi\u00e9e et d&#039;un syst\u00e8me de transport int\u00e9gr\u00e9 d&#039;autoroutes, de chemins de fer, de ports maritimes, d&#039;a\u00e9roports et de ports int\u00e9rieurs pour connecter leurs biens et services aux consommateurs du monde entier. UN [\u2026]<\/p>","protected":false},"author":1,"featured_media":0,"parent":10,"menu_order":0,"comment_status":"closed","ping_status":"closed","template":"","meta":{"_acf_changed":false,"footnotes":""},"class_list":["post-12","page","type-page","status-publish","hentry"],"acf":[],"_links":{"self":[{"href":"https:\/\/www.scpowerteam.com\/fr\/wp-json\/wp\/v2\/pages\/12","targetHints":{"allow":["GET"]}}],"collection":[{"href":"https:\/\/www.scpowerteam.com\/fr\/wp-json\/wp\/v2\/pages"}],"about":[{"href":"https:\/\/www.scpowerteam.com\/fr\/wp-json\/wp\/v2\/types\/page"}],"author":[{"embeddable":true,"href":"https:\/\/www.scpowerteam.com\/fr\/wp-json\/wp\/v2\/users\/1"}],"replies":[{"embeddable":true,"href":"https:\/\/www.scpowerteam.com\/fr\/wp-json\/wp\/v2\/comments?post=12"}],"version-history":[{"count":38,"href":"https:\/\/www.scpowerteam.com\/fr\/wp-json\/wp\/v2\/pages\/12\/revisions"}],"predecessor-version":[{"id":2403,"href":"https:\/\/www.scpowerteam.com\/fr\/wp-json\/wp\/v2\/pages\/12\/revisions\/2403"}],"up":[{"embeddable":true,"href":"https:\/\/www.scpowerteam.com\/fr\/wp-json\/wp\/v2\/pages\/10"}],"wp:attachment":[{"href":"https:\/\/www.scpowerteam.com\/fr\/wp-json\/wp\/v2\/media?parent=12"}],"curies":[{"name":"wp","href":"https:\/\/api.w.org\/{rel}","templated":true}]}}