{"id":1211,"date":"2022-02-22T10:24:15","date_gmt":"2022-02-22T15:24:15","guid":{"rendered":"https:\/\/www.scpowerteam.com\/?page_id=1211"},"modified":"2022-04-06T10:37:35","modified_gmt":"2022-04-06T14:37:35","slug":"foreign-direct-investment","status":"publish","type":"page","link":"https:\/\/www.scpowerteam.com\/fr\/site-selection-tools\/foreign-direct-investment\/","title":{"rendered":"L&#039;investissement \u00e9tranger direct"},"content":{"rendered":"<style>\n  \n  #hero-block_61dc5ba246ed2 { \n      background-image: url(https:\/\/www.scpowerteam.com\/wp-content\/uploads\/2022\/01\/jason-goodman-Oalh2MojUuk-unsplash.png);\n      }\n  \n<\/style>\n\n<div id=\"hero-block_61dc5ba246ed2\" class=\"hero alignfull Light\">\n  \n  <div class=\"container\">\n    \n    <div class=\"row\">\n      \n    <div class=\"col-12 col-sm-5\">\n      \n      <h5> <\/h5>\n      <h1>L&#039;investissement \u00e9tranger direct<\/h1>\n      \n              <a class=\"button\" href=\"https:\/\/www.scpowerteam.com\/fr\/site-selection-tools\/properties\/?zpeptShare=aHR0cHM6Ly9wcm9wZXJ0aWVzLnpvb21wcm9zcGVjdG9yLmNvbS9zb3V0aGNhcm9saW5hL2NvbW11bml0eS9TdGF0ZS1vZi1Tb3V0aC1DYXJvbGluYS9yMjEvZmRpP2xheWVycz1TT1VUSENBUk9MSU5BQk9VTkRBUlkmbGF0PTMzLjY0NTc5Nzc5NTAxODk0JmxuZz0tODAuOTUxNjAyOTk5NjM4Mjgmem9vbT03\">\n          <span class=\"bottom-text\">Voir notre outil de donn\u00e9es IDE<\/span><\/span>          \n        <\/a>\n            \n            \n    <\/div>\n    \n    <div class=\"col-12 col-sm-7\">\n      \n      <div class=\"hero-content\">\n        \n        <h4 id=\"block-43139e66-a55b-4e6d-a592-70cb393f725d\" class=\"block-editor-rich-text__editable block-editor-block-list__block wp-block is-selected wp-block-heading rich-text\" tabindex=\"0\" role=\"document\" contenteditable=\"true\" aria-multiline=\"true\" aria-label=\"Bloc : En-t\u00eate\" data-block=\"43139e66-a55b-4e6d-a592-70cb393f725d\" data-type=\"core\/heading\" data-title=\"Heading\">La Caroline du Sud a une riche histoire en mati\u00e8re d&#039;investissement direct \u00e9tranger (IDE), remontant des exportations agricoles jusqu&#039;au boom industriel d&#039;aujourd&#039;hui. Des entreprises telles que Michelin, BMW, Nan Ya, Honda, Samsung, Volvo et Techtronic Industries continuent d&#039;\u00e9tablir des si\u00e8ges sociaux, des installations de fabrication et des centres de distribution dans l&#039;\u00c9tat. Ces investissements, et les investissements de nombreuses autres soci\u00e9t\u00e9s bas\u00e9es \u00e0 l&#039;\u00e9tranger, ne sont pas accidentels. L&#039;acc\u00e8s de la Caroline du Sud aux march\u00e9s mondiaux, le faible co\u00fbt des affaires, une main-d&#039;\u0153uvre solide, ainsi qu&#039;une \u00e9nergie peu co\u00fbteuse et fiable, ne sont que les principales raisons pour lesquelles la Caroline du Sud continue de d\u00e9passer le reste des \u00c9tats-Unis en mati\u00e8re d&#039;IDE. Les habitants de la Caroline du Sud b\u00e9n\u00e9ficient actuellement de l&#039;investissement \u00e9tranger de 821 entreprises, cr\u00e9ant plus de 160 000 emplois.<\/h4>\n      \n      <\/div>\n      \n    <\/div>\n    \n    <\/div>\n    \n  <\/div>\n  \n<\/div>\n\n\n<div class=\"wp-block-columns is-layout-flex wp-container-core-columns-is-layout-28f84493 wp-block-columns-is-layout-flex\">\n<div class=\"wp-block-column is-layout-flow wp-block-column-is-layout-flow\">\n<div style=\"height:100px\" aria-hidden=\"true\" class=\"wp-block-spacer\"><\/div>\n\n\n\n<h4 class=\"wp-block-heading\" id=\"south-carolina-has-a-rich-history-in-foreign-direct-investment-fdi-tracing-its-roots-to-agricultural-exports-all-the-way-to-the-industrial-boom-of-today-companies-such-as-michelin-bmw-nan-ya-honda-samsung-volvo-and-techtronic-industries-continue-to-establish-headquarters-manufacturing-facilities-and-distribution-centers-within-the-state-these-investments-and-the-investments-of-many-other-foreign-based-companies-are-not-accidental-south-carolina-s-access-to-global-markets-cost-of-doing-business-strong-workforce-along-with-inexpensive-and-reliable-energy-are-only-the-top-reasons-why-south-carolina-continues-to-outpace-the-usa-in-fdi-south-carolinians-are-currently-benefiting-from-the-foreign-investment-of-821-companies-resulting-in-over-160-000-jobs\"><\/h4>\n\n\n\n<div style=\"height:22px\" aria-hidden=\"true\" class=\"wp-block-spacer\"><\/div>\n\n\n\n<h4 class=\"has-text-align-left wp-block-heading\" id=\"need-content\"><\/h4>\n<\/div>\n<\/div>\n\n\n\n<div class=\"wp-block-columns is-layout-flex wp-container-core-columns-is-layout-28f84493 wp-block-columns-is-layout-flex\">\n<div class=\"wp-block-column is-layout-flow wp-block-column-is-layout-flow\"><\/div>\n\n\n\n<div class=\"wp-block-column is-layout-flow wp-block-column-is-layout-flow\"><\/div>\n<\/div>\n\n\n\n<div class=\"wp-block-columns is-layout-flex wp-container-core-columns-is-layout-28f84493 wp-block-columns-is-layout-flex\">\n<div class=\"wp-block-column is-layout-flow wp-block-column-is-layout-flow\">\n<style>\n  \n\n<\/style>\n\n<div id=\"iconcards-block_621d08559f844\" class=\"iconcards\">\n  \n  <div class=\"container\">\n    \n    <div class=\"icon-card-grid\">\n      \n    \n            <div class=\"icon-card\">\n                 \n                              <img decoding=\"async\" src=\"https:\/\/www.scpowerteam.com\/wp-content\/uploads\/2022\/01\/icon-chart.png\">\n                            \n              <p class=\"icon-card-title\">162,900 <\/p>\n              \n              <div class=\"icon-card-content\">\n                les travailleurs de Caroline du Sud sont employ\u00e9s gr\u00e2ce \u00e0 l&#039;investissement mondial - une augmentation de 26,3% depuis 2014.              <\/div>\n              \n            <\/div>\n                   \n     \n            <div class=\"icon-card\">\n                 \n                              <img decoding=\"async\" src=\"https:\/\/www.scpowerteam.com\/wp-content\/uploads\/2022\/01\/icon-users.png\">\n                            \n              <p class=\"icon-card-title\">88,100 <\/p>\n              \n              <div class=\"icon-card-content\">\n                travailleurs manufacturiers en Caroline du Sud - 54,1% de tous les emplois d&#039;IDE dans l&#039;\u00c9tat se trouvent dans le secteur manufacturier.              <\/div>\n              \n            <\/div>\n                   \n     \n            <div class=\"icon-card\">\n                 \n                              <img decoding=\"async\" src=\"https:\/\/www.scpowerteam.com\/wp-content\/uploads\/2022\/01\/shield.png\">\n                            \n              <p class=\"icon-card-title\">821 <\/p>\n              \n              <div class=\"icon-card-content\">\n                les employeurs mondiaux ont des op\u00e9rations en Caroline du Sud.              <\/div>\n              \n            <\/div>\n                   \n     \n            <div class=\"icon-card\">\n                 \n                              <img decoding=\"async\" src=\"https:\/\/www.scpowerteam.com\/wp-content\/uploads\/2022\/01\/brief-case.png\">\n                            \n              <p class=\"icon-card-title\">26%<\/p>\n              \n              <div class=\"icon-card-content\">\n                De 2014 \u00e0 2019, l&#039;emploi d&#039;IDE en Caroline du Sud a augment\u00e9 de 26%              <\/div>\n              \n            <\/div>\n                   \n     \n            <div class=\"icon-card\">\n                 \n                              <img decoding=\"async\" src=\"https:\/\/www.scpowerteam.com\/wp-content\/uploads\/2022\/01\/icon-info.png\">\n                            \n              <p class=\"icon-card-title\">3<\/p>\n              \n              <div class=\"icon-card-content\">\n                pays - l&#039;Allemagne, la France et le Canada - soutiennent le plus grand nombre d&#039;emplois en Caroline du Sud parmi tous les employeurs internationaux.               <\/div>\n              \n            <\/div>\n                   \n         \n    <\/div>\n    \n  <\/div>\n  \n<\/div>\n\n\n<figure class=\"wp-block-image size-large\"><img loading=\"lazy\" decoding=\"async\" width=\"1024\" height=\"899\" src=\"https:\/\/www.scpowerteam.com\/wp-content\/uploads\/2022\/02\/2021-FDI-Map-72dpi-5500pxW-1024x899.png\" alt=\"\" class=\"wp-image-1256\" srcset=\"https:\/\/www.scpowerteam.com\/wp-content\/uploads\/2022\/02\/2021-FDI-Map-72dpi-5500pxW-1024x899.png 1024w, https:\/\/www.scpowerteam.com\/wp-content\/uploads\/2022\/02\/2021-FDI-Map-72dpi-5500pxW-300x263.png 300w, https:\/\/www.scpowerteam.com\/wp-content\/uploads\/2022\/02\/2021-FDI-Map-72dpi-5500pxW-768x674.png 768w, https:\/\/www.scpowerteam.com\/wp-content\/uploads\/2022\/02\/2021-FDI-Map-72dpi-5500pxW-1536x1349.png 1536w, https:\/\/www.scpowerteam.com\/wp-content\/uploads\/2022\/02\/2021-FDI-Map-72dpi-5500pxW-2048x1798.png 2048w\" sizes=\"auto, (max-width: 1024px) 100vw, 1024px\" \/><figcaption><em>Carte et donn\u00e9es fournies par le SC Dept. of Commerce<\/em><\/figcaption><\/figure>\n<\/div>\n<\/div>","protected":false},"excerpt":{"rendered":"","protected":false},"author":3,"featured_media":0,"parent":10,"menu_order":0,"comment_status":"closed","ping_status":"closed","template":"","meta":{"_acf_changed":false,"footnotes":""},"class_list":["post-1211","page","type-page","status-publish","hentry"],"acf":[],"_links":{"self":[{"href":"https:\/\/www.scpowerteam.com\/fr\/wp-json\/wp\/v2\/pages\/1211","targetHints":{"allow":["GET"]}}],"collection":[{"href":"https:\/\/www.scpowerteam.com\/fr\/wp-json\/wp\/v2\/pages"}],"about":[{"href":"https:\/\/www.scpowerteam.com\/fr\/wp-json\/wp\/v2\/types\/page"}],"author":[{"embeddable":true,"href":"https:\/\/www.scpowerteam.com\/fr\/wp-json\/wp\/v2\/users\/3"}],"replies":[{"embeddable":true,"href":"https:\/\/www.scpowerteam.com\/fr\/wp-json\/wp\/v2\/comments?post=1211"}],"version-history":[{"count":43,"href":"https:\/\/www.scpowerteam.com\/fr\/wp-json\/wp\/v2\/pages\/1211\/revisions"}],"predecessor-version":[{"id":2233,"href":"https:\/\/www.scpowerteam.com\/fr\/wp-json\/wp\/v2\/pages\/1211\/revisions\/2233"}],"up":[{"embeddable":true,"href":"https:\/\/www.scpowerteam.com\/fr\/wp-json\/wp\/v2\/pages\/10"}],"wp:attachment":[{"href":"https:\/\/www.scpowerteam.com\/fr\/wp-json\/wp\/v2\/media?parent=1211"}],"curies":[{"name":"wp","href":"https:\/\/api.w.org\/{rel}","templated":true}]}}