{"id":18,"date":"2022-01-03T18:34:39","date_gmt":"2022-01-03T18:34:39","guid":{"rendered":"https:\/\/www.scpowerteam.com\/?page_id=18"},"modified":"2024-04-15T09:37:33","modified_gmt":"2024-04-15T13:37:33","slug":"sc-power-sites","status":"publish","type":"page","link":"https:\/\/www.scpowerteam.com\/fr\/site-selection-tools\/sc-power-sites\/","title":{"rendered":"Sites d&#039;alimentation SC"},"content":{"rendered":"<style>\n  \n  #hero-block_0503d75a5f6713e65bc75095f0c83ee6 { \n      background-image: url(https:\/\/www.scpowerteam.com\/wp-content\/uploads\/2022\/01\/jason-goodman-Oalh2MojUuk-unsplash.png);\n      }\n  \n<\/style>\n\n<div id=\"hero-block_0503d75a5f6713e65bc75095f0c83ee6\" class=\"hero alignfull Light\">\n  \n  <div class=\"container\">\n    \n    <div class=\"row\">\n      \n    <div class=\"col-12 col-sm-5\">\n      \n      <h5>Trouvez votre autonomie<\/h5>\n      <h1>Sites d&#039;alimentation SC<\/h1>\n      \n            \n            \n    <\/div>\n    \n    <div class=\"col-12 col-sm-7\">\n      \n      <div class=\"hero-content\">\n        \n        <p>Launched in 2014 and expanded in 2019 and 2021, the Site Readiness Fund (SRF) is a Community Development and Preparedness initiative in the service territory of the 19 electric cooperatives to create competitive industrial sites, parks and buildings that are truly market ready.<\/p>\n<p>L&#039;objectif de ce fonds est de mieux positionner le produit industriel sur le territoire coop\u00e9ratif pour constituer la short list d&#039;un consultant en s\u00e9lection de site ou d&#039;un prospect.<\/p>\n<p>Jusqu&#039;en 2021, plus de $50 millions ont \u00e9t\u00e9 engag\u00e9s sur une p\u00e9riode de huit ans pour investir dans le d\u00e9veloppement de produits, notamment des extensions et des am\u00e9liorations d&#039;infrastructures, l&#039;acquisition de terrains et le d\u00e9veloppement g\u00e9n\u00e9ral de sites et de b\u00e2timents sp\u00e9culatifs.<\/p>\n<p>Le Fonds de pr\u00e9paration du site est rendu possible, en partie, gr\u00e2ce \u00e0 une subvention initiale de $30 millions de Santee Cooper avec le soutien des coop\u00e9ratives \u00e9lectriques de Caroline du Sud.<\/p>\n      \n      <\/div>\n      \n    <\/div>\n    \n    <\/div>\n    \n  <\/div>\n  \n<\/div>\n\n\n<div class=\"wp-block-columns is-layout-flex wp-container-core-columns-is-layout-28f84493 wp-block-columns-is-layout-flex\">\n<div class=\"wp-block-column is-layout-flow wp-block-column-is-layout-flow\">\n<div style=\"height:50px\" aria-hidden=\"true\" class=\"wp-block-spacer\"><\/div>\n\n\n\n<h2 class=\"wp-block-heading has-text-align-center has-teal-color has-text-color\" id=\"100-million-combined-investment-to-create-market-ready-sites-over-a-five-year-period\">Jusqu&#039;en 2021, $237 millions d&#039;investissements combin\u00e9s pour cr\u00e9er des sites pr\u00eats \u00e0 \u00eatre commercialis\u00e9s sur une p\u00e9riode de huit ans.<\/h2>\n<\/div>\n<\/div>\n\n\n\n<div class=\"wp-block-group alignfull has-dark-blue-to-teal-gradient-background has-background is-layout-flow wp-block-group-is-layout-flow\">\n<div class=\"wp-block-columns is-layout-flex wp-container-core-columns-is-layout-28f84493 wp-block-columns-is-layout-flex\">\n<div class=\"wp-block-column is-layout-flow wp-block-column-is-layout-flow\">\n<h2 class=\"wp-block-heading has-white-color has-text-color\" id=\"staying-power\">Pouvoir rester\u00a0:<\/h2>\n\n\n\n<p class=\"has-white-color has-text-color\"><br>Depuis 1988, la South Carolina Power Team et nos partenaires ont poursuivi notre engagement \u00e0 \u00eatre un partenaire de services publics solide pour ceux que nous servons. Nous fournissons une alimentation tr\u00e8s fiable et abordable pour que les entreprises puissent prosp\u00e9rer et se d\u00e9velopper. Il existe de nombreux sites, parcs et b\u00e2timents pr\u00eats \u00e0 \u00eatre commercialis\u00e9s au sein de notre r\u00e9seau \u00e9lectrique, offrant des environnements florissants pour votre entreprise.<br><\/p>\n<\/div>\n<\/div>\n\n\n\n<div class=\"wp-block-columns is-layout-flex wp-container-core-columns-is-layout-28f84493 wp-block-columns-is-layout-flex\">\n<div class=\"wp-block-column is-layout-flow wp-block-column-is-layout-flow\">\n<figure class=\"wp-block-gallery has-nested-images columns-default is-cropped wp-block-gallery-1 is-layout-flex wp-block-gallery-is-layout-flex\">\n<figure class=\"wp-block-image size-full\"><img loading=\"lazy\" decoding=\"async\" width=\"863\" height=\"1000\" data-id=\"2113\" src=\"https:\/\/www.scpowerteam.com\/wp-content\/uploads\/2022\/03\/Power-Sites_4.jpg\" alt=\"\" class=\"wp-image-2113\" srcset=\"https:\/\/www.scpowerteam.com\/wp-content\/uploads\/2022\/03\/Power-Sites_4.jpg 863w, https:\/\/www.scpowerteam.com\/wp-content\/uploads\/2022\/03\/Power-Sites_4-259x300.jpg 259w, https:\/\/www.scpowerteam.com\/wp-content\/uploads\/2022\/03\/Power-Sites_4-768x890.jpg 768w, https:\/\/www.scpowerteam.com\/wp-content\/uploads\/2022\/03\/Power-Sites_4-10x12.jpg 10w\" sizes=\"auto, (max-width: 863px) 100vw, 863px\" \/><\/figure>\n<\/figure>\n<\/div>\n\n\n\n<div class=\"wp-block-column is-layout-flow wp-block-column-is-layout-flow\">\n<figure class=\"wp-block-image size-full\"><img loading=\"lazy\" decoding=\"async\" width=\"863\" height=\"1000\" src=\"https:\/\/www.scpowerteam.com\/wp-content\/uploads\/2022\/03\/Power-Sites_3.jpg\" alt=\"\" class=\"wp-image-1948\" srcset=\"https:\/\/www.scpowerteam.com\/wp-content\/uploads\/2022\/03\/Power-Sites_3.jpg 863w, https:\/\/www.scpowerteam.com\/wp-content\/uploads\/2022\/03\/Power-Sites_3-259x300.jpg 259w, https:\/\/www.scpowerteam.com\/wp-content\/uploads\/2022\/03\/Power-Sites_3-768x890.jpg 768w, https:\/\/www.scpowerteam.com\/wp-content\/uploads\/2022\/03\/Power-Sites_3-10x12.jpg 10w\" sizes=\"auto, (max-width: 863px) 100vw, 863px\" \/><\/figure>\n<\/div>\n\n\n\n<div class=\"wp-block-column is-layout-flow wp-block-column-is-layout-flow\">\n<figure class=\"wp-block-image size-full\"><img loading=\"lazy\" decoding=\"async\" width=\"863\" height=\"1000\" src=\"https:\/\/www.scpowerteam.com\/wp-content\/uploads\/2022\/03\/Power-Sites_2.jpg\" alt=\"\" class=\"wp-image-1949\" srcset=\"https:\/\/www.scpowerteam.com\/wp-content\/uploads\/2022\/03\/Power-Sites_2.jpg 863w, https:\/\/www.scpowerteam.com\/wp-content\/uploads\/2022\/03\/Power-Sites_2-259x300.jpg 259w, https:\/\/www.scpowerteam.com\/wp-content\/uploads\/2022\/03\/Power-Sites_2-768x890.jpg 768w, https:\/\/www.scpowerteam.com\/wp-content\/uploads\/2022\/03\/Power-Sites_2-10x12.jpg 10w\" sizes=\"auto, (max-width: 863px) 100vw, 863px\" \/><\/figure>\n<\/div>\n<\/div>\n\n\n\n<p class=\"has-text-align-center has-light-gray-color has-text-color\"><em>(Photo ci-dessus\u00a0:<\/em> <em>Connexial Sp\u00e9culatif B\u00e2timent | Coop\u00e9rative \u00e9lectrique Laurens, <\/em><br><em>Parc commercial de la mi-Caroline | Coop\u00e9rative \u00e9lectrique de Newberry, b\u00e2timent sp\u00e9culatif du comt\u00e9 de Lee | Coop\u00e9rative d&#039;\u00e9lectricit\u00e9 de Rivi\u00e8re Noire)<\/em><\/p>\n\n\n\n<div style=\"height:55px\" aria-hidden=\"true\" class=\"wp-block-spacer\"><\/div>\n\n\n\n<h3 class=\"wp-block-heading has-text-align-center has-white-color has-text-color\"><em>le <strong>Association nationale des d\u00e9veloppeurs \u00e9conomiques ruraux (NREDA)<\/strong> <\/em><br><em>a reconnu la South Carolina Power Team avec le <\/em><br><em><strong>Prix d&#039;excellence organisationnelle 2017<\/strong> pour ses efforts en mati\u00e8re de d\u00e9veloppement rural <\/em><br><em>et faire des sites <\/em><em>pr\u00eat pour le march\u00e9 gr\u00e2ce aux investissements du FRU.<\/em><\/h3>\n<\/div>\n\n\n\n\n\n<h5 class=\"wp-block-heading\"><br><br><\/h5>\n\n\n\n<h2 class=\"wp-block-heading has-text-align-center has-teal-color has-text-color\">Votre ressource d&#039;\u00e9quipe\u00a0:<\/h2>\n\n\n\n<style>\n  \n<\/style>\n\n<div id=\"blogcards-block_f0770c2761da54f914ca1ac484c296dd\" class=\"blogcards\">\n  \n  <div class=\"container\">\n    \n    <div class=\"row\">\n      \n      <div class=\"col-12\">\n      \n        <div class=\"post-grid\"><div class=\"teamcard\"><a href=\"https:\/\/www.scpowerteam.com\/fr\/team\/rebecca-breland\/\"><img decoding=\"async\" class=\"team-headshot\" alt=\"Rebecca M. Breland\" src=\"https:\/\/www.scpowerteam.com\/wp-content\/uploads\/2022\/02\/RB-candid-for-website-2026.jpeg.jpg\"><\/a><div class=\"card-content\"><p class=\"name\">Rebecca M. Breland, \u00ce.-P.-\u00c9.<\/p><p class=\"position\">Senior Vice President, Community Preparedness<\/p><\/div><\/div><\/div>      \n      <\/div>\n    \n    <\/div>\n    \n  <\/div>\n  \n<\/div>","protected":false},"excerpt":{"rendered":"<p>Jusqu&#039;en 2021, $237 millions d&#039;investissements combin\u00e9s pour cr\u00e9er des sites pr\u00eats \u00e0 \u00eatre commercialis\u00e9s sur une p\u00e9riode de huit ans. Rester au pouvoir\u00a0: depuis 1988, l&#039;\u00e9quipe d&#039;alimentation de la Caroline du Sud et nos partenaires ont poursuivi notre engagement \u00e0 \u00eatre un partenaire de services publics solide pour ceux que nous servons. Nous fournissons une alimentation tr\u00e8s fiable et abordable pour que les entreprises puissent prosp\u00e9rer et se d\u00e9velopper. L\u00e0 [\u2026]<\/p>","protected":false},"author":1,"featured_media":0,"parent":10,"menu_order":4,"comment_status":"closed","ping_status":"closed","template":"","meta":{"_acf_changed":false,"footnotes":""},"class_list":["post-18","page","type-page","status-publish","hentry"],"acf":[],"_links":{"self":[{"href":"https:\/\/www.scpowerteam.com\/fr\/wp-json\/wp\/v2\/pages\/18","targetHints":{"allow":["GET"]}}],"collection":[{"href":"https:\/\/www.scpowerteam.com\/fr\/wp-json\/wp\/v2\/pages"}],"about":[{"href":"https:\/\/www.scpowerteam.com\/fr\/wp-json\/wp\/v2\/types\/page"}],"author":[{"embeddable":true,"href":"https:\/\/www.scpowerteam.com\/fr\/wp-json\/wp\/v2\/users\/1"}],"replies":[{"embeddable":true,"href":"https:\/\/www.scpowerteam.com\/fr\/wp-json\/wp\/v2\/comments?post=18"}],"version-history":[{"count":49,"href":"https:\/\/www.scpowerteam.com\/fr\/wp-json\/wp\/v2\/pages\/18\/revisions"}],"predecessor-version":[{"id":2660,"href":"https:\/\/www.scpowerteam.com\/fr\/wp-json\/wp\/v2\/pages\/18\/revisions\/2660"}],"up":[{"embeddable":true,"href":"https:\/\/www.scpowerteam.com\/fr\/wp-json\/wp\/v2\/pages\/10"}],"wp:attachment":[{"href":"https:\/\/www.scpowerteam.com\/fr\/wp-json\/wp\/v2\/media?parent=18"}],"curies":[{"name":"wp","href":"https:\/\/api.w.org\/{rel}","templated":true}]}}