{"id":2628,"date":"2024-10-01T16:23:12","date_gmt":"2024-10-01T20:23:12","guid":{"rendered":"https:\/\/www.scpowerteam.com\/?page_id=2628"},"modified":"2024-10-01T16:23:12","modified_gmt":"2024-10-01T20:23:12","slug":"clean-energy","status":"publish","type":"page","link":"https:\/\/www.scpowerteam.com\/fr\/target-industries\/clean-energy\/","title":{"rendered":"\u00c9nergie propre"},"content":{"rendered":"<style>\n  \n  #hero-block_b14f50678b3dd627ef2b8c9f11aa35ce { \n        background-color: #00437b;\n    }\n  \n<\/style>\n\n<div id=\"hero-block_b14f50678b3dd627ef2b8c9f11aa35ce\" class=\"hero alignfull Dark\">\n  \n  <div class=\"container\">\n    \n    <div class=\"row\">\n      \n    <div class=\"col-12 col-sm-5\">\n      \n      <h5>Nous savons<\/h5>\n      <h1>\u00c9nergie propre<\/h1>\n      \n            \n            \n    <\/div>\n    \n    <div class=\"col-12 col-sm-7\">\n      \n      <div class=\"hero-content\">\n        \n        <p>The Clean Energy market that South Carolina has created over the last 10 years is robust and cost-effective for prospects in the industry. In 2021, Solar Energy Industries Association identified South Carolina as one of three emerging solar manufacturing hubs in the United States. For such a geographically small state, South Carolina currently ranks 14<sup>th<\/sup> in solar capacity, with more than 2,099 MW in capacity from existing solar farms. Additionally, the cost of solar energy in South Carolina has decreased by 54% over the last 10 years. As a commitment to our existing and prospective members, the electric cooperatives have a multitude of programs and resources geared towards supporting green energy initiatives on our system.<\/p>\n<ul>\n<li>Clean Energy Manufacturing<\/li>\n<li>Solar Panel Manufacturing<\/li>\n<li>Hydrogen Fuel Cell Production<\/li>\n<\/ul>\n<p>&nbsp;<\/p>\n      \n      <\/div>\n      \n    <\/div>\n    \n    <\/div>\n    \n  <\/div>\n  \n<\/div>\n\n\n<div class=\"wp-block-group has-white-background-color has-background is-layout-flow wp-block-group-is-layout-flow\">\n<div class=\"wp-block-columns is-layout-flex wp-container-core-columns-is-layout-28f84493 wp-block-columns-is-layout-flex\">\n<div class=\"wp-block-column is-layout-flow wp-block-column-is-layout-flow\" style=\"flex-basis:50%\"><\/div>\n\n\n\n<div class=\"wp-block-column is-layout-flow wp-block-column-is-layout-flow\" style=\"flex-basis:25%\"><\/div>\n<\/div>\n\n\n\n<div class=\"wp-block-columns is-layout-flex wp-container-core-columns-is-layout-28f84493 wp-block-columns-is-layout-flex\">\n<div class=\"wp-block-column is-layout-flow wp-block-column-is-layout-flow\">\n<h2 class=\"wp-block-heading has-teal-color has-text-color\" id=\"leading-life-sciences-companies-in-sc\"><strong>Leading Clean Energy Companies in SC<\/strong><\/h2>\n<\/div>\n<\/div>\n\n\n\n<div class=\"wp-block-columns is-layout-flex wp-container-core-columns-is-layout-28f84493 wp-block-columns-is-layout-flex\">\n<div class=\"wp-block-column is-layout-flow wp-block-column-is-layout-flow\" style=\"flex-basis:66.66%\">\n<script type=\"text\/javascript\" src=\"https:\/\/media.zoomprospector.com\/common\/scripts\/businesswidget.iframe.js?&amp;bwHHN=1&amp;sst=SOUTHCAROLINA&amp;environment=production&amp;height=750&amp;bwlatlngzoom=33.914345%2C-80.898942%7C7&amp;bwparams=cluster_02627e08-387b-49b2-a8f3-aa72e315923e\"><\/script>\n<\/div>\n\n\n\n<div class=\"wp-block-column is-layout-flow wp-block-column-is-layout-flow\" style=\"flex-basis:33.33%\">\n<p><em>Utilisez cette carte interactive pour en savoir plus sur l&#039;industrie des sciences de la vie en Caroline du Sud et pour explorer les grappes cr\u00e9\u00e9es par la main-d&#039;\u0153uvre qualifi\u00e9e, l&#039;infrastructure strat\u00e9gique, le faible co\u00fbt des affaires et la qualit\u00e9 de vie attrayante de notre \u00c9tat.<\/em><\/p>\n\n\n\n<p><\/p>\n\n\n\n<div class=\"wp-block-buttons is-layout-flex wp-block-buttons-is-layout-flex\">\n<div class=\"wp-block-button\"><a class=\"wp-block-button__link wp-element-button\" href=\"https:\/\/www.scpowerteam.com\/fr\/properties\/?zpeptShare=aHR0cHM6Ly9wcm9wZXJ0aWVzLnpvb21wcm9zcGVjdG9yLmNvbS9zb3V0aGNhcm9saW5hL2NvbW11bml0eS9TdGF0ZS1vZi1Tb3V0aC1DYXJvbGluYS9yMjEvYnVzaW5lc3M%2FY2x1c3RlcnM9QUZFQzVDRDktNzI2RS00Q0FGLUEwMEQtRDkyMzgwQ0VENDJEJmNsdXN0ZXJJZHNbMF09NyZjbHVzdGVydGV4dD1MaWZlJTIwU2NpZW5jZXMmbGF5ZXJzPVNPVVRIQ0FST0xJTkFCT1VOREFSWSZsYXQ9MzMuNjQ1Nzk3Nzk1MDE4OTQmbG5nPS04MC45NTE2MDI5OTk2MzgyOCZ6b29tPTc%3D\" target=\"_blank\" rel=\"noreferrer noopener\">voir les d\u00e9tails ici<\/a><\/div>\n<\/div>\n<\/div>\n<\/div>\n<\/div>\n\n\n\n<div class=\"wp-block-group has-light-gray-background-color has-background is-layout-flow wp-block-group-is-layout-flow\">\n<div class=\"wp-block-columns is-layout-flex wp-container-core-columns-is-layout-28f84493 wp-block-columns-is-layout-flex\">\n<div class=\"wp-block-column is-layout-flow wp-block-column-is-layout-flow\">\n<h5 class=\"wp-block-heading has-text-align-center has-teal-color has-text-color\" id=\"resources\">Ressources<\/h5>\n\n\n\n<h2 class=\"wp-block-heading has-text-align-center\" id=\"workforce-education-training\">\u00c9ducation et formation de la main-d&#039;\u0153uvre<\/h2>\n<\/div>\n<\/div>\n\n\n\n<div class=\"wp-block-columns is-layout-flex wp-container-core-columns-is-layout-28f84493 wp-block-columns-is-layout-flex\">\n<div class=\"wp-block-column is-layout-flow wp-block-column-is-layout-flow\" style=\"flex-basis:20%\"><\/div>\n\n\n\n<div class=\"wp-block-column is-layout-flow wp-block-column-is-layout-flow\" style=\"flex-basis:60%\">\n<style>\n\n.toggle-list {\n  \n}\n\n<\/style>\n\n<div id=\"togglelist-block_76b00fdabc81cf90a17a8c488d5d59cc\" class=\"toggle-list\">\n  \n  <div class=\"w-tabs layout_accordion type_toggle\"><div class=\"w-tabs-h\">          \n          <div class=\"w-tabs-section\">\n            <div class=\"w-tabs-section-title\">\n              <span class=\"w-tabs-section-title-text\" itemprop=\"name\">readySC\u2122 et Apprenticeship Carolina\u2122<\/span>\n              <span class=\"w-tabs-section-title-control\">\n                <span class=\"icon-plus\"><\/span>\n              <\/span>\n            <\/div>\n            <div class=\"w-tabs-section-content\" style=\"display: none;\">\n              <div class=\"w-tabs-section-content-h\" itemprop=\"text\">\n                <ul>\n<li>Fournit des comp\u00e9tences et une formation technique aux employ\u00e9s des entreprises nouvelles et en expansion en Caroline du Sud<\/li>\n<li>Travaille en \u00e9troite collaboration avec les nouvelles entreprises pour fournir les outils de recrutement, de formation et de d\u00e9veloppement de la main-d&#039;\u0153uvre et l&#039;assistance dont elles ont besoin pour d\u00e9marrer et fonctionner<\/li>\n<li>Aide la main-d&#039;\u0153uvre d&#039;une entreprise \u00e0 continuer de cro\u00eetre en guidant les entreprises tout au long du processus d&#039;apprentissage enregistr\u00e9, de l&#039;information initiale \u00e0 la pleine reconnaissance dans le syst\u00e8me national d&#039;apprentissage enregistr\u00e9<\/li>\n<li>Sites Internet: <a href=\"https:\/\/www.readysc.org\/\">ReadySC\u2122<\/a> et <a href=\"http:\/\/www.apprenticeshipcarolina.com\/\">Apprentissage Caroline<\/a><\/li>\n<\/ul>\n              <\/div>\n            <\/div>\n          <\/div>\n  \n            \n          <div class=\"w-tabs-section\">\n            <div class=\"w-tabs-section-title\">\n              <span class=\"w-tabs-section-title-text\" itemprop=\"name\">Universit\u00e9 Clemson<\/span>\n              <span class=\"w-tabs-section-title-control\">\n                <span class=\"icon-plus\"><\/span>\n              <\/span>\n            <\/div>\n            <div class=\"w-tabs-section-content\" style=\"display: none;\">\n              <div class=\"w-tabs-section-content-h\" itemprop=\"text\">\n                <ul>\n<li>Les programmes de premier cycle de Clemson m\u00e8nent \u00e0 des dipl\u00f4mes BS et BA en sciences biologiques et \u00e0 un BS en microbiologie. De plus, Clemson propose des domaines d&#039;int\u00e9r\u00eat en entomologie, pr\u00e9pharmacie, pr\u00e9r\u00e9habilitation, biologie quantitative, toxicologie, enseignement secondaire et biom\u00e9decine. Les programmes d&#039;\u00e9tudes sup\u00e9rieures de Clemson comprennent la ma\u00eetrise et le doctorat. dipl\u00f4mes en sciences biologiques, toxicologie environnementale et microbiologie. Il existe \u00e9galement un programme BS \/ MS de 5 ans en sciences biologiques et bioing\u00e9nierie. Les membres du corps professoral en sciences biologiques participent \u00e9galement aux programmes interd\u00e9partementaux de ma\u00eetrise et de doctorat. programmes en sciences v\u00e9g\u00e9tales et environnementales. Clemson propose en outre une ma\u00eetrise en ligne en sciences biologiques pour les enseignants en sciences.<\/li>\n<li>Site Internet: <a href=\"https:\/\/www.clemson.edu\/science\/departments\/biosci\/\">Universit\u00e9 Clemson<\/a><\/li>\n<\/ul>\n              <\/div>\n            <\/div>\n          <\/div>\n  \n            \n          <div class=\"w-tabs-section\">\n            <div class=\"w-tabs-section-title\">\n              <span class=\"w-tabs-section-title-text\" itemprop=\"name\">Universit\u00e9 de Caroline du Sud<\/span>\n              <span class=\"w-tabs-section-title-control\">\n                <span class=\"icon-plus\"><\/span>\n              <\/span>\n            <\/div>\n            <div class=\"w-tabs-section-content\" style=\"display: none;\">\n              <div class=\"w-tabs-section-content-h\" itemprop=\"text\">\n                <ul>\n<li>Situ\u00e9 au c\u0153ur de Columbia, le D\u00e9partement des sciences biologiques est l&#039;un des plus grands d\u00e9partements de l&#039;UofSC. Leur mission est de faire progresser les connaissances et les d\u00e9couvertes dans de nombreux aspects de la biologie allant du niveau cellulaire et g\u00e9n\u00e9tique au niveau de l&#039;organisme et de l&#039;environnement. Le D\u00e9partement r\u00e9alise des travaux de pointe <a href=\"https:\/\/sc.edu\/study\/colleges_schools\/artsandsciences\/biological_sciences\/research\/index.php\">recherche<\/a>, et transmet les connaissances aux \u00e9tudiants et aux citoyens par le biais de cours de premier ordre, <a href=\"https:\/\/sc.edu\/study\/colleges_schools\/artsandsciences\/biological_sciences\/study\/index.php\">programmes<\/a> et l&#039;engagement communautaire. Ils s&#039;efforcent de fournir \u00e0 leurs \u00e9tudiants de premier cycle et des cycles sup\u00e9rieurs la meilleure \u00e9ducation et formation qui leur permet d&#039;atteindre leurs objectifs professionnels et personnels.<\/li>\n<li>Site Internet: <a href=\"https:\/\/sc.edu\/study\/colleges_schools\/artsandsciences\/biological_sciences\/index.php\">Universit\u00e9 de Caroline du Sud<\/a><\/li>\n<\/ul>\n              <\/div>\n            <\/div>\n          <\/div>\n  \n  <\/div><\/div>  \n  \n<\/div>\n  <\/div>\n\n\n\n<div class=\"wp-block-column is-layout-flow wp-block-column-is-layout-flow\" style=\"flex-basis:20%\"><\/div>\n<\/div>\n<\/div>","protected":false},"excerpt":{"rendered":"<p>Leading Clean Energy Companies in SC Use this interactive map to learn more about the life sciences industry in South Carolina, and to explore the clusters created by our state\u2019s skilled workforce, strategic infrastructure, low cost of business, and attractive quality of life. Resources Workforce Education &amp; Training<\/p>","protected":false},"author":3,"featured_media":0,"parent":56,"menu_order":0,"comment_status":"closed","ping_status":"closed","template":"","meta":{"_acf_changed":false,"footnotes":""},"class_list":["post-2628","page","type-page","status-publish","hentry"],"acf":[],"_links":{"self":[{"href":"https:\/\/www.scpowerteam.com\/fr\/wp-json\/wp\/v2\/pages\/2628","targetHints":{"allow":["GET"]}}],"collection":[{"href":"https:\/\/www.scpowerteam.com\/fr\/wp-json\/wp\/v2\/pages"}],"about":[{"href":"https:\/\/www.scpowerteam.com\/fr\/wp-json\/wp\/v2\/types\/page"}],"author":[{"embeddable":true,"href":"https:\/\/www.scpowerteam.com\/fr\/wp-json\/wp\/v2\/users\/3"}],"replies":[{"embeddable":true,"href":"https:\/\/www.scpowerteam.com\/fr\/wp-json\/wp\/v2\/comments?post=2628"}],"version-history":[{"count":8,"href":"https:\/\/www.scpowerteam.com\/fr\/wp-json\/wp\/v2\/pages\/2628\/revisions"}],"predecessor-version":[{"id":2700,"href":"https:\/\/www.scpowerteam.com\/fr\/wp-json\/wp\/v2\/pages\/2628\/revisions\/2700"}],"up":[{"embeddable":true,"href":"https:\/\/www.scpowerteam.com\/fr\/wp-json\/wp\/v2\/pages\/56"}],"wp:attachment":[{"href":"https:\/\/www.scpowerteam.com\/fr\/wp-json\/wp\/v2\/media?parent=2628"}],"curies":[{"name":"wp","href":"https:\/\/api.w.org\/{rel}","templated":true}]}}