{"id":2675,"date":"2024-10-01T16:21:28","date_gmt":"2024-10-01T20:21:28","guid":{"rendered":"https:\/\/www.scpowerteam.com\/?page_id=2675"},"modified":"2024-10-01T16:21:28","modified_gmt":"2024-10-01T20:21:28","slug":"legacy-members","status":"publish","type":"page","link":"https:\/\/www.scpowerteam.com\/fr\/target-industries\/legacy-members\/","title":{"rendered":"Membres Legacy"},"content":{"rendered":"<style>\n  \n  #hero-block_e75b361a42f1b08445485c153c789e6f { \n        background-color: #00437b;\n    }\n  \n<\/style>\n\n<div id=\"hero-block_e75b361a42f1b08445485c153c789e6f\" class=\"hero alignfull Dark\">\n  \n  <div class=\"container\">\n    \n    <div class=\"row\">\n      \n    <div class=\"col-12 col-sm-5\">\n      \n      <h5>Nous savons<\/h5>\n      <h1>Membres Legacy<\/h1>\n      \n            \n            \n    <\/div>\n    \n    <div class=\"col-12 col-sm-7\">\n      \n      <div class=\"hero-content\">\n        \n        <p>More than 450 industrial and commercial employers are members of one of our 19 electric cooperatives. Care for these Legacy Members is the number one priority of the South Carolina Power Team. For over 30 years, a dedicated existing industry program has fostered strong relationships, allowing co-op and Power Team staff to know local plant managers personally. We recognize the companies that create jobs and invest in our communities, and we respond to their needs accordingly.<\/p>\n<ul>\n<li>Every one of South Carolina\u2019s 19 electric cooperatives has trained staff ready to address the unique power requirements of local industries and businesses.<\/li>\n<li>Co-ops offer $150,000 annually in grant funding for reimbursement of training costs incurred by businesses for existing employees.<\/li>\n<li>An additional $2,000,000 in funding is available to incentivize expansions by co-op members that meet specific criteria.<\/li>\n<li>With 79,000 miles of distribution power lines, our cooperatives own three times the mileage of any other electric utility in the state.<\/li>\n<\/ul>\n<p>&nbsp;<\/p>\n      \n      <\/div>\n      \n    <\/div>\n    \n    <\/div>\n    \n  <\/div>\n  \n<\/div>\n\n\n<div class=\"wp-block-group has-white-background-color has-background is-layout-flow wp-block-group-is-layout-flow\">\n<div class=\"wp-block-columns is-layout-flex wp-container-core-columns-is-layout-28f84493 wp-block-columns-is-layout-flex\">\n<div class=\"wp-block-column is-layout-flow wp-block-column-is-layout-flow\" style=\"flex-basis:25%\"><\/div>\n\n\n\n<div class=\"wp-block-column is-layout-flow wp-block-column-is-layout-flow\" style=\"flex-basis:50%\">\n<p><strong>We also offer some unique services through our <a href=\"https:\/\/www.scpowerteam.com\/fr\/what-we-do\/business-retention-expansion\/\">Business Retention &amp; Expansion<\/a> office:<\/strong><br><\/p>\n\n\n\n<ul class=\"wp-block-list\">\n<li><em>Expansion Consultation<\/em>: We want to make continuous investment and expansion at your facility a reality.<\/li>\n\n\n\n<li><em>Connexions<\/em>: Industries on our power lines have an incredible support team.&nbsp; We are proud to act as facilitator to connect you to resources available to your business.<\/li>\n\n\n\n<li><em>Business Retention &amp; Upskilling Incentive<\/em>:&nbsp; The <a href=\"https:\/\/www.scpowerteam.com\/fr\/what-we-do\/financial-programs\/\">Incitation \u00e0 la r\u00e9tention et \u00e0 l&#039;expansion des entreprises<\/a> offers reimbursements for a portion of documented out-of-pocket costs incurred to train existing employees on new\/upgraded equipment.&nbsp; It is available to existing commercial members of South Carolina\u2019s Electric Cooperatives.<\/li>\n<\/ul>\n<\/div>\n\n\n\n<div class=\"wp-block-column is-layout-flow wp-block-column-is-layout-flow\" style=\"flex-basis:25%\"><\/div>\n<\/div>\n\n\n\n<div class=\"wp-block-columns is-layout-flex wp-container-core-columns-is-layout-28f84493 wp-block-columns-is-layout-flex\">\n<div class=\"wp-block-column is-layout-flow wp-block-column-is-layout-flow\" style=\"flex-basis:25%\"><\/div>\n\n\n\n<div class=\"wp-block-column is-layout-flow wp-block-column-is-layout-flow\" style=\"flex-basis:50%\">\n<p><\/p>\n\n\n\n<p><\/p>\n\n\n\n<p><strong>In Good Company<\/strong><br>Some of South Carolina&#8217;s electric cooperative legacy members include:<\/p>\n\n\n\n<figure class=\"wp-block-image size-full\"><img loading=\"lazy\" decoding=\"async\" width=\"642\" height=\"442\" src=\"https:\/\/www.scpowerteam.com\/wp-content\/uploads\/2024\/06\/Legacy-Logos-1.png\" alt=\"\" class=\"wp-image-2677\" srcset=\"https:\/\/www.scpowerteam.com\/wp-content\/uploads\/2024\/06\/Legacy-Logos-1.png 642w, https:\/\/www.scpowerteam.com\/wp-content\/uploads\/2024\/06\/Legacy-Logos-1-300x207.png 300w, https:\/\/www.scpowerteam.com\/wp-content\/uploads\/2024\/06\/Legacy-Logos-1-18x12.png 18w\" sizes=\"auto, (max-width: 642px) 100vw, 642px\" \/><\/figure>\n\n\n\n<figure class=\"wp-block-image size-full\"><img loading=\"lazy\" decoding=\"async\" width=\"658\" height=\"602\" src=\"https:\/\/www.scpowerteam.com\/wp-content\/uploads\/2024\/06\/Legacy-Logos-2.png\" alt=\"\" class=\"wp-image-2678\" srcset=\"https:\/\/www.scpowerteam.com\/wp-content\/uploads\/2024\/06\/Legacy-Logos-2.png 658w, https:\/\/www.scpowerteam.com\/wp-content\/uploads\/2024\/06\/Legacy-Logos-2-300x274.png 300w, https:\/\/www.scpowerteam.com\/wp-content\/uploads\/2024\/06\/Legacy-Logos-2-13x12.png 13w\" sizes=\"auto, (max-width: 658px) 100vw, 658px\" \/><\/figure>\n\n\n\n<p><br><\/p>\n<\/div>\n\n\n\n<div class=\"wp-block-column is-layout-flow wp-block-column-is-layout-flow\" style=\"flex-basis:25%\"><\/div>\n<\/div>\n\n\n\n<div class=\"wp-block-columns is-layout-flex wp-container-core-columns-is-layout-28f84493 wp-block-columns-is-layout-flex\">\n<div class=\"wp-block-column is-layout-flow wp-block-column-is-layout-flow\"><\/div>\n<\/div>\n<\/div>\n\n\n\n<div class=\"wp-block-group has-light-gray-background-color has-background is-layout-flow wp-block-group-is-layout-flow\">\n<div class=\"wp-block-columns is-layout-flex wp-container-core-columns-is-layout-28f84493 wp-block-columns-is-layout-flex\">\n<div class=\"wp-block-column is-layout-flow wp-block-column-is-layout-flow\">\n<h5 class=\"wp-block-heading has-text-align-center has-teal-color has-text-color\" id=\"resources\">Ressources<\/h5>\n\n\n\n<h2 class=\"wp-block-heading has-text-align-center\" id=\"workforce-education-training\">\u00c9ducation et formation de la main-d&#039;\u0153uvre<\/h2>\n<\/div>\n<\/div>\n\n\n\n<div class=\"wp-block-columns is-layout-flex wp-container-core-columns-is-layout-28f84493 wp-block-columns-is-layout-flex\">\n<div class=\"wp-block-column is-layout-flow wp-block-column-is-layout-flow\" style=\"flex-basis:20%\"><\/div>\n\n\n\n<div class=\"wp-block-column is-layout-flow wp-block-column-is-layout-flow\" style=\"flex-basis:60%\">\n<style>\n\n.toggle-list {\n  \n}\n\n<\/style>\n\n<div id=\"togglelist-block_6be237336a79604f22cb86107f60a86b\" class=\"toggle-list\">\n  \n  <div class=\"w-tabs layout_accordion type_toggle\"><div class=\"w-tabs-h\">          \n          <div class=\"w-tabs-section\">\n            <div class=\"w-tabs-section-title\">\n              <span class=\"w-tabs-section-title-text\" itemprop=\"name\">readySC\u2122 et Apprenticeship Carolina\u2122<\/span>\n              <span class=\"w-tabs-section-title-control\">\n                <span class=\"icon-plus\"><\/span>\n              <\/span>\n            <\/div>\n            <div class=\"w-tabs-section-content\" style=\"display: none;\">\n              <div class=\"w-tabs-section-content-h\" itemprop=\"text\">\n                <ul>\n<li>Fournit des comp\u00e9tences et une formation technique aux employ\u00e9s des entreprises nouvelles et en expansion en Caroline du Sud<\/li>\n<li>Travaille en \u00e9troite collaboration avec les nouvelles entreprises pour fournir les outils de recrutement, de formation et de d\u00e9veloppement de la main-d&#039;\u0153uvre et l&#039;assistance dont elles ont besoin pour d\u00e9marrer et fonctionner<\/li>\n<li>Aide la main-d&#039;\u0153uvre d&#039;une entreprise \u00e0 continuer de cro\u00eetre en guidant les entreprises tout au long du processus d&#039;apprentissage enregistr\u00e9, de l&#039;information initiale \u00e0 la pleine reconnaissance dans le syst\u00e8me national d&#039;apprentissage enregistr\u00e9<\/li>\n<li>Sites Internet: <a href=\"https:\/\/www.readysc.org\/\">ReadySC\u2122<\/a> et <a href=\"http:\/\/www.apprenticeshipcarolina.com\/\">Apprentissage Caroline<\/a><\/li>\n<\/ul>\n              <\/div>\n            <\/div>\n          <\/div>\n  \n            \n          <div class=\"w-tabs-section\">\n            <div class=\"w-tabs-section-title\">\n              <span class=\"w-tabs-section-title-text\" itemprop=\"name\">SCbio<\/span>\n              <span class=\"w-tabs-section-title-control\">\n                <span class=\"icon-plus\"><\/span>\n              <\/span>\n            <\/div>\n            <div class=\"w-tabs-section-content\" style=\"display: none;\">\n              <div class=\"w-tabs-section-content-h\" itemprop=\"text\">\n                <ul>\n<li>SCbio is the lead organization in South Carolina for recruiting and fostering growth of life sciences companies.<\/li>\n<li>Les principaux piliers organisationnels comprennent\u00a0:\n<ul>\n<li>Croissance de l&#039;industrie existante<\/li>\n<li>Recrutement dans l&#039;industrie mondiale<\/li>\n<li>Start-ups et organisations en phase de d\u00e9marrage<\/li>\n<\/ul>\n<\/li>\n<li>Site Internet: <a href=\"https:\/\/www.scbio.org\/cpages\/home\">SCbio<\/a><\/li>\n<\/ul>\n              <\/div>\n            <\/div>\n          <\/div>\n  \n            \n          <div class=\"w-tabs-section\">\n            <div class=\"w-tabs-section-title\">\n              <span class=\"w-tabs-section-title-text\" itemprop=\"name\">Universit\u00e9 m\u00e9dicale de Caroline du Sud\u00a0: <\/span>\n              <span class=\"w-tabs-section-title-control\">\n                <span class=\"icon-plus\"><\/span>\n              <\/span>\n            <\/div>\n            <div class=\"w-tabs-section-content\" style=\"display: none;\">\n              <div class=\"w-tabs-section-content-h\" itemprop=\"text\">\n                <ul>\n<li>L&#039;Universit\u00e9 m\u00e9dicale de Caroline du Sud (MUSC) est la premi\u00e8re institution de recherche biom\u00e9dicale de Caroline du Sud. Notre succ\u00e8s \u00e0 recevoir des fonds de recherche refl\u00e8te une entreprise de scientifiques fondamentaux et cliniques internationalement reconnus pour leur travail biom\u00e9dical dans des maladies telles que le cancer, les accidents vasculaires c\u00e9r\u00e9braux, les disparit\u00e9s en mati\u00e8re de sant\u00e9, les sciences de la toxicomanie, l&#039;inflammation et la fibrose et les maladies digestives - pour n&#039;en nommer que quelques-uns\u00a0! Tout cela est le r\u00e9sultat direct du recrutement de scientifiques de haut niveau avec une orientation strat\u00e9gique pour r\u00e9pondre aux besoins des habitants de la Caroline du Sud.<\/li>\n<li>Site Internet: <a href=\"https:\/\/research.musc.edu\/\">Universit\u00e9 m\u00e9dicale de Caroline du Sud\u00a0:\u00a0<\/a><\/li>\n<\/ul>\n              <\/div>\n            <\/div>\n          <\/div>\n  \n            \n          <div class=\"w-tabs-section\">\n            <div class=\"w-tabs-section-title\">\n              <span class=\"w-tabs-section-title-text\" itemprop=\"name\">Universit\u00e9 Clemson<\/span>\n              <span class=\"w-tabs-section-title-control\">\n                <span class=\"icon-plus\"><\/span>\n              <\/span>\n            <\/div>\n            <div class=\"w-tabs-section-content\" style=\"display: none;\">\n              <div class=\"w-tabs-section-content-h\" itemprop=\"text\">\n                <ul>\n<li>Les programmes de premier cycle de Clemson m\u00e8nent \u00e0 des dipl\u00f4mes BS et BA en sciences biologiques et \u00e0 un BS en microbiologie. De plus, Clemson propose des domaines d&#039;int\u00e9r\u00eat en entomologie, pr\u00e9pharmacie, pr\u00e9r\u00e9habilitation, biologie quantitative, toxicologie, enseignement secondaire et biom\u00e9decine. Les programmes d&#039;\u00e9tudes sup\u00e9rieures de Clemson comprennent la ma\u00eetrise et le doctorat. dipl\u00f4mes en sciences biologiques, toxicologie environnementale et microbiologie. Il existe \u00e9galement un programme BS \/ MS de 5 ans en sciences biologiques et bioing\u00e9nierie. Les membres du corps professoral en sciences biologiques participent \u00e9galement aux programmes interd\u00e9partementaux de ma\u00eetrise et de doctorat. programmes en sciences v\u00e9g\u00e9tales et environnementales. Clemson propose en outre une ma\u00eetrise en ligne en sciences biologiques pour les enseignants en sciences.<\/li>\n<li>Site Internet: <a href=\"https:\/\/www.clemson.edu\/science\/departments\/biosci\/\">Universit\u00e9 Clemson<\/a><\/li>\n<\/ul>\n              <\/div>\n            <\/div>\n          <\/div>\n  \n            \n          <div class=\"w-tabs-section\">\n            <div class=\"w-tabs-section-title\">\n              <span class=\"w-tabs-section-title-text\" itemprop=\"name\">Universit\u00e9 de Caroline du Sud<\/span>\n              <span class=\"w-tabs-section-title-control\">\n                <span class=\"icon-plus\"><\/span>\n              <\/span>\n            <\/div>\n            <div class=\"w-tabs-section-content\" style=\"display: none;\">\n              <div class=\"w-tabs-section-content-h\" itemprop=\"text\">\n                <ul>\n<li>Situ\u00e9 au c\u0153ur de Columbia, le D\u00e9partement des sciences biologiques est l&#039;un des plus grands d\u00e9partements de l&#039;UofSC. Leur mission est de faire progresser les connaissances et les d\u00e9couvertes dans de nombreux aspects de la biologie allant du niveau cellulaire et g\u00e9n\u00e9tique au niveau de l&#039;organisme et de l&#039;environnement. Le D\u00e9partement r\u00e9alise des travaux de pointe <a href=\"https:\/\/sc.edu\/study\/colleges_schools\/artsandsciences\/biological_sciences\/research\/index.php\">recherche<\/a>, et transmet les connaissances aux \u00e9tudiants et aux citoyens par le biais de cours de premier ordre, <a href=\"https:\/\/sc.edu\/study\/colleges_schools\/artsandsciences\/biological_sciences\/study\/index.php\">programmes<\/a> et l&#039;engagement communautaire. Ils s&#039;efforcent de fournir \u00e0 leurs \u00e9tudiants de premier cycle et des cycles sup\u00e9rieurs la meilleure \u00e9ducation et formation qui leur permet d&#039;atteindre leurs objectifs professionnels et personnels.<\/li>\n<li>Site Internet: <a href=\"https:\/\/sc.edu\/study\/colleges_schools\/artsandsciences\/biological_sciences\/index.php\">Universit\u00e9 de Caroline du Sud<\/a><\/li>\n<\/ul>\n              <\/div>\n            <\/div>\n          <\/div>\n  \n  <\/div><\/div>  \n  \n<\/div>\n  <\/div>\n\n\n\n<div class=\"wp-block-column is-layout-flow wp-block-column-is-layout-flow\" style=\"flex-basis:20%\"><\/div>\n<\/div>\n<\/div>","protected":false},"excerpt":{"rendered":"<p>We also offer some unique services through our Business Retention &amp; Expansion office: In Good CompanySome of South Carolina&#8217;s electric cooperative legacy members include: Resources Workforce Education &amp; Training<\/p>","protected":false},"author":3,"featured_media":0,"parent":56,"menu_order":0,"comment_status":"closed","ping_status":"closed","template":"","meta":{"_acf_changed":false,"footnotes":""},"class_list":["post-2675","page","type-page","status-publish","hentry"],"acf":[],"_links":{"self":[{"href":"https:\/\/www.scpowerteam.com\/fr\/wp-json\/wp\/v2\/pages\/2675","targetHints":{"allow":["GET"]}}],"collection":[{"href":"https:\/\/www.scpowerteam.com\/fr\/wp-json\/wp\/v2\/pages"}],"about":[{"href":"https:\/\/www.scpowerteam.com\/fr\/wp-json\/wp\/v2\/types\/page"}],"author":[{"embeddable":true,"href":"https:\/\/www.scpowerteam.com\/fr\/wp-json\/wp\/v2\/users\/3"}],"replies":[{"embeddable":true,"href":"https:\/\/www.scpowerteam.com\/fr\/wp-json\/wp\/v2\/comments?post=2675"}],"version-history":[{"count":8,"href":"https:\/\/www.scpowerteam.com\/fr\/wp-json\/wp\/v2\/pages\/2675\/revisions"}],"predecessor-version":[{"id":2702,"href":"https:\/\/www.scpowerteam.com\/fr\/wp-json\/wp\/v2\/pages\/2675\/revisions\/2702"}],"up":[{"embeddable":true,"href":"https:\/\/www.scpowerteam.com\/fr\/wp-json\/wp\/v2\/pages\/56"}],"wp:attachment":[{"href":"https:\/\/www.scpowerteam.com\/fr\/wp-json\/wp\/v2\/media?parent=2675"}],"curies":[{"name":"wp","href":"https:\/\/api.w.org\/{rel}","templated":true}]}}