{"id":64,"date":"2022-01-05T16:49:04","date_gmt":"2022-01-05T16:49:04","guid":{"rendered":"https:\/\/www.scpowerteam.com\/?page_id=64"},"modified":"2024-04-15T09:44:13","modified_gmt":"2024-04-15T13:44:13","slug":"our-partners","status":"publish","type":"page","link":"https:\/\/www.scpowerteam.com\/fr\/who-we-are\/our-partners\/","title":{"rendered":"Nos partenaires"},"content":{"rendered":"<style>\n  \n  #hero-block_6ae880b2466698738dd88905d7ee59a9 { \n      }\n  \n<\/style>\n\n<div id=\"hero-block_6ae880b2466698738dd88905d7ee59a9\" class=\"hero Light\">\n  \n  <div class=\"container\">\n    \n    <div class=\"row\">\n      \n    <div class=\"col-12 col-sm-5\">\n      \n      <h5>Port\u00e9e \u00e0 l&#039;\u00e9chelle de l&#039;\u00c9tat<\/h5>\n      <h1>Nos partenaires<\/h1>\n      \n            \n      <p><img loading=\"lazy\" decoding=\"async\" class=\"alignnone size-medium wp-image-1117\" src=\"https:\/\/www.scpowerteam.com\/wp-content\/uploads\/2022\/02\/Who-we-are-graphic-300x300.png\" alt=\"\" width=\"300\" height=\"300\" srcset=\"https:\/\/www.scpowerteam.com\/wp-content\/uploads\/2022\/02\/Who-we-are-graphic-300x300.png 300w, https:\/\/www.scpowerteam.com\/wp-content\/uploads\/2022\/02\/Who-we-are-graphic-150x150.png 150w, https:\/\/www.scpowerteam.com\/wp-content\/uploads\/2022\/02\/Who-we-are-graphic.png 480w\" sizes=\"auto, (max-width: 300px) 100vw, 300px\" \/><\/p>\n      \n    <\/div>\n    \n    <div class=\"col-12 col-sm-7\">\n      \n      <div class=\"hero-content\">\n        \n        <h3>The South Carolina Power Team is a full-service, non-profit economic development organization representing the state\u2019s 19 consumer-owned electric cooperatives.<\/h3>\n<p>La South Carolina Power Team dessert les deux tiers de la superficie de l&#039;\u00c9tat et environ la moiti\u00e9 de sa population. La mission de la South Carolina Power Team est de faciliter la croissance des emplois, des investissements et de la charge \u00e9lectrique en attirant de nouvelles activit\u00e9s industrielles et commerciales, ainsi que l&#039;expansion et la r\u00e9tention des entreprises et des installations existantes dans les zones de service de l&#039;\u00e9lectricit\u00e9. coop\u00e9ratives dans toute la Caroline du Sud.<\/p>\n      \n      <\/div>\n      \n    <\/div>\n    \n    <\/div>\n    \n  <\/div>\n  \n<\/div>\n\n\n<div class=\"wp-block-columns is-layout-flex wp-container-core-columns-is-layout-28f84493 wp-block-columns-is-layout-flex\">\n<div class=\"wp-block-column is-layout-flow wp-block-column-is-layout-flow\">\n<p class=\"has-white-color has-dark-blue-background-color has-text-color has-background\"><strong><a href=\"https:\/\/www.cepci.org\/\" target=\"_blank\" rel=\"noreferrer noopener\">Coop\u00e9rative centrale d&#039;\u00e9nergie \u00e9lectrique<\/a> \u2014 Soci\u00e9t\u00e9 de transport<\/strong><br><em>\u00c0 but non lucratif et propri\u00e9t\u00e9 de ses membres<\/em><br><br>-Provides total wholesale electric service to all of South Carolina\u2019s 19 electric cooperatives<br>-Les actifs de transmission consistent en plus de 800 milles de lignes<br>-Est le seul syst\u00e8me \u00e9lectrique \u00e0 l&#039;\u00e9chelle de l&#039;\u00c9tat en Caroline du Sud<\/p>\n<\/div>\n<\/div>\n\n\n\n<div class=\"wp-block-columns is-layout-flex wp-container-core-columns-is-layout-28f84493 wp-block-columns-is-layout-flex\">\n<div class=\"wp-block-column is-layout-flow wp-block-column-is-layout-flow\">\n<p class=\"has-dark-blue-color has-white-background-color has-text-color has-background\"><a href=\"https:\/\/www.ecsc.org\/\" target=\"_blank\" rel=\"noreferrer noopener\">Electric Cooperatives (19)<\/a><strong> - Distribution<\/strong><br><em>\u00c0 but non lucratif et propri\u00e9t\u00e9 de ses membres<\/em><br><br>-Dessert plus de 1,5 million de Caroline du Sud dans les 46 comt\u00e9s<br>-Construit et entretient le plus grand syst\u00e8me de distribution d&#039;\u00e9nergie de l&#039;\u00c9tat<br>- Poss\u00e8de et exploite plus de 72 000 milles de lignes \u00e9lectriques couvrant 70 % de la Caroline du Sud<br>-Investit des millions de dollars dans des projets d&#039;infrastructure communautaire et d&#039;am\u00e9lioration de site<\/p>\n<\/div>\n<\/div>\n\n\n\n<div class=\"wp-block-columns is-layout-flex wp-container-core-columns-is-layout-28f84493 wp-block-columns-is-layout-flex\">\n<div class=\"wp-block-column is-layout-flow wp-block-column-is-layout-flow\">\n<h2 class=\"wp-block-heading has-text-align-center has-teal-color has-text-color\"><strong>Coop\u00e9ratives \u00e9lectriques de Caroline du Sud<\/strong><\/h2>\n<\/div>\n<\/div>\n\n\n\n<div class=\"wp-block-columns is-layout-flex wp-container-core-columns-is-layout-28f84493 wp-block-columns-is-layout-flex\">\n<div class=\"wp-block-column is-layout-flow wp-block-column-is-layout-flow\">\n<p class=\"has-text-align-center\"><a href=\"http:\/\/www.aikenco-op.org\/\">Coop\u00e9rative \u00e9lectrique Aiken<\/a><br><a href=\"http:\/\/www.berkeleyelectric.coop\/\">Coop\u00e9rative \u00e9lectrique de Berkeley<\/a><br><a href=\"http:\/\/www.blackriver.coop\/\">Coop\u00e9rative \u00e9lectrique Rivi\u00e8re Noire<\/a><br><a href=\"http:\/\/www.blueridge.coop\/\">Coop\u00e9rative \u00e9lectrique Blue Ridge<\/a><br><a href=\"http:\/\/www.broadriverelectric.com\/\">Coop\u00e9rative \u00e9lectrique de Broad River<\/a><br><a href=\"http:\/\/www.coastal.coop\/\">Coop\u00e9rative \u00e9lectrique c\u00f4ti\u00e8re<\/a><br><a href=\"http:\/\/www.edistoelectric.com\/\">Coop\u00e9rative \u00e9lectrique Edisto<\/a><br><a href=\"http:\/\/www.fairfield.coop\/\">Coop\u00e9rative \u00e9lectrique Fairfield<\/a><br><a href=\"http:\/\/www.horryelectric.com\/\">Horry Electric Coop\u00e9rative<\/a><br><a href=\"http:\/\/www.laurenselectric.com\/\">Coop\u00e9rative \u00e9lectrique Laurens<\/a><\/p>\n<\/div>\n\n\n\n<div class=\"wp-block-column is-layout-flow wp-block-column-is-layout-flow\">\n<p class=\"has-text-align-center\"><a href=\"http:\/\/www.lreci.coop\/\">Coop\u00e9rative \u00e9lectrique de Little River<\/a><br><a href=\"http:\/\/www.lynchesriver.com\/\">Coop\u00e9rative \u00e9lectrique de Lynches River<\/a><br><a href=\"https:\/\/www.mpd.coop\/\" data-type=\"link\" data-id=\"https:\/\/www.mpd.coop\/\">MPD Electric Cooperative<\/a><br><a href=\"http:\/\/www.mcecoop.com\/\">Coop\u00e9rative \u00e9lectrique du milieu de la Caroline<\/a><br><a href=\"http:\/\/www.nec.coop\/\">Coop\u00e9rative \u00e9lectrique de Newberry<\/a><br><a href=\"http:\/\/www.palmetto.coop\/\">Coop\u00e9rative \u00e9lectrique Palmetto<\/a><br><a href=\"http:\/\/www.santee.org\/\">Coop\u00e9rative \u00e9lectrique Santee<br><\/a><a href=\"http:\/\/tri-countyelectric.net\/\">Coop\u00e9rative \u00e9lectrique des trois comt\u00e9s<br><\/a><a href=\"http:\/\/www.yorkelectric.net\/\">Coop\u00e9rative d&#039;\u00e9lectricit\u00e9 de York<\/a><\/p>\n<\/div>\n<\/div>\n\n\n\n<div class=\"wp-block-columns is-layout-flex wp-container-core-columns-is-layout-28f84493 wp-block-columns-is-layout-flex\">\n<div class=\"wp-block-column is-layout-flow wp-block-column-is-layout-flow\">\n<p class=\"has-white-color has-dark-blue-background-color has-text-color has-background\"><strong><a href=\"https:\/\/www.scpowerteam.com\/fr\/\" target=\"_blank\" rel=\"noreferrer noopener\">\u00c9quipe de puissance de Caroline du Sud<\/a> \u2014 D\u00e9veloppement \u00e9conomique, d\u00e9veloppement des affaires,<br>Pr\u00e9paration communautaire et marketing<\/strong><br><br>-Favorise la cr\u00e9ation d&#039;emplois, l&#039;investissement en capital et la charge \u00e9lectrique gr\u00e2ce \u00e0 l&#039;attraction de nouveaux industriels<br>et activit\u00e9 commerciale<br>-Soutient l&#039;expansion et la r\u00e9tention des entreprises existantes<br>-Fournit des services de gestion de projet pour simplifier et acc\u00e9l\u00e9rer la relocalisation d&#039;une organisation vers notre<br>\u00c9tat ou une industrie existante avec son expansion<br>-Offre une aide au d\u00e9veloppement communautaire, au d\u00e9veloppement de sites et aux initiatives de comp\u00e9titivit\u00e9<\/p>\n<\/div>\n<\/div>\n\n\n\n<div class=\"wp-block-columns is-layout-flex wp-container-core-columns-is-layout-28f84493 wp-block-columns-is-layout-flex\">\n<div class=\"wp-block-column is-layout-flow wp-block-column-is-layout-flow\" style=\"flex-basis:25%\"><\/div>\n\n\n\n<div class=\"wp-block-column is-layout-flow wp-block-column-is-layout-flow\" style=\"flex-basis:50%\"><\/div>\n\n\n\n<div class=\"wp-block-column is-layout-flow wp-block-column-is-layout-flow\" style=\"flex-basis:25%\"><\/div>\n<\/div>\n\n\n\n<div class=\"wp-block-columns is-layout-flex wp-container-core-columns-is-layout-28f84493 wp-block-columns-is-layout-flex\">\n<div class=\"wp-block-column is-layout-flow wp-block-column-is-layout-flow\">\n<h2 class=\"wp-block-heading has-text-align-center has-teal-color has-text-color\"><br><em>Notre r\u00e9seau \u00e9lectrique couvre tout l&#039;\u00c9tat, desservant les 2\/3 des r\u00e9sidents et bon nombre des plus grandes entreprises industrielles de Caroline du Sud.<\/em><br><\/h2>\n<\/div>\n<\/div>","protected":false},"excerpt":{"rendered":"<p>Central Electric Power Cooperative \u2014 Transmission CompanyNon-Profit &amp; Member-Owned -Provides total wholesale electric service to all of South Carolina\u2019s 19 electric cooperatives-Transmission assets consist of more than 800 miles of lines-Is the only statewide electric system in South Carolina Electric Cooperatives (19) \u2014 DistributionNon-Profit &amp; Member-Owned -Serves more than 1.5 million South Carolinians in all [&hellip;]<\/p>","protected":false},"author":1,"featured_media":0,"parent":58,"menu_order":3,"comment_status":"closed","ping_status":"closed","template":"","meta":{"_acf_changed":false,"footnotes":""},"class_list":["post-64","page","type-page","status-publish","hentry"],"acf":[],"_links":{"self":[{"href":"https:\/\/www.scpowerteam.com\/fr\/wp-json\/wp\/v2\/pages\/64","targetHints":{"allow":["GET"]}}],"collection":[{"href":"https:\/\/www.scpowerteam.com\/fr\/wp-json\/wp\/v2\/pages"}],"about":[{"href":"https:\/\/www.scpowerteam.com\/fr\/wp-json\/wp\/v2\/types\/page"}],"author":[{"embeddable":true,"href":"https:\/\/www.scpowerteam.com\/fr\/wp-json\/wp\/v2\/users\/1"}],"replies":[{"embeddable":true,"href":"https:\/\/www.scpowerteam.com\/fr\/wp-json\/wp\/v2\/comments?post=64"}],"version-history":[{"count":41,"href":"https:\/\/www.scpowerteam.com\/fr\/wp-json\/wp\/v2\/pages\/64\/revisions"}],"predecessor-version":[{"id":2661,"href":"https:\/\/www.scpowerteam.com\/fr\/wp-json\/wp\/v2\/pages\/64\/revisions\/2661"}],"up":[{"embeddable":true,"href":"https:\/\/www.scpowerteam.com\/fr\/wp-json\/wp\/v2\/pages\/58"}],"wp:attachment":[{"href":"https:\/\/www.scpowerteam.com\/fr\/wp-json\/wp\/v2\/media?parent=64"}],"curies":[{"name":"wp","href":"https:\/\/api.w.org\/{rel}","templated":true}]}}