{"id":734,"date":"2022-02-03T16:29:25","date_gmt":"2022-02-03T21:29:25","guid":{"rendered":"https:\/\/www.scpowerteam.com\/?page_id=734"},"modified":"2025-05-12T15:32:06","modified_gmt":"2025-05-12T19:32:06","slug":"economic-development-review","status":"publish","type":"page","link":"https:\/\/www.scpowerteam.com\/fr\/what-we-do\/economic-development-review\/","title":{"rendered":"Examen du d\u00e9veloppement \u00e9conomique"},"content":{"rendered":"<style>\n  \n  #hero-block_98360b044508f25074a6370da5ad286a { \n        background-color: #04437b;\n    }\n  \n<\/style>\n\n<div id=\"hero-block_98360b044508f25074a6370da5ad286a\" class=\"hero alignfull Dark\">\n  \n  <div class=\"container\">\n    \n    <div class=\"row\">\n      \n    <div class=\"col-12 col-sm-5\">\n      \n      <h5>Ce que nous faisons<\/h5>\n      <h1>Examen du d\u00e9veloppement \u00e9conomique<\/h1>\n      \n              <a class=\"button\" href=\"https:\/\/www.youtube.com\/@southcarolinapowerteam6189\">\n          <span class=\"bottom-text\">Voir les sessions pr\u00e9c\u00e9dentes<\/span><\/span>          \n        <\/a>\n            \n            \n    <\/div>\n    \n    <div class=\"col-12 col-sm-7\">\n      \n      <div class=\"hero-content\">\n        \n        <h4>Each year, the South Carolina Power Team hosts select stakeholders, partners and allies in the economic development community for the Economic Development Review (EDR), a two-and-half day conference held on Isle of Palms, South Carolina.<\/h4>\n<p>Cet \u00e9v\u00e9nement phare rassemble plus de 200 professionnels et fournit des informations de pointe sur :<\/p>\n<ul>\n<li>initiatives que la South Carolina Power Team met en \u0153uvre dans le but d&#039;\u00e9tendre, de retenir et de recruter de nouvelles industries en Caroline du Sud<\/li>\n<li>sujets cl\u00e9s de l&#039;industrie<\/li>\n<li>histoires de r\u00e9ussite d&#039;annonces existantes ou nouvelles de l&#039;industrie<\/li>\n<li>\u00e9ducation sur la pr\u00e9paration de la communaut\u00e9<\/li>\n<li>les organisations invit\u00e9es sont s\u00e9lectionn\u00e9es en fonction de leur impact sur le d\u00e9veloppement \u00e9conomique et de leur implication<\/li>\n<\/ul>\n      \n      <\/div>\n      \n    <\/div>\n    \n    <\/div>\n    \n  <\/div>\n  \n<\/div>\n\n\n<div class=\"wp-block-group is-layout-flow wp-block-group-is-layout-flow\">\n<div class=\"wp-block-columns is-layout-flex wp-container-core-columns-is-layout-28f84493 wp-block-columns-is-layout-flex\">\n<div class=\"wp-block-column is-layout-flow wp-block-column-is-layout-flow\">\n<h5 class=\"wp-block-heading has-text-align-center has-teal-color has-text-color\" id=\"an-sc-powerteam-signature-event\"><br><br>\u00c9v\u00e9nement phare<\/h5>\n\n\n\n<h2 class=\"wp-block-heading has-text-align-center has-large-font-size\" id=\"the-economic-development-review-conference\">Examen du d\u00e9veloppement \u00e9conomique<br><\/h2>\n\n\n\n<p><\/p>\n\n\n\n<p><\/p>\n\n\n\n<div class=\"wp-block-columns is-layout-flex wp-container-core-columns-is-layout-28f84493 wp-block-columns-is-layout-flex\">\n<div class=\"wp-block-column is-layout-flow wp-block-column-is-layout-flow\">\n<figure class=\"wp-block-gallery has-nested-images columns-default is-cropped wp-block-gallery-1 is-layout-flex wp-block-gallery-is-layout-flex\">\n<figure class=\"wp-block-image size-full\"><img loading=\"lazy\" decoding=\"async\" width=\"2560\" height=\"1707\" data-id=\"2789\" src=\"https:\/\/www.scpowerteam.com\/wp-content\/uploads\/2025\/05\/4K1A2397-scaled.jpg\" alt=\"\" class=\"wp-image-2789\" srcset=\"https:\/\/www.scpowerteam.com\/wp-content\/uploads\/2025\/05\/4K1A2397-scaled.jpg 2560w, https:\/\/www.scpowerteam.com\/wp-content\/uploads\/2025\/05\/4K1A2397-300x200.jpg 300w, https:\/\/www.scpowerteam.com\/wp-content\/uploads\/2025\/05\/4K1A2397-1024x683.jpg 1024w, https:\/\/www.scpowerteam.com\/wp-content\/uploads\/2025\/05\/4K1A2397-768x512.jpg 768w, https:\/\/www.scpowerteam.com\/wp-content\/uploads\/2025\/05\/4K1A2397-1536x1024.jpg 1536w, https:\/\/www.scpowerteam.com\/wp-content\/uploads\/2025\/05\/4K1A2397-2048x1365.jpg 2048w, https:\/\/www.scpowerteam.com\/wp-content\/uploads\/2025\/05\/4K1A2397-18x12.jpg 18w\" sizes=\"auto, (max-width: 2560px) 100vw, 2560px\" \/><\/figure>\n\n\n\n<figure class=\"wp-block-image size-full\"><img loading=\"lazy\" decoding=\"async\" width=\"2560\" height=\"1708\" data-id=\"2791\" src=\"https:\/\/www.scpowerteam.com\/wp-content\/uploads\/2025\/05\/IMG_6384-scaled.jpg\" alt=\"\" class=\"wp-image-2791\" srcset=\"https:\/\/www.scpowerteam.com\/wp-content\/uploads\/2025\/05\/IMG_6384-scaled.jpg 2560w, https:\/\/www.scpowerteam.com\/wp-content\/uploads\/2025\/05\/IMG_6384-300x200.jpg 300w, https:\/\/www.scpowerteam.com\/wp-content\/uploads\/2025\/05\/IMG_6384-1024x683.jpg 1024w, https:\/\/www.scpowerteam.com\/wp-content\/uploads\/2025\/05\/IMG_6384-768x512.jpg 768w, https:\/\/www.scpowerteam.com\/wp-content\/uploads\/2025\/05\/IMG_6384-1536x1025.jpg 1536w, https:\/\/www.scpowerteam.com\/wp-content\/uploads\/2025\/05\/IMG_6384-2048x1366.jpg 2048w, https:\/\/www.scpowerteam.com\/wp-content\/uploads\/2025\/05\/IMG_6384-18x12.jpg 18w\" sizes=\"auto, (max-width: 2560px) 100vw, 2560px\" \/><\/figure>\n\n\n\n<figure class=\"wp-block-image size-full\"><img decoding=\"async\" data-id=\"2795\" src=\"https:\/\/www.scpowerteam.com\/wp-content\/uploads\/2025\/05\/IMG_6683.jpg\" alt=\"\" class=\"wp-image-2795\"\/><\/figure>\n\n\n\n<figure class=\"wp-block-image size-full\"><img loading=\"lazy\" decoding=\"async\" width=\"2560\" height=\"1707\" data-id=\"2794\" src=\"https:\/\/www.scpowerteam.com\/wp-content\/uploads\/2025\/05\/4K1A2335-scaled.jpg\" alt=\"\" class=\"wp-image-2794\" srcset=\"https:\/\/www.scpowerteam.com\/wp-content\/uploads\/2025\/05\/4K1A2335-scaled.jpg 2560w, https:\/\/www.scpowerteam.com\/wp-content\/uploads\/2025\/05\/4K1A2335-300x200.jpg 300w, https:\/\/www.scpowerteam.com\/wp-content\/uploads\/2025\/05\/4K1A2335-1024x683.jpg 1024w, https:\/\/www.scpowerteam.com\/wp-content\/uploads\/2025\/05\/4K1A2335-768x512.jpg 768w, https:\/\/www.scpowerteam.com\/wp-content\/uploads\/2025\/05\/4K1A2335-1536x1024.jpg 1536w, https:\/\/www.scpowerteam.com\/wp-content\/uploads\/2025\/05\/4K1A2335-2048x1365.jpg 2048w, https:\/\/www.scpowerteam.com\/wp-content\/uploads\/2025\/05\/4K1A2335-18x12.jpg 18w\" sizes=\"auto, (max-width: 2560px) 100vw, 2560px\" \/><\/figure>\n<\/figure>\n<\/div>\n<\/div>\n<\/div>\n<\/div>\n<\/div>\n\n\n\n<div class=\"wp-block-group alignfull has-background is-layout-flow wp-block-group-is-layout-flow\" style=\"background:linear-gradient(90deg,rgb(0,67,123) 0%,rgb(48,175,209) 100%)\">\n<h5 class=\"wp-block-heading has-text-align-center has-white-color has-text-color\" id=\"the-makers\"><\/h5>\n\n\n\n<h2 class=\"wp-block-heading has-text-align-center has-white-color has-text-color\" id=\"your-team-resources\">Votre ressource d&#039;\u00e9quipe\u00a0:<\/h2>\n\n\n\n<style>\n  \n<\/style>\n\n<div id=\"blogcards-block_2e2d9c67afb3327be66e3fd20e27cd7a\" class=\"blogcards\">\n  \n  <div class=\"container\">\n    \n    <div class=\"row\">\n      \n      <div class=\"col-12\">\n      \n        <div class=\"post-grid\"><div class=\"teamcard\"><a href=\"https:\/\/www.scpowerteam.com\/fr\/team\/amber-guyton\/\"><img decoding=\"async\" class=\"team-headshot\" alt=\"Amber Guyton\" src=\"https:\/\/www.scpowerteam.com\/wp-content\/uploads\/2025\/01\/AG_MTT.jpg\"><\/a><div class=\"card-content\"><p class=\"name\">Amber Guyton<\/p><p class=\"position\">Operations &#038; Events Manager<\/p><\/div><\/div><\/div>      \n      <\/div>\n    \n    <\/div>\n    \n  <\/div>\n  \n<\/div><\/div>\n\n\n\n<div class=\"wp-block-group is-layout-flow wp-block-group-is-layout-flow\"><\/div>","protected":false},"excerpt":{"rendered":"<p>Signature Event Economic Development Review Your Team Resource:<\/p>","protected":false},"author":2,"featured_media":0,"parent":24,"menu_order":1,"comment_status":"closed","ping_status":"closed","template":"","meta":{"_acf_changed":false,"footnotes":""},"class_list":["post-734","page","type-page","status-publish","hentry"],"acf":[],"_links":{"self":[{"href":"https:\/\/www.scpowerteam.com\/fr\/wp-json\/wp\/v2\/pages\/734","targetHints":{"allow":["GET"]}}],"collection":[{"href":"https:\/\/www.scpowerteam.com\/fr\/wp-json\/wp\/v2\/pages"}],"about":[{"href":"https:\/\/www.scpowerteam.com\/fr\/wp-json\/wp\/v2\/types\/page"}],"author":[{"embeddable":true,"href":"https:\/\/www.scpowerteam.com\/fr\/wp-json\/wp\/v2\/users\/2"}],"replies":[{"embeddable":true,"href":"https:\/\/www.scpowerteam.com\/fr\/wp-json\/wp\/v2\/comments?post=734"}],"version-history":[{"count":35,"href":"https:\/\/www.scpowerteam.com\/fr\/wp-json\/wp\/v2\/pages\/734\/revisions"}],"predecessor-version":[{"id":2796,"href":"https:\/\/www.scpowerteam.com\/fr\/wp-json\/wp\/v2\/pages\/734\/revisions\/2796"}],"up":[{"embeddable":true,"href":"https:\/\/www.scpowerteam.com\/fr\/wp-json\/wp\/v2\/pages\/24"}],"wp:attachment":[{"href":"https:\/\/www.scpowerteam.com\/fr\/wp-json\/wp\/v2\/media?parent=734"}],"curies":[{"name":"wp","href":"https:\/\/api.w.org\/{rel}","templated":true}]}}