{"id":857,"date":"2022-02-04T10:24:05","date_gmt":"2022-02-04T15:24:05","guid":{"rendered":"https:\/\/www.scpowerteam.com\/?page_id=857"},"modified":"2024-04-10T17:07:02","modified_gmt":"2024-04-10T21:07:02","slug":"corporate-operations","status":"publish","type":"page","link":"https:\/\/www.scpowerteam.com\/fr\/target-industries\/corporate-operations\/","title":{"rendered":"Op\u00e9rations corporatives"},"content":{"rendered":"<style>\n  \n  #hero-block_61e882ae51562 { \n      background-image: url(https:\/\/www.scpowerteam.com\/wp-content\/uploads\/2022\/02\/banner-corporateOps.png);\n        background-color: #1e73be;\n    }\n  \n<\/style>\n\n<div id=\"hero-block_61e882ae51562\" class=\"hero alignfull Dark\">\n  \n  <div class=\"container\">\n    \n    <div class=\"row\">\n      \n    <div class=\"col-12 col-sm-5\">\n      \n      <h5>Nous savons<\/h5>\n      <h1>Op\u00e9rations corporatives<\/h1>\n      \n            \n            \n    <\/div>\n    \n    <div class=\"col-12 col-sm-7\">\n      \n      <div class=\"hero-content\">\n        \n        <p>Historiquement, la Caroline du Sud a attir\u00e9 principalement les industries manufacturi\u00e8res avec la transition de l&#039;excellence dans la production textile. Ces derni\u00e8res ann\u00e9es, cependant, il abrite \u00e9galement un nombre croissant de services et d&#039;op\u00e9rations de si\u00e8ge social, y compris le si\u00e8ge social et les services financiers. L&#039;industrie des bureaux et des services partag\u00e9s de l&#039;\u00c9tat de Palmetto prouve que la Caroline du Sud abrite une \u00e9conomie diversifi\u00e9e et dynamique. De notre main-d&#039;\u0153uvre professionnelle \u00e0 nos solides r\u00e9seaux d&#039;infrastructure technologique et de transport, nous sommes devenus une destination id\u00e9ale pour la relocalisation d&#039;entreprises ou de si\u00e8ges sociaux.<\/p>\n<ul>\n<li><strong>Plus de 35 000 Caroline du Sud<\/strong> employ\u00e9s dans les secteurs des bureaux et des services partag\u00e9s<\/li>\n<li>La Caroline du Sud a <strong>Six MSA avec une population de plus de 500 000<\/strong><\/li>\n<li><strong>Six a\u00e9roports principaux de service commercial<\/strong> fournir une connectivit\u00e9 mondiale<\/li>\n<li>La Caroline du Sud offre une \u00e9nergie peu co\u00fbteuse et tr\u00e8s fiable. Les tarifs \u00e9lectriques sont <strong>15% de moins que la moyenne nationale<\/strong>. Pour d\u00e9couvrir des sites facilement disponibles aliment\u00e9s par une alimentation tr\u00e8s fiable et abordable des coop\u00e9ratives d&#039;\u00e9lectricit\u00e9, cliquez sur <a href=\"https:\/\/www.scpowerteam.com\/fr\/featured-sites\/\">&quot;Sites d&#039;alimentation SC&quot;<\/a><\/li>\n<li>La Caroline du Sud a le taux de syndicalisation le plus bas du pays \u00e0 <strong>1.6%<\/strong><\/li>\n<\/ul>\n      \n      <\/div>\n      \n    <\/div>\n    \n    <\/div>\n    \n  <\/div>\n  \n<\/div>\n\n\n<div class=\"wp-block-group has-white-background-color has-background is-layout-flow wp-block-group-is-layout-flow\">\n<div class=\"wp-block-columns is-layout-flex wp-container-core-columns-is-layout-28f84493 wp-block-columns-is-layout-flex\">\n<div class=\"wp-block-column is-layout-flow wp-block-column-is-layout-flow\">\n<h2 class=\"has-teal-color has-text-color wp-block-heading\" id=\"leading-corporate-operations-in-sc\"><br><strong>Diriger les op\u00e9rations d&#039;entreprise en SC<\/strong><\/h2>\n<\/div>\n<\/div>\n\n\n\n<div class=\"wp-block-columns is-layout-flex wp-container-core-columns-is-layout-28f84493 wp-block-columns-is-layout-flex\">\n<div class=\"wp-block-column is-layout-flow wp-block-column-is-layout-flow\" style=\"flex-basis:66.66%\">\n<script type=\"text\/javascript\" src=\"https:\/\/media.zoomprospector.com\/common\/scripts\/businesswidget.iframe.js?&amp;bwHHN=1&amp;sst=SOUTHCAROLINA&amp;environment=production&amp;height=750&amp;bwlatlngzoom=33.914345%2C-80.898942%7C7&amp;bwparams=cluster_68356012-6af3-40e5-b5cc-02ca2d1df530\"><\/script>\n<\/div>\n\n\n\n<div class=\"wp-block-column is-layout-flow wp-block-column-is-layout-flow\" style=\"flex-basis:33.33%\">\n<p><em>Utilisez cette carte interactive pour en savoir plus sur les op\u00e9rations des entreprises en Caroline du Sud et pour explorer les grappes cr\u00e9\u00e9es par la main-d&#039;\u0153uvre qualifi\u00e9e, l&#039;infrastructure strat\u00e9gique, le faible co\u00fbt des affaires et la qualit\u00e9 de vie attrayante de notre \u00c9tat.<\/em><\/p>\n\n\n\n<p><\/p>\n\n\n\n<div class=\"wp-block-buttons is-layout-flex wp-block-buttons-is-layout-flex\">\n<div class=\"wp-block-button\"><a class=\"wp-block-button__link\" href=\"https:\/\/www.scpowerteam.com\/fr\/properties\/?zpeptShare=aHR0cHM6Ly9wcm9wZXJ0aWVzLnpvb21wcm9zcGVjdG9yLmNvbS9zb3V0aGNhcm9saW5hL2NvbW11bml0eS9TdGF0ZS1vZi1Tb3V0aC1DYXJvbGluYS9yMjEvYnVzaW5lc3M%2FY2x1c3RlcnM9NjgzNTYwMTItNkFGMy00MEU1LUI1Q0MtMDJDQTJEMURGNTMwJmNsdXN0ZXJJZHNbMF09NSZjbHVzdGVydGV4dD1Db3Jwb3JhdGUlMjBPcGVyYXRpb25zJmxheWVycz1TT1VUSENBUk9MSU5BQk9VTkRBUlkmbGF0PTMzLjY0NTc5Nzc5NTAxODk0JmxuZz0tODAuOTUxNjAyOTk5NjM4Mjgmem9vbT03\" target=\"_blank\" rel=\"noreferrer noopener\">voir les d\u00e9tails ici<\/a><\/div>\n<\/div>\n<\/div>\n<\/div>\n<\/div>\n\n\n\n<div class=\"wp-block-group has-light-gray-background-color has-background is-layout-flow wp-block-group-is-layout-flow\">\n<div class=\"wp-block-columns is-layout-flex wp-container-core-columns-is-layout-28f84493 wp-block-columns-is-layout-flex\">\n<div class=\"wp-block-column is-layout-flow wp-block-column-is-layout-flow\">\n<h5 class=\"has-text-align-center has-teal-color has-text-color wp-block-heading\" id=\"resources\">Ressources<\/h5>\n\n\n\n<h2 class=\"has-text-align-center wp-block-heading\" id=\"workforce-education-training\">\u00c9ducation et formation de la main-d&#039;\u0153uvre<\/h2>\n<\/div>\n<\/div>\n\n\n\n<div class=\"wp-block-columns is-layout-flex wp-container-core-columns-is-layout-28f84493 wp-block-columns-is-layout-flex\">\n<div class=\"wp-block-column is-layout-flow wp-block-column-is-layout-flow\" style=\"flex-basis:20%\"><\/div>\n\n\n\n<div class=\"wp-block-column is-layout-flow wp-block-column-is-layout-flow\" style=\"flex-basis:60%\">\n<style>\n\n.toggle-list {\n  \n}\n\n<\/style>\n\n<div id=\"togglelist-block_61e83d99c60ce\" class=\"toggle-list\">\n  \n  <div class=\"w-tabs layout_accordion type_toggle\"><div class=\"w-tabs-h\">          \n          <div class=\"w-tabs-section\">\n            <div class=\"w-tabs-section-title\">\n              <span class=\"w-tabs-section-title-text\" itemprop=\"name\">readySC\u2122 et Apprenticeship Carolina\u2122<\/span>\n              <span class=\"w-tabs-section-title-control\">\n                <span class=\"icon-plus\"><\/span>\n              <\/span>\n            <\/div>\n            <div class=\"w-tabs-section-content\" style=\"display: none;\">\n              <div class=\"w-tabs-section-content-h\" itemprop=\"text\">\n                <ul>\n<li>Fournit des comp\u00e9tences et une formation technique aux employ\u00e9s des entreprises nouvelles et en expansion en Caroline du Sud<\/li>\n<li>Travaille en \u00e9troite collaboration avec les nouvelles entreprises pour fournir les outils de recrutement, de formation et de d\u00e9veloppement de la main-d&#039;\u0153uvre et l&#039;assistance dont elles ont besoin pour d\u00e9marrer et fonctionner<\/li>\n<li>Aide la main-d&#039;\u0153uvre d&#039;une entreprise \u00e0 continuer de cro\u00eetre en guidant les entreprises tout au long du processus d&#039;apprentissage enregistr\u00e9, de l&#039;information initiale \u00e0 la pleine reconnaissance dans le syst\u00e8me national d&#039;apprentissage enregistr\u00e9<\/li>\n<li>Sites Internet: <a href=\"https:\/\/www.readysc.org\/\">ReadySC\u2122<\/a> et <a href=\"http:\/\/www.apprenticeshipcarolina.com\/\">Apprentissage Caroline<\/a><\/li>\n<\/ul>\n              <\/div>\n            <\/div>\n          <\/div>\n  \n            \n          <div class=\"w-tabs-section\">\n            <div class=\"w-tabs-section-title\">\n              <span class=\"w-tabs-section-title-text\" itemprop=\"name\">\u00c9cole de commerce USC Darla Moore<\/span>\n              <span class=\"w-tabs-section-title-control\">\n                <span class=\"icon-plus\"><\/span>\n              <\/span>\n            <\/div>\n            <div class=\"w-tabs-section-content\" style=\"display: none;\">\n              <div class=\"w-tabs-section-content-h\" itemprop=\"text\">\n                <ul>\n<li>Class\u00e9 programme de MBA international #1 aux \u00c9tats-Unis par US News &amp; World Report<\/li>\n<li>Le programme comprend une immersion internationale approfondie et le d\u00e9veloppement d&#039;une langue seconde<\/li>\n<li>Cours int\u00e9gr\u00e9s avec des projets de conseil r\u00e9els pour aider les \u00e9tudiants \u00e0 devenir &quot;pr\u00eats pour les affaires&quot; \u00e0 l&#039;\u00e9chelle mondiale<\/li>\n<li>Le programme de d\u00e9veloppement du leadership \u00e9largi pr\u00e9pare les \u00e9tudiants \u00e0 acqu\u00e9rir des comp\u00e9tences en leadership \u00e0 long terme, leur donnant l&#039;agilit\u00e9 dont ils ont besoin pour r\u00e9ussir sur n&#039;importe quel march\u00e9<\/li>\n<li>Site Internet:\u00a0<a href=\"http:\/\/sc.edu\/study\/colleges_schools\/moore\/\">\u00c9cole de commerce USC Darla Moore<\/a><\/li>\n<\/ul>\n              <\/div>\n            <\/div>\n          <\/div>\n  \n            \n          <div class=\"w-tabs-section\">\n            <div class=\"w-tabs-section-title\">\n              <span class=\"w-tabs-section-title-text\" itemprop=\"name\">Centre d&#039;entrepreneuriat USC FABER<\/span>\n              <span class=\"w-tabs-section-title-control\">\n                <span class=\"icon-plus\"><\/span>\n              <\/span>\n            <\/div>\n            <div class=\"w-tabs-section-content\" style=\"display: none;\">\n              <div class=\"w-tabs-section-content-h\" itemprop=\"text\">\n                <ul>\n<li>Cherche \u00e0 fournir aux \u00e9tudiants de l&#039;USC une exposition intensive aux concepts entrepreneuriaux, une formation \u00e0 la gestion des petites entreprises et une interaction avec un r\u00e9seau d&#039;entrepreneurs prosp\u00e8res en Caroline du Sud<\/li>\n<li>S&#039;associe \u00e0 Ernst &amp; Young et au Center for Entrepreneurial Studies de l&#039;Universit\u00e9 de Caroline du Nord pour organiser le prix Ernst &amp; Young de l&#039;entrepreneur de l&#039;ann\u00e9e pour la r\u00e9gion des Carolines<\/li>\n<li>Facilite et supervise la conduite de projets de conseil approfondis par des \u00e9tudiants de la Darla Moore School of Business qui travaillent avec des entreprises entrepreneuriales dans toute la Caroline du Sud<\/li>\n<li>Les \u00e9quipes de consultants travaillent avec une petite entreprise sur un probl\u00e8me ou un projet sp\u00e9cifique. Les projets sont guid\u00e9s par les besoins des clients, dans le but de fournir un v\u00e9ritable service en \u00e9change de la possibilit\u00e9 pour les \u00e9tudiants d&#039;acqu\u00e9rir une exp\u00e9rience pratique dans la recherche et la r\u00e9solution d&#039;un probl\u00e8me commercial.<\/li>\n<li>Site Internet:\u00a0<a href=\"http:\/\/sc.edu\/study\/colleges_schools\/moore\/business_solutions\/research_and_partnership_centers\/faber_entrepreneurship_center\/index.php\">Centre d&#039;entrepreneuriat USC FABER<\/a><\/li>\n<\/ul>\n              <\/div>\n            <\/div>\n          <\/div>\n  \n            \n          <div class=\"w-tabs-section\">\n            <div class=\"w-tabs-section-title\">\n              <span class=\"w-tabs-section-title-text\" itemprop=\"name\">Centre de ressources commerciales mondiales du Coll\u00e8ge de Charleston (GBRC)<\/span>\n              <span class=\"w-tabs-section-title-control\">\n                <span class=\"icon-plus\"><\/span>\n              <\/span>\n            <\/div>\n            <div class=\"w-tabs-section-content\" style=\"display: none;\">\n              <div class=\"w-tabs-section-content-h\" itemprop=\"text\">\n                <ul>\n<li>Soutient le d\u00e9veloppement continu des opportunit\u00e9s d&#039;\u00e9ducation internationale afin que les \u00e9tudiants acqui\u00e8rent les comp\u00e9tences en commerce international, l&#039;exp\u00e9rience interculturelle et les comp\u00e9tences en langues \u00e9trang\u00e8res n\u00e9cessaires pour \u00eatre comp\u00e9titifs dans l&#039;\u00e9conomie mondialis\u00e9e d&#039;aujourd&#039;hui<\/li>\n<li>Pr\u00e9conise le d\u00e9veloppement du corps professoral et la recherche en commerce international pour aider \u00e0 garantir que les connaissances en commerce international transmises en classe sont \u00e0 jour et pertinentes<\/li>\n<li>S&#039;appuie sur des relations de longue date avec la SC International Trade Coalition, Charleston Women in International Trade, la SC State Ports Authority, le SC Department of Commerce, le World Trade Center - Charleston, le partenariat Ex-Im Bank City\/State et d&#039;autres organisations commerciales internationales pour \u00e9largir la formation en commerce international et l&#039;assistance aux professionnels en milieu de carri\u00e8re<\/li>\n<li>Premi\u00e8re organisation en Caroline du Sud \u00e0 proposer le programme de certification NASBITE Certified Global Business Professional et des s\u00e9minaires de formation<\/li>\n<li>Le GBRC et Charleston Women in International Trade s&#039;associent \u00e0 un programme de mentorat qui associe les \u00e9tudiants de l&#039;\u00e9cole de commerce \u00e0 des professionnels du commerce mondial et de la logistique dans des relations mutuellement b\u00e9n\u00e9fiques et organise des ateliers mettant en contact les \u00e9tudiants avec des professionnels en activit\u00e9<\/li>\n<li>Site Internet:\u00a0<a href=\"http:\/\/sb.cofc.edu\/centers\/globalbusinessresourcecenter\/index.php\">Centre de ressources commerciales mondiales du Coll\u00e8ge de Charleston<\/a><\/li>\n<\/ul>\n              <\/div>\n            <\/div>\n          <\/div>\n  \n            \n          <div class=\"w-tabs-section\">\n            <div class=\"w-tabs-section-title\">\n              <span class=\"w-tabs-section-title-text\" itemprop=\"name\">Universit\u00e9 Clemson iLEAD\u00a0! Programme<\/span>\n              <span class=\"w-tabs-section-title-control\">\n                <span class=\"icon-plus\"><\/span>\n              <\/span>\n            <\/div>\n            <div class=\"w-tabs-section-content\" style=\"display: none;\">\n              <div class=\"w-tabs-section-content-h\" itemprop=\"text\">\n                <p><strong>Programme int\u00e9gr\u00e9 de formation et de perfectionnement en leadership<\/strong><\/p>\n<ul>\n<li>Initiative de certification pluriannuelle con\u00e7ue pour fournir aux \u00e9tudiants participants une approche structur\u00e9e, mais flexible, de l&#039;apprentissage du leadership<\/li>\n<li>Les \u00e9tudiants d\u00e9veloppent un potentiel de leadership gr\u00e2ce \u00e0 la r\u00e9alisation de 20 \u00e9l\u00e9ments comprenant l&#039;acquisition de connaissances, l&#039;application de comp\u00e9tences et d&#039;exp\u00e9riences centr\u00e9es sur le d\u00e9veloppement du leadership de l&#039;\u00e9tudiant.<\/li>\n<li>Les \u00e9tudiants \u00e9voluent dans le programme, apprenant d&#039;abord le leadership par le biais de s\u00e9minaires et d&#039;ateliers, pour finalement d\u00e9montrer des exp\u00e9riences de leadership avant l&#039;obtention du dipl\u00f4me<\/li>\n<li>Site Internet:\u00a0<a href=\"https:\/\/www.clemson.edu\/business\/current-students\/leadership\/ilead.html\">Universit\u00e9 Clemson iLEAD\u00a0! Programme<\/a><\/li>\n<\/ul>\n              <\/div>\n            <\/div>\n          <\/div>\n  \n            \n          <div class=\"w-tabs-section\">\n            <div class=\"w-tabs-section-title\">\n              <span class=\"w-tabs-section-title-text\" itemprop=\"name\">Programme de MBA de l&#039;Universit\u00e9 Clemson<\/span>\n              <span class=\"w-tabs-section-title-control\">\n                <span class=\"icon-plus\"><\/span>\n              <\/span>\n            <\/div>\n            <div class=\"w-tabs-section-content\" style=\"display: none;\">\n              <div class=\"w-tabs-section-content-h\" itemprop=\"text\">\n                <ul>\n<li>Tr\u00e8s appr\u00e9ci\u00e9 pour son approche innovante et appliqu\u00e9e aux sujets commerciaux avanc\u00e9s<\/li>\n<li>Les \u00e9tudiants collaborent avec de prestigieuses entreprises nationales et internationales sur des projets concrets et r\u00e9seautent avec des cadres, des entrepreneurs et des professionnels des ressources humaines lors de plus de 20 \u00e9v\u00e9nements parrain\u00e9s par le programme et programm\u00e9s tout au long de l&#039;ann\u00e9e.<\/li>\n<li>Les \u00e9tudiants ont acc\u00e8s \u00e0 des conseils de carri\u00e8re personnalis\u00e9s et individuels et \u00e0 une aide au placement, y compris un forum annuel de r\u00e9seautage des employeurs<\/li>\n<li>Site Internet:\u00a0<a href=\"https:\/\/www.clemson.edu\/business\/departments\/mba\/\">Programme de MBA de l&#039;Universit\u00e9 Clemson<\/a><\/li>\n<\/ul>\n              <\/div>\n            <\/div>\n          <\/div>\n  \n  <\/div><\/div>  \n  \n<\/div>\n  <\/div>\n\n\n\n<div class=\"wp-block-column is-layout-flow wp-block-column-is-layout-flow\" style=\"flex-basis:20%\"><\/div>\n<\/div>\n<\/div>","protected":false},"excerpt":{"rendered":"<p>Leading Corporate Operations in SC Use this interactive map to learn more about the corporate operations in South Carolina, and to explore the clusters created by our state\u2019s skilled workforce, strategic infrastructure, low cost of business, and attractive quality of life. Resources Workforce Education &amp; Training<\/p>","protected":false},"author":2,"featured_media":0,"parent":56,"menu_order":0,"comment_status":"closed","ping_status":"closed","template":"","meta":{"_acf_changed":false,"footnotes":""},"class_list":["post-857","page","type-page","status-publish","hentry"],"acf":[],"_links":{"self":[{"href":"https:\/\/www.scpowerteam.com\/fr\/wp-json\/wp\/v2\/pages\/857","targetHints":{"allow":["GET"]}}],"collection":[{"href":"https:\/\/www.scpowerteam.com\/fr\/wp-json\/wp\/v2\/pages"}],"about":[{"href":"https:\/\/www.scpowerteam.com\/fr\/wp-json\/wp\/v2\/types\/page"}],"author":[{"embeddable":true,"href":"https:\/\/www.scpowerteam.com\/fr\/wp-json\/wp\/v2\/users\/2"}],"replies":[{"embeddable":true,"href":"https:\/\/www.scpowerteam.com\/fr\/wp-json\/wp\/v2\/comments?post=857"}],"version-history":[{"count":30,"href":"https:\/\/www.scpowerteam.com\/fr\/wp-json\/wp\/v2\/pages\/857\/revisions"}],"predecessor-version":[{"id":2178,"href":"https:\/\/www.scpowerteam.com\/fr\/wp-json\/wp\/v2\/pages\/857\/revisions\/2178"}],"up":[{"embeddable":true,"href":"https:\/\/www.scpowerteam.com\/fr\/wp-json\/wp\/v2\/pages\/56"}],"wp:attachment":[{"href":"https:\/\/www.scpowerteam.com\/fr\/wp-json\/wp\/v2\/media?parent=857"}],"curies":[{"name":"wp","href":"https:\/\/api.w.org\/{rel}","templated":true}]}}