{"id":2628,"date":"2024-10-01T16:23:12","date_gmt":"2024-10-01T20:23:12","guid":{"rendered":"https:\/\/www.scpowerteam.com\/?page_id=2628"},"modified":"2024-10-01T16:23:12","modified_gmt":"2024-10-01T20:23:12","slug":"clean-energy","status":"publish","type":"page","link":"https:\/\/www.scpowerteam.com\/it\/target-industries\/clean-energy\/","title":{"rendered":"Clean Energy"},"content":{"rendered":"<style>\n  \n  #hero-block_b14f50678b3dd627ef2b8c9f11aa35ce { \n        background-color: #00437b;\n    }\n  \n<\/style>\n\n<div id=\"hero-block_b14f50678b3dd627ef2b8c9f11aa35ce\" class=\"hero alignfull Dark\">\n  \n  <div class=\"container\">\n    \n    <div class=\"row\">\n      \n    <div class=\"col-12 col-sm-5\">\n      \n      <h5>Sappiamo<\/h5>\n      <h1>Clean Energy<\/h1>\n      \n            \n            \n    <\/div>\n    \n    <div class=\"col-12 col-sm-7\">\n      \n      <div class=\"hero-content\">\n        \n        <p>The Clean Energy market that South Carolina has created over the last 10 years is robust and cost-effective for prospects in the industry. In 2021, Solar Energy Industries Association identified South Carolina as one of three emerging solar manufacturing hubs in the United States. For such a geographically small state, South Carolina currently ranks 14<sup>th<\/sup> in solar capacity, with more than 2,099 MW in capacity from existing solar farms. Additionally, the cost of solar energy in South Carolina has decreased by 54% over the last 10 years. As a commitment to our existing and prospective members, the electric cooperatives have a multitude of programs and resources geared towards supporting green energy initiatives on our system.<\/p>\n<ul>\n<li>Clean Energy Manufacturing<\/li>\n<li>Solar Panel Manufacturing<\/li>\n<li>Hydrogen Fuel Cell Production<\/li>\n<\/ul>\n<p>&nbsp;<\/p>\n      \n      <\/div>\n      \n    <\/div>\n    \n    <\/div>\n    \n  <\/div>\n  \n<\/div>\n\n\n<div class=\"wp-block-group has-white-background-color has-background is-layout-flow wp-block-group-is-layout-flow\">\n<div class=\"wp-block-columns is-layout-flex wp-container-core-columns-is-layout-28f84493 wp-block-columns-is-layout-flex\">\n<div class=\"wp-block-column is-layout-flow wp-block-column-is-layout-flow\" style=\"flex-basis:50%\"><\/div>\n\n\n\n<div class=\"wp-block-column is-layout-flow wp-block-column-is-layout-flow\" style=\"flex-basis:25%\"><\/div>\n<\/div>\n\n\n\n<div class=\"wp-block-columns is-layout-flex wp-container-core-columns-is-layout-28f84493 wp-block-columns-is-layout-flex\">\n<div class=\"wp-block-column is-layout-flow wp-block-column-is-layout-flow\">\n<h2 class=\"wp-block-heading has-teal-color has-text-color\" id=\"leading-life-sciences-companies-in-sc\"><strong>Leading Clean Energy Companies in SC<\/strong><\/h2>\n<\/div>\n<\/div>\n\n\n\n<div class=\"wp-block-columns is-layout-flex wp-container-core-columns-is-layout-28f84493 wp-block-columns-is-layout-flex\">\n<div class=\"wp-block-column is-layout-flow wp-block-column-is-layout-flow\" style=\"flex-basis:66.66%\">\n<script type=\"text\/javascript\" src=\"https:\/\/media.zoomprospector.com\/common\/scripts\/businesswidget.iframe.js?&amp;bwHHN=1&amp;sst=SOUTHCAROLINA&amp;environment=production&amp;height=750&amp;bwlatlngzoom=33.914345%2C-80.898942%7C7&amp;bwparams=cluster_02627e08-387b-49b2-a8f3-aa72e315923e\"><\/script>\n<\/div>\n\n\n\n<div class=\"wp-block-column is-layout-flow wp-block-column-is-layout-flow\" style=\"flex-basis:33.33%\">\n<p><em>Usa questa mappa interattiva per saperne di pi\u00f9 sull&#039;industria delle scienze della vita nella Carolina del Sud e per esplorare i cluster creati dalla forza lavoro qualificata del nostro stato, dalle infrastrutture strategiche, dal basso costo degli affari e dall&#039;interessante qualit\u00e0 della vita.<\/em><\/p>\n\n\n\n<p><\/p>\n\n\n\n<div class=\"wp-block-buttons is-layout-flex wp-block-buttons-is-layout-flex\">\n<div class=\"wp-block-button\"><a class=\"wp-block-button__link wp-element-button\" href=\"https:\/\/www.scpowerteam.com\/it\/properties\/?zpeptShare=aHR0cHM6Ly9wcm9wZXJ0aWVzLnpvb21wcm9zcGVjdG9yLmNvbS9zb3V0aGNhcm9saW5hL2NvbW11bml0eS9TdGF0ZS1vZi1Tb3V0aC1DYXJvbGluYS9yMjEvYnVzaW5lc3M%2FY2x1c3RlcnM9QUZFQzVDRDktNzI2RS00Q0FGLUEwMEQtRDkyMzgwQ0VENDJEJmNsdXN0ZXJJZHNbMF09NyZjbHVzdGVydGV4dD1MaWZlJTIwU2NpZW5jZXMmbGF5ZXJzPVNPVVRIQ0FST0xJTkFCT1VOREFSWSZsYXQ9MzMuNjQ1Nzk3Nzk1MDE4OTQmbG5nPS04MC45NTE2MDI5OTk2MzgyOCZ6b29tPTc%3D\" target=\"_blank\" rel=\"noreferrer noopener\">guarda i dettagli qui<\/a><\/div>\n<\/div>\n<\/div>\n<\/div>\n<\/div>\n\n\n\n<div class=\"wp-block-group has-light-gray-background-color has-background is-layout-flow wp-block-group-is-layout-flow\">\n<div class=\"wp-block-columns is-layout-flex wp-container-core-columns-is-layout-28f84493 wp-block-columns-is-layout-flex\">\n<div class=\"wp-block-column is-layout-flow wp-block-column-is-layout-flow\">\n<h5 class=\"wp-block-heading has-text-align-center has-teal-color has-text-color\" id=\"resources\">Risorse<\/h5>\n\n\n\n<h2 class=\"wp-block-heading has-text-align-center\" id=\"workforce-education-training\">Istruzione e formazione della forza lavoro<\/h2>\n<\/div>\n<\/div>\n\n\n\n<div class=\"wp-block-columns is-layout-flex wp-container-core-columns-is-layout-28f84493 wp-block-columns-is-layout-flex\">\n<div class=\"wp-block-column is-layout-flow wp-block-column-is-layout-flow\" style=\"flex-basis:20%\"><\/div>\n\n\n\n<div class=\"wp-block-column is-layout-flow wp-block-column-is-layout-flow\" style=\"flex-basis:60%\">\n<style>\n\n.toggle-list {\n  \n}\n\n<\/style>\n\n<div id=\"togglelist-block_76b00fdabc81cf90a17a8c488d5d59cc\" class=\"toggle-list\">\n  \n  <div class=\"w-tabs layout_accordion type_toggle\"><div class=\"w-tabs-h\">          \n          <div class=\"w-tabs-section\">\n            <div class=\"w-tabs-section-title\">\n              <span class=\"w-tabs-section-title-text\" itemprop=\"name\">readySC\u2122 e Apprenticeship Carolina\u2122<\/span>\n              <span class=\"w-tabs-section-title-control\">\n                <span class=\"icon-plus\"><\/span>\n              <\/span>\n            <\/div>\n            <div class=\"w-tabs-section-content\" style=\"display: none;\">\n              <div class=\"w-tabs-section-content-h\" itemprop=\"text\">\n                <ul>\n<li>Fornisce competenze e formazione tecnica ai dipendenti di aziende nuove e in espansione nella Carolina del Sud<\/li>\n<li>Lavora a stretto contatto con le nuove aziende per fornire gli strumenti di reclutamento, formazione e sviluppo della forza lavoro e l&#039;assistenza di cui hanno bisogno per essere operativi<\/li>\n<li>Aiuta la forza lavoro di un&#039;azienda a continuare a crescere guidando le aziende attraverso il processo di apprendistato registrato dalle informazioni iniziali al pieno riconoscimento nel sistema nazionale di apprendistato registrato<\/li>\n<li>Siti web: <a href=\"https:\/\/www.readysc.org\/\">ReadySC\u2122<\/a> e <a href=\"http:\/\/www.apprenticeshipcarolina.com\/\">Tirocinio Carolina<\/a><\/li>\n<\/ul>\n              <\/div>\n            <\/div>\n          <\/div>\n  \n            \n          <div class=\"w-tabs-section\">\n            <div class=\"w-tabs-section-title\">\n              <span class=\"w-tabs-section-title-text\" itemprop=\"name\">Universit\u00e0 Clemson<\/span>\n              <span class=\"w-tabs-section-title-control\">\n                <span class=\"icon-plus\"><\/span>\n              <\/span>\n            <\/div>\n            <div class=\"w-tabs-section-content\" style=\"display: none;\">\n              <div class=\"w-tabs-section-content-h\" itemprop=\"text\">\n                <ul>\n<li>I corsi di laurea di Clemson portano a diplomi di laurea e laurea in scienze biologiche e una laurea in microbiologia. Inoltre, Clemson offre aree di enfasi in entomologia, prefarmacia, preriabilitazione, biologia quantitativa, tossicologia, istruzione secondaria e biomedicina. I corsi di laurea di Clemson includono MS e Ph.D. lauree in Scienze Biologiche, Tossicologia Ambientale e Microbiologia. C&#039;\u00e8 anche un programma BS\/MS di 5 anni in Scienze Biologiche e Bioingegneria. I docenti della Facolt\u00e0 di Scienze Biologiche partecipano anche ai corsi di laurea magistrale e dottorato interdipartimentali. programmi in Scienze vegetali e ambientali. Clemson offre inoltre un MS online in Scienze biologiche per educatori scientifici.<\/li>\n<li>Sito web: <a href=\"https:\/\/www.clemson.edu\/science\/departments\/biosci\/\">Universit\u00e0 Clemson<\/a><\/li>\n<\/ul>\n              <\/div>\n            <\/div>\n          <\/div>\n  \n            \n          <div class=\"w-tabs-section\">\n            <div class=\"w-tabs-section-title\">\n              <span class=\"w-tabs-section-title-text\" itemprop=\"name\">Universit\u00e0 della Carolina del Sud<\/span>\n              <span class=\"w-tabs-section-title-control\">\n                <span class=\"icon-plus\"><\/span>\n              <\/span>\n            <\/div>\n            <div class=\"w-tabs-section-content\" style=\"display: none;\">\n              <div class=\"w-tabs-section-content-h\" itemprop=\"text\">\n                <ul>\n<li>Situato nel cuore della Columbia, il Dipartimento di Scienze Biologiche \u00e8 uno dei pi\u00f9 grandi dipartimenti dell&#039;UofSC. La loro missione \u00e8 di far progredire la conoscenza e le scoperte in molti aspetti della biologia che vanno dal livello cellulare e genetico al livello organismico e ambientale. Il Dipartimento svolge attivit\u00e0 all&#039;avanguardia <a href=\"https:\/\/sc.edu\/study\/colleges_schools\/artsandsciences\/biological_sciences\/research\/index.php\">ricerca<\/a>, e trasmette la conoscenza a studenti e cittadini attraverso corsi di eccellenza, <a href=\"https:\/\/sc.edu\/study\/colleges_schools\/artsandsciences\/biological_sciences\/study\/index.php\">programmi<\/a> e il coinvolgimento della comunit\u00e0. Si sforzano di fornire ai loro studenti universitari e laureati la migliore istruzione e formazione che consenta loro di raggiungere i loro obiettivi professionali e personali.<\/li>\n<li>Sito web: <a href=\"https:\/\/sc.edu\/study\/colleges_schools\/artsandsciences\/biological_sciences\/index.php\">Universit\u00e0 della Carolina del Sud<\/a><\/li>\n<\/ul>\n              <\/div>\n            <\/div>\n          <\/div>\n  \n  <\/div><\/div>  \n  \n<\/div>\n  <\/div>\n\n\n\n<div class=\"wp-block-column is-layout-flow wp-block-column-is-layout-flow\" style=\"flex-basis:20%\"><\/div>\n<\/div>\n<\/div>","protected":false},"excerpt":{"rendered":"<p>Leading Clean Energy Companies in SC Use this interactive map to learn more about the life sciences industry in South Carolina, and to explore the clusters created by our state\u2019s skilled workforce, strategic infrastructure, low cost of business, and attractive quality of life. Resources Workforce Education &amp; Training<\/p>","protected":false},"author":3,"featured_media":0,"parent":56,"menu_order":0,"comment_status":"closed","ping_status":"closed","template":"","meta":{"_acf_changed":false,"footnotes":""},"class_list":["post-2628","page","type-page","status-publish","hentry"],"acf":[],"_links":{"self":[{"href":"https:\/\/www.scpowerteam.com\/it\/wp-json\/wp\/v2\/pages\/2628","targetHints":{"allow":["GET"]}}],"collection":[{"href":"https:\/\/www.scpowerteam.com\/it\/wp-json\/wp\/v2\/pages"}],"about":[{"href":"https:\/\/www.scpowerteam.com\/it\/wp-json\/wp\/v2\/types\/page"}],"author":[{"embeddable":true,"href":"https:\/\/www.scpowerteam.com\/it\/wp-json\/wp\/v2\/users\/3"}],"replies":[{"embeddable":true,"href":"https:\/\/www.scpowerteam.com\/it\/wp-json\/wp\/v2\/comments?post=2628"}],"version-history":[{"count":8,"href":"https:\/\/www.scpowerteam.com\/it\/wp-json\/wp\/v2\/pages\/2628\/revisions"}],"predecessor-version":[{"id":2700,"href":"https:\/\/www.scpowerteam.com\/it\/wp-json\/wp\/v2\/pages\/2628\/revisions\/2700"}],"up":[{"embeddable":true,"href":"https:\/\/www.scpowerteam.com\/it\/wp-json\/wp\/v2\/pages\/56"}],"wp:attachment":[{"href":"https:\/\/www.scpowerteam.com\/it\/wp-json\/wp\/v2\/media?parent=2628"}],"curies":[{"name":"wp","href":"https:\/\/api.w.org\/{rel}","templated":true}]}}