{"id":2675,"date":"2024-10-01T16:21:28","date_gmt":"2024-10-01T20:21:28","guid":{"rendered":"https:\/\/www.scpowerteam.com\/?page_id=2675"},"modified":"2024-10-01T16:21:28","modified_gmt":"2024-10-01T20:21:28","slug":"legacy-members","status":"publish","type":"page","link":"https:\/\/www.scpowerteam.com\/it\/target-industries\/legacy-members\/","title":{"rendered":"Legacy Members"},"content":{"rendered":"<style>\n  \n  #hero-block_e75b361a42f1b08445485c153c789e6f { \n        background-color: #00437b;\n    }\n  \n<\/style>\n\n<div id=\"hero-block_e75b361a42f1b08445485c153c789e6f\" class=\"hero alignfull Dark\">\n  \n  <div class=\"container\">\n    \n    <div class=\"row\">\n      \n    <div class=\"col-12 col-sm-5\">\n      \n      <h5>Sappiamo<\/h5>\n      <h1>Legacy Members<\/h1>\n      \n            \n            \n    <\/div>\n    \n    <div class=\"col-12 col-sm-7\">\n      \n      <div class=\"hero-content\">\n        \n        <p>More than 450 industrial and commercial employers are members of one of our 19 electric cooperatives. Care for these Legacy Members is the number one priority of the South Carolina Power Team. For over 30 years, a dedicated existing industry program has fostered strong relationships, allowing co-op and Power Team staff to know local plant managers personally. We recognize the companies that create jobs and invest in our communities, and we respond to their needs accordingly.<\/p>\n<ul>\n<li>Every one of South Carolina\u2019s 19 electric cooperatives has trained staff ready to address the unique power requirements of local industries and businesses.<\/li>\n<li>Co-ops offer $150,000 annually in grant funding for reimbursement of training costs incurred by businesses for existing employees.<\/li>\n<li>An additional $2,000,000 in funding is available to incentivize expansions by co-op members that meet specific criteria.<\/li>\n<li>With 79,000 miles of distribution power lines, our cooperatives own three times the mileage of any other electric utility in the state.<\/li>\n<\/ul>\n<p>&nbsp;<\/p>\n      \n      <\/div>\n      \n    <\/div>\n    \n    <\/div>\n    \n  <\/div>\n  \n<\/div>\n\n\n<div class=\"wp-block-group has-white-background-color has-background is-layout-flow wp-block-group-is-layout-flow\">\n<div class=\"wp-block-columns is-layout-flex wp-container-core-columns-is-layout-28f84493 wp-block-columns-is-layout-flex\">\n<div class=\"wp-block-column is-layout-flow wp-block-column-is-layout-flow\" style=\"flex-basis:25%\"><\/div>\n\n\n\n<div class=\"wp-block-column is-layout-flow wp-block-column-is-layout-flow\" style=\"flex-basis:50%\">\n<p><strong>We also offer some unique services through our <a href=\"https:\/\/www.scpowerteam.com\/it\/what-we-do\/business-retention-expansion\/\">Business Retention &amp; Expansion<\/a> office:<\/strong><br><\/p>\n\n\n\n<ul class=\"wp-block-list\">\n<li><em>Expansion Consultation<\/em>: We want to make continuous investment and expansion at your facility a reality.<\/li>\n\n\n\n<li><em>Connessioni<\/em>: Industries on our power lines have an incredible support team.&nbsp; We are proud to act as facilitator to connect you to resources available to your business.<\/li>\n\n\n\n<li><em>Business Retention &amp; Upskilling Incentive<\/em>:&nbsp; The <a href=\"https:\/\/www.scpowerteam.com\/it\/what-we-do\/financial-programs\/\">Incentivo per il miglioramento delle competenze e la conservazione dell&#039;attivit\u00e0<\/a> offers reimbursements for a portion of documented out-of-pocket costs incurred to train existing employees on new\/upgraded equipment.&nbsp; It is available to existing commercial members of South Carolina\u2019s Electric Cooperatives.<\/li>\n<\/ul>\n<\/div>\n\n\n\n<div class=\"wp-block-column is-layout-flow wp-block-column-is-layout-flow\" style=\"flex-basis:25%\"><\/div>\n<\/div>\n\n\n\n<div class=\"wp-block-columns is-layout-flex wp-container-core-columns-is-layout-28f84493 wp-block-columns-is-layout-flex\">\n<div class=\"wp-block-column is-layout-flow wp-block-column-is-layout-flow\" style=\"flex-basis:25%\"><\/div>\n\n\n\n<div class=\"wp-block-column is-layout-flow wp-block-column-is-layout-flow\" style=\"flex-basis:50%\">\n<p><\/p>\n\n\n\n<p><\/p>\n\n\n\n<p><strong>In Good Company<\/strong><br>Some of South Carolina&#8217;s electric cooperative legacy members include:<\/p>\n\n\n\n<figure class=\"wp-block-image size-full\"><img loading=\"lazy\" decoding=\"async\" width=\"642\" height=\"442\" src=\"https:\/\/www.scpowerteam.com\/wp-content\/uploads\/2024\/06\/Legacy-Logos-1.png\" alt=\"\" class=\"wp-image-2677\" srcset=\"https:\/\/www.scpowerteam.com\/wp-content\/uploads\/2024\/06\/Legacy-Logos-1.png 642w, https:\/\/www.scpowerteam.com\/wp-content\/uploads\/2024\/06\/Legacy-Logos-1-300x207.png 300w, https:\/\/www.scpowerteam.com\/wp-content\/uploads\/2024\/06\/Legacy-Logos-1-18x12.png 18w\" sizes=\"auto, (max-width: 642px) 100vw, 642px\" \/><\/figure>\n\n\n\n<figure class=\"wp-block-image size-full\"><img loading=\"lazy\" decoding=\"async\" width=\"658\" height=\"602\" src=\"https:\/\/www.scpowerteam.com\/wp-content\/uploads\/2024\/06\/Legacy-Logos-2.png\" alt=\"\" class=\"wp-image-2678\" srcset=\"https:\/\/www.scpowerteam.com\/wp-content\/uploads\/2024\/06\/Legacy-Logos-2.png 658w, https:\/\/www.scpowerteam.com\/wp-content\/uploads\/2024\/06\/Legacy-Logos-2-300x274.png 300w, https:\/\/www.scpowerteam.com\/wp-content\/uploads\/2024\/06\/Legacy-Logos-2-13x12.png 13w\" sizes=\"auto, (max-width: 658px) 100vw, 658px\" \/><\/figure>\n\n\n\n<p><br><\/p>\n<\/div>\n\n\n\n<div class=\"wp-block-column is-layout-flow wp-block-column-is-layout-flow\" style=\"flex-basis:25%\"><\/div>\n<\/div>\n\n\n\n<div class=\"wp-block-columns is-layout-flex wp-container-core-columns-is-layout-28f84493 wp-block-columns-is-layout-flex\">\n<div class=\"wp-block-column is-layout-flow wp-block-column-is-layout-flow\"><\/div>\n<\/div>\n<\/div>\n\n\n\n<div class=\"wp-block-group has-light-gray-background-color has-background is-layout-flow wp-block-group-is-layout-flow\">\n<div class=\"wp-block-columns is-layout-flex wp-container-core-columns-is-layout-28f84493 wp-block-columns-is-layout-flex\">\n<div class=\"wp-block-column is-layout-flow wp-block-column-is-layout-flow\">\n<h5 class=\"wp-block-heading has-text-align-center has-teal-color has-text-color\" id=\"resources\">Risorse<\/h5>\n\n\n\n<h2 class=\"wp-block-heading has-text-align-center\" id=\"workforce-education-training\">Istruzione e formazione della forza lavoro<\/h2>\n<\/div>\n<\/div>\n\n\n\n<div class=\"wp-block-columns is-layout-flex wp-container-core-columns-is-layout-28f84493 wp-block-columns-is-layout-flex\">\n<div class=\"wp-block-column is-layout-flow wp-block-column-is-layout-flow\" style=\"flex-basis:20%\"><\/div>\n\n\n\n<div class=\"wp-block-column is-layout-flow wp-block-column-is-layout-flow\" style=\"flex-basis:60%\">\n<style>\n\n.toggle-list {\n  \n}\n\n<\/style>\n\n<div id=\"togglelist-block_6be237336a79604f22cb86107f60a86b\" class=\"toggle-list\">\n  \n  <div class=\"w-tabs layout_accordion type_toggle\"><div class=\"w-tabs-h\">          \n          <div class=\"w-tabs-section\">\n            <div class=\"w-tabs-section-title\">\n              <span class=\"w-tabs-section-title-text\" itemprop=\"name\">readySC\u2122 e Apprenticeship Carolina\u2122<\/span>\n              <span class=\"w-tabs-section-title-control\">\n                <span class=\"icon-plus\"><\/span>\n              <\/span>\n            <\/div>\n            <div class=\"w-tabs-section-content\" style=\"display: none;\">\n              <div class=\"w-tabs-section-content-h\" itemprop=\"text\">\n                <ul>\n<li>Fornisce competenze e formazione tecnica ai dipendenti di aziende nuove e in espansione nella Carolina del Sud<\/li>\n<li>Lavora a stretto contatto con le nuove aziende per fornire gli strumenti di reclutamento, formazione e sviluppo della forza lavoro e l&#039;assistenza di cui hanno bisogno per essere operativi<\/li>\n<li>Aiuta la forza lavoro di un&#039;azienda a continuare a crescere guidando le aziende attraverso il processo di apprendistato registrato dalle informazioni iniziali al pieno riconoscimento nel sistema nazionale di apprendistato registrato<\/li>\n<li>Siti web: <a href=\"https:\/\/www.readysc.org\/\">ReadySC\u2122<\/a> e <a href=\"http:\/\/www.apprenticeshipcarolina.com\/\">Tirocinio Carolina<\/a><\/li>\n<\/ul>\n              <\/div>\n            <\/div>\n          <\/div>\n  \n            \n          <div class=\"w-tabs-section\">\n            <div class=\"w-tabs-section-title\">\n              <span class=\"w-tabs-section-title-text\" itemprop=\"name\">SCbio<\/span>\n              <span class=\"w-tabs-section-title-control\">\n                <span class=\"icon-plus\"><\/span>\n              <\/span>\n            <\/div>\n            <div class=\"w-tabs-section-content\" style=\"display: none;\">\n              <div class=\"w-tabs-section-content-h\" itemprop=\"text\">\n                <ul>\n<li>SCbio is the lead organization in South Carolina for recruiting and fostering growth of life sciences companies.<\/li>\n<li>I pilastri organizzativi chiave includono:\n<ul>\n<li>Industria esistente in crescita<\/li>\n<li>Reclutamento nel settore globale<\/li>\n<li>Start-up e organizzazioni in fase iniziale<\/li>\n<\/ul>\n<\/li>\n<li>Sito web: <a href=\"https:\/\/www.scbio.org\/cpages\/home\">SCbio<\/a><\/li>\n<\/ul>\n              <\/div>\n            <\/div>\n          <\/div>\n  \n            \n          <div class=\"w-tabs-section\">\n            <div class=\"w-tabs-section-title\">\n              <span class=\"w-tabs-section-title-text\" itemprop=\"name\">Universit\u00e0 medica della Carolina del Sud: <\/span>\n              <span class=\"w-tabs-section-title-control\">\n                <span class=\"icon-plus\"><\/span>\n              <\/span>\n            <\/div>\n            <div class=\"w-tabs-section-content\" style=\"display: none;\">\n              <div class=\"w-tabs-section-content-h\" itemprop=\"text\">\n                <ul>\n<li>La Medical University of South Carolina (MUSC) \u00e8 il principale istituto di ricerca biomedica della Carolina del Sud. Il nostro successo nel ricevere finanziamenti per la ricerca riflette un&#039;impresa di scienziati clinici e di base riconosciuti a livello internazionale per il lavoro biomedico in malattie come cancro, ictus, disparit\u00e0 di salute, scienze delle dipendenze, infiammazione e fibrosi e malattie dell&#039;apparato digerente, solo per citarne alcune! Tutto un risultato diretto del reclutamento di scienziati di alto livello con un focus strategico per soddisfare i bisogni della gente della Carolina del Sud.<\/li>\n<li>Sito web: <a href=\"https:\/\/research.musc.edu\/\">Universit\u00e0 medica della Carolina del Sud:\u00a0<\/a><\/li>\n<\/ul>\n              <\/div>\n            <\/div>\n          <\/div>\n  \n            \n          <div class=\"w-tabs-section\">\n            <div class=\"w-tabs-section-title\">\n              <span class=\"w-tabs-section-title-text\" itemprop=\"name\">Universit\u00e0 Clemson<\/span>\n              <span class=\"w-tabs-section-title-control\">\n                <span class=\"icon-plus\"><\/span>\n              <\/span>\n            <\/div>\n            <div class=\"w-tabs-section-content\" style=\"display: none;\">\n              <div class=\"w-tabs-section-content-h\" itemprop=\"text\">\n                <ul>\n<li>I corsi di laurea di Clemson portano a diplomi di laurea e laurea in scienze biologiche e una laurea in microbiologia. Inoltre, Clemson offre aree di enfasi in entomologia, prefarmacia, preriabilitazione, biologia quantitativa, tossicologia, istruzione secondaria e biomedicina. I corsi di laurea di Clemson includono MS e Ph.D. lauree in Scienze Biologiche, Tossicologia Ambientale e Microbiologia. C&#039;\u00e8 anche un programma BS\/MS di 5 anni in Scienze Biologiche e Bioingegneria. I docenti della Facolt\u00e0 di Scienze Biologiche partecipano anche ai corsi di laurea magistrale e dottorato interdipartimentali. programmi in Scienze vegetali e ambientali. Clemson offre inoltre un MS online in Scienze biologiche per educatori scientifici.<\/li>\n<li>Sito web: <a href=\"https:\/\/www.clemson.edu\/science\/departments\/biosci\/\">Universit\u00e0 Clemson<\/a><\/li>\n<\/ul>\n              <\/div>\n            <\/div>\n          <\/div>\n  \n            \n          <div class=\"w-tabs-section\">\n            <div class=\"w-tabs-section-title\">\n              <span class=\"w-tabs-section-title-text\" itemprop=\"name\">Universit\u00e0 della Carolina del Sud<\/span>\n              <span class=\"w-tabs-section-title-control\">\n                <span class=\"icon-plus\"><\/span>\n              <\/span>\n            <\/div>\n            <div class=\"w-tabs-section-content\" style=\"display: none;\">\n              <div class=\"w-tabs-section-content-h\" itemprop=\"text\">\n                <ul>\n<li>Situato nel cuore della Columbia, il Dipartimento di Scienze Biologiche \u00e8 uno dei pi\u00f9 grandi dipartimenti dell&#039;UofSC. La loro missione \u00e8 di far progredire la conoscenza e le scoperte in molti aspetti della biologia che vanno dal livello cellulare e genetico al livello organismico e ambientale. Il Dipartimento svolge attivit\u00e0 all&#039;avanguardia <a href=\"https:\/\/sc.edu\/study\/colleges_schools\/artsandsciences\/biological_sciences\/research\/index.php\">ricerca<\/a>, e trasmette la conoscenza a studenti e cittadini attraverso corsi di eccellenza, <a href=\"https:\/\/sc.edu\/study\/colleges_schools\/artsandsciences\/biological_sciences\/study\/index.php\">programmi<\/a> e il coinvolgimento della comunit\u00e0. Si sforzano di fornire ai loro studenti universitari e laureati la migliore istruzione e formazione che consenta loro di raggiungere i loro obiettivi professionali e personali.<\/li>\n<li>Sito web: <a href=\"https:\/\/sc.edu\/study\/colleges_schools\/artsandsciences\/biological_sciences\/index.php\">Universit\u00e0 della Carolina del Sud<\/a><\/li>\n<\/ul>\n              <\/div>\n            <\/div>\n          <\/div>\n  \n  <\/div><\/div>  \n  \n<\/div>\n  <\/div>\n\n\n\n<div class=\"wp-block-column is-layout-flow wp-block-column-is-layout-flow\" style=\"flex-basis:20%\"><\/div>\n<\/div>\n<\/div>","protected":false},"excerpt":{"rendered":"<p>We also offer some unique services through our Business Retention &amp; Expansion office: In Good CompanySome of South Carolina&#8217;s electric cooperative legacy members include: Resources Workforce Education &amp; Training<\/p>","protected":false},"author":3,"featured_media":0,"parent":56,"menu_order":0,"comment_status":"closed","ping_status":"closed","template":"","meta":{"_acf_changed":false,"footnotes":""},"class_list":["post-2675","page","type-page","status-publish","hentry"],"acf":[],"_links":{"self":[{"href":"https:\/\/www.scpowerteam.com\/it\/wp-json\/wp\/v2\/pages\/2675","targetHints":{"allow":["GET"]}}],"collection":[{"href":"https:\/\/www.scpowerteam.com\/it\/wp-json\/wp\/v2\/pages"}],"about":[{"href":"https:\/\/www.scpowerteam.com\/it\/wp-json\/wp\/v2\/types\/page"}],"author":[{"embeddable":true,"href":"https:\/\/www.scpowerteam.com\/it\/wp-json\/wp\/v2\/users\/3"}],"replies":[{"embeddable":true,"href":"https:\/\/www.scpowerteam.com\/it\/wp-json\/wp\/v2\/comments?post=2675"}],"version-history":[{"count":8,"href":"https:\/\/www.scpowerteam.com\/it\/wp-json\/wp\/v2\/pages\/2675\/revisions"}],"predecessor-version":[{"id":2702,"href":"https:\/\/www.scpowerteam.com\/it\/wp-json\/wp\/v2\/pages\/2675\/revisions\/2702"}],"up":[{"embeddable":true,"href":"https:\/\/www.scpowerteam.com\/it\/wp-json\/wp\/v2\/pages\/56"}],"wp:attachment":[{"href":"https:\/\/www.scpowerteam.com\/it\/wp-json\/wp\/v2\/media?parent=2675"}],"curies":[{"name":"wp","href":"https:\/\/api.w.org\/{rel}","templated":true}]}}