{"id":64,"date":"2022-01-05T16:49:04","date_gmt":"2022-01-05T16:49:04","guid":{"rendered":"https:\/\/www.scpowerteam.com\/?page_id=64"},"modified":"2024-04-15T09:44:13","modified_gmt":"2024-04-15T13:44:13","slug":"our-partners","status":"publish","type":"page","link":"https:\/\/www.scpowerteam.com\/it\/who-we-are\/our-partners\/","title":{"rendered":"I nostri partner"},"content":{"rendered":"<style>\n  \n  #hero-block_6ae880b2466698738dd88905d7ee59a9 { \n      }\n  \n<\/style>\n\n<div id=\"hero-block_6ae880b2466698738dd88905d7ee59a9\" class=\"hero Light\">\n  \n  <div class=\"container\">\n    \n    <div class=\"row\">\n      \n    <div class=\"col-12 col-sm-5\">\n      \n      <h5>Portata in tutto lo stato<\/h5>\n      <h1>I nostri partner<\/h1>\n      \n            \n      <p><img loading=\"lazy\" decoding=\"async\" class=\"alignnone size-medium wp-image-1117\" src=\"https:\/\/www.scpowerteam.com\/wp-content\/uploads\/2022\/02\/Who-we-are-graphic-300x300.png\" alt=\"\" width=\"300\" height=\"300\" srcset=\"https:\/\/www.scpowerteam.com\/wp-content\/uploads\/2022\/02\/Who-we-are-graphic-300x300.png 300w, https:\/\/www.scpowerteam.com\/wp-content\/uploads\/2022\/02\/Who-we-are-graphic-150x150.png 150w, https:\/\/www.scpowerteam.com\/wp-content\/uploads\/2022\/02\/Who-we-are-graphic.png 480w\" sizes=\"auto, (max-width: 300px) 100vw, 300px\" \/><\/p>\n      \n    <\/div>\n    \n    <div class=\"col-12 col-sm-7\">\n      \n      <div class=\"hero-content\">\n        \n        <h3>The South Carolina Power Team is a full-service, non-profit economic development organization representing the state\u2019s 19 consumer-owned electric cooperatives.<\/h3>\n<p>Il South Carolina Power Team serve due terzi dell&#039;area dello stato e circa la met\u00e0 della sua popolazione. La missione del South Carolina Power Team \u00e8 facilitare la crescita dei posti di lavoro, degli investimenti e del carico elettrico attraverso l&#039;attrazione di nuove attivit\u00e0 industriali e commerciali, nonch\u00e9 l&#039;espansione e il mantenimento di attivit\u00e0 e strutture esistenti nelle aree di servizio del settore elettrico cooperative in tutta la Carolina del Sud.<\/p>\n      \n      <\/div>\n      \n    <\/div>\n    \n    <\/div>\n    \n  <\/div>\n  \n<\/div>\n\n\n<div class=\"wp-block-columns is-layout-flex wp-container-core-columns-is-layout-28f84493 wp-block-columns-is-layout-flex\">\n<div class=\"wp-block-column is-layout-flow wp-block-column-is-layout-flow\">\n<p class=\"has-white-color has-dark-blue-background-color has-text-color has-background\"><strong><a href=\"https:\/\/www.cepci.org\/\" target=\"_blank\" rel=\"noreferrer noopener\">Cooperativa Centrale Elettrica<\/a> \u2014 Societ\u00e0 di trasmissione<\/strong><br><em>Senza scopo di lucro e di propriet\u00e0 di membri<\/em><br><br>-Provides total wholesale electric service to all of South Carolina\u2019s 19 electric cooperatives<br>-Le risorse di trasmissione sono costituite da pi\u00f9 di 800 miglia di linee<br>-\u00c8 l&#039;unico sistema elettrico in tutto lo stato della Carolina del Sud<\/p>\n<\/div>\n<\/div>\n\n\n\n<div class=\"wp-block-columns is-layout-flex wp-container-core-columns-is-layout-28f84493 wp-block-columns-is-layout-flex\">\n<div class=\"wp-block-column is-layout-flow wp-block-column-is-layout-flow\">\n<p class=\"has-dark-blue-color has-white-background-color has-text-color has-background\"><a href=\"https:\/\/www.ecsc.org\/\" target=\"_blank\" rel=\"noreferrer noopener\">Electric Cooperatives (19)<\/a><strong> \u2014 Distribuzione<\/strong><br><em>Senza scopo di lucro e di propriet\u00e0 di membri<\/em><br><br>-Serve pi\u00f9 di 1,5 milioni di abitanti della Carolina del Sud in tutte le 46 contee<br>-Costruisce e mantiene il pi\u00f9 grande sistema di distribuzione di energia dello stato<br>-Possiede e gestisce pi\u00f9 di 72.000 miglia di linee elettriche che coprono il 70% della Carolina del Sud<br>-Investi milioni di dollari in infrastrutture comunitarie e progetti di miglioramento del sito<\/p>\n<\/div>\n<\/div>\n\n\n\n<div class=\"wp-block-columns is-layout-flex wp-container-core-columns-is-layout-28f84493 wp-block-columns-is-layout-flex\">\n<div class=\"wp-block-column is-layout-flow wp-block-column-is-layout-flow\">\n<h2 class=\"wp-block-heading has-text-align-center has-teal-color has-text-color\"><strong>Le cooperative elettriche della Carolina del Sud<\/strong><\/h2>\n<\/div>\n<\/div>\n\n\n\n<div class=\"wp-block-columns is-layout-flex wp-container-core-columns-is-layout-28f84493 wp-block-columns-is-layout-flex\">\n<div class=\"wp-block-column is-layout-flow wp-block-column-is-layout-flow\">\n<p class=\"has-text-align-center\"><a href=\"http:\/\/www.aikenco-op.org\/\">Cooperativa elettrica Aiken<\/a><br><a href=\"http:\/\/www.berkeleyelectric.coop\/\">Cooperativa elettrica di Berkeley<\/a><br><a href=\"http:\/\/www.blackriver.coop\/\">Cooperativa elettrica Black River<\/a><br><a href=\"http:\/\/www.blueridge.coop\/\">Cooperativa elettrica Blue Ridge<\/a><br><a href=\"http:\/\/www.broadriverelectric.com\/\">Cooperativa elettrica Broad River<\/a><br><a href=\"http:\/\/www.coastal.coop\/\">Cooperativa elettrica costiera<\/a><br><a href=\"http:\/\/www.edistoelectric.com\/\">Edisto cooperativa elettrica<\/a><br><a href=\"http:\/\/www.fairfield.coop\/\">Cooperativa elettrica Fairfield<\/a><br><a href=\"http:\/\/www.horryelectric.com\/\">Cooperativa elettrica Horry<\/a><br><a href=\"http:\/\/www.laurenselectric.com\/\">Cooperativa elettrica Laurens<\/a><\/p>\n<\/div>\n\n\n\n<div class=\"wp-block-column is-layout-flow wp-block-column-is-layout-flow\">\n<p class=\"has-text-align-center\"><a href=\"http:\/\/www.lreci.coop\/\">Cooperativa elettrica Little River<\/a><br><a href=\"http:\/\/www.lynchesriver.com\/\">Lynches River Electric Cooperativa<\/a><br><a href=\"https:\/\/www.mpd.coop\/\" data-type=\"link\" data-id=\"https:\/\/www.mpd.coop\/\">MPD Electric Cooperative<\/a><br><a href=\"http:\/\/www.mcecoop.com\/\">Cooperativa elettrica di Mid-Carolina<\/a><br><a href=\"http:\/\/www.nec.coop\/\">Cooperativa elettrica Newberry<\/a><br><a href=\"http:\/\/www.palmetto.coop\/\">Cooperativa elettrica Palmetto<\/a><br><a href=\"http:\/\/www.santee.org\/\">Cooperativa elettrica Santee<br><\/a><a href=\"http:\/\/tri-countyelectric.net\/\">Cooperativa elettrica tri-contea<br><\/a><a href=\"http:\/\/www.yorkelectric.net\/\">York Electric Cooperativa<\/a><\/p>\n<\/div>\n<\/div>\n\n\n\n<div class=\"wp-block-columns is-layout-flex wp-container-core-columns-is-layout-28f84493 wp-block-columns-is-layout-flex\">\n<div class=\"wp-block-column is-layout-flow wp-block-column-is-layout-flow\">\n<p class=\"has-white-color has-dark-blue-background-color has-text-color has-background\"><strong><a href=\"https:\/\/www.scpowerteam.com\/it\/\" target=\"_blank\" rel=\"noreferrer noopener\">Squadra di potenza della Carolina del Sud<\/a> \u2014 sviluppo economico, sviluppo delle imprese,<br>Preparazione e marketing della comunit\u00e0<\/strong><br><br>-Promuove la creazione di posti di lavoro, investimenti di capitale e carico elettrico attraverso l&#039;attrazione di nuove industrie<br>e attivit\u00e0 commerciale<br>-Supporta l&#039;espansione e il mantenimento delle attivit\u00e0 esistenti<br>-Fornisce servizi di Project Management per semplificare e accelerare il trasferimento di un&#039;organizzazione al nostro<br>stato o un&#039;industria esistente con la sua espansione<br>-Offre assistenza per lo sviluppo della comunit\u00e0, lo sviluppo del sito e le iniziative di competitivit\u00e0<\/p>\n<\/div>\n<\/div>\n\n\n\n<div class=\"wp-block-columns is-layout-flex wp-container-core-columns-is-layout-28f84493 wp-block-columns-is-layout-flex\">\n<div class=\"wp-block-column is-layout-flow wp-block-column-is-layout-flow\" style=\"flex-basis:25%\"><\/div>\n\n\n\n<div class=\"wp-block-column is-layout-flow wp-block-column-is-layout-flow\" style=\"flex-basis:50%\"><\/div>\n\n\n\n<div class=\"wp-block-column is-layout-flow wp-block-column-is-layout-flow\" style=\"flex-basis:25%\"><\/div>\n<\/div>\n\n\n\n<div class=\"wp-block-columns is-layout-flex wp-container-core-columns-is-layout-28f84493 wp-block-columns-is-layout-flex\">\n<div class=\"wp-block-column is-layout-flow wp-block-column-is-layout-flow\">\n<h2 class=\"wp-block-heading has-text-align-center has-teal-color has-text-color\"><br><em>Il nostro sistema di alimentazione raggiunge l&#039;intero stato, servendo 2\/3 dei residenti e molte delle pi\u00f9 grandi aziende industriali della Carolina del Sud.<\/em><br><\/h2>\n<\/div>\n<\/div>","protected":false},"excerpt":{"rendered":"<p>Central Electric Power Cooperative \u2014 Transmission CompanyNon-Profit &amp; Member-Owned -Provides total wholesale electric service to all of South Carolina\u2019s 19 electric cooperatives-Transmission assets consist of more than 800 miles of lines-Is the only statewide electric system in South Carolina Electric Cooperatives (19) \u2014 DistributionNon-Profit &amp; Member-Owned -Serves more than 1.5 million South Carolinians in all [&hellip;]<\/p>","protected":false},"author":1,"featured_media":0,"parent":58,"menu_order":3,"comment_status":"closed","ping_status":"closed","template":"","meta":{"_acf_changed":false,"footnotes":""},"class_list":["post-64","page","type-page","status-publish","hentry"],"acf":[],"_links":{"self":[{"href":"https:\/\/www.scpowerteam.com\/it\/wp-json\/wp\/v2\/pages\/64","targetHints":{"allow":["GET"]}}],"collection":[{"href":"https:\/\/www.scpowerteam.com\/it\/wp-json\/wp\/v2\/pages"}],"about":[{"href":"https:\/\/www.scpowerteam.com\/it\/wp-json\/wp\/v2\/types\/page"}],"author":[{"embeddable":true,"href":"https:\/\/www.scpowerteam.com\/it\/wp-json\/wp\/v2\/users\/1"}],"replies":[{"embeddable":true,"href":"https:\/\/www.scpowerteam.com\/it\/wp-json\/wp\/v2\/comments?post=64"}],"version-history":[{"count":41,"href":"https:\/\/www.scpowerteam.com\/it\/wp-json\/wp\/v2\/pages\/64\/revisions"}],"predecessor-version":[{"id":2661,"href":"https:\/\/www.scpowerteam.com\/it\/wp-json\/wp\/v2\/pages\/64\/revisions\/2661"}],"up":[{"embeddable":true,"href":"https:\/\/www.scpowerteam.com\/it\/wp-json\/wp\/v2\/pages\/58"}],"wp:attachment":[{"href":"https:\/\/www.scpowerteam.com\/it\/wp-json\/wp\/v2\/media?parent=64"}],"curies":[{"name":"wp","href":"https:\/\/api.w.org\/{rel}","templated":true}]}}