{"id":865,"date":"2022-02-04T10:27:25","date_gmt":"2022-02-04T15:27:25","guid":{"rendered":"https:\/\/www.scpowerteam.com\/?page_id=865"},"modified":"2024-04-10T17:07:19","modified_gmt":"2024-04-10T21:07:19","slug":"life-sciences","status":"publish","type":"page","link":"https:\/\/www.scpowerteam.com\/it\/target-industries\/life-sciences\/","title":{"rendered":"Scienze di vita"},"content":{"rendered":"<style>\n  \n  #hero-block_61e882ae51562 { \n        background-color: #00437b;\n    }\n  \n<\/style>\n\n<div id=\"hero-block_61e882ae51562\" class=\"hero alignfull Dark\">\n  \n  <div class=\"container\">\n    \n    <div class=\"row\">\n      \n    <div class=\"col-12 col-sm-5\">\n      \n      <h5>Sappiamo<\/h5>\n      <h1>Scienze di vita<\/h1>\n      \n            \n            \n    <\/div>\n    \n    <div class=\"col-12 col-sm-7\">\n      \n      <div class=\"hero-content\">\n        \n        <p>Negli ultimi quattro anni, la Carolina del Sud ha classificato #1 tra gli stati del sud-est per la crescita dell&#039;occupazione nel settore delle scienze della vita. Questo settore da solo ha avuto un impatto economico totale di oltre $25 miliardi nel 2021, rendendolo il settore in pi\u00f9 rapida crescita nello stato.<\/p>\n<ul>\n<li>87.000 lavori relativi alle scienze della vita nella Carolina del Sud<\/li>\n<li>More than 1,000 Life Sciences-related companies in South Carolina<\/li>\n<li>$25 miliardi di impatto economico<\/li>\n<li>Centinaia di brevetti e tecnologie su licenza dal 2012<\/li>\n<\/ul>\n      \n      <\/div>\n      \n    <\/div>\n    \n    <\/div>\n    \n  <\/div>\n  \n<\/div>\n\n\n<div class=\"wp-block-group has-white-background-color has-background is-layout-flow wp-block-group-is-layout-flow\">\n<div class=\"wp-block-columns is-layout-flex wp-container-core-columns-is-layout-28f84493 wp-block-columns-is-layout-flex\">\n<div class=\"wp-block-column is-layout-flow wp-block-column-is-layout-flow\">\n<h2 class=\"has-teal-color has-text-color wp-block-heading\" id=\"leading-life-sciences-companies-in-sc\"><strong>Aziende leader nel settore delle scienze della vita in SC<\/strong><\/h2>\n<\/div>\n<\/div>\n\n\n\n<div class=\"wp-block-columns is-layout-flex wp-container-core-columns-is-layout-28f84493 wp-block-columns-is-layout-flex\">\n<div class=\"wp-block-column is-layout-flow wp-block-column-is-layout-flow\" style=\"flex-basis:66.66%\">\n<script type=\"text\/javascript\" src=\"https:\/\/media.zoomprospector.com\/common\/scripts\/businesswidget.iframe.js?&amp;bwHHN=1&amp;sst=SOUTHCAROLINA&amp;environment=production&amp;height=750&amp;bwlatlngzoom=33.914345%2C-80.898942%7C7&amp;bwparams=cluster_afec5cd9-726e-4caf-a00d-d92380ced42d\"><\/script>\n<\/div>\n\n\n\n<div class=\"wp-block-column is-layout-flow wp-block-column-is-layout-flow\" style=\"flex-basis:33.33%\">\n<p><em>Usa questa mappa interattiva per saperne di pi\u00f9 sull&#039;industria delle scienze della vita nella Carolina del Sud e per esplorare i cluster creati dalla forza lavoro qualificata del nostro stato, dalle infrastrutture strategiche, dal basso costo degli affari e dall&#039;interessante qualit\u00e0 della vita.<\/em><\/p>\n\n\n\n<p><\/p>\n\n\n\n<div class=\"wp-block-buttons is-layout-flex wp-block-buttons-is-layout-flex\">\n<div class=\"wp-block-button\"><a class=\"wp-block-button__link wp-element-button\" href=\"https:\/\/www.scpowerteam.com\/it\/properties\/?zpeptShare=aHR0cHM6Ly9wcm9wZXJ0aWVzLnpvb21wcm9zcGVjdG9yLmNvbS9zb3V0aGNhcm9saW5hL2NvbW11bml0eS9TdGF0ZS1vZi1Tb3V0aC1DYXJvbGluYS9yMjEvYnVzaW5lc3M%2FY2x1c3RlcnM9QUZFQzVDRDktNzI2RS00Q0FGLUEwMEQtRDkyMzgwQ0VENDJEJmNsdXN0ZXJJZHNbMF09NyZjbHVzdGVydGV4dD1MaWZlJTIwU2NpZW5jZXMmbGF5ZXJzPVNPVVRIQ0FST0xJTkFCT1VOREFSWSZsYXQ9MzMuNjQ1Nzk3Nzk1MDE4OTQmbG5nPS04MC45NTE2MDI5OTk2MzgyOCZ6b29tPTc%3D\" target=\"_blank\" rel=\"noreferrer noopener\">guarda i dettagli qui<\/a><\/div>\n<\/div>\n<\/div>\n<\/div>\n<\/div>\n\n\n\n<div class=\"wp-block-group has-light-gray-background-color has-background is-layout-flow wp-block-group-is-layout-flow\">\n<div class=\"wp-block-columns is-layout-flex wp-container-core-columns-is-layout-28f84493 wp-block-columns-is-layout-flex\">\n<div class=\"wp-block-column is-layout-flow wp-block-column-is-layout-flow\">\n<h5 class=\"has-text-align-center has-teal-color has-text-color wp-block-heading\" id=\"resources\">Risorse<\/h5>\n\n\n\n<h2 class=\"has-text-align-center wp-block-heading\" id=\"workforce-education-training\">Istruzione e formazione della forza lavoro<\/h2>\n<\/div>\n<\/div>\n\n\n\n<div class=\"wp-block-columns is-layout-flex wp-container-core-columns-is-layout-28f84493 wp-block-columns-is-layout-flex\">\n<div class=\"wp-block-column is-layout-flow wp-block-column-is-layout-flow\" style=\"flex-basis:20%\"><\/div>\n\n\n\n<div class=\"wp-block-column is-layout-flow wp-block-column-is-layout-flow\" style=\"flex-basis:60%\">\n<style>\n\n.toggle-list {\n  \n}\n\n<\/style>\n\n<div id=\"togglelist-block_61e83d99c60ce\" class=\"toggle-list\">\n  \n  <div class=\"w-tabs layout_accordion type_toggle\"><div class=\"w-tabs-h\">          \n          <div class=\"w-tabs-section\">\n            <div class=\"w-tabs-section-title\">\n              <span class=\"w-tabs-section-title-text\" itemprop=\"name\">readySC\u2122 e Apprenticeship Carolina\u2122<\/span>\n              <span class=\"w-tabs-section-title-control\">\n                <span class=\"icon-plus\"><\/span>\n              <\/span>\n            <\/div>\n            <div class=\"w-tabs-section-content\" style=\"display: none;\">\n              <div class=\"w-tabs-section-content-h\" itemprop=\"text\">\n                <ul>\n<li>Fornisce competenze e formazione tecnica ai dipendenti di aziende nuove e in espansione nella Carolina del Sud<\/li>\n<li>Lavora a stretto contatto con le nuove aziende per fornire gli strumenti di reclutamento, formazione e sviluppo della forza lavoro e l&#039;assistenza di cui hanno bisogno per essere operativi<\/li>\n<li>Aiuta la forza lavoro di un&#039;azienda a continuare a crescere guidando le aziende attraverso il processo di apprendistato registrato dalle informazioni iniziali al pieno riconoscimento nel sistema nazionale di apprendistato registrato<\/li>\n<li>Siti web: <a href=\"https:\/\/www.readysc.org\/\">ReadySC\u2122<\/a> e <a href=\"http:\/\/www.apprenticeshipcarolina.com\/\">Tirocinio Carolina<\/a><\/li>\n<\/ul>\n              <\/div>\n            <\/div>\n          <\/div>\n  \n            \n          <div class=\"w-tabs-section\">\n            <div class=\"w-tabs-section-title\">\n              <span class=\"w-tabs-section-title-text\" itemprop=\"name\">SCbio<\/span>\n              <span class=\"w-tabs-section-title-control\">\n                <span class=\"icon-plus\"><\/span>\n              <\/span>\n            <\/div>\n            <div class=\"w-tabs-section-content\" style=\"display: none;\">\n              <div class=\"w-tabs-section-content-h\" itemprop=\"text\">\n                <ul>\n<li>SCbio is the lead organization in South Carolina for recruiting and fostering growth of life sciences companies.<\/li>\n<li>I pilastri organizzativi chiave includono:\n<ul>\n<li>Industria esistente in crescita<\/li>\n<li>Reclutamento nel settore globale<\/li>\n<li>Start-up e organizzazioni in fase iniziale<\/li>\n<\/ul>\n<\/li>\n<li>Sito web: <a href=\"https:\/\/www.scbio.org\/cpages\/home\">SCbio<\/a><\/li>\n<\/ul>\n              <\/div>\n            <\/div>\n          <\/div>\n  \n            \n          <div class=\"w-tabs-section\">\n            <div class=\"w-tabs-section-title\">\n              <span class=\"w-tabs-section-title-text\" itemprop=\"name\">Universit\u00e0 medica della Carolina del Sud: <\/span>\n              <span class=\"w-tabs-section-title-control\">\n                <span class=\"icon-plus\"><\/span>\n              <\/span>\n            <\/div>\n            <div class=\"w-tabs-section-content\" style=\"display: none;\">\n              <div class=\"w-tabs-section-content-h\" itemprop=\"text\">\n                <ul>\n<li>La Medical University of South Carolina (MUSC) \u00e8 il principale istituto di ricerca biomedica della Carolina del Sud. Il nostro successo nel ricevere finanziamenti per la ricerca riflette un&#039;impresa di scienziati clinici e di base riconosciuti a livello internazionale per il lavoro biomedico in malattie come cancro, ictus, disparit\u00e0 di salute, scienze delle dipendenze, infiammazione e fibrosi e malattie dell&#039;apparato digerente, solo per citarne alcune! Tutto un risultato diretto del reclutamento di scienziati di alto livello con un focus strategico per soddisfare i bisogni della gente della Carolina del Sud.<\/li>\n<li>Sito web: <a href=\"https:\/\/research.musc.edu\/\">Universit\u00e0 medica della Carolina del Sud:\u00a0<\/a><\/li>\n<\/ul>\n              <\/div>\n            <\/div>\n          <\/div>\n  \n            \n          <div class=\"w-tabs-section\">\n            <div class=\"w-tabs-section-title\">\n              <span class=\"w-tabs-section-title-text\" itemprop=\"name\">Universit\u00e0 Clemson<\/span>\n              <span class=\"w-tabs-section-title-control\">\n                <span class=\"icon-plus\"><\/span>\n              <\/span>\n            <\/div>\n            <div class=\"w-tabs-section-content\" style=\"display: none;\">\n              <div class=\"w-tabs-section-content-h\" itemprop=\"text\">\n                <ul>\n<li>I corsi di laurea di Clemson portano a diplomi di laurea e laurea in scienze biologiche e una laurea in microbiologia. Inoltre, Clemson offre aree di enfasi in entomologia, prefarmacia, preriabilitazione, biologia quantitativa, tossicologia, istruzione secondaria e biomedicina. I corsi di laurea di Clemson includono MS e Ph.D. lauree in Scienze Biologiche, Tossicologia Ambientale e Microbiologia. C&#039;\u00e8 anche un programma BS\/MS di 5 anni in Scienze Biologiche e Bioingegneria. I docenti della Facolt\u00e0 di Scienze Biologiche partecipano anche ai corsi di laurea magistrale e dottorato interdipartimentali. programmi in Scienze vegetali e ambientali. Clemson offre inoltre un MS online in Scienze biologiche per educatori scientifici.<\/li>\n<li>Sito web: <a href=\"https:\/\/www.clemson.edu\/science\/departments\/biosci\/\">Universit\u00e0 Clemson<\/a><\/li>\n<\/ul>\n              <\/div>\n            <\/div>\n          <\/div>\n  \n            \n          <div class=\"w-tabs-section\">\n            <div class=\"w-tabs-section-title\">\n              <span class=\"w-tabs-section-title-text\" itemprop=\"name\">Universit\u00e0 della Carolina del Sud<\/span>\n              <span class=\"w-tabs-section-title-control\">\n                <span class=\"icon-plus\"><\/span>\n              <\/span>\n            <\/div>\n            <div class=\"w-tabs-section-content\" style=\"display: none;\">\n              <div class=\"w-tabs-section-content-h\" itemprop=\"text\">\n                <ul>\n<li>Situato nel cuore della Columbia, il Dipartimento di Scienze Biologiche \u00e8 uno dei pi\u00f9 grandi dipartimenti dell&#039;UofSC. La loro missione \u00e8 di far progredire la conoscenza e le scoperte in molti aspetti della biologia che vanno dal livello cellulare e genetico al livello organismico e ambientale. Il Dipartimento svolge attivit\u00e0 all&#039;avanguardia <a href=\"https:\/\/sc.edu\/study\/colleges_schools\/artsandsciences\/biological_sciences\/research\/index.php\">ricerca<\/a>, e trasmette la conoscenza a studenti e cittadini attraverso corsi di eccellenza, <a href=\"https:\/\/sc.edu\/study\/colleges_schools\/artsandsciences\/biological_sciences\/study\/index.php\">programmi<\/a> e il coinvolgimento della comunit\u00e0. Si sforzano di fornire ai loro studenti universitari e laureati la migliore istruzione e formazione che consenta loro di raggiungere i loro obiettivi professionali e personali.<\/li>\n<li>Sito web: <a href=\"https:\/\/sc.edu\/study\/colleges_schools\/artsandsciences\/biological_sciences\/index.php\">Universit\u00e0 della Carolina del Sud<\/a><\/li>\n<\/ul>\n              <\/div>\n            <\/div>\n          <\/div>\n  \n  <\/div><\/div>  \n  \n<\/div>\n  <\/div>\n\n\n\n<div class=\"wp-block-column is-layout-flow wp-block-column-is-layout-flow\" style=\"flex-basis:20%\"><\/div>\n<\/div>\n<\/div>","protected":false},"excerpt":{"rendered":"<p>Aziende leader nel settore delle scienze della vita in Carolina del Sud Usa questa mappa interattiva per saperne di pi\u00f9 sull&#039;industria delle scienze della vita nella Carolina del Sud e per esplorare i cluster creati dalla forza lavoro qualificata del nostro stato, dalle infrastrutture strategiche, dal basso costo degli affari e dall&#039;interessante qualit\u00e0 della vita. Risorse Istruzione e formazione della forza lavoro<\/p>","protected":false},"author":2,"featured_media":0,"parent":56,"menu_order":0,"comment_status":"closed","ping_status":"closed","template":"","meta":{"_acf_changed":false,"footnotes":""},"class_list":["post-865","page","type-page","status-publish","hentry"],"acf":[],"_links":{"self":[{"href":"https:\/\/www.scpowerteam.com\/it\/wp-json\/wp\/v2\/pages\/865","targetHints":{"allow":["GET"]}}],"collection":[{"href":"https:\/\/www.scpowerteam.com\/it\/wp-json\/wp\/v2\/pages"}],"about":[{"href":"https:\/\/www.scpowerteam.com\/it\/wp-json\/wp\/v2\/types\/page"}],"author":[{"embeddable":true,"href":"https:\/\/www.scpowerteam.com\/it\/wp-json\/wp\/v2\/users\/2"}],"replies":[{"embeddable":true,"href":"https:\/\/www.scpowerteam.com\/it\/wp-json\/wp\/v2\/comments?post=865"}],"version-history":[{"count":31,"href":"https:\/\/www.scpowerteam.com\/it\/wp-json\/wp\/v2\/pages\/865\/revisions"}],"predecessor-version":[{"id":2464,"href":"https:\/\/www.scpowerteam.com\/it\/wp-json\/wp\/v2\/pages\/865\/revisions\/2464"}],"up":[{"embeddable":true,"href":"https:\/\/www.scpowerteam.com\/it\/wp-json\/wp\/v2\/pages\/56"}],"wp:attachment":[{"href":"https:\/\/www.scpowerteam.com\/it\/wp-json\/wp\/v2\/media?parent=865"}],"curies":[{"name":"wp","href":"https:\/\/api.w.org\/{rel}","templated":true}]}}