{"id":113,"date":"2022-01-10T16:18:34","date_gmt":"2022-01-10T16:18:34","guid":{"rendered":"https:\/\/www.scpowerteam.com\/?page_id=113"},"modified":"2022-03-10T13:27:21","modified_gmt":"2022-03-10T18:27:21","slug":"community-development","status":"publish","type":"page","link":"https:\/\/www.scpowerteam.com\/sv\/what-we-do\/community-development\/","title":{"rendered":"Samh\u00e4llsutveckling"},"content":{"rendered":"<style>\n  \n  #hero-block_61dc5ba246ed2 { \n      background-image: url(https:\/\/www.scpowerteam.com\/wp-content\/uploads\/2022\/01\/jason-goodman-Oalh2MojUuk-unsplash.png);\n      }\n  \n<\/style>\n\n<div id=\"hero-block_61dc5ba246ed2\" class=\"hero alignfull Light\">\n  \n  <div class=\"container\">\n    \n    <div class=\"row\">\n      \n    <div class=\"col-12 col-sm-5\">\n      \n      <h5>Bli involverad<\/h5>\n      <h1>Samh\u00e4llsutveckling<\/h1>\n      \n            \n            \n    <\/div>\n    \n    <div class=\"col-12 col-sm-7\">\n      \n      <div class=\"hero-content\">\n        \n        <p>South Carolina Power Team \u00e4r dedikerade till att tj\u00e4na v\u00e5ra kooperativa medlemmars samh\u00e4llen. I enlighet med detta uppdrag investerar vi i grupper och organisationer som \u00e4r engagerade i v\u00e5ra lokala samh\u00e4llen och den ekonomiska tillv\u00e4xten i South Carolina.<\/p>\n      \n      <\/div>\n      \n    <\/div>\n    \n    <\/div>\n    \n  <\/div>\n  \n<\/div>\n\n\n<div class=\"wp-block-columns is-layout-flex wp-container-core-columns-is-layout-28f84493 wp-block-columns-is-layout-flex\">\n<div class=\"wp-block-column is-layout-flow wp-block-column-is-layout-flow\">\n<p><\/p>\n\n\n\n<p><\/p>\n\n\n\n<h2 class=\"has-dark-blue-color has-text-color wp-block-heading\" id=\"things-that-we-help-with\">Vi samarbetar med kooperativa samh\u00e4llen \u00f6ver hela staten om:<\/h2>\n\n\n\n<h4 class=\"has-teal-color has-text-color wp-block-heading\" id=\"south-carolina-power-team-is-committed-to-addressing-these-concerns-beginning-in-2021-with-warner-at-the-forefront-of-our-efforts-we-look-forward-to-partnering-with-all-stakeholders-in-delivering-the-following-communities-statewide\"><\/h4>\n<\/div>\n<\/div>\n\n\n\n<div class=\"wp-block-columns is-layout-flex wp-container-core-columns-is-layout-28f84493 wp-block-columns-is-layout-flex\">\n<div class=\"wp-block-column is-layout-flow wp-block-column-is-layout-flow\">\n<h3 class=\"has-teal-color has-text-color wp-block-heading\" id=\"workforce-talent-development\">Arbetskraft\/Talangutveckling<\/h3>\n\n\n\n<p>Nu, mer \u00e4n n\u00e5gonsin, m\u00e5ste samh\u00e4llen tillhandah\u00e5lla arbetskraftsl\u00f6sningar till befintliga och potentiella arbetsgivare. Fr\u00e5n beredskap f\u00f6r talangpipeline till implementering, v\u00e5rt team \u00e4r h\u00e4r varje steg p\u00e5 v\u00e4gen f\u00f6r att hj\u00e4lpa ditt samh\u00e4lle att f\u00f6rverkliga sin potential.<\/p>\n\n\n\n<ul class=\"wp-block-list\"><li>Underl\u00e4ttande av intressenter<\/li><li>Arbetsgivarengagemang<\/li><li>Medvetenhet och marknadsf\u00f6ringskampanjer<\/li><li>Programdesign och utveckling<\/li><li>Datainsamling och analys<\/li><li>P\u00e5g\u00e5ende statlig arbetskraftsstudie<\/li><\/ul>\n<\/div>\n\n\n\n<div class=\"wp-block-column is-layout-flow wp-block-column-is-layout-flow\">\n<h3 class=\"has-teal-color has-text-color wp-block-heading\" id=\"customized-training\">Skr\u00e4ddarsydd utbildning<\/h3>\n\n\n\n<p>Vi inser att varje gemenskap st\u00e5r inf\u00f6r unika utmaningar som kr\u00e4ver unika tr\u00e4ningsl\u00f6sningar. Vi har flera verkstads\u00e4mnen som vi skr\u00e4ddarsyr f\u00f6r att ge dig det du beh\u00f6ver och om du inte ser det du beh\u00f6ver bygger vi det \u00e5t dig!<\/p>\n\n\n\n<ul class=\"wp-block-list\"><li>Ekonomisk utveckling<\/li><li>Ledarskapsutveckling<\/li><li>Valda officiella verkst\u00e4der<\/li><li>Styrelsens utveckling<\/li><li>Team Building<\/li><li>Community Branding &amp; Outreach<\/li><\/ul>\n<\/div>\n<\/div>\n\n\n\n<div class=\"wp-block-columns is-layout-flex wp-container-core-columns-is-layout-28f84493 wp-block-columns-is-layout-flex\">\n<div class=\"wp-block-column is-layout-flow wp-block-column-is-layout-flow\">\n<h3 class=\"has-teal-color has-text-color wp-block-heading\" id=\"strategic-planning\">Strategisk planering<\/h3>\n\n\n\n<p>De flesta samh\u00e4llen och organisationer tycker att designen av sin framtid \u00e4r sp\u00e4nnande men \u00e4nd\u00e5 skr\u00e4mmande. Att ha en l\u00f6sningsbaserad plan kan lindra r\u00e4dslan f\u00f6r det ok\u00e4nda. Oavsett om du beh\u00f6ver ett planerande retr\u00e4tt eller en \u00f6versyn av strategiska planer, finns South Carolina Power Team h\u00e4r f\u00f6r att hj\u00e4lpa dig.<\/p>\n\n\n\n<ul class=\"wp-block-list\"><li>Ett\u00e5riga arbetsplaner<\/li><li>Organisationsledning<\/li><li>Gemenskapsbed\u00f6mningar<\/li><li>Gemenskapssamtal<\/li><\/ul>\n<\/div>\n\n\n\n<div class=\"wp-block-column is-layout-flow wp-block-column-is-layout-flow\">\n<h3 class=\"has-teal-color has-text-color wp-block-heading\" id=\"additional-resources\">Ytterligare resurser<\/h3>\n\n\n\n<p>South Carolina Power Team har \u00e5tagit sig att hj\u00e4lpa landsbygdssamh\u00e4llena i South Carolina n\u00e4r de f\u00f6rbereder sig f\u00f6r framtida tillv\u00e4xt. Vi erbjuder flera unika resurser som syftar till att b\u00e4ttre positionera gemenskaper i platsv\u00e4ljares och potentiella kunders \u00f6gon.<\/p>\n\n\n\n<ul class=\"wp-block-list\"><li>Site Advancement Fund<\/li><li>Cooperative Recruitment &amp; Expansion Fund (CoRE)<\/li><li>Site Readiness Fund (SRF)<\/li><li>Stipendier f\u00f6r professionell utveckling<\/li><li>Databas f\u00f6r webbplatser, parker och byggnader<\/li><\/ul>\n<\/div>\n<\/div>\n\n\n\n<div class=\"wp-block-group alignfull has-dark-blue-to-teal-gradient-background has-background is-layout-flow wp-block-group-is-layout-flow\">\n<div class=\"wp-block-columns is-layout-flex wp-container-core-columns-is-layout-28f84493 wp-block-columns-is-layout-flex\">\n<div class=\"wp-block-column is-layout-flow wp-block-column-is-layout-flow\">\n<h2 class=\"has-text-align-center has-white-color has-text-color wp-block-heading\" id=\"organizations-include\">Din teamresurs:<\/h2>\n\n\n\n<p class=\"has-white-color has-text-color\"><\/p>\n<\/div>\n<\/div>\n\n\n\n<style>\n  \n<\/style>\n\n<div id=\"blogcards-block_621fda0e05792\" class=\"blogcards\">\n  \n  <div class=\"container\">\n    \n    <div class=\"row\">\n      \n      <div class=\"col-12\">\n      \n        <div class=\"post-grid\"><div class=\"teamcard\"><a href=\"https:\/\/www.scpowerteam.com\/sv\/team\/caroline-warner\/\"><img decoding=\"async\" class=\"team-headshot\" alt=\"Caroline A. Warner\" src=\"https:\/\/www.scpowerteam.com\/wp-content\/uploads\/2022\/02\/CAW_2026_candid_2-1.jpg\"><\/a><div class=\"card-content\"><p class=\"name\">Caroline A. Warner<\/p><p class=\"position\">Direkt\u00f6r f\u00f6r samh\u00e4llsutveckling<\/p><\/div><\/div><\/div>      \n      <\/div>\n    \n    <\/div>\n    \n  <\/div>\n  \n<\/div><\/div>","protected":false},"excerpt":{"rendered":"<p>We partner with cooperative-served communities across the state on: Workforce\/Talent Development Now, more than ever, communities must provide workforce solutions to existing and potential employers. From talent pipeline preparedness to implementation, our team is here each step of the way to help your community realize its potential. Stakeholder facilitation Employer Engagement Awareness &amp; Marketing Campaigns [&hellip;]<\/p>","protected":false},"author":1,"featured_media":0,"parent":24,"menu_order":7,"comment_status":"closed","ping_status":"closed","template":"","meta":{"_acf_changed":false,"footnotes":""},"class_list":["post-113","page","type-page","status-publish","hentry"],"acf":[],"_links":{"self":[{"href":"https:\/\/www.scpowerteam.com\/sv\/wp-json\/wp\/v2\/pages\/113","targetHints":{"allow":["GET"]}}],"collection":[{"href":"https:\/\/www.scpowerteam.com\/sv\/wp-json\/wp\/v2\/pages"}],"about":[{"href":"https:\/\/www.scpowerteam.com\/sv\/wp-json\/wp\/v2\/types\/page"}],"author":[{"embeddable":true,"href":"https:\/\/www.scpowerteam.com\/sv\/wp-json\/wp\/v2\/users\/1"}],"replies":[{"embeddable":true,"href":"https:\/\/www.scpowerteam.com\/sv\/wp-json\/wp\/v2\/comments?post=113"}],"version-history":[{"count":28,"href":"https:\/\/www.scpowerteam.com\/sv\/wp-json\/wp\/v2\/pages\/113\/revisions"}],"predecessor-version":[{"id":1939,"href":"https:\/\/www.scpowerteam.com\/sv\/wp-json\/wp\/v2\/pages\/113\/revisions\/1939"}],"up":[{"embeddable":true,"href":"https:\/\/www.scpowerteam.com\/sv\/wp-json\/wp\/v2\/pages\/24"}],"wp:attachment":[{"href":"https:\/\/www.scpowerteam.com\/sv\/wp-json\/wp\/v2\/media?parent=113"}],"curies":[{"name":"wp","href":"https:\/\/api.w.org\/{rel}","templated":true}]}}