{"id":12,"date":"2022-01-03T18:31:58","date_gmt":"2022-01-03T18:31:58","guid":{"rendered":"https:\/\/www.scpowerteam.com\/?page_id=12"},"modified":"2022-09-30T10:21:05","modified_gmt":"2022-09-30T14:21:05","slug":"why-sc","status":"publish","type":"page","link":"https:\/\/www.scpowerteam.com\/sv\/site-selection-tools\/why-sc\/","title":{"rendered":"Varf\u00f6r SC?"},"content":{"rendered":"<style>\n  \n  #hero-block_61dc5ba246ed2 { \n        background-color: #1e73be;\n    }\n  \n<\/style>\n\n<div id=\"hero-block_61dc5ba246ed2\" class=\"hero alignfull Dark\">\n  \n  <div class=\"container\">\n    \n    <div class=\"row\">\n      \n    <div class=\"col-12 col-sm-5\">\n      \n      <h5> <\/h5>\n      <h1>Varf\u00f6r South Carolina?<\/h1>\n      \n            \n            \n    <\/div>\n    \n    <div class=\"col-12 col-sm-7\">\n      \n      <div class=\"hero-content\">\n        \n        <p>F\u00f6retag hittar till South Carolina fr\u00e5n hela v\u00e4rlden. Som landets ledare f\u00f6r att attrahera utl\u00e4ndska direktinvesteringar har South Carolina satt sin pr\u00e4gel p\u00e5 kartan.<\/p>\n<p>&nbsp;<\/p>\n      \n      <\/div>\n      \n    <\/div>\n    \n    <\/div>\n    \n  <\/div>\n  \n<\/div>\n\n\n<div class=\"wp-block-columns is-layout-flex wp-container-core-columns-is-layout-28f84493 wp-block-columns-is-layout-flex\">\n<div class=\"wp-block-column is-layout-flow wp-block-column-is-layout-flow\">\n<div style=\"height:100px\" aria-hidden=\"true\" class=\"wp-block-spacer\"><\/div>\n\n\n\n<h4 class=\"wp-block-heading\" id=\"our-state-is-home-to-global-giants-boeing-volvo-cars-google-samsung-bmw-giti-tire-mercedes-benz-vans-continental-michelin-and-bridgestone-these-companies-are-benefiting-from-our-highly-skilled-workforce-and-an-integrated-transportation-system-of-highways-railways-seaports-airports-and-inland-ports-to-connect-their-goods-and-services-to-consumers-around-the-world\">V\u00e5r stat \u00e4r hem f\u00f6r globala j\u00e4ttar \u2013 Boeing, Volvo Cars, Google, Samsung, BMW, Giti Tyre, Mercedes-Benz Vans, Continental, Michelin, Bridgestone och m\u00e5nga andra. Dessa f\u00f6retag drar nytta av v\u00e5r h\u00f6gutbildade arbetskraft och ett integrerat transportsystem av motorv\u00e4gar, j\u00e4rnv\u00e4gar, hamnar, flygplatser och inlandshamnar f\u00f6r att koppla samman sina varor och tj\u00e4nster till konsumenter runt om i v\u00e4rlden.<\/h4>\n\n\n\n<div style=\"height:22px\" aria-hidden=\"true\" class=\"wp-block-spacer\"><\/div>\n\n\n\n<h4 class=\"has-text-align-left wp-block-heading\" id=\"a-logistics-centric-and-business-friendly-environment-the-palmetto-state-offers-the-infrastructure-necessary-to-attract-new-industry-and-supply-skilled-workers-allowing-companies-to-thrive-and-expand-here\">Palmetto State \u00e4r en logistikcentrerad och aff\u00e4rsv\u00e4nlig milj\u00f6 och erbjuder den infrastruktur som kr\u00e4vs f\u00f6r att attrahera ny industri och tillhandah\u00e5lla kvalificerad arbetskraft, vilket g\u00f6r att f\u00f6retag kan frodas och expandera h\u00e4r.<\/h4>\n\n\n\n<p><\/p>\n\n\n\n<p><\/p>\n<\/div>\n<\/div>\n\n\n\n<style>\n\n<\/style>\n\n<div id=\"iconlist-block_62150a895b195\" class=\"icon-list\">\n  \n    \n  \n<\/div>\n  \n\n\n<div class=\"wp-block-columns is-layout-flex wp-container-core-columns-is-layout-28f84493 wp-block-columns-is-layout-flex\">\n<div class=\"wp-block-column is-layout-flow wp-block-column-is-layout-flow\">\n<h3 class=\"has-teal-color has-text-color wp-block-heading\" id=\"transportation-1\"><strong>Energi<\/strong><\/h3>\n\n\n\n<ul class=\"wp-block-list\"><li>Energipriserna \u00e4r nio procent l\u00e4gre \u00e4n riksgenomsnittet<\/li><li>P\u00e5litlig och prisv\u00e4rd energi<\/li><li>Olika blandning av energik\u00e4llor<\/li><li>2\/3 av staten omfattas av elkooperativ<\/li><\/ul>\n<\/div>\n\n\n\n<div class=\"wp-block-column is-layout-flow wp-block-column-is-layout-flow\">\n<h3 class=\"has-teal-color has-text-color wp-block-heading\" id=\"workforce-1\"><strong>Arbetskraft<\/strong><\/h3>\n\n\n\n<ul class=\"wp-block-list\"><li>South Carolina \u00e4r en stat med r\u00e4tt att arbeta<\/li><li>Low cost of doing business with very low unionization rate<\/li><li>readySC &#8211; South Carolina&#8217;s workforce training program for companies creating new jobs<\/li><li>Wide variety of incentives available for companies locating or expanding in the state<\/li><\/ul>\n<\/div>\n<\/div>\n\n\n\n<div class=\"wp-block-columns is-layout-flex wp-container-core-columns-is-layout-28f84493 wp-block-columns-is-layout-flex\">\n<div class=\"wp-block-column is-vertically-aligned-top is-layout-flow wp-block-column-is-layout-flow\">\n<h3 class=\"has-teal-color has-text-color wp-block-heading\" id=\"energy-1\"><strong>Transport &amp; Logistik<\/strong><\/h3>\n\n\n\n<ul class=\"wp-block-list\"><li>Port of Charleston \u2013 Den djupaste hamnen p\u00e5 \u00f6stkusten<\/li><li>Tv\u00e5 inlandshamnar \u2013 Dillon och Greer<\/li><li>Tv\u00e5 klass I j\u00e4rnv\u00e4gslinjer \u2013 Norfolk Southern &amp; CSX<\/li><li>2\/3 av USA:s befolkning ligger inom 24 timmars bilresa<\/li><\/ul>\n<\/div>\n\n\n\n<div class=\"wp-block-column is-vertically-aligned-top is-layout-flow wp-block-column-is-layout-flow\">\n<h3 class=\"has-teal-color has-text-color wp-block-heading\" id=\"energy-1\"><strong>Livskvalit\u00e9<\/strong><\/h3>\n\n\n\n<ul class=\"wp-block-list\"><li>1 800 mil strandlinje<\/li><li>Fastighetsskatter bland de l\u00e4gsta i landet<\/li><li>Average annual temperature: 68\u00b0 F<\/li><li>3,5 timmars restid fr\u00e5n stranden till bergen<\/li><\/ul>\n<\/div>\n<\/div>\n\n\n\n<div class=\"wp-block-columns is-layout-flex wp-container-core-columns-is-layout-28f84493 wp-block-columns-is-layout-flex\">\n<div class=\"wp-block-column is-layout-flow wp-block-column-is-layout-flow\"><\/div>\n<\/div>","protected":false},"excerpt":{"rendered":"<p>Our state is home to global giants\u2014Boeing, Volvo Cars, Google, Samsung, BMW, Giti Tire, Mercedes-Benz Vans, Continental, Michelin, Bridgestone and many others. These companies are benefiting from our highly-skilled workforce and an integrated transportation system of highways, railways, seaports, airports, and inland ports to connect their goods and services to consumers around the world. A [&hellip;]<\/p>","protected":false},"author":1,"featured_media":0,"parent":10,"menu_order":0,"comment_status":"closed","ping_status":"closed","template":"","meta":{"_acf_changed":false,"footnotes":""},"class_list":["post-12","page","type-page","status-publish","hentry"],"acf":[],"_links":{"self":[{"href":"https:\/\/www.scpowerteam.com\/sv\/wp-json\/wp\/v2\/pages\/12","targetHints":{"allow":["GET"]}}],"collection":[{"href":"https:\/\/www.scpowerteam.com\/sv\/wp-json\/wp\/v2\/pages"}],"about":[{"href":"https:\/\/www.scpowerteam.com\/sv\/wp-json\/wp\/v2\/types\/page"}],"author":[{"embeddable":true,"href":"https:\/\/www.scpowerteam.com\/sv\/wp-json\/wp\/v2\/users\/1"}],"replies":[{"embeddable":true,"href":"https:\/\/www.scpowerteam.com\/sv\/wp-json\/wp\/v2\/comments?post=12"}],"version-history":[{"count":38,"href":"https:\/\/www.scpowerteam.com\/sv\/wp-json\/wp\/v2\/pages\/12\/revisions"}],"predecessor-version":[{"id":2403,"href":"https:\/\/www.scpowerteam.com\/sv\/wp-json\/wp\/v2\/pages\/12\/revisions\/2403"}],"up":[{"embeddable":true,"href":"https:\/\/www.scpowerteam.com\/sv\/wp-json\/wp\/v2\/pages\/10"}],"wp:attachment":[{"href":"https:\/\/www.scpowerteam.com\/sv\/wp-json\/wp\/v2\/media?parent=12"}],"curies":[{"name":"wp","href":"https:\/\/api.w.org\/{rel}","templated":true}]}}