{"id":1211,"date":"2022-02-22T10:24:15","date_gmt":"2022-02-22T15:24:15","guid":{"rendered":"https:\/\/www.scpowerteam.com\/?page_id=1211"},"modified":"2022-04-06T10:37:35","modified_gmt":"2022-04-06T14:37:35","slug":"foreign-direct-investment","status":"publish","type":"page","link":"https:\/\/www.scpowerteam.com\/sv\/site-selection-tools\/foreign-direct-investment\/","title":{"rendered":"Utl\u00e4ndska direktinvesteringar"},"content":{"rendered":"<style>\n  \n  #hero-block_61dc5ba246ed2 { \n      background-image: url(https:\/\/www.scpowerteam.com\/wp-content\/uploads\/2022\/01\/jason-goodman-Oalh2MojUuk-unsplash.png);\n      }\n  \n<\/style>\n\n<div id=\"hero-block_61dc5ba246ed2\" class=\"hero alignfull Light\">\n  \n  <div class=\"container\">\n    \n    <div class=\"row\">\n      \n    <div class=\"col-12 col-sm-5\">\n      \n      <h5> <\/h5>\n      <h1>Utl\u00e4ndska direktinvesteringar<\/h1>\n      \n              <a class=\"button\" href=\"https:\/\/www.scpowerteam.com\/sv\/site-selection-tools\/properties\/?zpeptShare=aHR0cHM6Ly9wcm9wZXJ0aWVzLnpvb21wcm9zcGVjdG9yLmNvbS9zb3V0aGNhcm9saW5hL2NvbW11bml0eS9TdGF0ZS1vZi1Tb3V0aC1DYXJvbGluYS9yMjEvZmRpP2xheWVycz1TT1VUSENBUk9MSU5BQk9VTkRBUlkmbGF0PTMzLjY0NTc5Nzc5NTAxODk0JmxuZz0tODAuOTUxNjAyOTk5NjM4Mjgmem9vbT03\">\n          <span class=\"bottom-text\">Se v\u00e5rt FDI-dataverktyg<\/span><\/span>          \n        <\/a>\n            \n            \n    <\/div>\n    \n    <div class=\"col-12 col-sm-7\">\n      \n      <div class=\"hero-content\">\n        \n        <h4 id=\"block-43139e66-a55b-4e6d-a592-70cb393f725d\" class=\"block-editor-rich-text__editable block-editor-block-list__block wp-block is-selected wp-block-heading rich-text\" tabindex=\"0\" role=\"document\" contenteditable=\"true\" aria-multiline=\"true\" aria-label=\"Block: Rubrik\" data-block=\"43139e66-a55b-4e6d-a592-70cb393f725d\" data-type=\"core\/heading\" data-title=\"Heading\">South Carolina har en rik historia av utl\u00e4ndska direktinvesteringar (FDI), som sp\u00e5rar sina r\u00f6tter fr\u00e5n jordbruksexport hela v\u00e4gen till dagens industriboom. F\u00f6retag som Michelin, BMW, Nan Ya, Honda, Samsung, Volvo och Techtronic Industries forts\u00e4tter att etablera huvudkontor, tillverkningsanl\u00e4ggningar och distributionscenter i staten. Dessa investeringar, och investeringarna fr\u00e5n m\u00e5nga andra utlandsbaserade f\u00f6retag, \u00e4r inte av misstag. South Carolinas tillg\u00e5ng till globala marknader, l\u00e5ga kostnader f\u00f6r att g\u00f6ra aff\u00e4rer, stark arbetskraft, tillsammans med billig och p\u00e5litlig energi, \u00e4r bara de fr\u00e4msta anledningarna till att South Carolina forts\u00e4tter att \u00f6vertr\u00e4ffa resten av USA i utl\u00e4ndska direktinvesteringar. Sydkarolinerna gynnas f\u00f6r n\u00e4rvarande av 821 f\u00f6retags utl\u00e4ndska investeringar, vilket resulterar i \u00f6ver 160 000 jobb.<\/h4>\n      \n      <\/div>\n      \n    <\/div>\n    \n    <\/div>\n    \n  <\/div>\n  \n<\/div>\n\n\n<div class=\"wp-block-columns is-layout-flex wp-container-core-columns-is-layout-28f84493 wp-block-columns-is-layout-flex\">\n<div class=\"wp-block-column is-layout-flow wp-block-column-is-layout-flow\">\n<div style=\"height:100px\" aria-hidden=\"true\" class=\"wp-block-spacer\"><\/div>\n\n\n\n<h4 class=\"wp-block-heading\" id=\"south-carolina-has-a-rich-history-in-foreign-direct-investment-fdi-tracing-its-roots-to-agricultural-exports-all-the-way-to-the-industrial-boom-of-today-companies-such-as-michelin-bmw-nan-ya-honda-samsung-volvo-and-techtronic-industries-continue-to-establish-headquarters-manufacturing-facilities-and-distribution-centers-within-the-state-these-investments-and-the-investments-of-many-other-foreign-based-companies-are-not-accidental-south-carolina-s-access-to-global-markets-cost-of-doing-business-strong-workforce-along-with-inexpensive-and-reliable-energy-are-only-the-top-reasons-why-south-carolina-continues-to-outpace-the-usa-in-fdi-south-carolinians-are-currently-benefiting-from-the-foreign-investment-of-821-companies-resulting-in-over-160-000-jobs\"><\/h4>\n\n\n\n<div style=\"height:22px\" aria-hidden=\"true\" class=\"wp-block-spacer\"><\/div>\n\n\n\n<h4 class=\"has-text-align-left wp-block-heading\" id=\"need-content\"><\/h4>\n<\/div>\n<\/div>\n\n\n\n<div class=\"wp-block-columns is-layout-flex wp-container-core-columns-is-layout-28f84493 wp-block-columns-is-layout-flex\">\n<div class=\"wp-block-column is-layout-flow wp-block-column-is-layout-flow\"><\/div>\n\n\n\n<div class=\"wp-block-column is-layout-flow wp-block-column-is-layout-flow\"><\/div>\n<\/div>\n\n\n\n<div class=\"wp-block-columns is-layout-flex wp-container-core-columns-is-layout-28f84493 wp-block-columns-is-layout-flex\">\n<div class=\"wp-block-column is-layout-flow wp-block-column-is-layout-flow\">\n<style>\n  \n\n<\/style>\n\n<div id=\"iconcards-block_621d08559f844\" class=\"iconcards\">\n  \n  <div class=\"container\">\n    \n    <div class=\"icon-card-grid\">\n      \n    \n            <div class=\"icon-card\">\n                 \n                              <img decoding=\"async\" src=\"https:\/\/www.scpowerteam.com\/wp-content\/uploads\/2022\/01\/icon-chart.png\">\n                            \n              <p class=\"icon-card-title\">162,900 <\/p>\n              \n              <div class=\"icon-card-content\">\n                arbetare i South Carolina \u00e4r sysselsatta som ett resultat av globala investeringar \u2013 en \u00f6kning med 26,3% sedan 2014.              <\/div>\n              \n            <\/div>\n                   \n     \n            <div class=\"icon-card\">\n                 \n                              <img decoding=\"async\" src=\"https:\/\/www.scpowerteam.com\/wp-content\/uploads\/2022\/01\/icon-users.png\">\n                            \n              <p class=\"icon-card-title\">88,100 <\/p>\n              \n              <div class=\"icon-card-content\">\n                tillverkningsarbetare i South Carolina \u2013 54.1% av alla utl\u00e4ndska direktinvesteringar i staten finns i tillverkningssektorn.              <\/div>\n              \n            <\/div>\n                   \n     \n            <div class=\"icon-card\">\n                 \n                              <img decoding=\"async\" src=\"https:\/\/www.scpowerteam.com\/wp-content\/uploads\/2022\/01\/shield.png\">\n                            \n              <p class=\"icon-card-title\">821 <\/p>\n              \n              <div class=\"icon-card-content\">\n                globala arbetsgivare har verksamhet i South Carolina.              <\/div>\n              \n            <\/div>\n                   \n     \n            <div class=\"icon-card\">\n                 \n                              <img decoding=\"async\" src=\"https:\/\/www.scpowerteam.com\/wp-content\/uploads\/2022\/01\/brief-case.png\">\n                            \n              <p class=\"icon-card-title\">26%<\/p>\n              \n              <div class=\"icon-card-content\">\n                Fr\u00e5n 2014-19 \u00f6kade South Carolinas utl\u00e4ndska direktinvesteringar med 26%              <\/div>\n              \n            <\/div>\n                   \n     \n            <div class=\"icon-card\">\n                 \n                              <img decoding=\"async\" src=\"https:\/\/www.scpowerteam.com\/wp-content\/uploads\/2022\/01\/icon-info.png\">\n                            \n              <p class=\"icon-card-title\">3<\/p>\n              \n              <div class=\"icon-card-content\">\n                l\u00e4nder \u2013 Tyskland, Frankrike och Kanada \u2013 st\u00f6djer det st\u00f6rsta antalet jobb i South Carolina bland alla internationella arbetsgivare.               <\/div>\n              \n            <\/div>\n                   \n         \n    <\/div>\n    \n  <\/div>\n  \n<\/div>\n\n\n<figure class=\"wp-block-image size-large\"><img loading=\"lazy\" decoding=\"async\" width=\"1024\" height=\"899\" src=\"https:\/\/www.scpowerteam.com\/wp-content\/uploads\/2022\/02\/2021-FDI-Map-72dpi-5500pxW-1024x899.png\" alt=\"\" class=\"wp-image-1256\" srcset=\"https:\/\/www.scpowerteam.com\/wp-content\/uploads\/2022\/02\/2021-FDI-Map-72dpi-5500pxW-1024x899.png 1024w, https:\/\/www.scpowerteam.com\/wp-content\/uploads\/2022\/02\/2021-FDI-Map-72dpi-5500pxW-300x263.png 300w, https:\/\/www.scpowerteam.com\/wp-content\/uploads\/2022\/02\/2021-FDI-Map-72dpi-5500pxW-768x674.png 768w, https:\/\/www.scpowerteam.com\/wp-content\/uploads\/2022\/02\/2021-FDI-Map-72dpi-5500pxW-1536x1349.png 1536w, https:\/\/www.scpowerteam.com\/wp-content\/uploads\/2022\/02\/2021-FDI-Map-72dpi-5500pxW-2048x1798.png 2048w\" sizes=\"auto, (max-width: 1024px) 100vw, 1024px\" \/><figcaption><em>Karta och data tillhandah\u00e5lls av SC Dept. of Commerce<\/em><\/figcaption><\/figure>\n<\/div>\n<\/div>","protected":false},"excerpt":{"rendered":"","protected":false},"author":3,"featured_media":0,"parent":10,"menu_order":0,"comment_status":"closed","ping_status":"closed","template":"","meta":{"_acf_changed":false,"footnotes":""},"class_list":["post-1211","page","type-page","status-publish","hentry"],"acf":[],"_links":{"self":[{"href":"https:\/\/www.scpowerteam.com\/sv\/wp-json\/wp\/v2\/pages\/1211","targetHints":{"allow":["GET"]}}],"collection":[{"href":"https:\/\/www.scpowerteam.com\/sv\/wp-json\/wp\/v2\/pages"}],"about":[{"href":"https:\/\/www.scpowerteam.com\/sv\/wp-json\/wp\/v2\/types\/page"}],"author":[{"embeddable":true,"href":"https:\/\/www.scpowerteam.com\/sv\/wp-json\/wp\/v2\/users\/3"}],"replies":[{"embeddable":true,"href":"https:\/\/www.scpowerteam.com\/sv\/wp-json\/wp\/v2\/comments?post=1211"}],"version-history":[{"count":43,"href":"https:\/\/www.scpowerteam.com\/sv\/wp-json\/wp\/v2\/pages\/1211\/revisions"}],"predecessor-version":[{"id":2233,"href":"https:\/\/www.scpowerteam.com\/sv\/wp-json\/wp\/v2\/pages\/1211\/revisions\/2233"}],"up":[{"embeddable":true,"href":"https:\/\/www.scpowerteam.com\/sv\/wp-json\/wp\/v2\/pages\/10"}],"wp:attachment":[{"href":"https:\/\/www.scpowerteam.com\/sv\/wp-json\/wp\/v2\/media?parent=1211"}],"curies":[{"name":"wp","href":"https:\/\/api.w.org\/{rel}","templated":true}]}}