{"id":18,"date":"2022-01-03T18:34:39","date_gmt":"2022-01-03T18:34:39","guid":{"rendered":"https:\/\/www.scpowerteam.com\/?page_id=18"},"modified":"2024-04-15T09:37:33","modified_gmt":"2024-04-15T13:37:33","slug":"sc-power-sites","status":"publish","type":"page","link":"https:\/\/www.scpowerteam.com\/sv\/site-selection-tools\/sc-power-sites\/","title":{"rendered":"SC Power Sites"},"content":{"rendered":"<style>\n  \n  #hero-block_0503d75a5f6713e65bc75095f0c83ee6 { \n      background-image: url(https:\/\/www.scpowerteam.com\/wp-content\/uploads\/2022\/01\/jason-goodman-Oalh2MojUuk-unsplash.png);\n      }\n  \n<\/style>\n\n<div id=\"hero-block_0503d75a5f6713e65bc75095f0c83ee6\" class=\"hero alignfull Light\">\n  \n  <div class=\"container\">\n    \n    <div class=\"row\">\n      \n    <div class=\"col-12 col-sm-5\">\n      \n      <h5>Hitta din uth\u00e5llighet<\/h5>\n      <h1>SC Power Sites<\/h1>\n      \n            \n            \n    <\/div>\n    \n    <div class=\"col-12 col-sm-7\">\n      \n      <div class=\"hero-content\">\n        \n        <p>Launched in 2014 and expanded in 2019 and 2021, the Site Readiness Fund (SRF) is a Community Development and Preparedness initiative in the service territory of the 19 electric cooperatives to create competitive industrial sites, parks and buildings that are truly market ready.<\/p>\n<p>M\u00e5let med denna fond \u00e4r att b\u00e4ttre positionera industriprodukter inom kooperativt territorium f\u00f6r att komma p\u00e5 kortlistan f\u00f6r en platsvalskonsult eller prospekt.<\/p>\n<p>Fram till 2021 har \u00f6ver $50 miljoner avsatts under en \u00e5tta\u00e5rsperiod f\u00f6r att investera i produktutveckling, inklusive utbyggnader och f\u00f6rb\u00e4ttringar av infrastruktur, markf\u00f6rv\u00e4rv och allm\u00e4n tomt- och spekulativ byggnadsutveckling.<\/p>\n<p>Site Readiness Fund m\u00f6jligg\u00f6rs delvis av ett initialt anslag p\u00e5 $30 miljoner fr\u00e5n Santee Cooper med st\u00f6d av South Carolinas elkooperativ.<\/p>\n      \n      <\/div>\n      \n    <\/div>\n    \n    <\/div>\n    \n  <\/div>\n  \n<\/div>\n\n\n<div class=\"wp-block-columns is-layout-flex wp-container-core-columns-is-layout-28f84493 wp-block-columns-is-layout-flex\">\n<div class=\"wp-block-column is-layout-flow wp-block-column-is-layout-flow\">\n<div style=\"height:50px\" aria-hidden=\"true\" class=\"wp-block-spacer\"><\/div>\n\n\n\n<h2 class=\"wp-block-heading has-text-align-center has-teal-color has-text-color\" id=\"100-million-combined-investment-to-create-market-ready-sites-over-a-five-year-period\">Till och med 2021, $237 miljoner i kombinerad investering f\u00f6r att skapa marknadsf\u00f6rberedda sajter under en \u00e5tta\u00e5rsperiod.<\/h2>\n<\/div>\n<\/div>\n\n\n\n<div class=\"wp-block-group alignfull has-dark-blue-to-teal-gradient-background has-background is-layout-flow wp-block-group-is-layout-flow\">\n<div class=\"wp-block-columns is-layout-flex wp-container-core-columns-is-layout-28f84493 wp-block-columns-is-layout-flex\">\n<div class=\"wp-block-column is-layout-flow wp-block-column-is-layout-flow\">\n<h2 class=\"wp-block-heading has-white-color has-text-color\" id=\"staying-power\">Uth\u00e5llighet:<\/h2>\n\n\n\n<p class=\"has-white-color has-text-color\"><br>Sedan 1988 har South Carolina Power Team och v\u00e5ra partners fortsatt v\u00e5rt engagemang f\u00f6r att vara en stark nyttopartner f\u00f6r dem vi betj\u00e4nar. Vi tillhandah\u00e5ller mycket p\u00e5litlig, prisv\u00e4rd kraft s\u00e5 att f\u00f6retag kan frodas och v\u00e4xa. Det finns m\u00e5nga marknadsf\u00e4rdiga platser, parker och byggnader inom v\u00e5rt kraftsystem som erbjuder blomstrande milj\u00f6er f\u00f6r ditt f\u00f6retag.<br><\/p>\n<\/div>\n<\/div>\n\n\n\n<div class=\"wp-block-columns is-layout-flex wp-container-core-columns-is-layout-28f84493 wp-block-columns-is-layout-flex\">\n<div class=\"wp-block-column is-layout-flow wp-block-column-is-layout-flow\">\n<figure class=\"wp-block-gallery has-nested-images columns-default is-cropped wp-block-gallery-1 is-layout-flex wp-block-gallery-is-layout-flex\">\n<figure class=\"wp-block-image size-full\"><img loading=\"lazy\" decoding=\"async\" width=\"863\" height=\"1000\" data-id=\"2113\" src=\"https:\/\/www.scpowerteam.com\/wp-content\/uploads\/2022\/03\/Power-Sites_4.jpg\" alt=\"\" class=\"wp-image-2113\" srcset=\"https:\/\/www.scpowerteam.com\/wp-content\/uploads\/2022\/03\/Power-Sites_4.jpg 863w, https:\/\/www.scpowerteam.com\/wp-content\/uploads\/2022\/03\/Power-Sites_4-259x300.jpg 259w, https:\/\/www.scpowerteam.com\/wp-content\/uploads\/2022\/03\/Power-Sites_4-768x890.jpg 768w, https:\/\/www.scpowerteam.com\/wp-content\/uploads\/2022\/03\/Power-Sites_4-10x12.jpg 10w\" sizes=\"auto, (max-width: 863px) 100vw, 863px\" \/><\/figure>\n<\/figure>\n<\/div>\n\n\n\n<div class=\"wp-block-column is-layout-flow wp-block-column-is-layout-flow\">\n<figure class=\"wp-block-image size-full\"><img loading=\"lazy\" decoding=\"async\" width=\"863\" height=\"1000\" src=\"https:\/\/www.scpowerteam.com\/wp-content\/uploads\/2022\/03\/Power-Sites_3.jpg\" alt=\"\" class=\"wp-image-1948\" srcset=\"https:\/\/www.scpowerteam.com\/wp-content\/uploads\/2022\/03\/Power-Sites_3.jpg 863w, https:\/\/www.scpowerteam.com\/wp-content\/uploads\/2022\/03\/Power-Sites_3-259x300.jpg 259w, https:\/\/www.scpowerteam.com\/wp-content\/uploads\/2022\/03\/Power-Sites_3-768x890.jpg 768w, https:\/\/www.scpowerteam.com\/wp-content\/uploads\/2022\/03\/Power-Sites_3-10x12.jpg 10w\" sizes=\"auto, (max-width: 863px) 100vw, 863px\" \/><\/figure>\n<\/div>\n\n\n\n<div class=\"wp-block-column is-layout-flow wp-block-column-is-layout-flow\">\n<figure class=\"wp-block-image size-full\"><img loading=\"lazy\" decoding=\"async\" width=\"863\" height=\"1000\" src=\"https:\/\/www.scpowerteam.com\/wp-content\/uploads\/2022\/03\/Power-Sites_2.jpg\" alt=\"\" class=\"wp-image-1949\" srcset=\"https:\/\/www.scpowerteam.com\/wp-content\/uploads\/2022\/03\/Power-Sites_2.jpg 863w, https:\/\/www.scpowerteam.com\/wp-content\/uploads\/2022\/03\/Power-Sites_2-259x300.jpg 259w, https:\/\/www.scpowerteam.com\/wp-content\/uploads\/2022\/03\/Power-Sites_2-768x890.jpg 768w, https:\/\/www.scpowerteam.com\/wp-content\/uploads\/2022\/03\/Power-Sites_2-10x12.jpg 10w\" sizes=\"auto, (max-width: 863px) 100vw, 863px\" \/><\/figure>\n<\/div>\n<\/div>\n\n\n\n<p class=\"has-text-align-center has-light-gray-color has-text-color\"><em>(Bilden ovan:<\/em> <em>Konnexiell spekulativ byggnad | Laurens Electric Cooperative, <\/em><br><em>Mid-Carolina Commerce Park | Newberry Electric Cooperative, Lee County Speculative Building | Black River Electric Cooperative)<\/em><\/p>\n\n\n\n<div style=\"height:55px\" aria-hidden=\"true\" class=\"wp-block-spacer\"><\/div>\n\n\n\n<h3 class=\"wp-block-heading has-text-align-center has-white-color has-text-color\"><em>De <strong>National Rural Economic Developers Association (NREDA)<\/strong> <\/em><br><em>erk\u00e4nde South Carolina Power Team med <\/em><br><em><strong>2017 Organisation Excellence Award<\/strong> f\u00f6r sina insatser f\u00f6r landsbygdsutveckling <\/em><br><em>och skapa webbplatser <\/em><em>marknadsberedskap genom SRF-investeringar.<\/em><\/h3>\n<\/div>\n\n\n\n\n\n<h5 class=\"wp-block-heading\"><br><br><\/h5>\n\n\n\n<h2 class=\"wp-block-heading has-text-align-center has-teal-color has-text-color\">Din teamresurs:<\/h2>\n\n\n\n<style>\n  \n<\/style>\n\n<div id=\"blogcards-block_f0770c2761da54f914ca1ac484c296dd\" class=\"blogcards\">\n  \n  <div class=\"container\">\n    \n    <div class=\"row\">\n      \n      <div class=\"col-12\">\n      \n        <div class=\"post-grid\"><div class=\"teamcard\"><a href=\"https:\/\/www.scpowerteam.com\/sv\/team\/rebecca-breland\/\"><img decoding=\"async\" class=\"team-headshot\" alt=\"Rebecca M. Breland\" src=\"https:\/\/www.scpowerteam.com\/wp-content\/uploads\/2022\/02\/RB-candid-for-website-2026.jpeg.jpg\"><\/a><div class=\"card-content\"><p class=\"name\">Rebecca M. Breland, PE<\/p><p class=\"position\">Senior Vice President, Community Preparedness<\/p><\/div><\/div><\/div>      \n      <\/div>\n    \n    <\/div>\n    \n  <\/div>\n  \n<\/div>","protected":false},"excerpt":{"rendered":"<p>Till och med 2021, $237 miljoner i kombinerad investering f\u00f6r att skapa marknadsf\u00f6rberedda sajter under en \u00e5tta\u00e5rsperiod. Staying Power: Sedan 1988 har South Carolina Power Team och v\u00e5ra partners fortsatt v\u00e5rt \u00e5tagande att vara en stark nyttopartner f\u00f6r dem vi tj\u00e4nar. Vi tillhandah\u00e5ller mycket p\u00e5litlig, prisv\u00e4rd kraft s\u00e5 att f\u00f6retag kan frodas och v\u00e4xa. D\u00e4r [\u2026]<\/p>","protected":false},"author":1,"featured_media":0,"parent":10,"menu_order":4,"comment_status":"closed","ping_status":"closed","template":"","meta":{"_acf_changed":false,"footnotes":""},"class_list":["post-18","page","type-page","status-publish","hentry"],"acf":[],"_links":{"self":[{"href":"https:\/\/www.scpowerteam.com\/sv\/wp-json\/wp\/v2\/pages\/18","targetHints":{"allow":["GET"]}}],"collection":[{"href":"https:\/\/www.scpowerteam.com\/sv\/wp-json\/wp\/v2\/pages"}],"about":[{"href":"https:\/\/www.scpowerteam.com\/sv\/wp-json\/wp\/v2\/types\/page"}],"author":[{"embeddable":true,"href":"https:\/\/www.scpowerteam.com\/sv\/wp-json\/wp\/v2\/users\/1"}],"replies":[{"embeddable":true,"href":"https:\/\/www.scpowerteam.com\/sv\/wp-json\/wp\/v2\/comments?post=18"}],"version-history":[{"count":49,"href":"https:\/\/www.scpowerteam.com\/sv\/wp-json\/wp\/v2\/pages\/18\/revisions"}],"predecessor-version":[{"id":2660,"href":"https:\/\/www.scpowerteam.com\/sv\/wp-json\/wp\/v2\/pages\/18\/revisions\/2660"}],"up":[{"embeddable":true,"href":"https:\/\/www.scpowerteam.com\/sv\/wp-json\/wp\/v2\/pages\/10"}],"wp:attachment":[{"href":"https:\/\/www.scpowerteam.com\/sv\/wp-json\/wp\/v2\/media?parent=18"}],"curies":[{"name":"wp","href":"https:\/\/api.w.org\/{rel}","templated":true}]}}