{"id":26,"date":"2022-01-03T18:35:49","date_gmt":"2022-01-03T18:35:49","guid":{"rendered":"https:\/\/www.scpowerteam.com\/?page_id=26"},"modified":"2022-10-03T13:54:28","modified_gmt":"2022-10-03T17:54:28","slug":"project-management","status":"publish","type":"page","link":"https:\/\/www.scpowerteam.com\/sv\/what-we-do\/project-management\/","title":{"rendered":"Projektledning"},"content":{"rendered":"<style>\n  \n  #hero-block_61da3e17a36e4 { \n        background-color: #04437b;\n    }\n  \n<\/style>\n\n<div id=\"hero-block_61da3e17a36e4\" class=\"hero alignfull Dark\">\n  \n  <div class=\"container\">\n    \n    <div class=\"row\">\n      \n    <div class=\"col-12 col-sm-5\">\n      \n      <h5>Vad vi g\u00f6r<\/h5>\n      <h1>Projektledning<\/h1>\n      \n            \n            \n    <\/div>\n    \n    <div class=\"col-12 col-sm-7\">\n      \n      <div class=\"hero-content\">\n        \n        <p>Centralt f\u00f6r South Carolina Power Teams uppdrag \u00e4r rekrytering och retention av f\u00f6retag. V\u00e5rt Global Business-team \u00e4r dedikerade till detta arbete. Global Business-teamet erbjuder platsvalstj\u00e4nster i v\u00e4rldsklass med fullst\u00e4ndig konfidentialitet f\u00f6r att f\u00f6renkla och p\u00e5skynda en organisations omlokalisering till v\u00e5r stat eller en befintlig industri med dess expansion.<\/p>\n<p>Projektledningsmedlemmarna ger kontinuerlig hj\u00e4lp under hela platsvalsprocessen och efter ett tillk\u00e4nnagivande.<\/p>\n      \n      <\/div>\n      \n    <\/div>\n    \n    <\/div>\n    \n  <\/div>\n  \n<\/div>\n\n\n<div class=\"wp-block-group is-layout-flow wp-block-group-is-layout-flow\">\n<div class=\"wp-block-columns is-layout-flex wp-container-core-columns-is-layout-28f84493 wp-block-columns-is-layout-flex\">\n<div class=\"wp-block-column is-layout-flow wp-block-column-is-layout-flow\">\n<h5 class=\"has-text-align-center has-teal-color has-text-color wp-block-heading\" id=\"services\">Tj\u00e4nster<\/h5>\n\n\n\n<h2 class=\"has-text-align-center has-large-font-size wp-block-heading\" id=\"south-carolina-power-team-provides\">South Carolina <br>Power Team fungerar som:<br><\/h2>\n\n\n\n<style>\n  \n\n<\/style>\n\n<div id=\"iconcards-block_61f40c6a63791\" class=\"iconcards\">\n  \n  <div class=\"container\">\n    \n    <div class=\"icon-card-grid\">\n      \n    \n            <div class=\"icon-card\">\n                 \n                              <img decoding=\"async\" src=\"https:\/\/www.scpowerteam.com\/wp-content\/uploads\/2022\/01\/icon-users.png\">\n                            \n              <p class=\"icon-card-title\">Sammankallande<\/p>\n              \n              <div class=\"icon-card-content\">\n                Vi underl\u00e4ttar introduktioner med v\u00e5ra kooperativ, tj\u00e4nstem\u00e4n, statliga\/lokala partners och allierade, s\u00e5v\u00e4l som befintliga f\u00f6retag inom din bransch.               <\/div>\n              \n            <\/div>\n                   \n     \n            <div class=\"icon-card\">\n                 \n                              <img decoding=\"async\" src=\"https:\/\/www.scpowerteam.com\/wp-content\/uploads\/2022\/01\/icon-lightning.png\">\n                            \n              <p class=\"icon-card-title\">Platsr\u00e5dgivare<\/p>\n              \n              <div class=\"icon-card-content\">\n                V\u00e5r statliga kunskap om tillg\u00e4ngliga fastigheter kommer att hj\u00e4lpa dig att p\u00e5skynda din beslutstid.               <\/div>\n              \n            <\/div>\n                   \n     \n            <div class=\"icon-card\">\n                 \n                              <img decoding=\"async\" src=\"https:\/\/www.scpowerteam.com\/wp-content\/uploads\/2022\/01\/icon-chart.png\">\n                            \n              <p class=\"icon-card-title\">Datak\u00e4lla<\/p>\n              \n              <div class=\"icon-card-content\">\n                V\u00e5rt omfattande fastighetsverktyg tillhandah\u00e5ller uppdaterad information om arbetskraft, samh\u00e4lle och infrastruktur.              <\/div>\n              \n            <\/div>\n                   \n     \n            <div class=\"icon-card\">\n                 \n                              <img decoding=\"async\" src=\"https:\/\/www.scpowerteam.com\/wp-content\/uploads\/2022\/01\/icon-chart-check.png\">\n                            \n              <p class=\"icon-card-title\">Technical Expert <\/p>\n              \n              <div class=\"icon-card-content\">\n                Vi tillhandah\u00e5ller anl\u00e4ggningskonsultation genom bygg\/platsanalys.              <\/div>\n              \n            <\/div>\n                   \n         \n    <\/div>\n    \n  <\/div>\n  \n<\/div><\/div>\n<\/div>\n<\/div>\n\n\n\n<div class=\"wp-block-group alignfull has-background is-layout-flow wp-block-group-is-layout-flow\" style=\"background:linear-gradient(90deg,rgb(0,67,123) 0%,rgb(48,175,209) 100%)\">\n<h5 class=\"has-text-align-center has-white-color has-text-color wp-block-heading\" id=\"the-makers\"><\/h5>\n\n\n\n<h2 class=\"has-text-align-center has-white-color has-text-color wp-block-heading\" id=\"your-team-resources\">Dina teamresurser:<\/h2>\n\n\n\n<style>\n  \n<\/style>\n\n<div id=\"blogcards-block_61f7fa7b3d1b4\" class=\"blogcards\">\n  \n  <div class=\"container\">\n    \n    <div class=\"row\">\n      \n      <div class=\"col-12\">\n      \n        <div class=\"post-grid\"><div class=\"teamcard\"><a href=\"https:\/\/www.scpowerteam.com\/sv\/team\/warren-darby\/\"><img decoding=\"async\" class=\"team-headshot\" alt=\"Warren A. Darby, Jr.\" src=\"https:\/\/www.scpowerteam.com\/wp-content\/uploads\/2022\/07\/WD-1.png\"><\/a><div class=\"card-content\"><p class=\"name\">Warren A. Darby, Jr.<\/p><p class=\"position\">Senior Vice President, Global Business<\/p><\/div><\/div><div class=\"teamcard\"><a href=\"https:\/\/www.scpowerteam.com\/sv\/team\/marc-metcalf\/\"><img decoding=\"async\" class=\"team-headshot\" alt=\"Marc  Metcalf\" src=\"https:\/\/www.scpowerteam.com\/wp-content\/uploads\/2022\/08\/MM_thumbnail.png\"><\/a><div class=\"card-content\"><p class=\"name\">Marc Metcalf<\/p><p class=\"position\">Senior projektledare<\/p><\/div><\/div><div class=\"teamcard\"><a href=\"https:\/\/www.scpowerteam.com\/sv\/team\/angelyn-smith\/\"><img decoding=\"async\" class=\"team-headshot\" alt=\"Angelyn T. Smith\" src=\"https:\/\/www.scpowerteam.com\/wp-content\/uploads\/2022\/07\/AS.png\"><\/a><div class=\"card-content\"><p class=\"name\">Angelyn T. Smith<\/p><p class=\"position\">Senior projektledare<\/p><\/div><\/div><\/div>      \n      <\/div>\n    \n    <\/div>\n    \n  <\/div>\n  \n<\/div><\/div>","protected":false},"excerpt":{"rendered":"<p>Tj\u00e4nster South Carolina Power Team fungerar som: Dina teamresurser:<\/p>","protected":false},"author":1,"featured_media":0,"parent":24,"menu_order":1,"comment_status":"closed","ping_status":"closed","template":"","meta":{"_acf_changed":false,"footnotes":""},"class_list":["post-26","page","type-page","status-publish","hentry"],"acf":[],"_links":{"self":[{"href":"https:\/\/www.scpowerteam.com\/sv\/wp-json\/wp\/v2\/pages\/26","targetHints":{"allow":["GET"]}}],"collection":[{"href":"https:\/\/www.scpowerteam.com\/sv\/wp-json\/wp\/v2\/pages"}],"about":[{"href":"https:\/\/www.scpowerteam.com\/sv\/wp-json\/wp\/v2\/types\/page"}],"author":[{"embeddable":true,"href":"https:\/\/www.scpowerteam.com\/sv\/wp-json\/wp\/v2\/users\/1"}],"replies":[{"embeddable":true,"href":"https:\/\/www.scpowerteam.com\/sv\/wp-json\/wp\/v2\/comments?post=26"}],"version-history":[{"count":110,"href":"https:\/\/www.scpowerteam.com\/sv\/wp-json\/wp\/v2\/pages\/26\/revisions"}],"predecessor-version":[{"id":2487,"href":"https:\/\/www.scpowerteam.com\/sv\/wp-json\/wp\/v2\/pages\/26\/revisions\/2487"}],"up":[{"embeddable":true,"href":"https:\/\/www.scpowerteam.com\/sv\/wp-json\/wp\/v2\/pages\/24"}],"wp:attachment":[{"href":"https:\/\/www.scpowerteam.com\/sv\/wp-json\/wp\/v2\/media?parent=26"}],"curies":[{"name":"wp","href":"https:\/\/api.w.org\/{rel}","templated":true}]}}