{"id":2628,"date":"2024-10-01T16:23:12","date_gmt":"2024-10-01T20:23:12","guid":{"rendered":"https:\/\/www.scpowerteam.com\/?page_id=2628"},"modified":"2024-10-01T16:23:12","modified_gmt":"2024-10-01T20:23:12","slug":"clean-energy","status":"publish","type":"page","link":"https:\/\/www.scpowerteam.com\/sv\/target-industries\/clean-energy\/","title":{"rendered":"Clean Energy"},"content":{"rendered":"<style>\n  \n  #hero-block_b14f50678b3dd627ef2b8c9f11aa35ce { \n        background-color: #00437b;\n    }\n  \n<\/style>\n\n<div id=\"hero-block_b14f50678b3dd627ef2b8c9f11aa35ce\" class=\"hero alignfull Dark\">\n  \n  <div class=\"container\">\n    \n    <div class=\"row\">\n      \n    <div class=\"col-12 col-sm-5\">\n      \n      <h5>Vi vet<\/h5>\n      <h1>Clean Energy<\/h1>\n      \n            \n            \n    <\/div>\n    \n    <div class=\"col-12 col-sm-7\">\n      \n      <div class=\"hero-content\">\n        \n        <p>The Clean Energy market that South Carolina has created over the last 10 years is robust and cost-effective for prospects in the industry. In 2021, Solar Energy Industries Association identified South Carolina as one of three emerging solar manufacturing hubs in the United States. For such a geographically small state, South Carolina currently ranks 14<sup>th<\/sup> in solar capacity, with more than 2,099 MW in capacity from existing solar farms. Additionally, the cost of solar energy in South Carolina has decreased by 54% over the last 10 years. As a commitment to our existing and prospective members, the electric cooperatives have a multitude of programs and resources geared towards supporting green energy initiatives on our system.<\/p>\n<ul>\n<li>Clean Energy Manufacturing<\/li>\n<li>Solar Panel Manufacturing<\/li>\n<li>Hydrogen Fuel Cell Production<\/li>\n<\/ul>\n<p>&nbsp;<\/p>\n      \n      <\/div>\n      \n    <\/div>\n    \n    <\/div>\n    \n  <\/div>\n  \n<\/div>\n\n\n<div class=\"wp-block-group has-white-background-color has-background is-layout-flow wp-block-group-is-layout-flow\">\n<div class=\"wp-block-columns is-layout-flex wp-container-core-columns-is-layout-28f84493 wp-block-columns-is-layout-flex\">\n<div class=\"wp-block-column is-layout-flow wp-block-column-is-layout-flow\" style=\"flex-basis:50%\"><\/div>\n\n\n\n<div class=\"wp-block-column is-layout-flow wp-block-column-is-layout-flow\" style=\"flex-basis:25%\"><\/div>\n<\/div>\n\n\n\n<div class=\"wp-block-columns is-layout-flex wp-container-core-columns-is-layout-28f84493 wp-block-columns-is-layout-flex\">\n<div class=\"wp-block-column is-layout-flow wp-block-column-is-layout-flow\">\n<h2 class=\"wp-block-heading has-teal-color has-text-color\" id=\"leading-life-sciences-companies-in-sc\"><strong>Leading Clean Energy Companies in SC<\/strong><\/h2>\n<\/div>\n<\/div>\n\n\n\n<div class=\"wp-block-columns is-layout-flex wp-container-core-columns-is-layout-28f84493 wp-block-columns-is-layout-flex\">\n<div class=\"wp-block-column is-layout-flow wp-block-column-is-layout-flow\" style=\"flex-basis:66.66%\">\n<script type=\"text\/javascript\" src=\"https:\/\/media.zoomprospector.com\/common\/scripts\/businesswidget.iframe.js?&amp;bwHHN=1&amp;sst=SOUTHCAROLINA&amp;environment=production&amp;height=750&amp;bwlatlngzoom=33.914345%2C-80.898942%7C7&amp;bwparams=cluster_02627e08-387b-49b2-a8f3-aa72e315923e\"><\/script>\n<\/div>\n\n\n\n<div class=\"wp-block-column is-layout-flow wp-block-column-is-layout-flow\" style=\"flex-basis:33.33%\">\n<p><em>Anv\u00e4nd den h\u00e4r interaktiva kartan f\u00f6r att l\u00e4ra dig mer om biovetenskapsindustrin i South Carolina och f\u00f6r att utforska de kluster som skapats av v\u00e5r delstats skickliga arbetskraft, strategiska infrastruktur, l\u00e5ga aff\u00e4rskostnader och attraktiva livskvalitet.<\/em><\/p>\n\n\n\n<p><\/p>\n\n\n\n<div class=\"wp-block-buttons is-layout-flex wp-block-buttons-is-layout-flex\">\n<div class=\"wp-block-button\"><a class=\"wp-block-button__link wp-element-button\" href=\"https:\/\/www.scpowerteam.com\/sv\/properties\/?zpeptShare=aHR0cHM6Ly9wcm9wZXJ0aWVzLnpvb21wcm9zcGVjdG9yLmNvbS9zb3V0aGNhcm9saW5hL2NvbW11bml0eS9TdGF0ZS1vZi1Tb3V0aC1DYXJvbGluYS9yMjEvYnVzaW5lc3M%2FY2x1c3RlcnM9QUZFQzVDRDktNzI2RS00Q0FGLUEwMEQtRDkyMzgwQ0VENDJEJmNsdXN0ZXJJZHNbMF09NyZjbHVzdGVydGV4dD1MaWZlJTIwU2NpZW5jZXMmbGF5ZXJzPVNPVVRIQ0FST0xJTkFCT1VOREFSWSZsYXQ9MzMuNjQ1Nzk3Nzk1MDE4OTQmbG5nPS04MC45NTE2MDI5OTk2MzgyOCZ6b29tPTc%3D\" target=\"_blank\" rel=\"noreferrer noopener\">se detaljer h\u00e4r<\/a><\/div>\n<\/div>\n<\/div>\n<\/div>\n<\/div>\n\n\n\n<div class=\"wp-block-group has-light-gray-background-color has-background is-layout-flow wp-block-group-is-layout-flow\">\n<div class=\"wp-block-columns is-layout-flex wp-container-core-columns-is-layout-28f84493 wp-block-columns-is-layout-flex\">\n<div class=\"wp-block-column is-layout-flow wp-block-column-is-layout-flow\">\n<h5 class=\"wp-block-heading has-text-align-center has-teal-color has-text-color\" id=\"resources\">Resurser<\/h5>\n\n\n\n<h2 class=\"wp-block-heading has-text-align-center\" id=\"workforce-education-training\">Arbetskraftsutbildning och utbildning<\/h2>\n<\/div>\n<\/div>\n\n\n\n<div class=\"wp-block-columns is-layout-flex wp-container-core-columns-is-layout-28f84493 wp-block-columns-is-layout-flex\">\n<div class=\"wp-block-column is-layout-flow wp-block-column-is-layout-flow\" style=\"flex-basis:20%\"><\/div>\n\n\n\n<div class=\"wp-block-column is-layout-flow wp-block-column-is-layout-flow\" style=\"flex-basis:60%\">\n<style>\n\n.toggle-list {\n  \n}\n\n<\/style>\n\n<div id=\"togglelist-block_76b00fdabc81cf90a17a8c488d5d59cc\" class=\"toggle-list\">\n  \n  <div class=\"w-tabs layout_accordion type_toggle\"><div class=\"w-tabs-h\">          \n          <div class=\"w-tabs-section\">\n            <div class=\"w-tabs-section-title\">\n              <span class=\"w-tabs-section-title-text\" itemprop=\"name\">readySC\u2122 och Apprenticeship Carolina\u2122<\/span>\n              <span class=\"w-tabs-section-title-control\">\n                <span class=\"icon-plus\"><\/span>\n              <\/span>\n            <\/div>\n            <div class=\"w-tabs-section-content\" style=\"display: none;\">\n              <div class=\"w-tabs-section-content-h\" itemprop=\"text\">\n                <ul>\n<li>Ger kompetens och teknisk utbildning till anst\u00e4llda i nya och v\u00e4xande f\u00f6retag i South Carolina<\/li>\n<li>Arbetar n\u00e4ra med nya f\u00f6retag f\u00f6r att tillhandah\u00e5lla rekryterings-, utbildnings- och arbetskraftsutvecklingsverktyg och hj\u00e4lp de beh\u00f6ver f\u00f6r att komma ig\u00e5ng<\/li>\n<li>Hj\u00e4lper ett f\u00f6retags arbetsstyrka att forts\u00e4tta v\u00e4xa genom att v\u00e4gleda f\u00f6retag genom den registrerade l\u00e4rlingsprocessen fr\u00e5n initial information till fullst\u00e4ndigt erk\u00e4nnande i National Registered Apprenticeship System<\/li>\n<li>Webbplatser: <a href=\"https:\/\/www.readysc.org\/\">ReadySC\u2122<\/a> och <a href=\"http:\/\/www.apprenticeshipcarolina.com\/\">L\u00e4rling Carolina<\/a><\/li>\n<\/ul>\n              <\/div>\n            <\/div>\n          <\/div>\n  \n            \n          <div class=\"w-tabs-section\">\n            <div class=\"w-tabs-section-title\">\n              <span class=\"w-tabs-section-title-text\" itemprop=\"name\">Clemson University<\/span>\n              <span class=\"w-tabs-section-title-control\">\n                <span class=\"icon-plus\"><\/span>\n              <\/span>\n            <\/div>\n            <div class=\"w-tabs-section-content\" style=\"display: none;\">\n              <div class=\"w-tabs-section-content-h\" itemprop=\"text\">\n                <ul>\n<li>Clemsons grundutbildningar leder till BS- och BA-grader i biologiska vetenskaper och en BS-examen i mikrobiologi. Dessutom erbjuder Clemson tyngdpunktsomr\u00e5den inom entomologi, prefarmaci, prerehabilitering, kvantitativ biologi, toxikologi, gymnasieutbildning och biomedicin. Clemsons doktorandprogram inkluderar MS och Ph.D. examina i biologiska vetenskaper, milj\u00f6toxikologi och mikrobiologi. Det finns ocks\u00e5 ett 5-\u00e5rigt BS\/MS-program i biologiska vetenskaper och bioteknik. Fakultetsmedlemmar i biologiska vetenskaper deltar ocks\u00e5 i de interdepartementala MS och Ph.D. program i v\u00e4xt- och milj\u00f6vetenskap. Clemson erbjuder dessutom en online-MS i biologiska vetenskaper f\u00f6r vetenskapsutbildare.<\/li>\n<li>Hemsida: <a href=\"https:\/\/www.clemson.edu\/science\/departments\/biosci\/\">Clemson University<\/a><\/li>\n<\/ul>\n              <\/div>\n            <\/div>\n          <\/div>\n  \n            \n          <div class=\"w-tabs-section\">\n            <div class=\"w-tabs-section-title\">\n              <span class=\"w-tabs-section-title-text\" itemprop=\"name\">University of South Carolina<\/span>\n              <span class=\"w-tabs-section-title-control\">\n                <span class=\"icon-plus\"><\/span>\n              <\/span>\n            <\/div>\n            <div class=\"w-tabs-section-content\" style=\"display: none;\">\n              <div class=\"w-tabs-section-content-h\" itemprop=\"text\">\n                <ul>\n<li>Institutionen f\u00f6r biologiska vetenskaper ligger i hj\u00e4rtat av Columbia och \u00e4r en av de st\u00f6rsta institutionerna vid UofSC. Deras uppdrag \u00e4r att fr\u00e4mja kunskap och uppt\u00e4ckter inom m\u00e5nga aspekter av biologi som str\u00e4cker sig fr\u00e5n cellul\u00e4r och genetisk niv\u00e5 till organism- och milj\u00f6niv\u00e5. Avdelningen utf\u00f6r spets <a href=\"https:\/\/sc.edu\/study\/colleges_schools\/artsandsciences\/biological_sciences\/research\/index.php\">forskning<\/a>, och \u00f6verf\u00f6r kunskap till studenter och medborgare genom f\u00f6rstklassiga kurser, <a href=\"https:\/\/sc.edu\/study\/colleges_schools\/artsandsciences\/biological_sciences\/study\/index.php\">program<\/a> och samh\u00e4llsengagemang. De str\u00e4var efter att ge sina grund- och doktorander den b\u00e4sta utbildningen och tr\u00e4ningen som g\u00f6r det m\u00f6jligt f\u00f6r dem att uppn\u00e5 sina professionella och personliga m\u00e5l.<\/li>\n<li>Hemsida: <a href=\"https:\/\/sc.edu\/study\/colleges_schools\/artsandsciences\/biological_sciences\/index.php\">University of South Carolina<\/a><\/li>\n<\/ul>\n              <\/div>\n            <\/div>\n          <\/div>\n  \n  <\/div><\/div>  \n  \n<\/div>\n  <\/div>\n\n\n\n<div class=\"wp-block-column is-layout-flow wp-block-column-is-layout-flow\" style=\"flex-basis:20%\"><\/div>\n<\/div>\n<\/div>","protected":false},"excerpt":{"rendered":"<p>Leading Clean Energy Companies in SC Use this interactive map to learn more about the life sciences industry in South Carolina, and to explore the clusters created by our state\u2019s skilled workforce, strategic infrastructure, low cost of business, and attractive quality of life. Resources Workforce Education &amp; Training<\/p>","protected":false},"author":3,"featured_media":0,"parent":56,"menu_order":0,"comment_status":"closed","ping_status":"closed","template":"","meta":{"_acf_changed":false,"footnotes":""},"class_list":["post-2628","page","type-page","status-publish","hentry"],"acf":[],"_links":{"self":[{"href":"https:\/\/www.scpowerteam.com\/sv\/wp-json\/wp\/v2\/pages\/2628","targetHints":{"allow":["GET"]}}],"collection":[{"href":"https:\/\/www.scpowerteam.com\/sv\/wp-json\/wp\/v2\/pages"}],"about":[{"href":"https:\/\/www.scpowerteam.com\/sv\/wp-json\/wp\/v2\/types\/page"}],"author":[{"embeddable":true,"href":"https:\/\/www.scpowerteam.com\/sv\/wp-json\/wp\/v2\/users\/3"}],"replies":[{"embeddable":true,"href":"https:\/\/www.scpowerteam.com\/sv\/wp-json\/wp\/v2\/comments?post=2628"}],"version-history":[{"count":8,"href":"https:\/\/www.scpowerteam.com\/sv\/wp-json\/wp\/v2\/pages\/2628\/revisions"}],"predecessor-version":[{"id":2700,"href":"https:\/\/www.scpowerteam.com\/sv\/wp-json\/wp\/v2\/pages\/2628\/revisions\/2700"}],"up":[{"embeddable":true,"href":"https:\/\/www.scpowerteam.com\/sv\/wp-json\/wp\/v2\/pages\/56"}],"wp:attachment":[{"href":"https:\/\/www.scpowerteam.com\/sv\/wp-json\/wp\/v2\/media?parent=2628"}],"curies":[{"name":"wp","href":"https:\/\/api.w.org\/{rel}","templated":true}]}}