{"id":2675,"date":"2024-10-01T16:21:28","date_gmt":"2024-10-01T20:21:28","guid":{"rendered":"https:\/\/www.scpowerteam.com\/?page_id=2675"},"modified":"2024-10-01T16:21:28","modified_gmt":"2024-10-01T20:21:28","slug":"legacy-members","status":"publish","type":"page","link":"https:\/\/www.scpowerteam.com\/sv\/target-industries\/legacy-members\/","title":{"rendered":"Legacy Members"},"content":{"rendered":"<style>\n  \n  #hero-block_e75b361a42f1b08445485c153c789e6f { \n        background-color: #00437b;\n    }\n  \n<\/style>\n\n<div id=\"hero-block_e75b361a42f1b08445485c153c789e6f\" class=\"hero alignfull Dark\">\n  \n  <div class=\"container\">\n    \n    <div class=\"row\">\n      \n    <div class=\"col-12 col-sm-5\">\n      \n      <h5>Vi vet<\/h5>\n      <h1>Legacy Members<\/h1>\n      \n            \n            \n    <\/div>\n    \n    <div class=\"col-12 col-sm-7\">\n      \n      <div class=\"hero-content\">\n        \n        <p>More than 450 industrial and commercial employers are members of one of our 19 electric cooperatives. Care for these Legacy Members is the number one priority of the South Carolina Power Team. For over 30 years, a dedicated existing industry program has fostered strong relationships, allowing co-op and Power Team staff to know local plant managers personally. We recognize the companies that create jobs and invest in our communities, and we respond to their needs accordingly.<\/p>\n<ul>\n<li>Every one of South Carolina\u2019s 19 electric cooperatives has trained staff ready to address the unique power requirements of local industries and businesses.<\/li>\n<li>Co-ops offer $150,000 annually in grant funding for reimbursement of training costs incurred by businesses for existing employees.<\/li>\n<li>An additional $2,000,000 in funding is available to incentivize expansions by co-op members that meet specific criteria.<\/li>\n<li>With 79,000 miles of distribution power lines, our cooperatives own three times the mileage of any other electric utility in the state.<\/li>\n<\/ul>\n<p>&nbsp;<\/p>\n      \n      <\/div>\n      \n    <\/div>\n    \n    <\/div>\n    \n  <\/div>\n  \n<\/div>\n\n\n<div class=\"wp-block-group has-white-background-color has-background is-layout-flow wp-block-group-is-layout-flow\">\n<div class=\"wp-block-columns is-layout-flex wp-container-core-columns-is-layout-28f84493 wp-block-columns-is-layout-flex\">\n<div class=\"wp-block-column is-layout-flow wp-block-column-is-layout-flow\" style=\"flex-basis:25%\"><\/div>\n\n\n\n<div class=\"wp-block-column is-layout-flow wp-block-column-is-layout-flow\" style=\"flex-basis:50%\">\n<p><strong>We also offer some unique services through our <a href=\"https:\/\/www.scpowerteam.com\/sv\/what-we-do\/business-retention-expansion\/\">Business Retention &amp; Expansion<\/a> office:<\/strong><br><\/p>\n\n\n\n<ul class=\"wp-block-list\">\n<li><em>Expansion Consultation<\/em>: We want to make continuous investment and expansion at your facility a reality.<\/li>\n\n\n\n<li><em>Anslutningar<\/em>: Industries on our power lines have an incredible support team.&nbsp; We are proud to act as facilitator to connect you to resources available to your business.<\/li>\n\n\n\n<li><em>Business Retention &amp; Upskilling Incentive<\/em>:&nbsp; The <a href=\"https:\/\/www.scpowerteam.com\/sv\/what-we-do\/financial-programs\/\">Incitament f\u00f6r att beh\u00e5lla aff\u00e4rsverksamhet och expansion<\/a> offers reimbursements for a portion of documented out-of-pocket costs incurred to train existing employees on new\/upgraded equipment.&nbsp; It is available to existing commercial members of South Carolina\u2019s Electric Cooperatives.<\/li>\n<\/ul>\n<\/div>\n\n\n\n<div class=\"wp-block-column is-layout-flow wp-block-column-is-layout-flow\" style=\"flex-basis:25%\"><\/div>\n<\/div>\n\n\n\n<div class=\"wp-block-columns is-layout-flex wp-container-core-columns-is-layout-28f84493 wp-block-columns-is-layout-flex\">\n<div class=\"wp-block-column is-layout-flow wp-block-column-is-layout-flow\" style=\"flex-basis:25%\"><\/div>\n\n\n\n<div class=\"wp-block-column is-layout-flow wp-block-column-is-layout-flow\" style=\"flex-basis:50%\">\n<p><\/p>\n\n\n\n<p><\/p>\n\n\n\n<p><strong>In Good Company<\/strong><br>Some of South Carolina&#8217;s electric cooperative legacy members include:<\/p>\n\n\n\n<figure class=\"wp-block-image size-full\"><img loading=\"lazy\" decoding=\"async\" width=\"642\" height=\"442\" src=\"https:\/\/www.scpowerteam.com\/wp-content\/uploads\/2024\/06\/Legacy-Logos-1.png\" alt=\"\" class=\"wp-image-2677\" srcset=\"https:\/\/www.scpowerteam.com\/wp-content\/uploads\/2024\/06\/Legacy-Logos-1.png 642w, https:\/\/www.scpowerteam.com\/wp-content\/uploads\/2024\/06\/Legacy-Logos-1-300x207.png 300w, https:\/\/www.scpowerteam.com\/wp-content\/uploads\/2024\/06\/Legacy-Logos-1-18x12.png 18w\" sizes=\"auto, (max-width: 642px) 100vw, 642px\" \/><\/figure>\n\n\n\n<figure class=\"wp-block-image size-full\"><img loading=\"lazy\" decoding=\"async\" width=\"658\" height=\"602\" src=\"https:\/\/www.scpowerteam.com\/wp-content\/uploads\/2024\/06\/Legacy-Logos-2.png\" alt=\"\" class=\"wp-image-2678\" srcset=\"https:\/\/www.scpowerteam.com\/wp-content\/uploads\/2024\/06\/Legacy-Logos-2.png 658w, https:\/\/www.scpowerteam.com\/wp-content\/uploads\/2024\/06\/Legacy-Logos-2-300x274.png 300w, https:\/\/www.scpowerteam.com\/wp-content\/uploads\/2024\/06\/Legacy-Logos-2-13x12.png 13w\" sizes=\"auto, (max-width: 658px) 100vw, 658px\" \/><\/figure>\n\n\n\n<p><br><\/p>\n<\/div>\n\n\n\n<div class=\"wp-block-column is-layout-flow wp-block-column-is-layout-flow\" style=\"flex-basis:25%\"><\/div>\n<\/div>\n\n\n\n<div class=\"wp-block-columns is-layout-flex wp-container-core-columns-is-layout-28f84493 wp-block-columns-is-layout-flex\">\n<div class=\"wp-block-column is-layout-flow wp-block-column-is-layout-flow\"><\/div>\n<\/div>\n<\/div>\n\n\n\n<div class=\"wp-block-group has-light-gray-background-color has-background is-layout-flow wp-block-group-is-layout-flow\">\n<div class=\"wp-block-columns is-layout-flex wp-container-core-columns-is-layout-28f84493 wp-block-columns-is-layout-flex\">\n<div class=\"wp-block-column is-layout-flow wp-block-column-is-layout-flow\">\n<h5 class=\"wp-block-heading has-text-align-center has-teal-color has-text-color\" id=\"resources\">Resurser<\/h5>\n\n\n\n<h2 class=\"wp-block-heading has-text-align-center\" id=\"workforce-education-training\">Arbetskraftsutbildning och utbildning<\/h2>\n<\/div>\n<\/div>\n\n\n\n<div class=\"wp-block-columns is-layout-flex wp-container-core-columns-is-layout-28f84493 wp-block-columns-is-layout-flex\">\n<div class=\"wp-block-column is-layout-flow wp-block-column-is-layout-flow\" style=\"flex-basis:20%\"><\/div>\n\n\n\n<div class=\"wp-block-column is-layout-flow wp-block-column-is-layout-flow\" style=\"flex-basis:60%\">\n<style>\n\n.toggle-list {\n  \n}\n\n<\/style>\n\n<div id=\"togglelist-block_6be237336a79604f22cb86107f60a86b\" class=\"toggle-list\">\n  \n  <div class=\"w-tabs layout_accordion type_toggle\"><div class=\"w-tabs-h\">          \n          <div class=\"w-tabs-section\">\n            <div class=\"w-tabs-section-title\">\n              <span class=\"w-tabs-section-title-text\" itemprop=\"name\">readySC\u2122 och Apprenticeship Carolina\u2122<\/span>\n              <span class=\"w-tabs-section-title-control\">\n                <span class=\"icon-plus\"><\/span>\n              <\/span>\n            <\/div>\n            <div class=\"w-tabs-section-content\" style=\"display: none;\">\n              <div class=\"w-tabs-section-content-h\" itemprop=\"text\">\n                <ul>\n<li>Ger kompetens och teknisk utbildning till anst\u00e4llda i nya och v\u00e4xande f\u00f6retag i South Carolina<\/li>\n<li>Arbetar n\u00e4ra med nya f\u00f6retag f\u00f6r att tillhandah\u00e5lla rekryterings-, utbildnings- och arbetskraftsutvecklingsverktyg och hj\u00e4lp de beh\u00f6ver f\u00f6r att komma ig\u00e5ng<\/li>\n<li>Hj\u00e4lper ett f\u00f6retags arbetsstyrka att forts\u00e4tta v\u00e4xa genom att v\u00e4gleda f\u00f6retag genom den registrerade l\u00e4rlingsprocessen fr\u00e5n initial information till fullst\u00e4ndigt erk\u00e4nnande i National Registered Apprenticeship System<\/li>\n<li>Webbplatser: <a href=\"https:\/\/www.readysc.org\/\">ReadySC\u2122<\/a> och <a href=\"http:\/\/www.apprenticeshipcarolina.com\/\">L\u00e4rling Carolina<\/a><\/li>\n<\/ul>\n              <\/div>\n            <\/div>\n          <\/div>\n  \n            \n          <div class=\"w-tabs-section\">\n            <div class=\"w-tabs-section-title\">\n              <span class=\"w-tabs-section-title-text\" itemprop=\"name\">SCbio<\/span>\n              <span class=\"w-tabs-section-title-control\">\n                <span class=\"icon-plus\"><\/span>\n              <\/span>\n            <\/div>\n            <div class=\"w-tabs-section-content\" style=\"display: none;\">\n              <div class=\"w-tabs-section-content-h\" itemprop=\"text\">\n                <ul>\n<li>SCbio is the lead organization in South Carolina for recruiting and fostering growth of life sciences companies.<\/li>\n<li>Viktiga organisatoriska pelare inkluderar:\n<ul>\n<li>Att v\u00e4xa befintlig industri<\/li>\n<li>Global industrirekrytering<\/li>\n<li>Nystartade f\u00f6retag och tidiga organisationer<\/li>\n<\/ul>\n<\/li>\n<li>Hemsida: <a href=\"https:\/\/www.scbio.org\/cpages\/home\">SCbio<\/a><\/li>\n<\/ul>\n              <\/div>\n            <\/div>\n          <\/div>\n  \n            \n          <div class=\"w-tabs-section\">\n            <div class=\"w-tabs-section-title\">\n              <span class=\"w-tabs-section-title-text\" itemprop=\"name\">Medical University of South Carolina: <\/span>\n              <span class=\"w-tabs-section-title-control\">\n                <span class=\"icon-plus\"><\/span>\n              <\/span>\n            <\/div>\n            <div class=\"w-tabs-section-content\" style=\"display: none;\">\n              <div class=\"w-tabs-section-content-h\" itemprop=\"text\">\n                <ul>\n<li>Medical University of South Carolina (MUSC) \u00e4r den fr\u00e4msta biomedicinska forskningsinstitutionen i South Carolina. V\u00e5r framg\u00e5ng med att f\u00e5 forskningsfinansiering \u00e5terspeglar ett f\u00f6retag av grundl\u00e4ggande och kliniska forskare som \u00e4r internationellt erk\u00e4nda f\u00f6r biomedicinskt arbete med sjukdomar som cancer, stroke, h\u00e4lsoskillnader, beroendevetenskap, inflammation och fibros och matsm\u00e4ltningssjukdomar \u2013 bara f\u00f6r att n\u00e4mna n\u00e5gra! Allt ett direkt resultat av att rekrytera toppforskare med ett strategiskt fokus f\u00f6r att tillgodose behoven hos folket i South Carolina.<\/li>\n<li>Hemsida: <a href=\"https:\/\/research.musc.edu\/\">Medical University of South Carolina:\u00a0<\/a><\/li>\n<\/ul>\n              <\/div>\n            <\/div>\n          <\/div>\n  \n            \n          <div class=\"w-tabs-section\">\n            <div class=\"w-tabs-section-title\">\n              <span class=\"w-tabs-section-title-text\" itemprop=\"name\">Clemson University<\/span>\n              <span class=\"w-tabs-section-title-control\">\n                <span class=\"icon-plus\"><\/span>\n              <\/span>\n            <\/div>\n            <div class=\"w-tabs-section-content\" style=\"display: none;\">\n              <div class=\"w-tabs-section-content-h\" itemprop=\"text\">\n                <ul>\n<li>Clemsons grundutbildningar leder till BS- och BA-grader i biologiska vetenskaper och en BS-examen i mikrobiologi. Dessutom erbjuder Clemson tyngdpunktsomr\u00e5den inom entomologi, prefarmaci, prerehabilitering, kvantitativ biologi, toxikologi, gymnasieutbildning och biomedicin. Clemsons doktorandprogram inkluderar MS och Ph.D. examina i biologiska vetenskaper, milj\u00f6toxikologi och mikrobiologi. Det finns ocks\u00e5 ett 5-\u00e5rigt BS\/MS-program i biologiska vetenskaper och bioteknik. Fakultetsmedlemmar i biologiska vetenskaper deltar ocks\u00e5 i de interdepartementala MS och Ph.D. program i v\u00e4xt- och milj\u00f6vetenskap. Clemson erbjuder dessutom en online-MS i biologiska vetenskaper f\u00f6r vetenskapsutbildare.<\/li>\n<li>Hemsida: <a href=\"https:\/\/www.clemson.edu\/science\/departments\/biosci\/\">Clemson University<\/a><\/li>\n<\/ul>\n              <\/div>\n            <\/div>\n          <\/div>\n  \n            \n          <div class=\"w-tabs-section\">\n            <div class=\"w-tabs-section-title\">\n              <span class=\"w-tabs-section-title-text\" itemprop=\"name\">University of South Carolina<\/span>\n              <span class=\"w-tabs-section-title-control\">\n                <span class=\"icon-plus\"><\/span>\n              <\/span>\n            <\/div>\n            <div class=\"w-tabs-section-content\" style=\"display: none;\">\n              <div class=\"w-tabs-section-content-h\" itemprop=\"text\">\n                <ul>\n<li>Institutionen f\u00f6r biologiska vetenskaper ligger i hj\u00e4rtat av Columbia och \u00e4r en av de st\u00f6rsta institutionerna vid UofSC. Deras uppdrag \u00e4r att fr\u00e4mja kunskap och uppt\u00e4ckter inom m\u00e5nga aspekter av biologi som str\u00e4cker sig fr\u00e5n cellul\u00e4r och genetisk niv\u00e5 till organism- och milj\u00f6niv\u00e5. Avdelningen utf\u00f6r spets <a href=\"https:\/\/sc.edu\/study\/colleges_schools\/artsandsciences\/biological_sciences\/research\/index.php\">forskning<\/a>, och \u00f6verf\u00f6r kunskap till studenter och medborgare genom f\u00f6rstklassiga kurser, <a href=\"https:\/\/sc.edu\/study\/colleges_schools\/artsandsciences\/biological_sciences\/study\/index.php\">program<\/a> och samh\u00e4llsengagemang. De str\u00e4var efter att ge sina grund- och doktorander den b\u00e4sta utbildningen och tr\u00e4ningen som g\u00f6r det m\u00f6jligt f\u00f6r dem att uppn\u00e5 sina professionella och personliga m\u00e5l.<\/li>\n<li>Hemsida: <a href=\"https:\/\/sc.edu\/study\/colleges_schools\/artsandsciences\/biological_sciences\/index.php\">University of South Carolina<\/a><\/li>\n<\/ul>\n              <\/div>\n            <\/div>\n          <\/div>\n  \n  <\/div><\/div>  \n  \n<\/div>\n  <\/div>\n\n\n\n<div class=\"wp-block-column is-layout-flow wp-block-column-is-layout-flow\" style=\"flex-basis:20%\"><\/div>\n<\/div>\n<\/div>","protected":false},"excerpt":{"rendered":"<p>We also offer some unique services through our Business Retention &amp; Expansion office: In Good CompanySome of South Carolina&#8217;s electric cooperative legacy members include: Resources Workforce Education &amp; Training<\/p>","protected":false},"author":3,"featured_media":0,"parent":56,"menu_order":0,"comment_status":"closed","ping_status":"closed","template":"","meta":{"_acf_changed":false,"footnotes":""},"class_list":["post-2675","page","type-page","status-publish","hentry"],"acf":[],"_links":{"self":[{"href":"https:\/\/www.scpowerteam.com\/sv\/wp-json\/wp\/v2\/pages\/2675","targetHints":{"allow":["GET"]}}],"collection":[{"href":"https:\/\/www.scpowerteam.com\/sv\/wp-json\/wp\/v2\/pages"}],"about":[{"href":"https:\/\/www.scpowerteam.com\/sv\/wp-json\/wp\/v2\/types\/page"}],"author":[{"embeddable":true,"href":"https:\/\/www.scpowerteam.com\/sv\/wp-json\/wp\/v2\/users\/3"}],"replies":[{"embeddable":true,"href":"https:\/\/www.scpowerteam.com\/sv\/wp-json\/wp\/v2\/comments?post=2675"}],"version-history":[{"count":8,"href":"https:\/\/www.scpowerteam.com\/sv\/wp-json\/wp\/v2\/pages\/2675\/revisions"}],"predecessor-version":[{"id":2702,"href":"https:\/\/www.scpowerteam.com\/sv\/wp-json\/wp\/v2\/pages\/2675\/revisions\/2702"}],"up":[{"embeddable":true,"href":"https:\/\/www.scpowerteam.com\/sv\/wp-json\/wp\/v2\/pages\/56"}],"wp:attachment":[{"href":"https:\/\/www.scpowerteam.com\/sv\/wp-json\/wp\/v2\/media?parent=2675"}],"curies":[{"name":"wp","href":"https:\/\/api.w.org\/{rel}","templated":true}]}}