{"id":60,"date":"2022-01-05T16:48:31","date_gmt":"2022-01-05T16:48:31","guid":{"rendered":"https:\/\/www.scpowerteam.com\/?page_id=60"},"modified":"2024-04-15T09:33:22","modified_gmt":"2024-04-15T13:33:22","slug":"meet-the-team","status":"publish","type":"page","link":"https:\/\/www.scpowerteam.com\/sv\/who-we-are\/meet-the-team\/","title":{"rendered":"M\u00f6t Teamet"},"content":{"rendered":"<style>\n  \n  #hero-block_2f8c3abfb7b64e3f1d4fdccec47d44c7 { \n        background-color: #f2f2f2;\n    }\n  \n<\/style>\n\n<div id=\"hero-block_2f8c3abfb7b64e3f1d4fdccec47d44c7\" class=\"hero alignfull Light\">\n  \n  <div class=\"container\">\n    \n    <div class=\"row\">\n      \n    <div class=\"col-12 col-sm-5\">\n      \n      <h5>Vilka vi \u00e4r<\/h5>\n      <h1>South Carolina Power Team<\/h1>\n      \n            \n      <p><img loading=\"lazy\" decoding=\"async\" class=\"alignnone wp-image-1117\" src=\"https:\/\/www.scpowerteam.com\/wp-content\/uploads\/2022\/02\/Who-we-are-graphic-300x300.png\" alt=\"\" width=\"300\" height=\"301\" srcset=\"https:\/\/www.scpowerteam.com\/wp-content\/uploads\/2022\/02\/Who-we-are-graphic-300x300.png 300w, https:\/\/www.scpowerteam.com\/wp-content\/uploads\/2022\/02\/Who-we-are-graphic-150x150.png 150w, https:\/\/www.scpowerteam.com\/wp-content\/uploads\/2022\/02\/Who-we-are-graphic.png 480w\" sizes=\"auto, (max-width: 300px) 100vw, 300px\" \/><\/p>\n      \n    <\/div>\n    \n    <div class=\"col-12 col-sm-7\">\n      \n      <div class=\"hero-content\">\n        \n        <h2><strong><em>\u00a0Drivjer tillv\u00e4xten i Electric Cooperative Territory<\/em><\/strong><\/h2>\n<p><span class=\"intro\">The South Carolina Power Team is a full-service, non-profit economic development organization representing the state\u2019s 19 consumer-owned electric cooperatives.<\/span><\/p>\n<p>South Carolina Power Team skapades av och f\u00f6r dess medlemmar. De tj\u00e4nster vi tillhandah\u00e5ller och den roll vi spelar f\u00f6r att f\u00f6rbereda samh\u00e4llen f\u00f6r tillv\u00e4xt, attraktion till investeringar och skapande av jobb har utformats noggrant f\u00f6r att spela en avg\u00f6rande roll i den ekonomiska utvecklingsprocessen.<\/p>\n<p>Mittpunkten i vad vi g\u00f6r, antingen Global Business Development eller Community Preparedness, \u00e4r att anpassa v\u00e5r vision med m\u00e4tbara m\u00e5l f\u00f6r att tj\u00e4na varje kooperativ individuellt. \u00c4ven om varje kooperativ \u00e4r sj\u00e4lvst\u00e4ndigt, kommer hur vi servar var och en alltid vara med samma <strong>\u00e4ndam\u00e5l<\/strong>, <strong>passion<\/strong> och <strong>br\u00e5dskande karakt\u00e4r<\/strong> som ger st\u00f6rst nytta f\u00f6r det kooperativa systemet.<\/p>\n<p>V\u00e5r standard f\u00f6r omsorg \u00e4r att fokusera p\u00e5 andras behov f\u00f6re v\u00e5ra egna samtidigt som vi servar dem med <strong>integritet<\/strong>, <strong>\u00e4rlighet<\/strong>, och <strong>full uppskattning<\/strong> f\u00f6r m\u00f6jligheten att driva ekonomisk utvecklingsframg\u00e5ng inom de elkooperativa samh\u00e4llena.<\/p>\n<p>V\u00e5rt team \u00e4r unikt positionerat f\u00f6r att kommunicera aktuell information till v\u00e5ra intressenter, koppla samman samh\u00e4llen och elektriska kooperativ med m\u00f6jligheter och fungera som en sammankallande f\u00f6r dem vi tj\u00e4nar.<\/p>\n<p>Genom <strong>kunskapstillv\u00e4xt<\/strong>, <strong>karakt\u00e4r<\/strong> och <strong>status<\/strong>, South Carolina Power Team uppvisar sj\u00e4lvs\u00e4kert och \u00f6dmjukt expertis inom ekonomisk utveckling genom att omfamna revolutionen inom det st\u00e4ndigt f\u00f6r\u00e4nderliga ekonomiska utvecklingsyrket.<\/p>\n      \n      <\/div>\n      \n    <\/div>\n    \n    <\/div>\n    \n  <\/div>\n  \n<\/div>\n\n\n<div class=\"wp-block-group has-white-background-color has-background is-layout-constrained wp-block-group-is-layout-constrained\">\n<div style=\"height:50px\" aria-hidden=\"true\" class=\"wp-block-spacer\"><\/div>\n\n\n\n<h2 class=\"wp-block-heading has-text-align-center\">Core Values<\/h2>\n\n\n\n<style>\n  \n\n<\/style>\n\n<div id=\"iconcards-block_b25d46d3380af8cb466116742e1cc7c5\" class=\"iconcards\">\n  \n  <div class=\"container\">\n    \n    <div class=\"icon-card-grid centered_cards\">\n      \n    \n            <div class=\"icon-card\">\n                 \n                              <img decoding=\"async\" src=\"https:\/\/www.scpowerteam.com\/wp-content\/uploads\/2022\/11\/icon-one.jpg\">\n                            \n              <p class=\"icon-card-title\"><\/p>\n              \n              <div class=\"icon-card-content\">\n                Serve with \r\nhumility and gratitude              <\/div>\n              \n            <\/div>\n                   \n     \n            <div class=\"icon-card\">\n                 \n                              <img decoding=\"async\" src=\"https:\/\/www.scpowerteam.com\/wp-content\/uploads\/2022\/11\/icon-two.jpg\">\n                            \n              <p class=\"icon-card-title\"><\/p>\n              \n              <div class=\"icon-card-content\">\n                Demonstrate technical expertise, innovation and continuous self-improvement              <\/div>\n              \n            <\/div>\n                   \n     \n            <div class=\"icon-card\">\n                 \n                              <img decoding=\"async\" src=\"https:\/\/www.scpowerteam.com\/wp-content\/uploads\/2022\/11\/icon-three.jpg\">\n                            \n              <p class=\"icon-card-title\"><\/p>\n              \n              <div class=\"icon-card-content\">\n                Be intentional and passionate about the work              <\/div>\n              \n            <\/div>\n                   \n     \n            <div class=\"icon-card\">\n                 \n                              <img decoding=\"async\" src=\"https:\/\/www.scpowerteam.com\/wp-content\/uploads\/2022\/11\/icon-four.jpg\">\n                            \n              <p class=\"icon-card-title\"><\/p>\n              \n              <div class=\"icon-card-content\">\n                Be essential to those we serve              <\/div>\n              \n            <\/div>\n                   \n     \n            <div class=\"icon-card\">\n                 \n                              <img decoding=\"async\" src=\"https:\/\/www.scpowerteam.com\/wp-content\/uploads\/2022\/11\/icon-five.jpg\">\n                            \n              <p class=\"icon-card-title\"><\/p>\n              \n              <div class=\"icon-card-content\">\n                Communicate, connect and convene              <\/div>\n              \n            <\/div>\n                   \n         \n    <\/div>\n    \n  <\/div>\n  \n<\/div><\/div>\n\n\n\n<div class=\"wp-block-group has-light-gray-background-color has-background is-layout-constrained wp-block-group-is-layout-constrained\">\n<div style=\"height:50px\" aria-hidden=\"true\" class=\"wp-block-spacer\"><\/div>\n\n\n\n<h5 class=\"wp-block-heading has-text-align-center has-teal-color has-text-color\">M\u00f6t Teamet<\/h5>\n\n\n\n<h2 class=\"wp-block-heading has-text-align-center\">Our Staff<\/h2>\n\n\n\n<div style=\"height:10px\" aria-hidden=\"true\" class=\"wp-block-spacer\"><\/div>\n\n\n<div class=\"container\"><div class=\"team-row row\"><div class=\"col-12 col-sm-4\"><div class=\"teamcard\"><a href=\"https:\/\/www.scpowerteam.com\/sv\/team\/james-a-chavez\/\"><img decoding=\"async\" class=\"team-headshot\" alt=\"James Chavez\" src=\"https:\/\/www.scpowerteam.com\/wp-content\/uploads\/2022\/01\/Chavez_Thumbnail.png\"><\/a><div class=\"card-content\"><p class=\"name\">James A. Chavez<\/p><p class=\"position\">VD och koncernchef<\/p><\/div><\/div><\/div><div class=\"col-12 col-sm-4\"><div class=\"teamcard\"><a href=\"https:\/\/www.scpowerteam.com\/sv\/team\/rebecca-breland\/\"><img decoding=\"async\" class=\"team-headshot\" alt=\"Rebecca M. Breland\" src=\"https:\/\/www.scpowerteam.com\/wp-content\/uploads\/2022\/02\/RB-candid-for-website-2026.jpeg.jpg\"><\/a><div class=\"card-content\"><p class=\"name\">Rebecca M. Breland, PE<\/p><p class=\"position\">Senior Vice President, Community Preparedness<\/p><\/div><\/div><\/div><div class=\"col-12 col-sm-4\"><div class=\"teamcard\"><a href=\"https:\/\/www.scpowerteam.com\/sv\/team\/warren-darby\/\"><img decoding=\"async\" class=\"team-headshot\" alt=\"Warren A. Darby, Jr.\" src=\"https:\/\/www.scpowerteam.com\/wp-content\/uploads\/2022\/07\/WD-1.png\"><\/a><div class=\"card-content\"><p class=\"name\">Warren A. Darby, Jr.<\/p><p class=\"position\">Senior Vice President, Global Business<\/p><\/div><\/div><\/div><div class=\"col-12 col-sm-4\"><div class=\"teamcard\"><a href=\"https:\/\/www.scpowerteam.com\/sv\/team\/meredith-atkinson\/\"><img decoding=\"async\" class=\"team-headshot\" alt=\"Meredith Atkinson\" src=\"https:\/\/www.scpowerteam.com\/wp-content\/uploads\/2026\/03\/Meredith-Candid-March-2026-1.jpg\"><\/a><div class=\"card-content\"><p class=\"name\">Meredith Atkinson<\/p><p class=\"position\">Director of Communications<\/p><\/div><\/div><\/div><div class=\"col-12 col-sm-4\"><div class=\"teamcard\"><a href=\"https:\/\/www.scpowerteam.com\/sv\/team\/andrew-folks\/\"><img decoding=\"async\" class=\"team-headshot\" alt=\"R. Andrew Folks\" src=\"https:\/\/www.scpowerteam.com\/wp-content\/uploads\/2022\/07\/AF-2.png\"><\/a><div class=\"card-content\"><p class=\"name\">R. Andrew Folks<\/p><p class=\"position\">Business Retention and Expansion Manager<\/p><\/div><\/div><\/div><div class=\"col-12 col-sm-4\"><div class=\"teamcard\"><a href=\"https:\/\/www.scpowerteam.com\/sv\/team\/amber-guyton\/\"><img decoding=\"async\" class=\"team-headshot\" alt=\"Amber Guyton\" src=\"https:\/\/www.scpowerteam.com\/wp-content\/uploads\/2025\/01\/AG_MTT.jpg\"><\/a><div class=\"card-content\"><p class=\"name\">Amber Guyton<\/p><p class=\"position\">Operations & Events Manager<\/p><\/div><\/div><\/div><div class=\"col-12 col-sm-4\"><div class=\"teamcard\"><a href=\"https:\/\/www.scpowerteam.com\/sv\/team\/marc-metcalf\/\"><img decoding=\"async\" class=\"team-headshot\" alt=\"Marc  Metcalf\" src=\"https:\/\/www.scpowerteam.com\/wp-content\/uploads\/2022\/08\/MM_thumbnail.png\"><\/a><div class=\"card-content\"><p class=\"name\">Marc Metcalf<\/p><p class=\"position\">Senior projektledare<\/p><\/div><\/div><\/div><div class=\"col-12 col-sm-4\"><div class=\"teamcard\"><a href=\"https:\/\/www.scpowerteam.com\/sv\/team\/angelyn-smith\/\"><img decoding=\"async\" class=\"team-headshot\" alt=\"Angelyn T. Smith\" src=\"https:\/\/www.scpowerteam.com\/wp-content\/uploads\/2022\/07\/AS.png\"><\/a><div class=\"card-content\"><p class=\"name\">Angelyn T. Smith<\/p><p class=\"position\">Senior projektledare<\/p><\/div><\/div><\/div><div class=\"col-12 col-sm-4\"><div class=\"teamcard\"><a href=\"https:\/\/www.scpowerteam.com\/sv\/team\/caroline-warner\/\"><img decoding=\"async\" class=\"team-headshot\" alt=\"Caroline A. Warner\" src=\"https:\/\/www.scpowerteam.com\/wp-content\/uploads\/2022\/02\/CAW_2026_candid_2-1.jpg\"><\/a><div class=\"card-content\"><p class=\"name\">Caroline A. Warner<\/p><p class=\"position\">Direkt\u00f6r f\u00f6r samh\u00e4llsutveckling<\/p><\/div><\/div><\/div><\/div><\/div>\n<\/div>","protected":false},"excerpt":{"rendered":"<p>Core Values Meet The Team Our Staff<\/p>","protected":false},"author":1,"featured_media":0,"parent":58,"menu_order":1,"comment_status":"closed","ping_status":"closed","template":"","meta":{"_acf_changed":false,"footnotes":""},"class_list":["post-60","page","type-page","status-publish","hentry"],"acf":[],"_links":{"self":[{"href":"https:\/\/www.scpowerteam.com\/sv\/wp-json\/wp\/v2\/pages\/60","targetHints":{"allow":["GET"]}}],"collection":[{"href":"https:\/\/www.scpowerteam.com\/sv\/wp-json\/wp\/v2\/pages"}],"about":[{"href":"https:\/\/www.scpowerteam.com\/sv\/wp-json\/wp\/v2\/types\/page"}],"author":[{"embeddable":true,"href":"https:\/\/www.scpowerteam.com\/sv\/wp-json\/wp\/v2\/users\/1"}],"replies":[{"embeddable":true,"href":"https:\/\/www.scpowerteam.com\/sv\/wp-json\/wp\/v2\/comments?post=60"}],"version-history":[{"count":53,"href":"https:\/\/www.scpowerteam.com\/sv\/wp-json\/wp\/v2\/pages\/60\/revisions"}],"predecessor-version":[{"id":2656,"href":"https:\/\/www.scpowerteam.com\/sv\/wp-json\/wp\/v2\/pages\/60\/revisions\/2656"}],"up":[{"embeddable":true,"href":"https:\/\/www.scpowerteam.com\/sv\/wp-json\/wp\/v2\/pages\/58"}],"wp:attachment":[{"href":"https:\/\/www.scpowerteam.com\/sv\/wp-json\/wp\/v2\/media?parent=60"}],"curies":[{"name":"wp","href":"https:\/\/api.w.org\/{rel}","templated":true}]}}