{"id":698,"date":"2022-02-03T15:47:38","date_gmt":"2022-02-03T20:47:38","guid":{"rendered":"https:\/\/www.scpowerteam.com\/?page_id=698"},"modified":"2023-12-19T15:33:41","modified_gmt":"2023-12-19T20:33:41","slug":"business-retention-expansion","status":"publish","type":"page","link":"https:\/\/www.scpowerteam.com\/sv\/what-we-do\/business-retention-expansion\/","title":{"rendered":"Aff\u00e4rsbevarande och expansion"},"content":{"rendered":"<style>\n  \n  #hero-block_229698724f58eefcf762f6c2bfed3353 { \n        background-color: #04437b;\n    }\n  \n<\/style>\n\n<div id=\"hero-block_229698724f58eefcf762f6c2bfed3353\" class=\"hero alignfull Dark\">\n  \n  <div class=\"container\">\n    \n    <div class=\"row\">\n      \n    <div class=\"col-12 col-sm-5\">\n      \n      <h5>Vad vi g\u00f6r<\/h5>\n      <h1>Aff\u00e4rsbevarande och expansion<\/h1>\n      \n            \n            \n    <\/div>\n    \n    <div class=\"col-12 col-sm-7\">\n      \n      <div class=\"hero-content\">\n        \n        <div class=\"page\" title=\"Sida 1\">\n<div class=\"layoutArea\">\n<div class=\"column\">\n<h3>K\u00e4rnv\u00e4rdet i South Carolina Power Teams verksamhet att beh\u00e5lla och expandera \u00e4r medlemsv\u00e5rd.<\/h3>\n<p>Working collaboratively with cooperative key account staff, and the state economic development community, we strive to connect with commercial co-op members to understand and respond to their needs.<\/p>\n<p><a href=\"mailto:afolks@scpowerteam.com\">Kontakta oss<\/a> idag f\u00f6r att diskutera v\u00e5ra tj\u00e4nster nedan, f\u00f6r att ordna s\u00e5 att v\u00e5rt team bes\u00f6ker din anl\u00e4ggning eller f\u00f6r att dela din tillv\u00e4xtplan med oss!<\/p>\n<\/div>\n<\/div>\n<\/div>\n      \n      <\/div>\n      \n    <\/div>\n    \n    <\/div>\n    \n  <\/div>\n  \n<\/div>\n\n\n<div class=\"wp-block-group is-layout-flow wp-block-group-is-layout-flow\">\n<div class=\"wp-block-columns is-layout-flex wp-container-core-columns-is-layout-28f84493 wp-block-columns-is-layout-flex\">\n<div class=\"wp-block-column is-layout-flow wp-block-column-is-layout-flow\">\n<h5 class=\"wp-block-heading has-text-align-center has-teal-color has-text-color\" id=\"services\"><\/h5>\n\n\n\n<div style=\"height:50px\" aria-hidden=\"true\" class=\"wp-block-spacer\"><\/div>\n\n\n\n<h2 class=\"wp-block-heading has-text-align-center has-large-font-size\" id=\"south-carolina-power-team-provides\">South Carolina <br>Power Team erbjuder:<\/h2>\n\n\n\n<div class=\"wp-block-columns is-layout-flex wp-container-core-columns-is-layout-28f84493 wp-block-columns-is-layout-flex\">\n<div class=\"wp-block-column is-layout-flow wp-block-column-is-layout-flow\">\n<style>\n  \n\n<\/style>\n\n<div id=\"iconcards-block_631c0bf58c01a5ebcea43fa3ff4f1d57\" class=\"iconcards\">\n  \n  <div class=\"container\">\n    \n    <div class=\"icon-card-grid\">\n      \n    \n            <div class=\"icon-card\">\n                 \n                              <img decoding=\"async\" src=\"https:\/\/www.scpowerteam.com\/wp-content\/uploads\/2022\/01\/icon-users.png\">\n                            \n              <p class=\"icon-card-title\">Utbyggnadskonsultationer<\/p>\n              \n              <div class=\"icon-card-content\">\n                Vi vill g\u00f6ra expansion och investeringar i din anl\u00e4ggning mer m\u00f6jliga. V\u00e5rt team \u00e4r redo att h\u00f6ra vad du beh\u00f6ver f\u00f6r att v\u00e4xa.              <\/div>\n              \n            <\/div>\n                   \n     \n            <div class=\"icon-card\">\n                 \n                              <img decoding=\"async\" src=\"https:\/\/www.scpowerteam.com\/wp-content\/uploads\/2022\/01\/icon-lightning.png\">\n                            \n              <p class=\"icon-card-title\">Branschbes\u00f6k<\/p>\n              \n              <div class=\"icon-card-content\">\n                Kooperativens medlemsservicetradition \u00e5terspeglas i v\u00e5rt branschbes\u00f6ksprogram. Vi tr\u00e4ffar kommersiella medlemmar, ansikte mot ansikte, f\u00f6r att diskutera hur vi kan hj\u00e4lpa till.              <\/div>\n              \n            <\/div>\n                   \n     \n            <div class=\"icon-card\">\n                 \n                              <img decoding=\"async\" src=\"https:\/\/www.scpowerteam.com\/wp-content\/uploads\/2022\/01\/icon-info.png\">\n                            \n              <p class=\"icon-card-title\">Anslutningar<\/p>\n              \n              <div class=\"icon-card-content\">\n                Branscher p\u00e5 v\u00e5ra kraftledningar har ett otroligt supportteam. Vi kan hj\u00e4lpa dig att ansluta till de resurser som finns tillg\u00e4ngliga f\u00f6r dig.              <\/div>\n              \n            <\/div>\n                   \n         \n    <\/div>\n    \n  <\/div>\n  \n<\/div><\/div>\n<\/div>\n<\/div>\n<\/div>\n\n\n\n<div class=\"wp-block-columns is-layout-flex wp-container-core-columns-is-layout-28f84493 wp-block-columns-is-layout-flex\">\n<div class=\"wp-block-column is-layout-flow wp-block-column-is-layout-flow\">\n<h2 class=\"wp-block-heading has-text-align-center\"><br>Finansiella resurser:<br><\/h2>\n<\/div>\n<\/div>\n\n\n\n<div class=\"wp-block-columns is-layout-flex wp-container-core-columns-is-layout-28f84493 wp-block-columns-is-layout-flex\">\n<div class=\"wp-block-column is-layout-flow wp-block-column-is-layout-flow\">\n<style>\n  \n\n<\/style>\n\n<div id=\"iconcards-block_b13648ca57ebdcbe162324efccd00b72\" class=\"iconcards\">\n  \n  <div class=\"container\">\n    \n    <div class=\"icon-card-grid  stretch\">\n      \n    \n            <div class=\"icon-card\">\n                 \n                              <img decoding=\"async\" src=\"https:\/\/www.scpowerteam.com\/wp-content\/uploads\/2022\/01\/icon-users.png\">\n                            \n              <p class=\"icon-card-title\">$150,000<\/p>\n              \n              <div class=\"icon-card-content\">\n                Total funding for the Upskill Incentive is $150,000 per calendar year. The minimum grant amount for a commercial member is $1,000. There is a $25,000 incentive limit per commercial member.               <\/div>\n              \n            <\/div>\n                   \n         \n    <\/div>\n    \n  <\/div>\n  \n<\/div><\/div>\n\n\n\n<div class=\"wp-block-column is-vertically-aligned-center is-layout-flow wp-block-column-is-layout-flow\">\n<h2 class=\"wp-block-heading\">Upskill Incentive<\/h2>\n\n\n\n<p>The Upskill Incentive is available to existing commercial members of South Carolina&#8217;s electric cooperatives. It is a reimbursement for out-of-pocket costs incurred to train an existing employee on new\/upgraded equipment.<\/p>\n<\/div>\n<\/div>\n<\/div>\n\n\n\n<div class=\"wp-block-group alignfull has-background is-layout-flow wp-block-group-is-layout-flow\" style=\"background:linear-gradient(90deg,rgb(0,67,123) 0%,rgb(48,175,209) 100%)\">\n<h2 class=\"wp-block-heading has-text-align-center has-white-color has-text-color\" id=\"your-team-resources\">Din teamresurs:<\/h2>\n\n\n\n<style>\n  \n<\/style>\n\n<div id=\"blogcards-block_b1360ba1de3cf2ec9163ad364b4585fb\" class=\"blogcards\">\n  \n  <div class=\"container\">\n    \n    <div class=\"row\">\n      \n      <div class=\"col-12\">\n      \n        <div class=\"post-grid\"><div class=\"teamcard\"><a href=\"https:\/\/www.scpowerteam.com\/sv\/team\/andrew-folks\/\"><img decoding=\"async\" class=\"team-headshot\" alt=\"R. Andrew Folks\" src=\"https:\/\/www.scpowerteam.com\/wp-content\/uploads\/2022\/07\/AF-2.png\"><\/a><div class=\"card-content\"><p class=\"name\">R. Andrew Folks<\/p><p class=\"position\">Business Retention and Expansion Manager<\/p><\/div><\/div><\/div>      \n      <\/div>\n    \n    <\/div>\n    \n  <\/div>\n  \n<\/div><\/div>\n\n\n\n<div class=\"wp-block-group is-layout-flow wp-block-group-is-layout-flow\">\n<h5 class=\"wp-block-heading has-text-align-center\" id=\"in-depth\">Grundlig<\/h5>\n\n\n\n<h2 class=\"wp-block-heading has-text-align-center\" id=\"frequently-asked-questions\">Vanliga fr\u00e5gor<\/h2>\n\n\n\n<div class=\"wp-block-columns is-layout-flex wp-container-core-columns-is-layout-28f84493 wp-block-columns-is-layout-flex\">\n<div class=\"wp-block-column is-layout-flow wp-block-column-is-layout-flow\" style=\"flex-basis:20%\"><\/div>\n\n\n\n<div class=\"wp-block-column is-layout-flow wp-block-column-is-layout-flow\" style=\"flex-basis:60%\">\n<style>\n\n.toggle-list {\n  \n}\n\n<\/style>\n\n<div id=\"togglelist-block_d20af9a328c19fffe7fed897204fdf0d\" class=\"toggle-list\">\n  \n  <div class=\"w-tabs layout_accordion type_toggle\"><div class=\"w-tabs-h\">          \n          <div class=\"w-tabs-section\">\n            <div class=\"w-tabs-section-title\">\n              <span class=\"w-tabs-section-title-text\" itemprop=\"name\">Vilka incitament finns tillg\u00e4ngliga f\u00f6r en industri som expanderar i South Carolina?<\/span>\n              <span class=\"w-tabs-section-title-control\">\n                <span class=\"icon-plus\"><\/span>\n              <\/span>\n            <\/div>\n            <div class=\"w-tabs-section-content\" style=\"display: none;\">\n              <div class=\"w-tabs-section-content-h\" itemprop=\"text\">\n                <div class=\"page\" title=\"Sida 3\">\n<div class=\"layoutArea\">\n<div class=\"column\">\n<p>Industri- och distributionsmedlemmar inom South Carolinas elektriska kooperativa serviceomr\u00e5de \u2013 som \u00f6verv\u00e4ger en stor kapitalinvestering i ny byggnadsyta eller ny utrustning \u2013 \u00e4r potentiellt ber\u00e4ttigade till de ekonomiska utvecklingsincitamenten som \u00e4r tillg\u00e4ngliga f\u00f6r f\u00f6retag som flyttar till South Carolina fr\u00e5n utlandet. F\u00f6r att l\u00e4ra dig mer om vad du kan kvalificera dig f\u00f6r, kontakta v\u00e5r BRE Manager <a href=\"mailto:afolks@scpowerteam.com\">Andrew Folks<\/a>.<\/p>\n<\/div>\n<\/div>\n<\/div>\n              <\/div>\n            <\/div>\n          <\/div>\n  \n            \n          <div class=\"w-tabs-section\">\n            <div class=\"w-tabs-section-title\">\n              <span class=\"w-tabs-section-title-text\" itemprop=\"name\">Vilka \u00e4r n\u00e5gra av dina resurspartners?<\/span>\n              <span class=\"w-tabs-section-title-control\">\n                <span class=\"icon-plus\"><\/span>\n              <\/span>\n            <\/div>\n            <div class=\"w-tabs-section-content\" style=\"display: none;\">\n              <div class=\"w-tabs-section-content-h\" itemprop=\"text\">\n                <div class=\"page\" title=\"Sida 4\">\n<div class=\"layoutArea\">\n<div class=\"column\">\n<p>First and foremost are the electric cooperatives. Commercial member services begin and end with them. We also enjoy great relationships with many county, regional and state business service resources.<\/p>\n<\/div>\n<\/div>\n<\/div>\n              <\/div>\n            <\/div>\n          <\/div>\n  \n            \n          <div class=\"w-tabs-section\">\n            <div class=\"w-tabs-section-title\">\n              <span class=\"w-tabs-section-title-text\" itemprop=\"name\">Hur l\u00e4nge har Power-teamet engagerat sig i tj\u00e4nster f\u00f6r bibeh\u00e5llande och expansion av f\u00f6retag?<\/span>\n              <span class=\"w-tabs-section-title-control\">\n                <span class=\"icon-plus\"><\/span>\n              <\/span>\n            <\/div>\n            <div class=\"w-tabs-section-content\" style=\"display: none;\">\n              <div class=\"w-tabs-section-content-h\" itemprop=\"text\">\n                <div class=\"page\" title=\"Sida 4\">\n<div class=\"layoutArea\">\n<div class=\"column\">\n<p>The founders of the South Carolina Power Team made service to existing commercial members a core function when creating the organization in 1988. We\u2019ve engaged in business retention and expansion services for more than 30 years.<\/p>\n<\/div>\n<\/div>\n<\/div>\n              <\/div>\n            <\/div>\n          <\/div>\n  \n  <\/div><\/div>  \n  \n<\/div>\n  <\/div>\n\n\n\n<div class=\"wp-block-column is-layout-flow wp-block-column-is-layout-flow\" style=\"flex-basis:20%\"><\/div>\n<\/div>\n<\/div>\n\n\n\n<div class=\"wp-block-group is-layout-flow wp-block-group-is-layout-flow\">\n<div class=\"wp-block-columns is-layout-flex wp-container-core-columns-is-layout-28f84493 wp-block-columns-is-layout-flex\">\n<div class=\"wp-block-column is-layout-flow wp-block-column-is-layout-flow\"><\/div>\n<\/div>\n<\/div>","protected":false},"excerpt":{"rendered":"<p>The South Carolina Power Team offers: Financial Resources: Upskill Incentive The Upskill Incentive is available to existing commercial members of South Carolina&#8217;s electric cooperatives. It is a reimbursement for out-of-pocket costs incurred to train an existing employee on new\/upgraded equipment. Your Team Resource: In Depth Frequently Asked Questions<\/p>","protected":false},"author":2,"featured_media":0,"parent":24,"menu_order":1,"comment_status":"closed","ping_status":"closed","template":"","meta":{"_acf_changed":false,"footnotes":""},"class_list":["post-698","page","type-page","status-publish","hentry"],"acf":[],"_links":{"self":[{"href":"https:\/\/www.scpowerteam.com\/sv\/wp-json\/wp\/v2\/pages\/698","targetHints":{"allow":["GET"]}}],"collection":[{"href":"https:\/\/www.scpowerteam.com\/sv\/wp-json\/wp\/v2\/pages"}],"about":[{"href":"https:\/\/www.scpowerteam.com\/sv\/wp-json\/wp\/v2\/types\/page"}],"author":[{"embeddable":true,"href":"https:\/\/www.scpowerteam.com\/sv\/wp-json\/wp\/v2\/users\/2"}],"replies":[{"embeddable":true,"href":"https:\/\/www.scpowerteam.com\/sv\/wp-json\/wp\/v2\/comments?post=698"}],"version-history":[{"count":92,"href":"https:\/\/www.scpowerteam.com\/sv\/wp-json\/wp\/v2\/pages\/698\/revisions"}],"predecessor-version":[{"id":2621,"href":"https:\/\/www.scpowerteam.com\/sv\/wp-json\/wp\/v2\/pages\/698\/revisions\/2621"}],"up":[{"embeddable":true,"href":"https:\/\/www.scpowerteam.com\/sv\/wp-json\/wp\/v2\/pages\/24"}],"wp:attachment":[{"href":"https:\/\/www.scpowerteam.com\/sv\/wp-json\/wp\/v2\/media?parent=698"}],"curies":[{"name":"wp","href":"https:\/\/api.w.org\/{rel}","templated":true}]}}