{"id":799,"date":"2022-02-03T17:37:11","date_gmt":"2022-02-03T22:37:11","guid":{"rendered":"https:\/\/www.scpowerteam.com\/?page_id=799"},"modified":"2026-02-12T10:19:37","modified_gmt":"2026-02-12T15:19:37","slug":"agribusiness","status":"publish","type":"page","link":"https:\/\/www.scpowerteam.com\/sv\/target-industries\/agribusiness\/","title":{"rendered":"Agribusiness"},"content":{"rendered":"<style>\n  \n  #hero-block_978cb517061ccb6891508571d39930f4 { \n      background-image: url(https:\/\/www.scpowerteam.com\/wp-content\/uploads\/2022\/01\/banner-aerospace.jpg);\n        background-color: #1e73be;\n    }\n  \n<\/style>\n\n<div id=\"hero-block_978cb517061ccb6891508571d39930f4\" class=\"hero alignfull Dark\">\n  \n  <div class=\"container\">\n    \n    <div class=\"row\">\n      \n    <div class=\"col-12 col-sm-5\">\n      \n      <h5>Vi vet<\/h5>\n      <h1>Agribusiness<\/h1>\n      \n            \n            \n    <\/div>\n    \n    <div class=\"col-12 col-sm-7\">\n      \n      <div class=\"hero-content\">\n        \n        <p>Agribusiness represents the largest economic sector in South Carolina, as well as the Palmetto State\u2019s fastest-growing industries. Contributing an annual economic impact of more than $51 billion and accounting for 259,000 direct jobs statewide, agriculture products and food production is the true homegrown industry of South Carolina. The climate in South Carolina is perfect for new or expansion of any agricultural operations.<\/p>\n<ul>\n<li>259,215 jobs directly supported by South Carolinas agribusiness industry<\/li>\n<li>11% av South Carolinas sammanlagda ekonomiska produktion tillskrivs agribusiness<\/li>\n<li>En av South Carolinas snabbast v\u00e4xande industrier med en tillv\u00e4xt p\u00e5 25% under de senaste 10 \u00e5ren.<\/li>\n<li>#1-industrin i South Carolina<\/li>\n<li>$51.8 billion total Economic Impact<\/li>\n<\/ul>\n      \n      <\/div>\n      \n    <\/div>\n    \n    <\/div>\n    \n  <\/div>\n  \n<\/div>\n\n\n<div class=\"wp-block-group has-white-background-color has-background is-layout-flow wp-block-group-is-layout-flow\">\n<div class=\"wp-block-columns is-layout-flex wp-container-core-columns-is-layout-28f84493 wp-block-columns-is-layout-flex\">\n<div class=\"wp-block-column is-layout-flow wp-block-column-is-layout-flow\">\n<h2 class=\"wp-block-heading has-teal-color has-text-color\" id=\"leading-agribusinesses-in-sc\"><strong>Ledande jordbruksf\u00f6retag i SC<\/strong><\/h2>\n<\/div>\n<\/div>\n\n\n\n<div class=\"wp-block-columns is-layout-flex wp-container-core-columns-is-layout-28f84493 wp-block-columns-is-layout-flex\">\n<div class=\"wp-block-column is-layout-flow wp-block-column-is-layout-flow\" style=\"flex-basis:60%\">\n<script type=\"text\/javascript\" src=\"https:\/\/media.zoomprospector.com\/common\/scripts\/businesswidget.iframe.js?&amp;bwHHN=1&amp;sst=SOUTHCAROLINA&amp;environment=production&amp;height=750&amp;bwlatlngzoom=33.914345%2C-80.898942%7C7&amp;bwparams=cluster_01815539-6b2c-4d46-b6c8-f3cd90e170c3\"><\/script>\n<\/div>\n\n\n\n<div class=\"wp-block-column is-layout-flow wp-block-column-is-layout-flow\" style=\"flex-basis:40%\">\n<p><em>Anv\u00e4nd den h\u00e4r interaktiva kartan f\u00f6r att l\u00e4ra dig mer om jordbruksn\u00e4ringen i South Carolina och f\u00f6r att utforska de kluster som skapas av v\u00e5r delstats skickliga arbetsstyrka, strategiska infrastruktur, l\u00e5ga aff\u00e4rskostnader och attraktiva livskvalitet.<\/em><\/p>\n\n\n\n<p><\/p>\n\n\n\n<div class=\"wp-block-buttons is-layout-flex wp-block-buttons-is-layout-flex\">\n<div class=\"wp-block-button\"><a class=\"wp-block-button__link wp-element-button\" href=\"https:\/\/www.scpowerteam.com\/sv\/properties\/?zpeptShare=aHR0cHM6Ly9wcm9wZXJ0aWVzLnpvb21wcm9zcGVjdG9yLmNvbS9zb3V0aGNhcm9saW5hL2NvbW11bml0eS9TdGF0ZS1vZi1Tb3V0aC1DYXJvbGluYS9yMjEvYnVzaW5lc3M%2FY2x1c3RlcnM9MDE4MTU1MzktNkIyQy00RDQ2LUI2QzgtRjNDRDkwRTE3MEMzJmNsdXN0ZXJJZHNbMF09MiZjbHVzdGVydGV4dD1BZ3JpYnVzaW5lc3MmbGF5ZXJzPVNPVVRIQ0FST0xJTkFCT1VOREFSWSZsYXQ9MzMuNjQ1Nzk3Nzk1MDE4OTQmbG5nPS04MC45NTE2MDI5OTk2MzgyOCZ6b29tPTc%3D\" target=\"_blank\" rel=\"noreferrer noopener\">se detaljer h\u00e4r<\/a><\/div>\n<\/div>\n<\/div>\n<\/div>\n<\/div>\n\n\n\n<div class=\"wp-block-group has-light-gray-background-color has-background is-layout-flow wp-block-group-is-layout-flow\">\n<div class=\"wp-block-columns is-layout-flex wp-container-core-columns-is-layout-28f84493 wp-block-columns-is-layout-flex\">\n<div class=\"wp-block-column is-layout-flow wp-block-column-is-layout-flow\">\n<h5 class=\"wp-block-heading has-text-align-center has-teal-color has-text-color\" id=\"resources\">Resurser<\/h5>\n\n\n\n<h2 class=\"wp-block-heading has-text-align-center\" id=\"workforce-education-training\">Arbetskraftsutbildning och utbildning<\/h2>\n<\/div>\n<\/div>\n\n\n\n<div class=\"wp-block-columns is-layout-flex wp-container-core-columns-is-layout-28f84493 wp-block-columns-is-layout-flex\">\n<div class=\"wp-block-column is-layout-flow wp-block-column-is-layout-flow\" style=\"flex-basis:20%\"><\/div>\n\n\n\n<div class=\"wp-block-column is-layout-flow wp-block-column-is-layout-flow\" style=\"flex-basis:60%\">\n<style>\n\n.toggle-list {\n  \n}\n\n<\/style>\n\n<div id=\"togglelist-block_eebffe60ee570a07669b130826d682a2\" class=\"toggle-list\">\n  \n  <div class=\"w-tabs layout_accordion type_toggle\"><div class=\"w-tabs-h\">          \n          <div class=\"w-tabs-section\">\n            <div class=\"w-tabs-section-title\">\n              <span class=\"w-tabs-section-title-text\" itemprop=\"name\">readySC\u2122 och Apprenticeship Carolina\u2122<\/span>\n              <span class=\"w-tabs-section-title-control\">\n                <span class=\"icon-plus\"><\/span>\n              <\/span>\n            <\/div>\n            <div class=\"w-tabs-section-content\" style=\"display: none;\">\n              <div class=\"w-tabs-section-content-h\" itemprop=\"text\">\n                <ul>\n<li>Ger kompetens och teknisk utbildning till anst\u00e4llda i nya och v\u00e4xande f\u00f6retag i South Carolina<\/li>\n<li>Arbetar n\u00e4ra med nya f\u00f6retag f\u00f6r att tillhandah\u00e5lla rekryterings-, utbildnings- och arbetskraftsutvecklingsverktyg och hj\u00e4lp de beh\u00f6ver f\u00f6r att komma ig\u00e5ng<\/li>\n<li>Hj\u00e4lper ett f\u00f6retags arbetsstyrka att forts\u00e4tta v\u00e4xa genom att v\u00e4gleda f\u00f6retag genom den registrerade l\u00e4rlingsprocessen fr\u00e5n initial information till fullst\u00e4ndigt erk\u00e4nnande i National Registered Apprenticeship System<\/li>\n<li>Webbplatser: <a href=\"https:\/\/www.readysc.org\/\">ReadySC\u2122<\/a> och <a href=\"http:\/\/www.apprenticeshipcarolina.com\/\">L\u00e4rling Carolina<\/a><\/li>\n<\/ul>\n              <\/div>\n            <\/div>\n          <\/div>\n  \n            \n          <div class=\"w-tabs-section\">\n            <div class=\"w-tabs-section-title\">\n              <span class=\"w-tabs-section-title-text\" itemprop=\"name\">SC Jordbruksdepartementet<\/span>\n              <span class=\"w-tabs-section-title-control\">\n                <span class=\"icon-plus\"><\/span>\n              <\/span>\n            <\/div>\n            <div class=\"w-tabs-section-content\" style=\"display: none;\">\n              <div class=\"w-tabs-section-content-h\" itemprop=\"text\">\n                <ul>\n<li style=\"list-style-type: none;\">\n<ul>\n<li style=\"list-style-type: none;\">\n<ul>\n<li>South Carolina Department of Agriculture grundades 1879 f\u00f6r att \u00f6vervaka och fr\u00e4mja jordbruk i Palmetto State. Med s\u00e5 olika tj\u00e4nster som livsmedelss\u00e4kerhetsinspektioner, utveckling av entrepren\u00f6rskap och varum\u00e4rkesprogrammet Certified South Carolina hj\u00e4lper vi statens b\u00f6nder och jordbruksf\u00f6retag att v\u00e4xa och blomstra.<\/li>\n<\/ul>\n<\/li>\n<\/ul>\n<\/li>\n<li>Hemsida: <a href=\"https:\/\/scagribusiness.com\/workforce\/\">SC avd. Ag.<\/a><\/li>\n<\/ul>\n              <\/div>\n            <\/div>\n          <\/div>\n  \n            \n          <div class=\"w-tabs-section\">\n            <div class=\"w-tabs-section-title\">\n              <span class=\"w-tabs-section-title-text\" itemprop=\"name\">South Carolina Commissioner&#039;s School for Agriculture<\/span>\n              <span class=\"w-tabs-section-title-control\">\n                <span class=\"icon-plus\"><\/span>\n              <\/span>\n            <\/div>\n            <div class=\"w-tabs-section-content\" style=\"display: none;\">\n              <div class=\"w-tabs-section-content-h\" itemprop=\"text\">\n                <ul>\n<li style=\"list-style-type: none;\">\n<ul>\n<li style=\"list-style-type: none;\">\n<ul>\n<li>SCCSA \u00e4r ett ledande sommarprogram f\u00f6r karri\u00e4r- och ledarutveckling. Detta program \u00e4r utformat f\u00f6r att informera, inspirera och utmana studentdeltagare att \u00f6verv\u00e4ga en karri\u00e4r inom jordbruks-, naturresurs- och life science-industrin samt att vara modellmedborgare av ledarskap och inflytande f\u00f6r dessa industrier n\u00e4r de anammar en jordbruksfilosofi.<\/li>\n<li>Hemsida: <a href=\"https:\/\/www.clemson.edu\/cafls\/sccsa\/\">South Carolina Commissioner&#039;s School for Agriculture<\/a><\/li>\n<\/ul>\n<\/li>\n<\/ul>\n<\/li>\n<\/ul>\n<p>&nbsp;<\/p>\n              <\/div>\n            <\/div>\n          <\/div>\n  \n            \n          <div class=\"w-tabs-section\">\n            <div class=\"w-tabs-section-title\">\n              <span class=\"w-tabs-section-title-text\" itemprop=\"name\">South Carolina Governor&#039;s School for Agriculture<\/span>\n              <span class=\"w-tabs-section-title-control\">\n                <span class=\"icon-plus\"><\/span>\n              <\/span>\n            <\/div>\n            <div class=\"w-tabs-section-content\" style=\"display: none;\">\n              <div class=\"w-tabs-section-content-h\" itemprop=\"text\">\n                <ul>\n<li style=\"list-style-type: none;\">\n<ul>\n<li style=\"list-style-type: none;\">\n<ul>\n<li>South Carolina Governor&#039;s School for Agriculture vid John de la Howe (JDLH) \u00e4r en statligt finansierad, offentlig gymnasieskola med fokus p\u00e5 att tillhandah\u00e5lla ett unikt och utmanande jordbruksutbildningsprogram. V\u00e5r skola, det f\u00f6rsta statliga programmet i sitt slag i landet, kommer att till\u00e5ta elever att f\u00e5 praktisk utbildning inom omr\u00e5dena jordbruk, agribusiness, skogsbruk, markf\u00f6rvaltning, livsmedelsvetenskap och mer - allt syftar till att bed\u00f6ma behoven hos modern g\u00e5rdar.<\/li>\n<\/ul>\n<\/li>\n<\/ul>\n<\/li>\n<li>Hemsida: <a href=\"https:\/\/delahowe.sc.gov\/\">South Carolina Governor&#039;s School for Agriculture<\/a><\/li>\n<\/ul>\n              <\/div>\n            <\/div>\n          <\/div>\n  \n  <\/div><\/div>  \n  \n<\/div>\n  <\/div>\n\n\n\n<div class=\"wp-block-column is-layout-flow wp-block-column-is-layout-flow\" style=\"flex-basis:20%\"><\/div>\n<\/div>\n<\/div>","protected":false},"excerpt":{"rendered":"<p>Ledande jordbruksf\u00f6retag i SC Anv\u00e4nd den h\u00e4r interaktiva kartan f\u00f6r att l\u00e4ra dig mer om jordbruksindustrin i South Carolina och f\u00f6r att utforska de kluster som skapas av v\u00e5r delstats skickliga arbetsstyrka, strategiska infrastruktur, l\u00e5ga aff\u00e4rskostnader och attraktiva livskvalitet. Resurser Arbetskraft Utbildning och utbildning<\/p>","protected":false},"author":2,"featured_media":0,"parent":56,"menu_order":0,"comment_status":"closed","ping_status":"closed","template":"","meta":{"_acf_changed":false,"footnotes":""},"class_list":["post-799","page","type-page","status-publish","hentry"],"acf":[],"_links":{"self":[{"href":"https:\/\/www.scpowerteam.com\/sv\/wp-json\/wp\/v2\/pages\/799","targetHints":{"allow":["GET"]}}],"collection":[{"href":"https:\/\/www.scpowerteam.com\/sv\/wp-json\/wp\/v2\/pages"}],"about":[{"href":"https:\/\/www.scpowerteam.com\/sv\/wp-json\/wp\/v2\/types\/page"}],"author":[{"embeddable":true,"href":"https:\/\/www.scpowerteam.com\/sv\/wp-json\/wp\/v2\/users\/2"}],"replies":[{"embeddable":true,"href":"https:\/\/www.scpowerteam.com\/sv\/wp-json\/wp\/v2\/comments?post=799"}],"version-history":[{"count":33,"href":"https:\/\/www.scpowerteam.com\/sv\/wp-json\/wp\/v2\/pages\/799\/revisions"}],"predecessor-version":[{"id":2860,"href":"https:\/\/www.scpowerteam.com\/sv\/wp-json\/wp\/v2\/pages\/799\/revisions\/2860"}],"up":[{"embeddable":true,"href":"https:\/\/www.scpowerteam.com\/sv\/wp-json\/wp\/v2\/pages\/56"}],"wp:attachment":[{"href":"https:\/\/www.scpowerteam.com\/sv\/wp-json\/wp\/v2\/media?parent=799"}],"curies":[{"name":"wp","href":"https:\/\/api.w.org\/{rel}","templated":true}]}}