{"id":805,"date":"2022-02-03T17:38:51","date_gmt":"2022-02-03T22:38:51","guid":{"rendered":"https:\/\/www.scpowerteam.com\/?page_id=805"},"modified":"2024-04-10T17:06:40","modified_gmt":"2024-04-10T21:06:40","slug":"automotive","status":"publish","type":"page","link":"https:\/\/www.scpowerteam.com\/sv\/target-industries\/automotive\/","title":{"rendered":"Bil"},"content":{"rendered":"<style>\n  \n  #hero-block_61e882ae51562 { \n      background-image: url(https:\/\/www.scpowerteam.com\/wp-content\/uploads\/2022\/02\/banner-automotive-alt.png);\n        background-color: #1e73be;\n    }\n  \n<\/style>\n\n<div id=\"hero-block_61e882ae51562\" class=\"hero alignfull Dark\">\n  \n  <div class=\"container\">\n    \n    <div class=\"row\">\n      \n    <div class=\"col-12 col-sm-5\">\n      \n      <h5>Vi vet<\/h5>\n      <h1>Bil<\/h1>\n      \n            \n            \n    <\/div>\n    \n    <div class=\"col-12 col-sm-7\">\n      \n      <div class=\"hero-content\">\n        \n        <p>Mer \u00e4n tv\u00e5 decennier sedan den f\u00f6rsta South Carolina-tillverkade BMW:n rullade av fr\u00e5n l\u00f6pande bandet 1994, \u00e4r Palmetto State idag ledande inom biltillverkning. P\u00e5 f\u00f6rsta plats i USA n\u00e4r det g\u00e4ller exportf\u00f6rs\u00e4ljning av b\u00e5de f\u00e4rdiga personbilar och d\u00e4ck, \u00e4r den \u00e5rliga ekonomiska effekten i staten mer \u00e4n $27 miljarder. Ett blomstrande system f\u00f6r tekniska h\u00f6gskolor, en h\u00f6gutbildad arbetskraft, s\u00e5v\u00e4l som branschframstegen fr\u00e5n Clemson Universitys CU-ICAR forsknings- och utbildningsanl\u00e4ggning, South Carolina, \u00e4r en idealisk plats f\u00f6r din bilanl\u00e4ggning.<\/p>\n<ul>\n<li>72 000 personer inom fordonsindustrins arbetsstyrka<\/li>\n<li>22 900 jobb tillkom i bilindustrin fr\u00e5n 2011-2020<\/li>\n<li>#1 i exportf\u00f6rs\u00e4ljningen av b\u00e5de d\u00e4ck och f\u00e4rdigbyggda personbilar<\/li>\n<li>Tre passagerar-OEM:er, 3 Specialty OEM:er och 5 D\u00e4ck OEM:er i South Carolina<\/li>\n<li>#1 export\u00f6r av d\u00e4ck, med \u00f6ver 100 000 d\u00e4ck som produceras dagligen<\/li>\n<\/ul>\n      \n      <\/div>\n      \n    <\/div>\n    \n    <\/div>\n    \n  <\/div>\n  \n<\/div>\n\n\n<div class=\"wp-block-group has-white-background-color has-background is-layout-flow wp-block-group-is-layout-flow\">\n<div class=\"wp-block-columns is-layout-flex wp-container-core-columns-is-layout-28f84493 wp-block-columns-is-layout-flex\">\n<div class=\"wp-block-column is-layout-flow wp-block-column-is-layout-flow\">\n<h2 class=\"has-teal-color has-text-color wp-block-heading\" id=\"leading-automotive-manufacturers-in-sc\"><strong>Ledande fordonstillverkare i SC<\/strong><\/h2>\n<\/div>\n<\/div>\n\n\n\n<div class=\"wp-block-columns is-layout-flex wp-container-core-columns-is-layout-28f84493 wp-block-columns-is-layout-flex\">\n<div class=\"wp-block-column is-layout-flow wp-block-column-is-layout-flow\" style=\"flex-basis:66.66%\">\n<script type=\"text\/javascript\" src=\"https:\/\/media.zoomprospector.com\/common\/scripts\/businesswidget.iframe.js?&amp;bwHHN=1&amp;sst=SOUTHCAROLINA&amp;environment=production&amp;height=750&amp;bwlatlngzoom=33.914345%2C-80.898942%7C7&amp;bwparams=cluster_3046e1b9-311d-46f5-9497-81227bbf8e34\"><\/script>\n<\/div>\n\n\n\n<div class=\"wp-block-column is-layout-flow wp-block-column-is-layout-flow\" style=\"flex-basis:33.33%\">\n<p><em>Anv\u00e4nd den h\u00e4r interaktiva kartan f\u00f6r att l\u00e4ra dig mer om bilindustrin i South Carolina och f\u00f6r att utforska de kluster som skapats av v\u00e5r delstats skickliga arbetsstyrka, strategiska infrastruktur, l\u00e5ga aff\u00e4rskostnader och attraktiva livskvalitet.<\/em><\/p>\n\n\n\n<p><\/p>\n\n\n\n<div class=\"wp-block-buttons is-layout-flex wp-block-buttons-is-layout-flex\">\n<div class=\"wp-block-button\"><a class=\"wp-block-button__link\" href=\"https:\/\/www.scpowerteam.com\/sv\/properties\/?zpeptShare=aHR0cHM6Ly9wcm9wZXJ0aWVzLnpvb21wcm9zcGVjdG9yLmNvbS9zb3V0aGNhcm9saW5hL2NvbW11bml0eS9TdGF0ZS1vZi1Tb3V0aC1DYXJvbGluYS9yMjEvYnVzaW5lc3M%2FY2x1c3RlcnM9MzA0NkUxQjktMzExRC00NkY1LTk0OTctODEyMjdCQkY4RTM0JmNsdXN0ZXJJZHNbMF09MyZjbHVzdGVydGV4dD1BdXRvbW90aXZlJmxheWVycz1TT1VUSENBUk9MSU5BQk9VTkRBUlkmbGF0PTMzLjY0NTc5Nzc5NTAxODk0JmxuZz0tODAuOTUxNjAyOTk5NjM4Mjgmem9vbT03\" target=\"_blank\" rel=\"noreferrer noopener\">se detaljer h\u00e4r<\/a><\/div>\n<\/div>\n<\/div>\n<\/div>\n<\/div>\n\n\n\n<div class=\"wp-block-group has-light-gray-background-color has-background is-layout-flow wp-block-group-is-layout-flow\">\n<div class=\"wp-block-columns is-layout-flex wp-container-core-columns-is-layout-28f84493 wp-block-columns-is-layout-flex\">\n<div class=\"wp-block-column is-layout-flow wp-block-column-is-layout-flow\">\n<h5 class=\"has-text-align-center has-teal-color has-text-color wp-block-heading\" id=\"resources\">Resurser<\/h5>\n\n\n\n<h2 class=\"has-text-align-center wp-block-heading\" id=\"workforce-education-training\">Arbetskraftsutbildning och utbildning<\/h2>\n<\/div>\n<\/div>\n\n\n\n<div class=\"wp-block-columns is-layout-flex wp-container-core-columns-is-layout-28f84493 wp-block-columns-is-layout-flex\">\n<div class=\"wp-block-column is-layout-flow wp-block-column-is-layout-flow\" style=\"flex-basis:20%\"><\/div>\n\n\n\n<div class=\"wp-block-column is-layout-flow wp-block-column-is-layout-flow\" style=\"flex-basis:60%\">\n<style>\n\n.toggle-list {\n  \n}\n\n<\/style>\n\n<div id=\"togglelist-block_61e83d99c60ce\" class=\"toggle-list\">\n  \n  <div class=\"w-tabs layout_accordion type_toggle\"><div class=\"w-tabs-h\">          \n          <div class=\"w-tabs-section\">\n            <div class=\"w-tabs-section-title\">\n              <span class=\"w-tabs-section-title-text\" itemprop=\"name\">readySC\u2122 och Apprenticeship Carolina\u2122<\/span>\n              <span class=\"w-tabs-section-title-control\">\n                <span class=\"icon-plus\"><\/span>\n              <\/span>\n            <\/div>\n            <div class=\"w-tabs-section-content\" style=\"display: none;\">\n              <div class=\"w-tabs-section-content-h\" itemprop=\"text\">\n                <ul>\n<li>Ger kompetens och teknisk utbildning till anst\u00e4llda i nya och v\u00e4xande f\u00f6retag i South Carolina<\/li>\n<li>Arbetar n\u00e4ra med nya f\u00f6retag f\u00f6r att tillhandah\u00e5lla rekryterings-, utbildnings- och arbetskraftsutvecklingsverktyg och hj\u00e4lp de beh\u00f6ver f\u00f6r att komma ig\u00e5ng<\/li>\n<li>Hj\u00e4lper ett f\u00f6retags arbetsstyrka att forts\u00e4tta v\u00e4xa genom att v\u00e4gleda f\u00f6retag genom den registrerade l\u00e4rlingsprocessen fr\u00e5n initial information till fullst\u00e4ndigt erk\u00e4nnande i National Registered Apprenticeship System<\/li>\n<li>Webbplatser: <a href=\"https:\/\/www.readysc.org\/\">ReadySC\u2122<\/a> och <a href=\"http:\/\/www.apprenticeshipcarolina.com\/\">L\u00e4rling Carolina<\/a><\/li>\n<\/ul>\n              <\/div>\n            <\/div>\n          <\/div>\n  \n            \n          <div class=\"w-tabs-section\">\n            <div class=\"w-tabs-section-title\">\n              <span class=\"w-tabs-section-title-text\" itemprop=\"name\">Clemson University International Center for Automotive Research (CUICAR)<\/span>\n              <span class=\"w-tabs-section-title-control\">\n                <span class=\"icon-plus\"><\/span>\n              <\/span>\n            <\/div>\n            <div class=\"w-tabs-section-content\" style=\"display: none;\">\n              <div class=\"w-tabs-section-content-h\" itemprop=\"text\">\n                <p><em><strong>SmartState Center of Economic Excellence<\/strong><\/em><\/p>\n<ul>\n<li>Premier 250 tunnland campus f\u00f6r fordonsforskning, innovation och utbildningsteknologi med $250 miljoner i totala investeringar och 770 skapade jobb p\u00e5 plats<\/li>\n<li>Fokuserar forskning p\u00e5 avancerade drivlinasystem, integrering av fordonssystem, m\u00e4nskliga faktorer\/HMI, tillverkning och material, fordonsprestanda, anslutning mellan fordon och fordon, integration av fordonsinfrastruktur och fordonselektronik.<\/li>\n<li>Hemsida:\u00a0<a href=\"http:\/\/cuicar.com\/\">Clemson University International Center for Automotive Research (CU-ICAR)<\/a><\/li>\n<\/ul>\n              <\/div>\n            <\/div>\n          <\/div>\n  \n            \n          <div class=\"w-tabs-section\">\n            <div class=\"w-tabs-section-title\">\n              <span class=\"w-tabs-section-title-text\" itemprop=\"name\">Clemson Universitys institution f\u00f6r fordonsteknik<\/span>\n              <span class=\"w-tabs-section-title-control\">\n                <span class=\"icon-plus\"><\/span>\n              <\/span>\n            <\/div>\n            <div class=\"w-tabs-section-content\" style=\"display: none;\">\n              <div class=\"w-tabs-section-content-h\" itemprop=\"text\">\n                <ul>\n<li>Ett av endast ett f\u00e5tal universitet i landet som erbjuder en doktorsexamen i fordonsteknik<\/li>\n<li>Cirka 200 studenter tar examen<\/li>\n<li>N\u00e4stan 50% av akademiker \u00e4r kvar i South Carolina efter examen<\/li>\n<li>Hemsida:\u00a0<a href=\"http:\/\/www.clemson.edu\/cecas\/departments\/automotive-engineering\/\">Clemson Universitys institution f\u00f6r fordonsteknik<\/a><\/li>\n<\/ul>\n              <\/div>\n            <\/div>\n          <\/div>\n  \n  <\/div><\/div>  \n  \n<\/div>\n  <\/div>\n\n\n\n<div class=\"wp-block-column is-layout-flow wp-block-column-is-layout-flow\" style=\"flex-basis:20%\"><\/div>\n<\/div>\n<\/div>","protected":false},"excerpt":{"rendered":"<p>Ledande fordonstillverkare i SC Anv\u00e4nd den h\u00e4r interaktiva kartan f\u00f6r att l\u00e4ra dig mer om bilindustrin i South Carolina och f\u00f6r att utforska de kluster som skapas av v\u00e5r delstats skickliga arbetsstyrka, strategiska infrastruktur, l\u00e5ga aff\u00e4rskostnader och attraktiva livskvalitet. Resurser Arbetskraft Utbildning och utbildning<\/p>","protected":false},"author":2,"featured_media":0,"parent":56,"menu_order":0,"comment_status":"closed","ping_status":"closed","template":"","meta":{"_acf_changed":false,"footnotes":""},"class_list":["post-805","page","type-page","status-publish","hentry"],"acf":[],"_links":{"self":[{"href":"https:\/\/www.scpowerteam.com\/sv\/wp-json\/wp\/v2\/pages\/805","targetHints":{"allow":["GET"]}}],"collection":[{"href":"https:\/\/www.scpowerteam.com\/sv\/wp-json\/wp\/v2\/pages"}],"about":[{"href":"https:\/\/www.scpowerteam.com\/sv\/wp-json\/wp\/v2\/types\/page"}],"author":[{"embeddable":true,"href":"https:\/\/www.scpowerteam.com\/sv\/wp-json\/wp\/v2\/users\/2"}],"replies":[{"embeddable":true,"href":"https:\/\/www.scpowerteam.com\/sv\/wp-json\/wp\/v2\/comments?post=805"}],"version-history":[{"count":40,"href":"https:\/\/www.scpowerteam.com\/sv\/wp-json\/wp\/v2\/pages\/805\/revisions"}],"predecessor-version":[{"id":2176,"href":"https:\/\/www.scpowerteam.com\/sv\/wp-json\/wp\/v2\/pages\/805\/revisions\/2176"}],"up":[{"embeddable":true,"href":"https:\/\/www.scpowerteam.com\/sv\/wp-json\/wp\/v2\/pages\/56"}],"wp:attachment":[{"href":"https:\/\/www.scpowerteam.com\/sv\/wp-json\/wp\/v2\/media?parent=805"}],"curies":[{"name":"wp","href":"https:\/\/api.w.org\/{rel}","templated":true}]}}