{"id":857,"date":"2022-02-04T10:24:05","date_gmt":"2022-02-04T15:24:05","guid":{"rendered":"https:\/\/www.scpowerteam.com\/?page_id=857"},"modified":"2024-04-10T17:07:02","modified_gmt":"2024-04-10T21:07:02","slug":"corporate-operations","status":"publish","type":"page","link":"https:\/\/www.scpowerteam.com\/sv\/target-industries\/corporate-operations\/","title":{"rendered":"F\u00f6retagsverksamhet"},"content":{"rendered":"<style>\n  \n  #hero-block_61e882ae51562 { \n      background-image: url(https:\/\/www.scpowerteam.com\/wp-content\/uploads\/2022\/02\/banner-corporateOps.png);\n        background-color: #1e73be;\n    }\n  \n<\/style>\n\n<div id=\"hero-block_61e882ae51562\" class=\"hero alignfull Dark\">\n  \n  <div class=\"container\">\n    \n    <div class=\"row\">\n      \n    <div class=\"col-12 col-sm-5\">\n      \n      <h5>Vi vet<\/h5>\n      <h1>F\u00f6retagsverksamhet<\/h1>\n      \n            \n            \n    <\/div>\n    \n    <div class=\"col-12 col-sm-7\">\n      \n      <div class=\"hero-content\">\n        \n        <p>Historiskt sett har South Carolina varit attraktivt f\u00f6r \u00f6verv\u00e4gande tillverkningsindustrier med \u00f6verg\u00e5ngen fr\u00e5n att utm\u00e4rka sig inom textilproduktion. Under de senaste \u00e5ren \u00e4r det dock ocks\u00e5 hem f\u00f6r ett \u00f6kande antal f\u00f6retagskontorstj\u00e4nster och verksamheter, inklusive f\u00f6retagshuvudkontor och finansiella tj\u00e4nster. Palmetto State kontor och industri f\u00f6r delade tj\u00e4nster bevisar att South Carolina \u00e4r hem f\u00f6r en diversifierad och dynamisk ekonomi. Fr\u00e5n v\u00e5r professionella arbetsstyrka till v\u00e5ra robusta teknik- och transportinfrastrukturn\u00e4tverk har vi blivit en idealisk destination f\u00f6r att flytta f\u00f6retag eller huvudkontor.<\/p>\n<ul>\n<li><strong>\u00d6ver 35 000 sydkaroliner<\/strong> anst\u00e4lld inom kontors- och delade tj\u00e4nster<\/li>\n<li>South Carolina har <strong>Sex MSA med en befolkning p\u00e5 \u00f6ver 500 000<\/strong><\/li>\n<li><strong>Sex prim\u00e4ra flygplatser f\u00f6r kommersiella tj\u00e4nster<\/strong> tillhandah\u00e5lla global anslutning<\/li>\n<li>South Carolina erbjuder l\u00e5g kostnad, mycket p\u00e5litlig energi. Elpriser \u00e4r <strong>15% mindre \u00e4n riksgenomsnittet<\/strong>. F\u00f6r att uppt\u00e4cka l\u00e4ttillg\u00e4ngliga sajter som drivs av mycket p\u00e5litlig, prisv\u00e4rd kraft fr\u00e5n elkooperativen klicka <a href=\"https:\/\/www.scpowerteam.com\/sv\/featured-sites\/\">&quot;SC Power Sites&quot;<\/a><\/li>\n<li>South Carolina har den l\u00e4gsta andelen fackf\u00f6reningar i landet p\u00e5 <strong>1.6%<\/strong><\/li>\n<\/ul>\n      \n      <\/div>\n      \n    <\/div>\n    \n    <\/div>\n    \n  <\/div>\n  \n<\/div>\n\n\n<div class=\"wp-block-group has-white-background-color has-background is-layout-flow wp-block-group-is-layout-flow\">\n<div class=\"wp-block-columns is-layout-flex wp-container-core-columns-is-layout-28f84493 wp-block-columns-is-layout-flex\">\n<div class=\"wp-block-column is-layout-flow wp-block-column-is-layout-flow\">\n<h2 class=\"has-teal-color has-text-color wp-block-heading\" id=\"leading-corporate-operations-in-sc\"><br><strong>Ledande f\u00f6retagsverksamhet i SC<\/strong><\/h2>\n<\/div>\n<\/div>\n\n\n\n<div class=\"wp-block-columns is-layout-flex wp-container-core-columns-is-layout-28f84493 wp-block-columns-is-layout-flex\">\n<div class=\"wp-block-column is-layout-flow wp-block-column-is-layout-flow\" style=\"flex-basis:66.66%\">\n<script type=\"text\/javascript\" src=\"https:\/\/media.zoomprospector.com\/common\/scripts\/businesswidget.iframe.js?&amp;bwHHN=1&amp;sst=SOUTHCAROLINA&amp;environment=production&amp;height=750&amp;bwlatlngzoom=33.914345%2C-80.898942%7C7&amp;bwparams=cluster_68356012-6af3-40e5-b5cc-02ca2d1df530\"><\/script>\n<\/div>\n\n\n\n<div class=\"wp-block-column is-layout-flow wp-block-column-is-layout-flow\" style=\"flex-basis:33.33%\">\n<p><em>Anv\u00e4nd den h\u00e4r interaktiva kartan f\u00f6r att l\u00e4ra dig mer om f\u00f6retagsverksamheten i South Carolina och f\u00f6r att utforska de kluster som skapas av v\u00e5r delstats skickliga arbetsstyrka, strategiska infrastruktur, l\u00e5ga aff\u00e4rskostnader och attraktiva livskvalitet.<\/em><\/p>\n\n\n\n<p><\/p>\n\n\n\n<div class=\"wp-block-buttons is-layout-flex wp-block-buttons-is-layout-flex\">\n<div class=\"wp-block-button\"><a class=\"wp-block-button__link\" href=\"https:\/\/www.scpowerteam.com\/sv\/properties\/?zpeptShare=aHR0cHM6Ly9wcm9wZXJ0aWVzLnpvb21wcm9zcGVjdG9yLmNvbS9zb3V0aGNhcm9saW5hL2NvbW11bml0eS9TdGF0ZS1vZi1Tb3V0aC1DYXJvbGluYS9yMjEvYnVzaW5lc3M%2FY2x1c3RlcnM9NjgzNTYwMTItNkFGMy00MEU1LUI1Q0MtMDJDQTJEMURGNTMwJmNsdXN0ZXJJZHNbMF09NSZjbHVzdGVydGV4dD1Db3Jwb3JhdGUlMjBPcGVyYXRpb25zJmxheWVycz1TT1VUSENBUk9MSU5BQk9VTkRBUlkmbGF0PTMzLjY0NTc5Nzc5NTAxODk0JmxuZz0tODAuOTUxNjAyOTk5NjM4Mjgmem9vbT03\" target=\"_blank\" rel=\"noreferrer noopener\">se detaljer h\u00e4r<\/a><\/div>\n<\/div>\n<\/div>\n<\/div>\n<\/div>\n\n\n\n<div class=\"wp-block-group has-light-gray-background-color has-background is-layout-flow wp-block-group-is-layout-flow\">\n<div class=\"wp-block-columns is-layout-flex wp-container-core-columns-is-layout-28f84493 wp-block-columns-is-layout-flex\">\n<div class=\"wp-block-column is-layout-flow wp-block-column-is-layout-flow\">\n<h5 class=\"has-text-align-center has-teal-color has-text-color wp-block-heading\" id=\"resources\">Resurser<\/h5>\n\n\n\n<h2 class=\"has-text-align-center wp-block-heading\" id=\"workforce-education-training\">Arbetskraftsutbildning och utbildning<\/h2>\n<\/div>\n<\/div>\n\n\n\n<div class=\"wp-block-columns is-layout-flex wp-container-core-columns-is-layout-28f84493 wp-block-columns-is-layout-flex\">\n<div class=\"wp-block-column is-layout-flow wp-block-column-is-layout-flow\" style=\"flex-basis:20%\"><\/div>\n\n\n\n<div class=\"wp-block-column is-layout-flow wp-block-column-is-layout-flow\" style=\"flex-basis:60%\">\n<style>\n\n.toggle-list {\n  \n}\n\n<\/style>\n\n<div id=\"togglelist-block_61e83d99c60ce\" class=\"toggle-list\">\n  \n  <div class=\"w-tabs layout_accordion type_toggle\"><div class=\"w-tabs-h\">          \n          <div class=\"w-tabs-section\">\n            <div class=\"w-tabs-section-title\">\n              <span class=\"w-tabs-section-title-text\" itemprop=\"name\">readySC\u2122 och Apprenticeship Carolina\u2122<\/span>\n              <span class=\"w-tabs-section-title-control\">\n                <span class=\"icon-plus\"><\/span>\n              <\/span>\n            <\/div>\n            <div class=\"w-tabs-section-content\" style=\"display: none;\">\n              <div class=\"w-tabs-section-content-h\" itemprop=\"text\">\n                <ul>\n<li>Ger kompetens och teknisk utbildning till anst\u00e4llda i nya och v\u00e4xande f\u00f6retag i South Carolina<\/li>\n<li>Arbetar n\u00e4ra med nya f\u00f6retag f\u00f6r att tillhandah\u00e5lla rekryterings-, utbildnings- och arbetskraftsutvecklingsverktyg och hj\u00e4lp de beh\u00f6ver f\u00f6r att komma ig\u00e5ng<\/li>\n<li>Hj\u00e4lper ett f\u00f6retags arbetsstyrka att forts\u00e4tta v\u00e4xa genom att v\u00e4gleda f\u00f6retag genom den registrerade l\u00e4rlingsprocessen fr\u00e5n initial information till fullst\u00e4ndigt erk\u00e4nnande i National Registered Apprenticeship System<\/li>\n<li>Webbplatser: <a href=\"https:\/\/www.readysc.org\/\">ReadySC\u2122<\/a> och <a href=\"http:\/\/www.apprenticeshipcarolina.com\/\">L\u00e4rling Carolina<\/a><\/li>\n<\/ul>\n              <\/div>\n            <\/div>\n          <\/div>\n  \n            \n          <div class=\"w-tabs-section\">\n            <div class=\"w-tabs-section-title\">\n              <span class=\"w-tabs-section-title-text\" itemprop=\"name\">USC Darla Moore School of Business<\/span>\n              <span class=\"w-tabs-section-title-control\">\n                <span class=\"icon-plus\"><\/span>\n              <\/span>\n            <\/div>\n            <div class=\"w-tabs-section-content\" style=\"display: none;\">\n              <div class=\"w-tabs-section-content-h\" itemprop=\"text\">\n                <ul>\n<li>Rankad som det internationella MBA-programmet #1 i USA av US News &amp; World Report<\/li>\n<li>Programmet inkluderar en omfattande internationell f\u00f6rdjupning och andraspr\u00e5ksutveckling<\/li>\n<li>Integrerade kurser med verkliga konsultprojekt f\u00f6r att hj\u00e4lpa studenter att bli &quot;aff\u00e4rsklara&quot; p\u00e5 global skala<\/li>\n<li>Ut\u00f6kad l\u00e4roplan f\u00f6r ledarskapsutveckling f\u00f6rbereder eleverna med l\u00e5ngsiktiga ledarskapsf\u00f6rm\u00e5ga, vilket ger dem den smidighet de beh\u00f6ver f\u00f6r att lyckas p\u00e5 vilken marknad som helst<\/li>\n<li>Hemsida:\u00a0<a href=\"http:\/\/sc.edu\/study\/colleges_schools\/moore\/\">USC Darla Moore School of Business<\/a><\/li>\n<\/ul>\n              <\/div>\n            <\/div>\n          <\/div>\n  \n            \n          <div class=\"w-tabs-section\">\n            <div class=\"w-tabs-section-title\">\n              <span class=\"w-tabs-section-title-text\" itemprop=\"name\">USC FABER Entrepreneurship Center<\/span>\n              <span class=\"w-tabs-section-title-control\">\n                <span class=\"icon-plus\"><\/span>\n              <\/span>\n            <\/div>\n            <div class=\"w-tabs-section-content\" style=\"display: none;\">\n              <div class=\"w-tabs-section-content-h\" itemprop=\"text\">\n                <ul>\n<li>Syftar till att ge USC-studenter intensiv exponering f\u00f6r entrepren\u00f6rskoncept, utbildning i sm\u00e5f\u00f6retagsledning och interaktion med ett n\u00e4tverk av framg\u00e5ngsrika entrepren\u00f6rer i South Carolina<\/li>\n<li>Samarbetar med Ernst &amp; Young och Center for Entrepreneurial Studies vid University of North Carolina f\u00f6r att vara v\u00e4rd f\u00f6r Ernst &amp; Young Entrepreneur of the Year Award f\u00f6r Carolinas Region<\/li>\n<li>Underl\u00e4ttar och \u00f6vervakar genomf\u00f6randet av djupg\u00e5ende konsultprojekt av studenter vid Darla Moore School of Business som arbetar med entrepren\u00f6rsf\u00f6retag i hela South Carolina<\/li>\n<li>Konsultteam arbetar med ett litet f\u00f6retag med ett specifikt problem eller projekt. Projekten drivs av kundernas behov, med m\u00e5let att ge en verklig service i utbyte mot m\u00f6jligheten f\u00f6r studenterna att f\u00e5 praktisk erfarenhet av att forska och l\u00f6sa ett aff\u00e4rsproblem<\/li>\n<li>Hemsida:\u00a0<a href=\"http:\/\/sc.edu\/study\/colleges_schools\/moore\/business_solutions\/research_and_partnership_centers\/faber_entrepreneurship_center\/index.php\">USC FABER Entrepreneurship Center<\/a><\/li>\n<\/ul>\n              <\/div>\n            <\/div>\n          <\/div>\n  \n            \n          <div class=\"w-tabs-section\">\n            <div class=\"w-tabs-section-title\">\n              <span class=\"w-tabs-section-title-text\" itemprop=\"name\">College of Charleston Global Business Resource Center (GBRC)<\/span>\n              <span class=\"w-tabs-section-title-control\">\n                <span class=\"icon-plus\"><\/span>\n              <\/span>\n            <\/div>\n            <div class=\"w-tabs-section-content\" style=\"display: none;\">\n              <div class=\"w-tabs-section-content-h\" itemprop=\"text\">\n                <ul>\n<li>St\u00f6djer fortsatt utveckling av internationella utbildningsm\u00f6jligheter s\u00e5 att studenter f\u00e5r n\u00f6dv\u00e4ndiga internationella aff\u00e4rskunskaper, tv\u00e4rkulturell erfarenhet och fr\u00e4mmande spr\u00e5kkunskaper som beh\u00f6vs f\u00f6r att konkurrera effektivt i dagens globaliserade ekonomi<\/li>\n<li>F\u00f6respr\u00e5kar fakultetsutveckling och internationell f\u00f6retagsforskning f\u00f6r att s\u00e4kerst\u00e4lla att den internationella aff\u00e4rskunskapen som f\u00f6rmedlas i klassrummet \u00e4r aktuell och relevant<\/li>\n<li>Bygger p\u00e5 l\u00e5ngvariga relationer med SC International Trade Coalition, Charleston Women in International Trade, SC State Ports Authority, SC Department of Commerce, World Trade Center \u2013 Charleston, Ex-Im Bank City\/State partnership och andra internationella handelsorganisationer f\u00f6r att ut\u00f6ka internationell handelsutbildning och assistans till yrkesverksamma i mitten av karri\u00e4ren<\/li>\n<li>F\u00f6rsta organisationen i South Carolina som erbjuder NASBITE Certified Global Business Professional-program och utbildningsseminarier<\/li>\n<li>GBRC och Charleston Women in International Trade samarbetar i ett mentorprogram som matchar Handelsh\u00f6gskolans studenter med globala handels- och logistikproffs i \u00f6msesidigt f\u00f6rdelaktiga relationer och \u00e4r v\u00e4rd f\u00f6r workshops som f\u00f6rbinder studenter med arbetande proffs<\/li>\n<li>Hemsida:\u00a0<a href=\"http:\/\/sb.cofc.edu\/centers\/globalbusinessresourcecenter\/index.php\">College of Charleston Global Business Resource Center<\/a><\/li>\n<\/ul>\n              <\/div>\n            <\/div>\n          <\/div>\n  \n            \n          <div class=\"w-tabs-section\">\n            <div class=\"w-tabs-section-title\">\n              <span class=\"w-tabs-section-title-text\" itemprop=\"name\">Clemson University iLEAD! Program<\/span>\n              <span class=\"w-tabs-section-title-control\">\n                <span class=\"icon-plus\"><\/span>\n              <\/span>\n            <\/div>\n            <div class=\"w-tabs-section-content\" style=\"display: none;\">\n              <div class=\"w-tabs-section-content-h\" itemprop=\"text\">\n                <p><strong>Integrerat ledarskapsutbildning och utvecklingsprogram<\/strong><\/p>\n<ul>\n<li>Fler\u00e5rigt certifieringsinitiativ utformat f\u00f6r att ge deltagande studenter ett strukturerat men \u00e4nd\u00e5 flexibelt f\u00f6rh\u00e5llningss\u00e4tt f\u00f6r att l\u00e4ra sig om ledarskap<\/li>\n<li>Studenter utvecklar ledarskapspotential genom att slutf\u00f6ra 20 delar som best\u00e5r av kunskapsinh\u00e4mtning, till\u00e4mpningar av f\u00e4rdigheter och erfarenheter centrerade kring studentens ledarskapsutveckling<\/li>\n<li>Studenter utvecklas i programmet och l\u00e4r sig initialt om ledarskap genom seminarier och workshops, f\u00f6r att slutligen visa ledarskapserfarenheter f\u00f6re examen<\/li>\n<li>Hemsida:\u00a0<a href=\"https:\/\/www.clemson.edu\/business\/current-students\/leadership\/ilead.html\">Clemson University iLEAD! Program<\/a><\/li>\n<\/ul>\n              <\/div>\n            <\/div>\n          <\/div>\n  \n            \n          <div class=\"w-tabs-section\">\n            <div class=\"w-tabs-section-title\">\n              <span class=\"w-tabs-section-title-text\" itemprop=\"name\">Clemson University MBA-program<\/span>\n              <span class=\"w-tabs-section-title-control\">\n                <span class=\"icon-plus\"><\/span>\n              <\/span>\n            <\/div>\n            <div class=\"w-tabs-section-content\" style=\"display: none;\">\n              <div class=\"w-tabs-section-content-h\" itemprop=\"text\">\n                <ul>\n<li>H\u00f6gt ansedd f\u00f6r sin innovativa, till\u00e4mpade strategi f\u00f6r avancerade aff\u00e4rs\u00e4mnen<\/li>\n<li>Studenter samarbetar med prestigefyllda inhemska och internationella f\u00f6retag i verkliga projekt samt n\u00e4tverk med chefer, entrepren\u00f6rer och HR-proffs vid mer \u00e4n 20 programsponsrade evenemang schemalagda under \u00e5ret<\/li>\n<li>Studenter har tillg\u00e5ng till personlig, individuell karri\u00e4rr\u00e5dgivning och arbetsf\u00f6rmedling, inklusive ett \u00e5rligt arbetsgivarn\u00e4tverksforum<\/li>\n<li>Hemsida:\u00a0<a href=\"https:\/\/www.clemson.edu\/business\/departments\/mba\/\">Clemson University MBA-program<\/a><\/li>\n<\/ul>\n              <\/div>\n            <\/div>\n          <\/div>\n  \n  <\/div><\/div>  \n  \n<\/div>\n  <\/div>\n\n\n\n<div class=\"wp-block-column is-layout-flow wp-block-column-is-layout-flow\" style=\"flex-basis:20%\"><\/div>\n<\/div>\n<\/div>","protected":false},"excerpt":{"rendered":"<p>Ledande f\u00f6retagsverksamhet i SC Anv\u00e4nd den h\u00e4r interaktiva kartan f\u00f6r att l\u00e4ra dig mer om f\u00f6retagsverksamheten i South Carolina och f\u00f6r att utforska de kluster som skapas av v\u00e5r delstats skickliga arbetsstyrka, strategiska infrastruktur, l\u00e5ga aff\u00e4rskostnader och attraktiva livskvalitet. Resurser Arbetskraft Utbildning och utbildning<\/p>","protected":false},"author":2,"featured_media":0,"parent":56,"menu_order":0,"comment_status":"closed","ping_status":"closed","template":"","meta":{"_acf_changed":false,"footnotes":""},"class_list":["post-857","page","type-page","status-publish","hentry"],"acf":[],"_links":{"self":[{"href":"https:\/\/www.scpowerteam.com\/sv\/wp-json\/wp\/v2\/pages\/857","targetHints":{"allow":["GET"]}}],"collection":[{"href":"https:\/\/www.scpowerteam.com\/sv\/wp-json\/wp\/v2\/pages"}],"about":[{"href":"https:\/\/www.scpowerteam.com\/sv\/wp-json\/wp\/v2\/types\/page"}],"author":[{"embeddable":true,"href":"https:\/\/www.scpowerteam.com\/sv\/wp-json\/wp\/v2\/users\/2"}],"replies":[{"embeddable":true,"href":"https:\/\/www.scpowerteam.com\/sv\/wp-json\/wp\/v2\/comments?post=857"}],"version-history":[{"count":30,"href":"https:\/\/www.scpowerteam.com\/sv\/wp-json\/wp\/v2\/pages\/857\/revisions"}],"predecessor-version":[{"id":2178,"href":"https:\/\/www.scpowerteam.com\/sv\/wp-json\/wp\/v2\/pages\/857\/revisions\/2178"}],"up":[{"embeddable":true,"href":"https:\/\/www.scpowerteam.com\/sv\/wp-json\/wp\/v2\/pages\/56"}],"wp:attachment":[{"href":"https:\/\/www.scpowerteam.com\/sv\/wp-json\/wp\/v2\/media?parent=857"}],"curies":[{"name":"wp","href":"https:\/\/api.w.org\/{rel}","templated":true}]}}