{"id":865,"date":"2022-02-04T10:27:25","date_gmt":"2022-02-04T15:27:25","guid":{"rendered":"https:\/\/www.scpowerteam.com\/?page_id=865"},"modified":"2024-04-10T17:07:19","modified_gmt":"2024-04-10T21:07:19","slug":"life-sciences","status":"publish","type":"page","link":"https:\/\/www.scpowerteam.com\/sv\/target-industries\/life-sciences\/","title":{"rendered":"Biovetenskap"},"content":{"rendered":"<style>\n  \n  #hero-block_61e882ae51562 { \n        background-color: #00437b;\n    }\n  \n<\/style>\n\n<div id=\"hero-block_61e882ae51562\" class=\"hero alignfull Dark\">\n  \n  <div class=\"container\">\n    \n    <div class=\"row\">\n      \n    <div class=\"col-12 col-sm-5\">\n      \n      <h5>Vi vet<\/h5>\n      <h1>Biovetenskap<\/h1>\n      \n            \n            \n    <\/div>\n    \n    <div class=\"col-12 col-sm-7\">\n      \n      <div class=\"hero-content\">\n        \n        <p>Under de senaste fyra \u00e5ren har South Carolina rankats #1 bland syd\u00f6stra delstater f\u00f6r syssels\u00e4ttningstillv\u00e4xt inom Life Science-branschen. Bara denna industri hade en total ekonomisk inverkan p\u00e5 \u00f6ver $25 miljarder 2021, vilket g\u00f6r den till den snabbast v\u00e4xande industrin i staten.<\/p>\n<ul>\n<li>87 000 livsvetenskapsrelaterade jobb i South Carolina<\/li>\n<li>More than 1,000 Life Sciences-related companies in South Carolina<\/li>\n<li>$25 miljarder ekonomisk p\u00e5verkan<\/li>\n<li>Hundratals patent och licensierade tekniker sedan 2012<\/li>\n<\/ul>\n      \n      <\/div>\n      \n    <\/div>\n    \n    <\/div>\n    \n  <\/div>\n  \n<\/div>\n\n\n<div class=\"wp-block-group has-white-background-color has-background is-layout-flow wp-block-group-is-layout-flow\">\n<div class=\"wp-block-columns is-layout-flex wp-container-core-columns-is-layout-28f84493 wp-block-columns-is-layout-flex\">\n<div class=\"wp-block-column is-layout-flow wp-block-column-is-layout-flow\">\n<h2 class=\"has-teal-color has-text-color wp-block-heading\" id=\"leading-life-sciences-companies-in-sc\"><strong>Ledande Life Science-f\u00f6retag i SC<\/strong><\/h2>\n<\/div>\n<\/div>\n\n\n\n<div class=\"wp-block-columns is-layout-flex wp-container-core-columns-is-layout-28f84493 wp-block-columns-is-layout-flex\">\n<div class=\"wp-block-column is-layout-flow wp-block-column-is-layout-flow\" style=\"flex-basis:66.66%\">\n<script type=\"text\/javascript\" src=\"https:\/\/media.zoomprospector.com\/common\/scripts\/businesswidget.iframe.js?&amp;bwHHN=1&amp;sst=SOUTHCAROLINA&amp;environment=production&amp;height=750&amp;bwlatlngzoom=33.914345%2C-80.898942%7C7&amp;bwparams=cluster_afec5cd9-726e-4caf-a00d-d92380ced42d\"><\/script>\n<\/div>\n\n\n\n<div class=\"wp-block-column is-layout-flow wp-block-column-is-layout-flow\" style=\"flex-basis:33.33%\">\n<p><em>Anv\u00e4nd den h\u00e4r interaktiva kartan f\u00f6r att l\u00e4ra dig mer om biovetenskapsindustrin i South Carolina och f\u00f6r att utforska de kluster som skapats av v\u00e5r delstats skickliga arbetskraft, strategiska infrastruktur, l\u00e5ga aff\u00e4rskostnader och attraktiva livskvalitet.<\/em><\/p>\n\n\n\n<p><\/p>\n\n\n\n<div class=\"wp-block-buttons is-layout-flex wp-block-buttons-is-layout-flex\">\n<div class=\"wp-block-button\"><a class=\"wp-block-button__link wp-element-button\" href=\"https:\/\/www.scpowerteam.com\/sv\/properties\/?zpeptShare=aHR0cHM6Ly9wcm9wZXJ0aWVzLnpvb21wcm9zcGVjdG9yLmNvbS9zb3V0aGNhcm9saW5hL2NvbW11bml0eS9TdGF0ZS1vZi1Tb3V0aC1DYXJvbGluYS9yMjEvYnVzaW5lc3M%2FY2x1c3RlcnM9QUZFQzVDRDktNzI2RS00Q0FGLUEwMEQtRDkyMzgwQ0VENDJEJmNsdXN0ZXJJZHNbMF09NyZjbHVzdGVydGV4dD1MaWZlJTIwU2NpZW5jZXMmbGF5ZXJzPVNPVVRIQ0FST0xJTkFCT1VOREFSWSZsYXQ9MzMuNjQ1Nzk3Nzk1MDE4OTQmbG5nPS04MC45NTE2MDI5OTk2MzgyOCZ6b29tPTc%3D\" target=\"_blank\" rel=\"noreferrer noopener\">se detaljer h\u00e4r<\/a><\/div>\n<\/div>\n<\/div>\n<\/div>\n<\/div>\n\n\n\n<div class=\"wp-block-group has-light-gray-background-color has-background is-layout-flow wp-block-group-is-layout-flow\">\n<div class=\"wp-block-columns is-layout-flex wp-container-core-columns-is-layout-28f84493 wp-block-columns-is-layout-flex\">\n<div class=\"wp-block-column is-layout-flow wp-block-column-is-layout-flow\">\n<h5 class=\"has-text-align-center has-teal-color has-text-color wp-block-heading\" id=\"resources\">Resurser<\/h5>\n\n\n\n<h2 class=\"has-text-align-center wp-block-heading\" id=\"workforce-education-training\">Arbetskraftsutbildning och utbildning<\/h2>\n<\/div>\n<\/div>\n\n\n\n<div class=\"wp-block-columns is-layout-flex wp-container-core-columns-is-layout-28f84493 wp-block-columns-is-layout-flex\">\n<div class=\"wp-block-column is-layout-flow wp-block-column-is-layout-flow\" style=\"flex-basis:20%\"><\/div>\n\n\n\n<div class=\"wp-block-column is-layout-flow wp-block-column-is-layout-flow\" style=\"flex-basis:60%\">\n<style>\n\n.toggle-list {\n  \n}\n\n<\/style>\n\n<div id=\"togglelist-block_61e83d99c60ce\" class=\"toggle-list\">\n  \n  <div class=\"w-tabs layout_accordion type_toggle\"><div class=\"w-tabs-h\">          \n          <div class=\"w-tabs-section\">\n            <div class=\"w-tabs-section-title\">\n              <span class=\"w-tabs-section-title-text\" itemprop=\"name\">readySC\u2122 och Apprenticeship Carolina\u2122<\/span>\n              <span class=\"w-tabs-section-title-control\">\n                <span class=\"icon-plus\"><\/span>\n              <\/span>\n            <\/div>\n            <div class=\"w-tabs-section-content\" style=\"display: none;\">\n              <div class=\"w-tabs-section-content-h\" itemprop=\"text\">\n                <ul>\n<li>Ger kompetens och teknisk utbildning till anst\u00e4llda i nya och v\u00e4xande f\u00f6retag i South Carolina<\/li>\n<li>Arbetar n\u00e4ra med nya f\u00f6retag f\u00f6r att tillhandah\u00e5lla rekryterings-, utbildnings- och arbetskraftsutvecklingsverktyg och hj\u00e4lp de beh\u00f6ver f\u00f6r att komma ig\u00e5ng<\/li>\n<li>Hj\u00e4lper ett f\u00f6retags arbetsstyrka att forts\u00e4tta v\u00e4xa genom att v\u00e4gleda f\u00f6retag genom den registrerade l\u00e4rlingsprocessen fr\u00e5n initial information till fullst\u00e4ndigt erk\u00e4nnande i National Registered Apprenticeship System<\/li>\n<li>Webbplatser: <a href=\"https:\/\/www.readysc.org\/\">ReadySC\u2122<\/a> och <a href=\"http:\/\/www.apprenticeshipcarolina.com\/\">L\u00e4rling Carolina<\/a><\/li>\n<\/ul>\n              <\/div>\n            <\/div>\n          <\/div>\n  \n            \n          <div class=\"w-tabs-section\">\n            <div class=\"w-tabs-section-title\">\n              <span class=\"w-tabs-section-title-text\" itemprop=\"name\">SCbio<\/span>\n              <span class=\"w-tabs-section-title-control\">\n                <span class=\"icon-plus\"><\/span>\n              <\/span>\n            <\/div>\n            <div class=\"w-tabs-section-content\" style=\"display: none;\">\n              <div class=\"w-tabs-section-content-h\" itemprop=\"text\">\n                <ul>\n<li>SCbio is the lead organization in South Carolina for recruiting and fostering growth of life sciences companies.<\/li>\n<li>Viktiga organisatoriska pelare inkluderar:\n<ul>\n<li>Att v\u00e4xa befintlig industri<\/li>\n<li>Global industrirekrytering<\/li>\n<li>Nystartade f\u00f6retag och tidiga organisationer<\/li>\n<\/ul>\n<\/li>\n<li>Hemsida: <a href=\"https:\/\/www.scbio.org\/cpages\/home\">SCbio<\/a><\/li>\n<\/ul>\n              <\/div>\n            <\/div>\n          <\/div>\n  \n            \n          <div class=\"w-tabs-section\">\n            <div class=\"w-tabs-section-title\">\n              <span class=\"w-tabs-section-title-text\" itemprop=\"name\">Medical University of South Carolina: <\/span>\n              <span class=\"w-tabs-section-title-control\">\n                <span class=\"icon-plus\"><\/span>\n              <\/span>\n            <\/div>\n            <div class=\"w-tabs-section-content\" style=\"display: none;\">\n              <div class=\"w-tabs-section-content-h\" itemprop=\"text\">\n                <ul>\n<li>Medical University of South Carolina (MUSC) \u00e4r den fr\u00e4msta biomedicinska forskningsinstitutionen i South Carolina. V\u00e5r framg\u00e5ng med att f\u00e5 forskningsfinansiering \u00e5terspeglar ett f\u00f6retag av grundl\u00e4ggande och kliniska forskare som \u00e4r internationellt erk\u00e4nda f\u00f6r biomedicinskt arbete med sjukdomar som cancer, stroke, h\u00e4lsoskillnader, beroendevetenskap, inflammation och fibros och matsm\u00e4ltningssjukdomar \u2013 bara f\u00f6r att n\u00e4mna n\u00e5gra! Allt ett direkt resultat av att rekrytera toppforskare med ett strategiskt fokus f\u00f6r att tillgodose behoven hos folket i South Carolina.<\/li>\n<li>Hemsida: <a href=\"https:\/\/research.musc.edu\/\">Medical University of South Carolina:\u00a0<\/a><\/li>\n<\/ul>\n              <\/div>\n            <\/div>\n          <\/div>\n  \n            \n          <div class=\"w-tabs-section\">\n            <div class=\"w-tabs-section-title\">\n              <span class=\"w-tabs-section-title-text\" itemprop=\"name\">Clemson University<\/span>\n              <span class=\"w-tabs-section-title-control\">\n                <span class=\"icon-plus\"><\/span>\n              <\/span>\n            <\/div>\n            <div class=\"w-tabs-section-content\" style=\"display: none;\">\n              <div class=\"w-tabs-section-content-h\" itemprop=\"text\">\n                <ul>\n<li>Clemsons grundutbildningar leder till BS- och BA-grader i biologiska vetenskaper och en BS-examen i mikrobiologi. Dessutom erbjuder Clemson tyngdpunktsomr\u00e5den inom entomologi, prefarmaci, prerehabilitering, kvantitativ biologi, toxikologi, gymnasieutbildning och biomedicin. Clemsons doktorandprogram inkluderar MS och Ph.D. examina i biologiska vetenskaper, milj\u00f6toxikologi och mikrobiologi. Det finns ocks\u00e5 ett 5-\u00e5rigt BS\/MS-program i biologiska vetenskaper och bioteknik. Fakultetsmedlemmar i biologiska vetenskaper deltar ocks\u00e5 i de interdepartementala MS och Ph.D. program i v\u00e4xt- och milj\u00f6vetenskap. Clemson erbjuder dessutom en online-MS i biologiska vetenskaper f\u00f6r vetenskapsutbildare.<\/li>\n<li>Hemsida: <a href=\"https:\/\/www.clemson.edu\/science\/departments\/biosci\/\">Clemson University<\/a><\/li>\n<\/ul>\n              <\/div>\n            <\/div>\n          <\/div>\n  \n            \n          <div class=\"w-tabs-section\">\n            <div class=\"w-tabs-section-title\">\n              <span class=\"w-tabs-section-title-text\" itemprop=\"name\">University of South Carolina<\/span>\n              <span class=\"w-tabs-section-title-control\">\n                <span class=\"icon-plus\"><\/span>\n              <\/span>\n            <\/div>\n            <div class=\"w-tabs-section-content\" style=\"display: none;\">\n              <div class=\"w-tabs-section-content-h\" itemprop=\"text\">\n                <ul>\n<li>Institutionen f\u00f6r biologiska vetenskaper ligger i hj\u00e4rtat av Columbia och \u00e4r en av de st\u00f6rsta institutionerna vid UofSC. Deras uppdrag \u00e4r att fr\u00e4mja kunskap och uppt\u00e4ckter inom m\u00e5nga aspekter av biologi som str\u00e4cker sig fr\u00e5n cellul\u00e4r och genetisk niv\u00e5 till organism- och milj\u00f6niv\u00e5. Avdelningen utf\u00f6r spets <a href=\"https:\/\/sc.edu\/study\/colleges_schools\/artsandsciences\/biological_sciences\/research\/index.php\">forskning<\/a>, och \u00f6verf\u00f6r kunskap till studenter och medborgare genom f\u00f6rstklassiga kurser, <a href=\"https:\/\/sc.edu\/study\/colleges_schools\/artsandsciences\/biological_sciences\/study\/index.php\">program<\/a> och samh\u00e4llsengagemang. De str\u00e4var efter att ge sina grund- och doktorander den b\u00e4sta utbildningen och tr\u00e4ningen som g\u00f6r det m\u00f6jligt f\u00f6r dem att uppn\u00e5 sina professionella och personliga m\u00e5l.<\/li>\n<li>Hemsida: <a href=\"https:\/\/sc.edu\/study\/colleges_schools\/artsandsciences\/biological_sciences\/index.php\">University of South Carolina<\/a><\/li>\n<\/ul>\n              <\/div>\n            <\/div>\n          <\/div>\n  \n  <\/div><\/div>  \n  \n<\/div>\n  <\/div>\n\n\n\n<div class=\"wp-block-column is-layout-flow wp-block-column-is-layout-flow\" style=\"flex-basis:20%\"><\/div>\n<\/div>\n<\/div>","protected":false},"excerpt":{"rendered":"<p>Ledande biovetenskapsf\u00f6retag i SC Anv\u00e4nd den h\u00e4r interaktiva kartan f\u00f6r att l\u00e4ra dig mer om biovetenskapsindustrin i South Carolina och f\u00f6r att utforska de kluster som skapas av v\u00e5r delstats skickliga arbetsstyrka, strategiska infrastruktur, l\u00e5ga aff\u00e4rskostnader och attraktiva livskvalitet. Resurser Arbetskraft Utbildning och utbildning<\/p>","protected":false},"author":2,"featured_media":0,"parent":56,"menu_order":0,"comment_status":"closed","ping_status":"closed","template":"","meta":{"_acf_changed":false,"footnotes":""},"class_list":["post-865","page","type-page","status-publish","hentry"],"acf":[],"_links":{"self":[{"href":"https:\/\/www.scpowerteam.com\/sv\/wp-json\/wp\/v2\/pages\/865","targetHints":{"allow":["GET"]}}],"collection":[{"href":"https:\/\/www.scpowerteam.com\/sv\/wp-json\/wp\/v2\/pages"}],"about":[{"href":"https:\/\/www.scpowerteam.com\/sv\/wp-json\/wp\/v2\/types\/page"}],"author":[{"embeddable":true,"href":"https:\/\/www.scpowerteam.com\/sv\/wp-json\/wp\/v2\/users\/2"}],"replies":[{"embeddable":true,"href":"https:\/\/www.scpowerteam.com\/sv\/wp-json\/wp\/v2\/comments?post=865"}],"version-history":[{"count":31,"href":"https:\/\/www.scpowerteam.com\/sv\/wp-json\/wp\/v2\/pages\/865\/revisions"}],"predecessor-version":[{"id":2464,"href":"https:\/\/www.scpowerteam.com\/sv\/wp-json\/wp\/v2\/pages\/865\/revisions\/2464"}],"up":[{"embeddable":true,"href":"https:\/\/www.scpowerteam.com\/sv\/wp-json\/wp\/v2\/pages\/56"}],"wp:attachment":[{"href":"https:\/\/www.scpowerteam.com\/sv\/wp-json\/wp\/v2\/media?parent=865"}],"curies":[{"name":"wp","href":"https:\/\/api.w.org\/{rel}","templated":true}]}}